{"id":5913,"date":"2023-05-07T10:36:40","date_gmt":"2023-05-07T09:36:40","guid":{"rendered":"http:\/\/bdmiam.fr\/?page_id=5913"},"modified":"2026-03-22T16:40:59","modified_gmt":"2026-03-22T15:40:59","slug":"hub","status":"publish","type":"page","link":"https:\/\/bdmiam.fr\/index.php\/festival-2026\/hub\/","title":{"rendered":"HUB"},"content":{"rendered":"\n<figure class=\"wp-block-image aligncenter size-full\"><img data-recalc-dims=\"1\" loading=\"lazy\" decoding=\"async\" width=\"265\" height=\"265\" src=\"https:\/\/i0.wp.com\/bdmiam.fr\/wp-content\/uploads\/2023\/11\/hubOlivier_Roller.jpg?resize=265%2C265&#038;ssl=1\" alt=\"\" class=\"wp-image-6233\" srcset=\"https:\/\/i0.wp.com\/bdmiam.fr\/wp-content\/uploads\/2023\/11\/hubOlivier_Roller.jpg?w=265&amp;ssl=1 265w, https:\/\/i0.wp.com\/bdmiam.fr\/wp-content\/uploads\/2023\/11\/hubOlivier_Roller.jpg?resize=150%2C150&amp;ssl=1 150w\" sizes=\"auto, (max-width: 265px) 100vw, 265px\" \/><\/figure>\n\n\n\n<p class=\"has-text-align-center\">HUB est n\u00e9 en 1969 \u00e0 Annecy. Il r\u00e9side \u00e0 Lyon.<br>Il passe son bac \u00e0 Lyon, puis int\u00e8gre une \u00e9cole de dessin qui ne le convainc pas. En 1992, il d\u00e9barque \u00e0 Paris en tant que designer pour travailler avec Luc Besson sur Le Cinqui\u00e8me \u00c9l\u00e9ment, il c\u00f4toie alors Mo\u00ebbius et M\u00e9zi\u00e8res. Plus tard, Hub cr\u00e9e avec un associ\u00e9 la soci\u00e9t\u00e9 Oki Doki, label artistique qui travaille pour la publicit\u00e9, les jeux vid\u00e9o ou l\u2019habillage d\u2019\u00e9missions de t\u00e9l\u00e9vision. Mais la bande dessin\u00e9e lui apporte plus de libert\u00e9, c\u2019est pourquoi il r\u00e9alise le sc\u00e9nario et les dessins d\u2019<strong><em>Okko&nbsp;<\/em><\/strong>. Le succ\u00e8s est imm\u00e9diat. R\u00e9cemment, il a d\u00e9cid\u00e9 de diversifier son activit\u00e9 d\u2019auteur en sc\u00e9narisant la s\u00e9rie&nbsp;<strong><em>Aslak<\/em><\/strong>&nbsp; (Delcourt, 2013), mise en dessins par Emmanuel Michalak.&nbsp;En 2019, il nous propose \u00e0 nouveau un projet au long cours avec sa nouvelle s\u00e9rie&nbsp;<em><strong>Le Serpent et la lance<\/strong>&nbsp;<\/em>une aventure chez les Azt\u00e8ques pr\u00e9vue en 3 tomes de 180 pages&nbsp;couleurs !&nbsp; <br><\/p>\n\n\n\n<p class=\"has-text-align-center\"><strong>Achat sur place obligatoire<\/strong><\/p>\n\n\n\n<figure class=\"wp-block-gallery has-nested-images columns-default is-cropped wp-block-gallery-1 is-layout-flex wp-block-gallery-is-layout-flex\">\n<figure data-wp-context=\"{&quot;imageId&quot;:&quot;69d304bd8e52f&quot;}\" data-wp-interactive=\"core\/image\" data-wp-key=\"69d304bd8e52f\" class=\"wp-block-image wp-lightbox-container\"><img data-recalc-dims=\"1\" loading=\"lazy\" decoding=\"async\" width=\"265\" height=\"349\" data-wp-class--hide=\"state.isContentHidden\" data-wp-class--show=\"state.isContentVisible\" data-wp-init=\"callbacks.setButtonStyles\" data-wp-on--click=\"actions.showLightbox\" data-wp-on--load=\"callbacks.setButtonStyles\" data-wp-on-window--resize=\"callbacks.setButtonStyles\" data-id=\"5918\" src=\"https:\/\/i0.wp.com\/bdmiam.fr\/wp-content\/uploads\/2023\/05\/9782756099033-001-X-1-1.jpeg?resize=265%2C349&#038;ssl=1\" alt=\"\" class=\"wp-image-5918\" srcset=\"https:\/\/i0.wp.com\/bdmiam.fr\/wp-content\/uploads\/2023\/05\/9782756099033-001-X-1-1.jpeg?w=265&amp;ssl=1 265w, https:\/\/i0.wp.com\/bdmiam.fr\/wp-content\/uploads\/2023\/05\/9782756099033-001-X-1-1.jpeg?resize=228%2C300&amp;ssl=1 228w\" sizes=\"auto, (max-width: 265px) 100vw, 265px\" \/><button\n\t\t\tclass=\"lightbox-trigger\"\n\t\t\ttype=\"button\"\n\t\t\taria-haspopup=\"dialog\"\n\t\t\taria-label=\"Agrandir\"\n\t\t\tdata-wp-init=\"callbacks.initTriggerButton\"\n\t\t\tdata-wp-on--click=\"actions.showLightbox\"\n\t\t\tdata-wp-style--right=\"state.imageButtonRight\"\n\t\t\tdata-wp-style--top=\"state.imageButtonTop\"\n\t\t>\n\t\t\t<svg xmlns=\"http:\/\/www.w3.org\/2000\/svg\" width=\"12\" height=\"12\" fill=\"none\" viewBox=\"0 0 12 12\">\n\t\t\t\t<path fill=\"#fff\" d=\"M2 0a2 2 0 0 0-2 2v2h1.5V2a.5.5 0 0 1 .5-.5h2V0H2Zm2 10.5H2a.5.5 0 0 1-.5-.5V8H0v2a2 2 0 0 0 2 2h2v-1.5ZM8 12v-1.5h2a.5.5 0 0 0 .5-.5V8H12v2a2 2 0 0 1-2 2H8Zm2-12a2 2 0 0 1 2 2v2h-1.5V2a.5.5 0 0 0-.5-.5H8V0h2Z\" \/>\n\t\t\t<\/svg>\n\t\t<\/button><\/figure>\n\n\n\n<figure data-wp-context=\"{&quot;imageId&quot;:&quot;69d304bd8e9cd&quot;}\" data-wp-interactive=\"core\/image\" data-wp-key=\"69d304bd8e9cd\" class=\"wp-block-image wp-lightbox-container\"><img data-recalc-dims=\"1\" loading=\"lazy\" decoding=\"async\" width=\"265\" height=\"349\" data-wp-class--hide=\"state.isContentHidden\" data-wp-class--show=\"state.isContentVisible\" data-wp-init=\"callbacks.setButtonStyles\" data-wp-on--click=\"actions.showLightbox\" data-wp-on--load=\"callbacks.setButtonStyles\" data-wp-on-window--resize=\"callbacks.setButtonStyles\" data-id=\"5919\" src=\"https:\/\/i0.wp.com\/bdmiam.fr\/wp-content\/uploads\/2023\/05\/9782413039624-001-X-1-1.jpeg?resize=265%2C349&#038;ssl=1\" alt=\"\" class=\"wp-image-5919\" srcset=\"https:\/\/i0.wp.com\/bdmiam.fr\/wp-content\/uploads\/2023\/05\/9782413039624-001-X-1-1.jpeg?w=265&amp;ssl=1 265w, https:\/\/i0.wp.com\/bdmiam.fr\/wp-content\/uploads\/2023\/05\/9782413039624-001-X-1-1.jpeg?resize=228%2C300&amp;ssl=1 228w\" sizes=\"auto, (max-width: 265px) 100vw, 265px\" \/><button\n\t\t\tclass=\"lightbox-trigger\"\n\t\t\ttype=\"button\"\n\t\t\taria-haspopup=\"dialog\"\n\t\t\taria-label=\"Agrandir\"\n\t\t\tdata-wp-init=\"callbacks.initTriggerButton\"\n\t\t\tdata-wp-on--click=\"actions.showLightbox\"\n\t\t\tdata-wp-style--right=\"state.imageButtonRight\"\n\t\t\tdata-wp-style--top=\"state.imageButtonTop\"\n\t\t>\n\t\t\t<svg xmlns=\"http:\/\/www.w3.org\/2000\/svg\" width=\"12\" height=\"12\" fill=\"none\" viewBox=\"0 0 12 12\">\n\t\t\t\t<path fill=\"#fff\" d=\"M2 0a2 2 0 0 0-2 2v2h1.5V2a.5.5 0 0 1 .5-.5h2V0H2Zm2 10.5H2a.5.5 0 0 1-.5-.5V8H0v2a2 2 0 0 0 2 2h2v-1.5ZM8 12v-1.5h2a.5.5 0 0 0 .5-.5V8H12v2a2 2 0 0 1-2 2H8Zm2-12a2 2 0 0 1 2 2v2h-1.5V2a.5.5 0 0 0-.5-.5H8V0h2Z\" \/>\n\t\t\t<\/svg>\n\t\t<\/button><\/figure>\n<\/figure>\n\n\n\n<p><\/p>\n\n\n\n<p class=\"has-text-align-center\"><strong>Source :<\/strong> <a href=\"https:\/\/www.editions-delcourt.fr\/auteurs\/hub\">Editions Delcourt<\/a><\/p>\n\n\n\n<p><\/p>\n","protected":false},"excerpt":{"rendered":"<p>HUB est n\u00e9 en 1969 \u00e0 Annecy. Il r\u00e9side \u00e0 Lyon.Il passe son bac \u00e0 Lyon, puis int\u00e8gre une \u00e9cole de dessin qui ne le convainc pas. En 1992, il d\u00e9barque \u00e0 Paris en tant que designer pour travailler avec Luc Besson sur Le Cinqui\u00e8me \u00c9l\u00e9ment, il c\u00f4toie alors Mo\u00ebbius et M\u00e9zi\u00e8res. Plus tard, Hub [&hellip;]<\/p>\n","protected":false},"author":8,"featured_media":5920,"parent":7459,"menu_order":0,"comment_status":"closed","ping_status":"closed","template":"page-with-sidebar","meta":{"footnotes":""},"class_list":["post-5913","page","type-page","status-publish","has-post-thumbnail","hentry"],"jetpack_sharing_enabled":true,"_links":{"self":[{"href":"https:\/\/bdmiam.fr\/index.php\/wp-json\/wp\/v2\/pages\/5913","targetHints":{"allow":["GET"]}}],"collection":[{"href":"https:\/\/bdmiam.fr\/index.php\/wp-json\/wp\/v2\/pages"}],"about":[{"href":"https:\/\/bdmiam.fr\/index.php\/wp-json\/wp\/v2\/types\/page"}],"author":[{"embeddable":true,"href":"https:\/\/bdmiam.fr\/index.php\/wp-json\/wp\/v2\/users\/8"}],"replies":[{"embeddable":true,"href":"https:\/\/bdmiam.fr\/index.php\/wp-json\/wp\/v2\/comments?post=5913"}],"version-history":[{"count":3,"href":"https:\/\/bdmiam.fr\/index.php\/wp-json\/wp\/v2\/pages\/5913\/revisions"}],"predecessor-version":[{"id":7523,"href":"https:\/\/bdmiam.fr\/index.php\/wp-json\/wp\/v2\/pages\/5913\/revisions\/7523"}],"up":[{"embeddable":true,"href":"https:\/\/bdmiam.fr\/index.php\/wp-json\/wp\/v2\/pages\/7459"}],"wp:featuredmedia":[{"embeddable":true,"href":"https:\/\/bdmiam.fr\/index.php\/wp-json\/wp\/v2\/media\/5920"}],"wp:attachment":[{"href":"https:\/\/bdmiam.fr\/index.php\/wp-json\/wp\/v2\/media?parent=5913"}],"curies":[{"name":"wp","href":"https:\/\/api.w.org\/{rel}","templated":true}]}}