{"id":5931,"date":"2023-05-08T11:14:57","date_gmt":"2023-05-08T10:14:57","guid":{"rendered":"http:\/\/bdmiam.fr\/?page_id=5931"},"modified":"2023-11-12T21:53:01","modified_gmt":"2023-11-12T20:53:01","slug":"jerome-lereculey","status":"publish","type":"page","link":"https:\/\/bdmiam.fr\/index.php\/festival-2023\/jerome-lereculey\/","title":{"rendered":"J\u00e9r\u00f4me Lereculey"},"content":{"rendered":"\n<figure class=\"wp-block-image aligncenter\"><img data-recalc-dims=\"1\" loading=\"lazy\" decoding=\"async\" width=\"215\" height=\"217\" src=\"https:\/\/i0.wp.com\/bdmiam.fr\/wp-content\/uploads\/2023\/05\/Photo_411-1.jpg?resize=215%2C217&#038;ssl=1\" alt=\"\" class=\"wp-image-6085\" srcset=\"https:\/\/i0.wp.com\/bdmiam.fr\/wp-content\/uploads\/2023\/05\/Photo_411-1.jpg?w=215&amp;ssl=1 215w, https:\/\/i0.wp.com\/bdmiam.fr\/wp-content\/uploads\/2023\/05\/Photo_411-1.jpg?resize=150%2C150&amp;ssl=1 150w\" sizes=\"auto, (max-width: 215px) 100vw, 215px\" \/><\/figure>\n\n\n\n<p class=\"has-text-align-center\"> J\u00e9r\u00f4me Lereculey est n\u00e9 le 12 janvier 1970 \u00e0 Saint Malo. Apr\u00e8s le Bac, il suit des \u00e9tudes scientifiques, et int\u00e8gre une \u00e9cole d\u2019ing\u00e9nieur textile. Parall\u00e8lement, il suit pendant huit ans les cours p\u00e9riscolaires de l\u2019\u00e9cole des Beaux-Arts de Rennes. Puis, pendant un an, il prend des cours du soir de nu \u00e0 Mulhouse. Son apprentissage de l\u2019art de la bande dessin\u00e9e s\u2019affirme \u00e0 travers l\u2019association Atchoum qu\u2019il cr\u00e9e \u00e0 Rennes avec Fag\u00e8s, Le Sa\u00ebc et Duval. Il progresse gr\u00e2ce \u00e0 Plessix, Rollin et Pellerin qui lui apprennent \u00e0 ma\u00eetriser son style. Lereculey obtient le prix Ballon Rouge, prix du meilleur dessinateur, pour un polar sorti de l\u2019imagination d\u00e9brid\u00e9e de David Chauvel : Nuit Noire . Puis, ils se retrouvent revisitant les mythes gallois pour une adaptation en bande dessin\u00e9e de la vie du roi Arthur. En 2007, il dessine un tome de 7, Sept voleurs, avec toujours David Chauvel au sc\u00e9nario. Et en 2019, il dessine la s\u00e9rie 5 Terres qui va vite devenir un succ\u00e8s public et critique. <\/p>\n\n\n\n<figure class=\"wp-block-gallery aligncenter has-nested-images columns-default is-cropped wp-block-gallery-1 is-layout-flex wp-block-gallery-is-layout-flex\">\n<figure class=\"wp-block-image\"><img data-recalc-dims=\"1\" loading=\"lazy\" decoding=\"async\" width=\"650\" height=\"920\" data-id=\"6086\" src=\"https:\/\/i0.wp.com\/bdmiam.fr\/wp-content\/uploads\/2023\/05\/Couv_372090-1.jpg?resize=650%2C920&#038;ssl=1\" alt=\"\" class=\"wp-image-6086\" srcset=\"https:\/\/i0.wp.com\/bdmiam.fr\/wp-content\/uploads\/2023\/05\/Couv_372090-1.jpg?w=650&amp;ssl=1 650w, https:\/\/i0.wp.com\/bdmiam.fr\/wp-content\/uploads\/2023\/05\/Couv_372090-1.jpg?resize=212%2C300&amp;ssl=1 212w\" sizes=\"auto, (max-width: 650px) 100vw, 650px\" \/><\/figure>\n\n\n\n<figure class=\"wp-block-image\"><img data-recalc-dims=\"1\" loading=\"lazy\" decoding=\"async\" width=\"740\" height=\"1024\" data-id=\"6087\" src=\"https:\/\/i0.wp.com\/bdmiam.fr\/wp-content\/uploads\/2023\/05\/Couv_466814-1-1.jpg?resize=740%2C1024&#038;ssl=1\" alt=\"\" class=\"wp-image-6087\" srcset=\"https:\/\/i0.wp.com\/bdmiam.fr\/wp-content\/uploads\/2023\/05\/Couv_466814-1-1.jpg?resize=740%2C1024&amp;ssl=1 740w, https:\/\/i0.wp.com\/bdmiam.fr\/wp-content\/uploads\/2023\/05\/Couv_466814-1-1.jpg?resize=217%2C300&amp;ssl=1 217w, https:\/\/i0.wp.com\/bdmiam.fr\/wp-content\/uploads\/2023\/05\/Couv_466814-1-1.jpg?resize=768%2C1063&amp;ssl=1 768w, https:\/\/i0.wp.com\/bdmiam.fr\/wp-content\/uploads\/2023\/05\/Couv_466814-1-1.jpg?w=850&amp;ssl=1 850w\" sizes=\"auto, (max-width: 740px) 100vw, 740px\" \/><\/figure>\n<\/figure>\n\n\n\n<p><strong>Info festival 2023 : <\/strong>J\u00e9r\u00f4me Lereculey d\u00e9dicacera<strong> uniquement les tomes 1 et 10 de la s\u00e9rie \u00ab Les 5 Terres \u00bb. <\/strong>Les albums devront \u00eatre achet\u00e9s \u00e0 la librairie du festival. Afin que toutes celles et ceux qui le souhaitent puissent rencontrer l\u2019auteur, merci de respecter le quota <strong>d\u2019une d\u00e9dicace par famille sur le weekend.<\/strong><\/p>\n\n\n\n<p class=\"has-text-align-center\">Source : <a href=\"https:\/\/www.bdtheque.com\/recherche\/series\/auteurs=Lereculey%20%28Jerome%29\/\" target=\"_blank\" rel=\"noreferrer noopener\" aria-label=\" (s\u2019ouvre dans un nouvel onglet)\">bedetheque.com<\/a><\/p>\n","protected":false},"excerpt":{"rendered":"<p>J\u00e9r\u00f4me Lereculey est n\u00e9 le 12 janvier 1970 \u00e0 Saint Malo. Apr\u00e8s le Bac, il suit des \u00e9tudes scientifiques, et int\u00e8gre une \u00e9cole d\u2019ing\u00e9nieur textile. Parall\u00e8lement, il suit pendant huit ans les cours p\u00e9riscolaires de l\u2019\u00e9cole des Beaux-Arts de Rennes. Puis, pendant un an, il prend des cours du soir de nu \u00e0 Mulhouse. Son [&hellip;]<\/p>\n","protected":false},"author":8,"featured_media":5933,"parent":4479,"menu_order":0,"comment_status":"closed","ping_status":"closed","template":"","meta":{"footnotes":""},"class_list":["post-5931","page","type-page","status-publish","has-post-thumbnail","hentry"],"jetpack_sharing_enabled":true,"_links":{"self":[{"href":"https:\/\/bdmiam.fr\/index.php\/wp-json\/wp\/v2\/pages\/5931","targetHints":{"allow":["GET"]}}],"collection":[{"href":"https:\/\/bdmiam.fr\/index.php\/wp-json\/wp\/v2\/pages"}],"about":[{"href":"https:\/\/bdmiam.fr\/index.php\/wp-json\/wp\/v2\/types\/page"}],"author":[{"embeddable":true,"href":"https:\/\/bdmiam.fr\/index.php\/wp-json\/wp\/v2\/users\/8"}],"replies":[{"embeddable":true,"href":"https:\/\/bdmiam.fr\/index.php\/wp-json\/wp\/v2\/comments?post=5931"}],"version-history":[{"count":2,"href":"https:\/\/bdmiam.fr\/index.php\/wp-json\/wp\/v2\/pages\/5931\/revisions"}],"predecessor-version":[{"id":6364,"href":"https:\/\/bdmiam.fr\/index.php\/wp-json\/wp\/v2\/pages\/5931\/revisions\/6364"}],"up":[{"embeddable":true,"href":"https:\/\/bdmiam.fr\/index.php\/wp-json\/wp\/v2\/pages\/4479"}],"wp:featuredmedia":[{"embeddable":true,"href":"https:\/\/bdmiam.fr\/index.php\/wp-json\/wp\/v2\/media\/5933"}],"wp:attachment":[{"href":"https:\/\/bdmiam.fr\/index.php\/wp-json\/wp\/v2\/media?parent=5931"}],"curies":[{"name":"wp","href":"https:\/\/api.w.org\/{rel}","templated":true}]}}