{"id":5965,"date":"2023-05-08T13:16:56","date_gmt":"2023-05-08T12:16:56","guid":{"rendered":"http:\/\/bdmiam.fr\/?page_id=5965"},"modified":"2025-06-19T22:16:44","modified_gmt":"2025-06-19T20:16:44","slug":"jocelyn-joret","status":"publish","type":"page","link":"https:\/\/bdmiam.fr\/index.php\/festival-2025-10eme-edition\/jocelyn-joret\/","title":{"rendered":"Jocelyn Joret"},"content":{"rendered":"\n<figure class=\"wp-block-image aligncenter size-full is-resized\"><img data-recalc-dims=\"1\" loading=\"lazy\" decoding=\"async\" width=\"494\" height=\"494\" src=\"https:\/\/i0.wp.com\/bdmiam.fr\/wp-content\/uploads\/2023\/11\/Photo_52387.jpg?resize=494%2C494&#038;ssl=1\" alt=\"\" class=\"wp-image-6240\" srcset=\"https:\/\/i0.wp.com\/bdmiam.fr\/wp-content\/uploads\/2023\/11\/Photo_52387.jpg?w=494&amp;ssl=1 494w, https:\/\/i0.wp.com\/bdmiam.fr\/wp-content\/uploads\/2023\/11\/Photo_52387.jpg?resize=300%2C300&amp;ssl=1 300w, https:\/\/i0.wp.com\/bdmiam.fr\/wp-content\/uploads\/2023\/11\/Photo_52387.jpg?resize=150%2C150&amp;ssl=1 150w\" sizes=\"auto, (max-width: 494px) 100vw, 494px\" \/><\/figure>\n\n\n\n<p>Jocelyn Joret, alias Joslin, est n\u00e9 le 27 juillet 1981 \u00e0 Deauville et r\u00e9side \u00e0 Montr\u00e9al, Canada, depuis 2011. Apr\u00e8s une dizaine d\u2019ann\u00e9es \u00e0 travailler dans le jeu vid\u00e9o (Yamago, Gameloft, Ubisoft) et l\u2019animation (Xilam, L\u2019Atelier) en tant que character designer et concept artist, le voici de retour \u00e0 ses premiers amours avec la bande dessin\u00e9e, 12 ans pr\u00e9cis\u00e9ment apr\u00e8s la parution de sa premi\u00e8re histoire courte dans le collectif de Carmen McCallum avec Fred Duval et Olivier Vatine et quelques contributions aux aventures de Pif ou encore \u00e0 Anachron avec Joel Jurion. Il auto-\u00e9dite ses travaux et ceux de ses amis, dans un fanzine de luxe nomm\u00e9 Skull (2 num\u00e9ros parus). Il a \u00e9galement \u00e9t\u00e9 publi\u00e9 dans Masters Of Anatomy, L\u2019In\u00e9dit, les Artbooks CFSL ou Can\u2019t.<br><br>Texte \u00a9 Dupuis<\/p>\n\n\n\n<figure class=\"wp-block-gallery aligncenter has-nested-images columns-default is-cropped wp-block-gallery-1 is-layout-flex wp-block-gallery-is-layout-flex\">\n<figure data-wp-context=\"{&quot;imageId&quot;:&quot;69d34d1498c74&quot;}\" data-wp-interactive=\"core\/image\" data-wp-key=\"69d34d1498c74\" class=\"wp-block-image size-large wp-lightbox-container\"><img data-recalc-dims=\"1\" loading=\"lazy\" decoding=\"async\" width=\"771\" height=\"1024\" data-wp-class--hide=\"state.isContentHidden\" data-wp-class--show=\"state.isContentVisible\" data-wp-init=\"callbacks.setButtonStyles\" data-wp-on--click=\"actions.showLightbox\" data-wp-on--load=\"callbacks.setButtonStyles\" data-wp-on-window--resize=\"callbacks.setButtonStyles\" data-id=\"7226\" src=\"https:\/\/i0.wp.com\/bdmiam.fr\/wp-content\/uploads\/2025\/04\/Couv_501498.jpg?resize=771%2C1024&#038;ssl=1\" alt=\"\" class=\"wp-image-7226\" srcset=\"https:\/\/i0.wp.com\/bdmiam.fr\/wp-content\/uploads\/2025\/04\/Couv_501498.jpg?resize=771%2C1024&amp;ssl=1 771w, https:\/\/i0.wp.com\/bdmiam.fr\/wp-content\/uploads\/2025\/04\/Couv_501498.jpg?resize=226%2C300&amp;ssl=1 226w, https:\/\/i0.wp.com\/bdmiam.fr\/wp-content\/uploads\/2025\/04\/Couv_501498.jpg?resize=768%2C1020&amp;ssl=1 768w, https:\/\/i0.wp.com\/bdmiam.fr\/wp-content\/uploads\/2025\/04\/Couv_501498.jpg?w=850&amp;ssl=1 850w\" sizes=\"auto, (max-width: 771px) 100vw, 771px\" \/><button\n\t\t\tclass=\"lightbox-trigger\"\n\t\t\ttype=\"button\"\n\t\t\taria-haspopup=\"dialog\"\n\t\t\taria-label=\"Agrandir\"\n\t\t\tdata-wp-init=\"callbacks.initTriggerButton\"\n\t\t\tdata-wp-on--click=\"actions.showLightbox\"\n\t\t\tdata-wp-style--right=\"state.imageButtonRight\"\n\t\t\tdata-wp-style--top=\"state.imageButtonTop\"\n\t\t>\n\t\t\t<svg xmlns=\"http:\/\/www.w3.org\/2000\/svg\" width=\"12\" height=\"12\" fill=\"none\" viewBox=\"0 0 12 12\">\n\t\t\t\t<path fill=\"#fff\" d=\"M2 0a2 2 0 0 0-2 2v2h1.5V2a.5.5 0 0 1 .5-.5h2V0H2Zm2 10.5H2a.5.5 0 0 1-.5-.5V8H0v2a2 2 0 0 0 2 2h2v-1.5ZM8 12v-1.5h2a.5.5 0 0 0 .5-.5V8H12v2a2 2 0 0 1-2 2H8Zm2-12a2 2 0 0 1 2 2v2h-1.5V2a.5.5 0 0 0-.5-.5H8V0h2Z\" \/>\n\t\t\t<\/svg>\n\t\t<\/button><\/figure>\n\n\n\n<figure data-wp-context=\"{&quot;imageId&quot;:&quot;69d34d1498fe6&quot;}\" data-wp-interactive=\"core\/image\" data-wp-key=\"69d34d1498fe6\" class=\"wp-block-image size-large wp-lightbox-container\"><img data-recalc-dims=\"1\" loading=\"lazy\" decoding=\"async\" width=\"772\" height=\"1024\" data-wp-class--hide=\"state.isContentHidden\" data-wp-class--show=\"state.isContentVisible\" data-wp-init=\"callbacks.setButtonStyles\" data-wp-on--click=\"actions.showLightbox\" data-wp-on--load=\"callbacks.setButtonStyles\" data-wp-on-window--resize=\"callbacks.setButtonStyles\" data-id=\"7241\" src=\"https:\/\/i0.wp.com\/bdmiam.fr\/wp-content\/uploads\/2025\/04\/4400_couv.jpg?resize=772%2C1024&#038;ssl=1\" alt=\"\" class=\"wp-image-7241\" srcset=\"https:\/\/i0.wp.com\/bdmiam.fr\/wp-content\/uploads\/2025\/04\/4400_couv.jpg?resize=772%2C1024&amp;ssl=1 772w, https:\/\/i0.wp.com\/bdmiam.fr\/wp-content\/uploads\/2025\/04\/4400_couv.jpg?resize=226%2C300&amp;ssl=1 226w, https:\/\/i0.wp.com\/bdmiam.fr\/wp-content\/uploads\/2025\/04\/4400_couv.jpg?resize=768%2C1019&amp;ssl=1 768w, https:\/\/i0.wp.com\/bdmiam.fr\/wp-content\/uploads\/2025\/04\/4400_couv.jpg?w=896&amp;ssl=1 896w\" sizes=\"auto, (max-width: 772px) 100vw, 772px\" \/><button\n\t\t\tclass=\"lightbox-trigger\"\n\t\t\ttype=\"button\"\n\t\t\taria-haspopup=\"dialog\"\n\t\t\taria-label=\"Agrandir\"\n\t\t\tdata-wp-init=\"callbacks.initTriggerButton\"\n\t\t\tdata-wp-on--click=\"actions.showLightbox\"\n\t\t\tdata-wp-style--right=\"state.imageButtonRight\"\n\t\t\tdata-wp-style--top=\"state.imageButtonTop\"\n\t\t>\n\t\t\t<svg xmlns=\"http:\/\/www.w3.org\/2000\/svg\" width=\"12\" height=\"12\" fill=\"none\" viewBox=\"0 0 12 12\">\n\t\t\t\t<path fill=\"#fff\" d=\"M2 0a2 2 0 0 0-2 2v2h1.5V2a.5.5 0 0 1 .5-.5h2V0H2Zm2 10.5H2a.5.5 0 0 1-.5-.5V8H0v2a2 2 0 0 0 2 2h2v-1.5ZM8 12v-1.5h2a.5.5 0 0 0 .5-.5V8H12v2a2 2 0 0 1-2 2H8Zm2-12a2 2 0 0 1 2 2v2h-1.5V2a.5.5 0 0 0-.5-.5H8V0h2Z\" \/>\n\t\t\t<\/svg>\n\t\t<\/button><\/figure>\n<\/figure>\n\n\n\n<p class=\"has-text-align-center\">Source : <a href=\"https:\/\/www.bedetheque.com\/auteur-52387-BD-Joret-Jocelyn.html\" target=\"_blank\" rel=\"noreferrer noopener\" aria-label=\" (s\u2019ouvre dans un nouvel onglet)\">bedetheque.com<\/a><\/p>\n\n\n\n<p><br><\/p>\n","protected":false},"excerpt":{"rendered":"<p>Jocelyn Joret, alias Joslin, est n\u00e9 le 27 juillet 1981 \u00e0 Deauville et r\u00e9side \u00e0 Montr\u00e9al, Canada, depuis 2011. Apr\u00e8s une dizaine d\u2019ann\u00e9es \u00e0 travailler dans le jeu vid\u00e9o (Yamago, Gameloft, Ubisoft) et l\u2019animation (Xilam, L\u2019Atelier) en tant que character designer et concept artist, le voici de retour \u00e0 ses premiers amours avec la bande [&hellip;]<\/p>\n","protected":false},"author":8,"featured_media":7351,"parent":7007,"menu_order":0,"comment_status":"closed","ping_status":"closed","template":"page-with-sidebar","meta":{"footnotes":""},"class_list":["post-5965","page","type-page","status-publish","has-post-thumbnail","hentry"],"jetpack_sharing_enabled":true,"_links":{"self":[{"href":"https:\/\/bdmiam.fr\/index.php\/wp-json\/wp\/v2\/pages\/5965","targetHints":{"allow":["GET"]}}],"collection":[{"href":"https:\/\/bdmiam.fr\/index.php\/wp-json\/wp\/v2\/pages"}],"about":[{"href":"https:\/\/bdmiam.fr\/index.php\/wp-json\/wp\/v2\/types\/page"}],"author":[{"embeddable":true,"href":"https:\/\/bdmiam.fr\/index.php\/wp-json\/wp\/v2\/users\/8"}],"replies":[{"embeddable":true,"href":"https:\/\/bdmiam.fr\/index.php\/wp-json\/wp\/v2\/comments?post=5965"}],"version-history":[{"count":3,"href":"https:\/\/bdmiam.fr\/index.php\/wp-json\/wp\/v2\/pages\/5965\/revisions"}],"predecessor-version":[{"id":7350,"href":"https:\/\/bdmiam.fr\/index.php\/wp-json\/wp\/v2\/pages\/5965\/revisions\/7350"}],"up":[{"embeddable":true,"href":"https:\/\/bdmiam.fr\/index.php\/wp-json\/wp\/v2\/pages\/7007"}],"wp:featuredmedia":[{"embeddable":true,"href":"https:\/\/bdmiam.fr\/index.php\/wp-json\/wp\/v2\/media\/7351"}],"wp:attachment":[{"href":"https:\/\/bdmiam.fr\/index.php\/wp-json\/wp\/v2\/media?parent=5965"}],"curies":[{"name":"wp","href":"https:\/\/api.w.org\/{rel}","templated":true}]}}