{"id":5977,"date":"2023-05-08T13:47:39","date_gmt":"2023-05-08T12:47:39","guid":{"rendered":"http:\/\/bdmiam.fr\/?page_id=5977"},"modified":"2023-11-12T22:06:55","modified_gmt":"2023-11-12T21:06:55","slug":"anais-eustache","status":"publish","type":"page","link":"https:\/\/bdmiam.fr\/index.php\/festival-2023\/anais-eustache\/","title":{"rendered":"Ana\u00efs Eustache"},"content":{"rendered":"\n<figure class=\"wp-block-image aligncenter size-full is-resized\"><img data-recalc-dims=\"1\" loading=\"lazy\" decoding=\"async\" width=\"650\" height=\"650\" src=\"https:\/\/i0.wp.com\/bdmiam.fr\/wp-content\/uploads\/2023\/11\/Photo_48826.jpg?resize=650%2C650&#038;ssl=1\" alt=\"\" class=\"wp-image-6244\" style=\"width:278px;height:278px\" srcset=\"https:\/\/i0.wp.com\/bdmiam.fr\/wp-content\/uploads\/2023\/11\/Photo_48826.jpg?w=650&amp;ssl=1 650w, https:\/\/i0.wp.com\/bdmiam.fr\/wp-content\/uploads\/2023\/11\/Photo_48826.jpg?resize=300%2C300&amp;ssl=1 300w, https:\/\/i0.wp.com\/bdmiam.fr\/wp-content\/uploads\/2023\/11\/Photo_48826.jpg?resize=150%2C150&amp;ssl=1 150w\" sizes=\"auto, (max-width: 650px) 100vw, 650px\" \/><\/figure>\n\n\n\n<p class=\"has-text-align-center\"> Ana\u00efs Eustache, alias KiChii, a \u00e9tudi\u00e9 \u00e0 l&rsquo;\u00e9cole Jean Trubert &#8211; Arc en ciel d&rsquo;Antony. <\/p>\n\n\n\n<p><\/p>\n\n\n\n<figure class=\"wp-block-image aligncenter size-full is-resized\"><img data-recalc-dims=\"1\" loading=\"lazy\" decoding=\"async\" width=\"600\" height=\"913\" src=\"https:\/\/i0.wp.com\/bdmiam.fr\/wp-content\/uploads\/2023\/11\/Couv_468590.jpg?resize=600%2C913&#038;ssl=1\" alt=\"\" class=\"wp-image-6219\" style=\"width:410px;height:623px\" srcset=\"https:\/\/i0.wp.com\/bdmiam.fr\/wp-content\/uploads\/2023\/11\/Couv_468590.jpg?w=600&amp;ssl=1 600w, https:\/\/i0.wp.com\/bdmiam.fr\/wp-content\/uploads\/2023\/11\/Couv_468590.jpg?resize=197%2C300&amp;ssl=1 197w\" sizes=\"auto, (max-width: 600px) 100vw, 600px\" \/><\/figure>\n\n\n\n<p><strong>Info festival 2023 :  <\/strong>Les albums d&rsquo;Ana\u00efs Eustache devront \u00eatre achet\u00e9s \u00e0 la librairie du festival en \u00e9change d&rsquo;une d\u00e9dicace.<\/p>\n\n\n\n<p class=\"has-text-align-center\">Source : <a href=\"https:\/\/www.bedetheque.com\/auteur-48826-BD-Eustache-Anais.html\" target=\"_blank\" rel=\"noreferrer noopener\" aria-label=\" (s\u2019ouvre dans un nouvel onglet)\">bedetheque.com<\/a><\/p>\n","protected":false},"excerpt":{"rendered":"<p>Ana\u00efs Eustache, alias KiChii, a \u00e9tudi\u00e9 \u00e0 l&rsquo;\u00e9cole Jean Trubert &#8211; Arc en ciel d&rsquo;Antony. Info festival 2023 : Les albums d&rsquo;Ana\u00efs Eustache devront \u00eatre achet\u00e9s \u00e0 la librairie du festival en \u00e9change d&rsquo;une d\u00e9dicace. Source : bedetheque.com<\/p>\n","protected":false},"author":8,"featured_media":5981,"parent":4479,"menu_order":0,"comment_status":"closed","ping_status":"closed","template":"","meta":{"footnotes":""},"class_list":["post-5977","page","type-page","status-publish","has-post-thumbnail","hentry"],"jetpack_sharing_enabled":true,"_links":{"self":[{"href":"https:\/\/bdmiam.fr\/index.php\/wp-json\/wp\/v2\/pages\/5977","targetHints":{"allow":["GET"]}}],"collection":[{"href":"https:\/\/bdmiam.fr\/index.php\/wp-json\/wp\/v2\/pages"}],"about":[{"href":"https:\/\/bdmiam.fr\/index.php\/wp-json\/wp\/v2\/types\/page"}],"author":[{"embeddable":true,"href":"https:\/\/bdmiam.fr\/index.php\/wp-json\/wp\/v2\/users\/8"}],"replies":[{"embeddable":true,"href":"https:\/\/bdmiam.fr\/index.php\/wp-json\/wp\/v2\/comments?post=5977"}],"version-history":[{"count":1,"href":"https:\/\/bdmiam.fr\/index.php\/wp-json\/wp\/v2\/pages\/5977\/revisions"}],"predecessor-version":[{"id":6377,"href":"https:\/\/bdmiam.fr\/index.php\/wp-json\/wp\/v2\/pages\/5977\/revisions\/6377"}],"up":[{"embeddable":true,"href":"https:\/\/bdmiam.fr\/index.php\/wp-json\/wp\/v2\/pages\/4479"}],"wp:featuredmedia":[{"embeddable":true,"href":"https:\/\/bdmiam.fr\/index.php\/wp-json\/wp\/v2\/media\/5981"}],"wp:attachment":[{"href":"https:\/\/bdmiam.fr\/index.php\/wp-json\/wp\/v2\/media?parent=5977"}],"curies":[{"name":"wp","href":"https:\/\/api.w.org\/{rel}","templated":true}]}}