{"id":6005,"date":"2023-05-08T14:19:40","date_gmt":"2023-05-08T13:19:40","guid":{"rendered":"http:\/\/bdmiam.fr\/?page_id=6005"},"modified":"2023-11-12T22:12:02","modified_gmt":"2023-11-12T21:12:02","slug":"bojan-vukic","status":"publish","type":"page","link":"https:\/\/bdmiam.fr\/index.php\/festival-2023\/bojan-vukic\/","title":{"rendered":"Bojan Vuki\u0107"},"content":{"rendered":"\n<figure class=\"wp-block-image aligncenter is-resized\"><img data-recalc-dims=\"1\" loading=\"lazy\" decoding=\"async\" width=\"650\" height=\"650\" src=\"https:\/\/i0.wp.com\/bdmiam.fr\/wp-content\/uploads\/2023\/05\/Photo_22495-1.jpg?resize=650%2C650&#038;ssl=1\" alt=\"\" class=\"wp-image-6006\" style=\"width:197px;height:197px\" srcset=\"https:\/\/i0.wp.com\/bdmiam.fr\/wp-content\/uploads\/2023\/05\/Photo_22495-1.jpg?w=650&amp;ssl=1 650w, https:\/\/i0.wp.com\/bdmiam.fr\/wp-content\/uploads\/2023\/05\/Photo_22495-1.jpg?resize=300%2C300&amp;ssl=1 300w, https:\/\/i0.wp.com\/bdmiam.fr\/wp-content\/uploads\/2023\/05\/Photo_22495-1.jpg?resize=150%2C150&amp;ssl=1 150w\" sizes=\"auto, (max-width: 650px) 100vw, 650px\" \/><\/figure>\n\n\n\n<p class=\"has-text-align-center\"> Bojan Vuki\u0107 est un artiste de bande dessin\u00e9e de Zajecar, en Serbie. En 2006-2007, il est l&rsquo;artiste de la bande dessin\u00e9e fantastique \u00ab Savage Magic \u00bb (\u00ab Divlja Magija \u00bb) de Milan Konjevi\u0107. Il a ensuite trouv\u00e9 du travail avec l&rsquo;\u00e9diteur fran\u00e7ais Soleil, dessinant les s\u00e9ries comme \u00ab\u00a0Grands anciens\u00a0\u00bb (avec Jean-Marc Lain\u00e9, 2010-11), \u00ab\u00a0Le Retour de Dorian Gray\u00a0\u00bb (avec St\u00e9phane Betbeder, 2012) et \u00ab\u00a0Merlin Le Proph\u00e8te\u00a0\u00bb (avec Jean-Luc Istin, depuis 2013). <\/p>\n\n\n\n<figure class=\"wp-block-gallery aligncenter has-nested-images columns-default is-cropped wp-block-gallery-1 is-layout-flex wp-block-gallery-is-layout-flex\">\n<figure class=\"wp-block-image\"><img data-recalc-dims=\"1\" loading=\"lazy\" decoding=\"async\" width=\"768\" height=\"1024\" data-id=\"6007\" src=\"https:\/\/i0.wp.com\/bdmiam.fr\/wp-content\/uploads\/2023\/05\/Couv_465757-2.jpg?resize=768%2C1024&#038;ssl=1\" alt=\"\" class=\"wp-image-6007\" srcset=\"https:\/\/i0.wp.com\/bdmiam.fr\/wp-content\/uploads\/2023\/05\/Couv_465757-2.jpg?resize=768%2C1024&amp;ssl=1 768w, https:\/\/i0.wp.com\/bdmiam.fr\/wp-content\/uploads\/2023\/05\/Couv_465757-2.jpg?resize=225%2C300&amp;ssl=1 225w, https:\/\/i0.wp.com\/bdmiam.fr\/wp-content\/uploads\/2023\/05\/Couv_465757-2.jpg?w=850&amp;ssl=1 850w\" sizes=\"auto, (max-width: 768px) 100vw, 768px\" \/><\/figure>\n\n\n\n<figure class=\"wp-block-image\"><img data-recalc-dims=\"1\" loading=\"lazy\" decoding=\"async\" width=\"736\" height=\"1024\" data-id=\"6008\" src=\"https:\/\/i0.wp.com\/bdmiam.fr\/wp-content\/uploads\/2023\/05\/Couv_468512-1.jpg?resize=736%2C1024&#038;ssl=1\" alt=\"\" class=\"wp-image-6008\" srcset=\"https:\/\/i0.wp.com\/bdmiam.fr\/wp-content\/uploads\/2023\/05\/Couv_468512-1.jpg?resize=736%2C1024&amp;ssl=1 736w, https:\/\/i0.wp.com\/bdmiam.fr\/wp-content\/uploads\/2023\/05\/Couv_468512-1.jpg?resize=216%2C300&amp;ssl=1 216w, https:\/\/i0.wp.com\/bdmiam.fr\/wp-content\/uploads\/2023\/05\/Couv_468512-1.jpg?resize=768%2C1068&amp;ssl=1 768w, https:\/\/i0.wp.com\/bdmiam.fr\/wp-content\/uploads\/2023\/05\/Couv_468512-1.jpg?w=850&amp;ssl=1 850w\" sizes=\"auto, (max-width: 736px) 100vw, 736px\" \/><\/figure>\n<\/figure>\n\n\n\n<p><strong>Info festival 2023 :  <\/strong>Les albums de  Bojan Vuki\u0107 devront \u00eatre achet\u00e9s \u00e0 la librairie du festival en \u00e9change d&rsquo;une d\u00e9dicace. <\/p>\n\n\n\n<p class=\"has-text-align-center\">Source : <a href=\"https:\/\/www.bedetheque.com\/auteur-22495-BD-Vukic-Bojan.html\" target=\"_blank\" rel=\"noreferrer noopener\" aria-label=\" (s\u2019ouvre dans un nouvel onglet)\">bedetheque.com<\/a><\/p>\n","protected":false},"excerpt":{"rendered":"<p>Bojan Vuki\u0107 est un artiste de bande dessin\u00e9e de Zajecar, en Serbie. En 2006-2007, il est l&rsquo;artiste de la bande dessin\u00e9e fantastique \u00ab Savage Magic \u00bb (\u00ab Divlja Magija \u00bb) de Milan Konjevi\u0107. Il a ensuite trouv\u00e9 du travail avec l&rsquo;\u00e9diteur fran\u00e7ais Soleil, dessinant les s\u00e9ries comme \u00ab\u00a0Grands anciens\u00a0\u00bb (avec Jean-Marc Lain\u00e9, 2010-11), \u00ab\u00a0Le Retour [&hellip;]<\/p>\n","protected":false},"author":8,"featured_media":6012,"parent":4479,"menu_order":0,"comment_status":"closed","ping_status":"closed","template":"","meta":{"footnotes":""},"class_list":["post-6005","page","type-page","status-publish","has-post-thumbnail","hentry"],"jetpack_sharing_enabled":true,"_links":{"self":[{"href":"https:\/\/bdmiam.fr\/index.php\/wp-json\/wp\/v2\/pages\/6005","targetHints":{"allow":["GET"]}}],"collection":[{"href":"https:\/\/bdmiam.fr\/index.php\/wp-json\/wp\/v2\/pages"}],"about":[{"href":"https:\/\/bdmiam.fr\/index.php\/wp-json\/wp\/v2\/types\/page"}],"author":[{"embeddable":true,"href":"https:\/\/bdmiam.fr\/index.php\/wp-json\/wp\/v2\/users\/8"}],"replies":[{"embeddable":true,"href":"https:\/\/bdmiam.fr\/index.php\/wp-json\/wp\/v2\/comments?post=6005"}],"version-history":[{"count":1,"href":"https:\/\/bdmiam.fr\/index.php\/wp-json\/wp\/v2\/pages\/6005\/revisions"}],"predecessor-version":[{"id":6383,"href":"https:\/\/bdmiam.fr\/index.php\/wp-json\/wp\/v2\/pages\/6005\/revisions\/6383"}],"up":[{"embeddable":true,"href":"https:\/\/bdmiam.fr\/index.php\/wp-json\/wp\/v2\/pages\/4479"}],"wp:featuredmedia":[{"embeddable":true,"href":"https:\/\/bdmiam.fr\/index.php\/wp-json\/wp\/v2\/media\/6012"}],"wp:attachment":[{"href":"https:\/\/bdmiam.fr\/index.php\/wp-json\/wp\/v2\/media?parent=6005"}],"curies":[{"name":"wp","href":"https:\/\/api.w.org\/{rel}","templated":true}]}}