{"id":6015,"date":"2023-05-08T14:27:57","date_gmt":"2023-05-08T13:27:57","guid":{"rendered":"http:\/\/bdmiam.fr\/?page_id=6015"},"modified":"2023-11-12T21:49:49","modified_gmt":"2023-11-12T20:49:49","slug":"giuseppe-liotti","status":"publish","type":"page","link":"https:\/\/bdmiam.fr\/index.php\/festival-2023\/giuseppe-liotti\/","title":{"rendered":"Giuseppe Liotti"},"content":{"rendered":"\n<figure class=\"wp-block-image aligncenter size-full is-resized\"><img data-recalc-dims=\"1\" loading=\"lazy\" decoding=\"async\" width=\"650\" height=\"650\" src=\"https:\/\/i0.wp.com\/bdmiam.fr\/wp-content\/uploads\/2023\/11\/Photo_16700.jpg?resize=650%2C650&#038;ssl=1\" alt=\"\" class=\"wp-image-6239\" srcset=\"https:\/\/i0.wp.com\/bdmiam.fr\/wp-content\/uploads\/2023\/11\/Photo_16700.jpg?w=650&amp;ssl=1 650w, https:\/\/i0.wp.com\/bdmiam.fr\/wp-content\/uploads\/2023\/11\/Photo_16700.jpg?resize=300%2C300&amp;ssl=1 300w, https:\/\/i0.wp.com\/bdmiam.fr\/wp-content\/uploads\/2023\/11\/Photo_16700.jpg?resize=150%2C150&amp;ssl=1 150w\" sizes=\"auto, (max-width: 650px) 100vw, 650px\" \/><\/figure>\n\n\n\n<p class=\"has-text-align-center\"> N\u00e9 \u00e0 Salerno le 23 juin 1978, Giuseppe Liotti est dipl\u00f4m\u00e9 en Sciences de la communication. En 2001, il s&rsquo;installe \u00e0 Rome o\u00f9 il s&rsquo;investit pendant six mois dans une production d&rsquo;animation 2D, o\u00f9 il apprend la technique du storyboard. Tr\u00e8s rapidement il commence \u00e0 travailler comme storyboard artist avec des agences de pub et de production cin\u00e9matographiques. En 2006, la rencontre avec Bruno Brindisi (dessinateur repr\u00e9sentatif de la BD italienne) l&rsquo;incite \u00e0 se lancer dans la BD. En novembre 2007, il gagne le Prix Raymond Leblanc avec le projet &lsquo;Nanobiotics&rsquo; (sc\u00e9nario Benec) et fait ses d\u00e9buts dans la BD italienne avec l&rsquo;ouvrage collectif \u00ab\u00a0Self-Service\u00a0\u00bb. Depuis janvier 2008, il est plong\u00e9 dans l&rsquo;\u00e9laboration des dessins en couleurs directes du projet \u00ab\u00a0Le sceptre de Fer\u00a0\u00bb (sc\u00e9nario Esther Gil) pour le Lombard. <\/p>\n\n\n\n<figure class=\"wp-block-image aligncenter size-full\"><img data-recalc-dims=\"1\" loading=\"lazy\" decoding=\"async\" width=\"600\" height=\"790\" src=\"https:\/\/i0.wp.com\/bdmiam.fr\/wp-content\/uploads\/2023\/11\/Couv_468493.jpg?resize=600%2C790&#038;ssl=1\" alt=\"\" class=\"wp-image-6201\" srcset=\"https:\/\/i0.wp.com\/bdmiam.fr\/wp-content\/uploads\/2023\/11\/Couv_468493.jpg?w=600&amp;ssl=1 600w, https:\/\/i0.wp.com\/bdmiam.fr\/wp-content\/uploads\/2023\/11\/Couv_468493.jpg?resize=228%2C300&amp;ssl=1 228w\" sizes=\"auto, (max-width: 600px) 100vw, 600px\" \/><\/figure>\n\n\n\n<p><strong>Info festival 2023 : <\/strong>Les albums de  Giuseppe Liotti devront \u00eatre achet\u00e9s \u00e0 la librairie du festival en \u00e9change d&rsquo;une d\u00e9dicace.  <\/p>\n\n\n\n<p class=\"has-text-align-center\">Source : <a href=\"https:\/\/www.bedetheque.com\/auteur-16700-BD-Liotti-Giuseppe.html\" target=\"_blank\" rel=\"noreferrer noopener\" aria-label=\" (s\u2019ouvre dans un nouvel onglet)\">bedetheque.com<\/a><\/p>\n","protected":false},"excerpt":{"rendered":"<p>N\u00e9 \u00e0 Salerno le 23 juin 1978, Giuseppe Liotti est dipl\u00f4m\u00e9 en Sciences de la communication. En 2001, il s&rsquo;installe \u00e0 Rome o\u00f9 il s&rsquo;investit pendant six mois dans une production d&rsquo;animation 2D, o\u00f9 il apprend la technique du storyboard. Tr\u00e8s rapidement il commence \u00e0 travailler comme storyboard artist avec des agences de pub et [&hellip;]<\/p>\n","protected":false},"author":8,"featured_media":6018,"parent":4479,"menu_order":0,"comment_status":"closed","ping_status":"closed","template":"","meta":{"footnotes":""},"class_list":["post-6015","page","type-page","status-publish","has-post-thumbnail","hentry"],"jetpack_sharing_enabled":true,"_links":{"self":[{"href":"https:\/\/bdmiam.fr\/index.php\/wp-json\/wp\/v2\/pages\/6015","targetHints":{"allow":["GET"]}}],"collection":[{"href":"https:\/\/bdmiam.fr\/index.php\/wp-json\/wp\/v2\/pages"}],"about":[{"href":"https:\/\/bdmiam.fr\/index.php\/wp-json\/wp\/v2\/types\/page"}],"author":[{"embeddable":true,"href":"https:\/\/bdmiam.fr\/index.php\/wp-json\/wp\/v2\/users\/8"}],"replies":[{"embeddable":true,"href":"https:\/\/bdmiam.fr\/index.php\/wp-json\/wp\/v2\/comments?post=6015"}],"version-history":[{"count":2,"href":"https:\/\/bdmiam.fr\/index.php\/wp-json\/wp\/v2\/pages\/6015\/revisions"}],"predecessor-version":[{"id":6359,"href":"https:\/\/bdmiam.fr\/index.php\/wp-json\/wp\/v2\/pages\/6015\/revisions\/6359"}],"up":[{"embeddable":true,"href":"https:\/\/bdmiam.fr\/index.php\/wp-json\/wp\/v2\/pages\/4479"}],"wp:featuredmedia":[{"embeddable":true,"href":"https:\/\/bdmiam.fr\/index.php\/wp-json\/wp\/v2\/media\/6018"}],"wp:attachment":[{"href":"https:\/\/bdmiam.fr\/index.php\/wp-json\/wp\/v2\/media?parent=6015"}],"curies":[{"name":"wp","href":"https:\/\/api.w.org\/{rel}","templated":true}]}}