{"id":6021,"date":"2023-05-08T14:33:26","date_gmt":"2023-05-08T13:33:26","guid":{"rendered":"http:\/\/bdmiam.fr\/?page_id=6021"},"modified":"2023-11-12T22:09:29","modified_gmt":"2023-11-12T21:09:29","slug":"aurelie-guarino","status":"publish","type":"page","link":"https:\/\/bdmiam.fr\/index.php\/festival-2023\/aurelie-guarino\/","title":{"rendered":"Aur\u00e9lie Guarino"},"content":{"rendered":"\n<figure class=\"wp-block-image aligncenter size-full is-resized\"><img data-recalc-dims=\"1\" loading=\"lazy\" decoding=\"async\" width=\"650\" height=\"650\" src=\"https:\/\/i0.wp.com\/bdmiam.fr\/wp-content\/uploads\/2023\/11\/Photo_45293.jpg?resize=650%2C650&#038;ssl=1\" alt=\"\" class=\"wp-image-6247\" style=\"width:244px;height:244px\" srcset=\"https:\/\/i0.wp.com\/bdmiam.fr\/wp-content\/uploads\/2023\/11\/Photo_45293.jpg?w=650&amp;ssl=1 650w, https:\/\/i0.wp.com\/bdmiam.fr\/wp-content\/uploads\/2023\/11\/Photo_45293.jpg?resize=300%2C300&amp;ssl=1 300w, https:\/\/i0.wp.com\/bdmiam.fr\/wp-content\/uploads\/2023\/11\/Photo_45293.jpg?resize=150%2C150&amp;ssl=1 150w\" sizes=\"auto, (max-width: 650px) 100vw, 650px\" \/><\/figure>\n\n\n\n<p class=\"has-text-align-center\"> Aur\u00e9lie Guarino est n\u00e9e et r\u00e9side \u00e0 Toulon depuis 1984. Elle a suivi des \u00e9tudes en communication dans cette m\u00eame ville o\u00f9 elle travaille comme graphiste et illustratrice. Laur\u00e9ate du concours m\u00e9diterran\u00e9en de BD, ses dessins sont publi\u00e9s dans le collectif Caf\u00e9 Sal\u00e9. \u00ab\u00a0Namast\u00e9\u00a0\u00bb, avec le sc\u00e9nariste Eddy Simon, est sa premi\u00e8re s\u00e9rie de bande dessin\u00e9e.<\/p>\n\n\n\n<p>Texte \u00a9 Sarbacane <\/p>\n\n\n\n<figure class=\"wp-block-image aligncenter is-resized\"><img data-recalc-dims=\"1\" loading=\"lazy\" decoding=\"async\" width=\"771\" height=\"1024\" src=\"https:\/\/i0.wp.com\/bdmiam.fr\/wp-content\/uploads\/2023\/05\/Couv_471268-1.jpg?resize=771%2C1024&#038;ssl=1\" alt=\"\" class=\"wp-image-6023\" style=\"width:415px;height:551px\" srcset=\"https:\/\/i0.wp.com\/bdmiam.fr\/wp-content\/uploads\/2023\/05\/Couv_471268-1.jpg?resize=771%2C1024&amp;ssl=1 771w, https:\/\/i0.wp.com\/bdmiam.fr\/wp-content\/uploads\/2023\/05\/Couv_471268-1.jpg?resize=226%2C300&amp;ssl=1 226w, https:\/\/i0.wp.com\/bdmiam.fr\/wp-content\/uploads\/2023\/05\/Couv_471268-1.jpg?resize=768%2C1020&amp;ssl=1 768w, https:\/\/i0.wp.com\/bdmiam.fr\/wp-content\/uploads\/2023\/05\/Couv_471268-1.jpg?w=850&amp;ssl=1 850w\" sizes=\"auto, (max-width: 771px) 100vw, 771px\" \/><\/figure>\n\n\n\n<p><strong>Info festival 2023 : <\/strong>Les albums d&rsquo;Aur\u00e9lie Guarino devront \u00eatre achet\u00e9s \u00e0 la librairie du festival en \u00e9change d&rsquo;une d\u00e9dicace.   <\/p>\n\n\n\n<p class=\"has-text-align-center\">Source : <a href=\"https:\/\/www.bedetheque.com\/auteur-45293-BD-Guarino-Aurelie.html\" target=\"_blank\" rel=\"noreferrer noopener\" aria-label=\" (s\u2019ouvre dans un nouvel onglet)\">Bedetheque<\/a><\/p>\n","protected":false},"excerpt":{"rendered":"<p>Aur\u00e9lie Guarino est n\u00e9e et r\u00e9side \u00e0 Toulon depuis 1984. Elle a suivi des \u00e9tudes en communication dans cette m\u00eame ville o\u00f9 elle travaille comme graphiste et illustratrice. Laur\u00e9ate du concours m\u00e9diterran\u00e9en de BD, ses dessins sont publi\u00e9s dans le collectif Caf\u00e9 Sal\u00e9. \u00ab\u00a0Namast\u00e9\u00a0\u00bb, avec le sc\u00e9nariste Eddy Simon, est sa premi\u00e8re s\u00e9rie de bande [&hellip;]<\/p>\n","protected":false},"author":8,"featured_media":6024,"parent":4479,"menu_order":0,"comment_status":"closed","ping_status":"closed","template":"","meta":{"footnotes":""},"class_list":["post-6021","page","type-page","status-publish","has-post-thumbnail","hentry"],"jetpack_sharing_enabled":true,"_links":{"self":[{"href":"https:\/\/bdmiam.fr\/index.php\/wp-json\/wp\/v2\/pages\/6021","targetHints":{"allow":["GET"]}}],"collection":[{"href":"https:\/\/bdmiam.fr\/index.php\/wp-json\/wp\/v2\/pages"}],"about":[{"href":"https:\/\/bdmiam.fr\/index.php\/wp-json\/wp\/v2\/types\/page"}],"author":[{"embeddable":true,"href":"https:\/\/bdmiam.fr\/index.php\/wp-json\/wp\/v2\/users\/8"}],"replies":[{"embeddable":true,"href":"https:\/\/bdmiam.fr\/index.php\/wp-json\/wp\/v2\/comments?post=6021"}],"version-history":[{"count":2,"href":"https:\/\/bdmiam.fr\/index.php\/wp-json\/wp\/v2\/pages\/6021\/revisions"}],"predecessor-version":[{"id":6380,"href":"https:\/\/bdmiam.fr\/index.php\/wp-json\/wp\/v2\/pages\/6021\/revisions\/6380"}],"up":[{"embeddable":true,"href":"https:\/\/bdmiam.fr\/index.php\/wp-json\/wp\/v2\/pages\/4479"}],"wp:featuredmedia":[{"embeddable":true,"href":"https:\/\/bdmiam.fr\/index.php\/wp-json\/wp\/v2\/media\/6024"}],"wp:attachment":[{"href":"https:\/\/bdmiam.fr\/index.php\/wp-json\/wp\/v2\/media?parent=6021"}],"curies":[{"name":"wp","href":"https:\/\/api.w.org\/{rel}","templated":true}]}}