{"id":6050,"date":"2023-05-08T15:22:30","date_gmt":"2023-05-08T14:22:30","guid":{"rendered":"http:\/\/bdmiam.fr\/?page_id=6050"},"modified":"2023-11-12T22:08:38","modified_gmt":"2023-11-12T21:08:38","slug":"antoine-giner-belmonte","status":"publish","type":"page","link":"https:\/\/bdmiam.fr\/index.php\/festival-2023\/antoine-giner-belmonte\/","title":{"rendered":"Antoine Giner-Belmonte"},"content":{"rendered":"\n<div class=\"wp-block-image\"><figure class=\"aligncenter is-resized\"><img data-recalc-dims=\"1\" loading=\"lazy\" decoding=\"async\" src=\"https:\/\/i0.wp.com\/bdmiam.fr\/wp-content\/uploads\/2023\/05\/Photo_39875-1.jpg?resize=150%2C188&#038;ssl=1\" alt=\"\" class=\"wp-image-6051\" width=\"150\" height=\"188\" srcset=\"https:\/\/i0.wp.com\/bdmiam.fr\/wp-content\/uploads\/2023\/05\/Photo_39875-1.jpg?w=296&amp;ssl=1 296w, https:\/\/i0.wp.com\/bdmiam.fr\/wp-content\/uploads\/2023\/05\/Photo_39875-1.jpg?resize=240%2C300&amp;ssl=1 240w\" sizes=\"auto, (max-width: 150px) 100vw, 150px\" \/><\/figure><\/div>\n\n\n\n<p style=\"text-align:center\">  N\u00e9 un dimanche de 1973 \u00e0 Carpentras, c&rsquo;est \u00e0 l&rsquo;\u00e2ge de 15 ans que  l&rsquo;amour du dessin s&rsquo;est soudainement converti en possibilit\u00e9 de carri\u00e8re  lorsqu&rsquo;un ami lui parle de l&rsquo;existence d&rsquo;\u00e9coles o\u00f9 l&rsquo;on ne fait que  dessiner. Quelques ann\u00e9es plus tard, c&rsquo;est avec un dipl\u00f4me  d&rsquo;illustration qu&rsquo;il sort des Arts-D\u00e9cos de Strasbourg puis s&rsquo;enchaine  son premier travail en tant que roughman dans la publicit\u00e9. Finalement  apr\u00e8s une exp\u00e9rience comme perspectiviste pour l&rsquo;urbanisme et le  paysage, ce sera la rencontre avec Christian Rossi lors du Lyon BD  festival qui marquera  le tournant vers la bande dessin\u00e9e. Il s&rsquo;en  suivra la parution d&rsquo;une histoire courte publi\u00e9e par Lyon Capitale et la  signature d&rsquo;un premier album chez Bamboo sur un sc\u00e9nario d&rsquo;<strong>Edouard Chevais-Deighton<\/strong>, \u00ab\u00a0Les Ma\u00eetres de WhitePlain\u00a0\u00bb.  <\/p>\n\n\n\n<div class=\"wp-block-image\"><figure class=\"aligncenter is-resized\"><img data-recalc-dims=\"1\" loading=\"lazy\" decoding=\"async\" src=\"https:\/\/i0.wp.com\/bdmiam.fr\/wp-content\/uploads\/2023\/05\/Couv_472940-1.jpg?resize=229%2C303&#038;ssl=1\" alt=\"\" class=\"wp-image-6053\" width=\"229\" height=\"303\" srcset=\"https:\/\/i0.wp.com\/bdmiam.fr\/wp-content\/uploads\/2023\/05\/Couv_472940-1.jpg?resize=771%2C1024&amp;ssl=1 771w, https:\/\/i0.wp.com\/bdmiam.fr\/wp-content\/uploads\/2023\/05\/Couv_472940-1.jpg?resize=226%2C300&amp;ssl=1 226w, https:\/\/i0.wp.com\/bdmiam.fr\/wp-content\/uploads\/2023\/05\/Couv_472940-1.jpg?resize=768%2C1020&amp;ssl=1 768w, https:\/\/i0.wp.com\/bdmiam.fr\/wp-content\/uploads\/2023\/05\/Couv_472940-1.jpg?w=850&amp;ssl=1 850w\" sizes=\"auto, (max-width: 229px) 100vw, 229px\" \/><\/figure><\/div>\n\n\n\n<p><\/p>\n\n\n\n<p><strong>Info festival 2023 : <\/strong>Les albums d\u2019Antoine Giner-Belmonte devront \u00eatre achet\u00e9s \u00e0 la librairie du festival en \u00e9change d\u2019une d\u00e9dicace.    <\/p>\n\n\n\n<p style=\"text-align:center\">Source : <a href=\"https:\/\/www.bedetheque.com\/auteur-39875-BD-Giner-Belmonte-Antoine.html\" target=\"_blank\" rel=\"noreferrer noopener\" aria-label=\"b\u00e9d\u00e9th\u00e8que (s\u2019ouvre dans un nouvel onglet)\">b\u00e9d\u00e9th\u00e8que<\/a>.<\/p>\n","protected":false},"excerpt":{"rendered":"<p>N\u00e9 un dimanche de 1973 \u00e0 Carpentras, c&rsquo;est \u00e0 l&rsquo;\u00e2ge de 15 ans que l&rsquo;amour du dessin s&rsquo;est soudainement converti en possibilit\u00e9 de carri\u00e8re lorsqu&rsquo;un ami lui parle de l&rsquo;existence d&rsquo;\u00e9coles o\u00f9 l&rsquo;on ne fait que dessiner. Quelques ann\u00e9es plus tard, c&rsquo;est avec un dipl\u00f4me d&rsquo;illustration qu&rsquo;il sort des Arts-D\u00e9cos de Strasbourg puis s&rsquo;enchaine son [&hellip;]<\/p>\n","protected":false},"author":7,"featured_media":0,"parent":4479,"menu_order":0,"comment_status":"closed","ping_status":"closed","template":"","meta":{"footnotes":""},"class_list":["post-6050","page","type-page","status-publish","hentry"],"jetpack_sharing_enabled":true,"_links":{"self":[{"href":"https:\/\/bdmiam.fr\/index.php\/wp-json\/wp\/v2\/pages\/6050","targetHints":{"allow":["GET"]}}],"collection":[{"href":"https:\/\/bdmiam.fr\/index.php\/wp-json\/wp\/v2\/pages"}],"about":[{"href":"https:\/\/bdmiam.fr\/index.php\/wp-json\/wp\/v2\/types\/page"}],"author":[{"embeddable":true,"href":"https:\/\/bdmiam.fr\/index.php\/wp-json\/wp\/v2\/users\/7"}],"replies":[{"embeddable":true,"href":"https:\/\/bdmiam.fr\/index.php\/wp-json\/wp\/v2\/comments?post=6050"}],"version-history":[{"count":1,"href":"https:\/\/bdmiam.fr\/index.php\/wp-json\/wp\/v2\/pages\/6050\/revisions"}],"predecessor-version":[{"id":6379,"href":"https:\/\/bdmiam.fr\/index.php\/wp-json\/wp\/v2\/pages\/6050\/revisions\/6379"}],"up":[{"embeddable":true,"href":"https:\/\/bdmiam.fr\/index.php\/wp-json\/wp\/v2\/pages\/4479"}],"wp:attachment":[{"href":"https:\/\/bdmiam.fr\/index.php\/wp-json\/wp\/v2\/media?parent=6050"}],"curies":[{"name":"wp","href":"https:\/\/api.w.org\/{rel}","templated":true}]}}