{"id":6057,"date":"2023-05-08T15:31:11","date_gmt":"2023-05-08T14:31:11","guid":{"rendered":"http:\/\/bdmiam.fr\/?page_id=6057"},"modified":"2023-11-12T22:03:39","modified_gmt":"2023-11-12T21:03:39","slug":"tieko","status":"publish","type":"page","link":"https:\/\/bdmiam.fr\/index.php\/festival-2023\/tieko\/","title":{"rendered":"TieKo"},"content":{"rendered":"\n<figure class=\"wp-block-image aligncenter\"><img data-recalc-dims=\"1\" loading=\"lazy\" decoding=\"async\" width=\"212\" height=\"270\" src=\"https:\/\/i0.wp.com\/bdmiam.fr\/wp-content\/uploads\/2023\/05\/TieKo-1.jpg?resize=212%2C270&#038;ssl=1\" alt=\"\" class=\"wp-image-6059\"\/><\/figure>\n\n\n\n<p class=\"has-text-align-center\"> N\u00e9 en 1962 \u00e0 Toulouse, Occitan et fier de l&rsquo;\u00eatre, j&rsquo;ai suivi mes parents dans diverses r\u00e9gions (Rochefort, Fontenay sous bois, Compi\u00e8gne, Amiens, Cherbourg, Blainville sur mer). Je vis maintenant dans la r\u00e9gion Caennaise. J&rsquo;ai suivi des \u00e9tudes secondaires o\u00f9 j&rsquo;ai beaucoup griffonn\u00e9 de petits personnages dans les marges des cahiers et des livres du lyc\u00e9e. J&rsquo;ai aussi particip\u00e9 \u00e0 une petite feuille informative (j&rsquo;y dessinais un mille-pattes, mascotte de cette feuille de chou). Viennent ensuite deux ann\u00e9es de Beaux-arts o\u00f9 j&rsquo;ai perdu mon temps et n&rsquo;en ai rien tir\u00e9 de concluant (profs s&rsquo;\u00e9coutant parler sans aucune p\u00e9dagogie, et se prenant pour de grands artistes, tr\u00e8s m\u00e9prisants envers les \u00e9l\u00e8ves ne suivant pas leur fa\u00e7on de penser ou de voir les choses). Je n&rsquo;ai d&rsquo;ailleurs pas touch\u00e9 un crayon en sortant de cette institution les deux ann\u00e9es suivantes, \u00e9c\u0153ur\u00e9 par leur comportement syst\u00e9matique \u00e0 casser mon travail plus figuratif qu&rsquo;abstrait. L&rsquo;arm\u00e9e arriva (et oui c&rsquo;\u00e9tait obligatoire \u00e0 l&rsquo;\u00e9poque <em>sic <\/em>!) : on passe. J&rsquo;ai ensuite commenc\u00e9 de petits boulots pendant quelques ann\u00e9es (plonge, barman, manutentionnaire \u00e0 Rungis, retourner les poches d&rsquo;hu\u00eetres sur la c\u00f4te normande, facteur, charpente dans le b\u00e2timent) jusqu&rsquo;\u00e0 rencontrer un couple  d&rsquo;illustrateurs qui, avec leurs conseils, me d\u00e9cid\u00e8rent \u00e0 me lancer dans l&rsquo;illustration que je poursuis toujours (publicit\u00e9, communication, merchandising, livre pour enfant, jeux). J&rsquo;ai plusieurs passions bien que je ne puisse plus toutes les assouvir : le dessin bien \u00e9videmment, le cin\u00e9ma, la bande dessin\u00e9e, la musique, la guitare \u00e9lectrique (j&rsquo;ai d&rsquo;ailleurs eu un groupe tendance hard qui a quand m\u00eame dur\u00e9 trois ans), tout ce qui touche \u00e0 l&rsquo;Asie et \u00e0 l\u2019\u00c9cosse bien que je n&rsquo;y sois encore jamais all\u00e9, les dragons, Star Wars. Mes plus lointains souvenirs en tant que lecteur de BD remontent \u00e0 mon p\u00e8re me ramenant le journal de Pif (je me demande s&rsquo;il y avait d\u00e9j\u00e0 un gadget) quand il rentrait de son travail. Ensuite j&rsquo;ai grandi avec la plupart des journaux de mon \u00e9poque (et il y en avait\u2026), Pif gadget, le journal de Mickey, Spirou, Tintin,  le journal de Bibi fricotin, Gomme, Epic, Pilote, l&rsquo;Echo des savanes,  M\u00e9tal hurlant, A suivre, Circus, mensuel Charlie, B.D. l&rsquo;hebdomadaire de  la bd (format journal d&rsquo;information) et je dois s\u00fbrement en oublier. Sont venus se greffer les magazines de super h\u00e9ros dans Strange, Titans, sp\u00e9cial Strange, Nova qui eurent l&rsquo;heureuse initiative de ressortir le surfer d&rsquo;argent sans oublier les petits formats italiens de l&rsquo;\u00e9poque (blek le roc, janus stark cap&rsquo;tain swing, futura etc\u2026). Les albums cartonn\u00e9s sont apparus avec mes premiers salaires (hormis les Tintin et Asterix offerts par mes parents ou proches). C&rsquo;est apr\u00e8s le split de mon groupe que je me suis d\u00e9cid\u00e9 \u00e0 trouver une association pour sortir un  peu de chez moi et rencontrer des gens. J&rsquo;ai donc int\u00e9gr\u00e9 l&rsquo;ACCABD \u00e0 Caen o\u00f9 je pouvais partager ma passion de la bande dessin\u00e9e. Dans cette association, il existait un fanzine (tout bulle or not to bulle) o\u00f9 quelques dessinateurs faisaient des planches. J&rsquo;ai commenc\u00e9 \u00e0 proposer  les miennes. D&rsquo;autres dessinateurs sont venus se rattacher \u00e0 notre association, si bien que le fanzine n&rsquo;\u00e9tait plus assez important pour contenir toutes ces histoires. On a donc d\u00e9cid\u00e9 de cr\u00e9er un deuxi\u00e8me fanzine (Bol d&rsquo;encre) exclusivement avec des BD d&rsquo;amateur. Apr\u00e8s trois ann\u00e9es de fanzinat, de festivals, de r\u00e9unions et de contact avec  quelques pros de la BD, on a d\u00e9cid\u00e9, St\u00e9phane (qui \u00e9tait aussi passionn\u00e9 par l&rsquo;Ecosse) et moi (faut dire que j&rsquo;ai bien insist\u00e9) de pr\u00e9senter un projet aux maisons d&rsquo;\u00e9dition qui au d\u00e9part (attention au scoop) devait tenir sur 24 pages. On s&rsquo;est vite rendu compte que nous avions tellement de choses \u00e0 raconter que c&rsquo;\u00e9tait tr\u00e8s insuffisant. Le chant des terres \u00e9tait n\u00e9. Mes influences ?\u2026 J&rsquo;ai lu tellement de BD et j&rsquo;aime le style de tellement de dessinateurs que \u00e7a doit \u00eatre un mix de tout \u00e7a et encore je ne suis s\u00fbr de rien. <\/p>\n\n\n\n<figure class=\"wp-block-gallery has-nested-images columns-default is-cropped wp-block-gallery-1 is-layout-flex wp-block-gallery-is-layout-flex\">\n<figure class=\"wp-block-image\"><img data-recalc-dims=\"1\" loading=\"lazy\" decoding=\"async\" width=\"420\" height=\"559\" data-id=\"6061\" src=\"https:\/\/i0.wp.com\/bdmiam.fr\/wp-content\/uploads\/2023\/05\/chantdesterres02_34116-1.jpg?resize=420%2C559&#038;ssl=1\" alt=\"\" class=\"wp-image-6061\" srcset=\"https:\/\/i0.wp.com\/bdmiam.fr\/wp-content\/uploads\/2023\/05\/chantdesterres02_34116-1.jpg?w=420&amp;ssl=1 420w, https:\/\/i0.wp.com\/bdmiam.fr\/wp-content\/uploads\/2023\/05\/chantdesterres02_34116-1.jpg?resize=225%2C300&amp;ssl=1 225w\" sizes=\"auto, (max-width: 420px) 100vw, 420px\" \/><\/figure>\n\n\n\n<figure class=\"wp-block-image\"><img data-recalc-dims=\"1\" loading=\"lazy\" decoding=\"async\" width=\"600\" height=\"792\" data-id=\"6062\" src=\"https:\/\/i0.wp.com\/bdmiam.fr\/wp-content\/uploads\/2023\/05\/Couv_394276-1.jpg?resize=600%2C792&#038;ssl=1\" alt=\"\" class=\"wp-image-6062\" srcset=\"https:\/\/i0.wp.com\/bdmiam.fr\/wp-content\/uploads\/2023\/05\/Couv_394276-1.jpg?w=600&amp;ssl=1 600w, https:\/\/i0.wp.com\/bdmiam.fr\/wp-content\/uploads\/2023\/05\/Couv_394276-1.jpg?resize=227%2C300&amp;ssl=1 227w\" sizes=\"auto, (max-width: 600px) 100vw, 600px\" \/><\/figure>\n\n\n\n<figure class=\"wp-block-image\"><img data-recalc-dims=\"1\" loading=\"lazy\" decoding=\"async\" width=\"600\" height=\"778\" data-id=\"6063\" src=\"https:\/\/i0.wp.com\/bdmiam.fr\/wp-content\/uploads\/2023\/05\/Couv_470503-1.jpg?resize=600%2C778&#038;ssl=1\" alt=\"\" class=\"wp-image-6063\" srcset=\"https:\/\/i0.wp.com\/bdmiam.fr\/wp-content\/uploads\/2023\/05\/Couv_470503-1.jpg?w=600&amp;ssl=1 600w, https:\/\/i0.wp.com\/bdmiam.fr\/wp-content\/uploads\/2023\/05\/Couv_470503-1.jpg?resize=231%2C300&amp;ssl=1 231w\" sizes=\"auto, (max-width: 600px) 100vw, 600px\" \/><\/figure>\n<\/figure>\n\n\n\n<p><strong>Info festival 2023 : <\/strong>Les albums de TieKo devront \u00eatre achet\u00e9s \u00e0 la librairie du festival en \u00e9change d\u2019une d\u00e9dicace.    <\/p>\n\n\n\n<p class=\"has-text-align-center\">Source : <a href=\"https:\/\/www.bedetheque.com\/auteur-5174-BD-TieKo.html\" target=\"_blank\" rel=\"noreferrer noopener\" aria-label=\"B\u00e9d\u00e9th\u00e8que (s\u2019ouvre dans un nouvel onglet)\">B\u00e9d\u00e9th\u00e8que<\/a>.<\/p>\n","protected":false},"excerpt":{"rendered":"<p>N\u00e9 en 1962 \u00e0 Toulouse, Occitan et fier de l&rsquo;\u00eatre, j&rsquo;ai suivi mes parents dans diverses r\u00e9gions (Rochefort, Fontenay sous bois, Compi\u00e8gne, Amiens, Cherbourg, Blainville sur mer). Je vis maintenant dans la r\u00e9gion Caennaise. J&rsquo;ai suivi des \u00e9tudes secondaires o\u00f9 j&rsquo;ai beaucoup griffonn\u00e9 de petits personnages dans les marges des cahiers et des livres du [&hellip;]<\/p>\n","protected":false},"author":7,"featured_media":0,"parent":4479,"menu_order":0,"comment_status":"closed","ping_status":"closed","template":"","meta":{"footnotes":""},"class_list":["post-6057","page","type-page","status-publish","hentry"],"jetpack_sharing_enabled":true,"_links":{"self":[{"href":"https:\/\/bdmiam.fr\/index.php\/wp-json\/wp\/v2\/pages\/6057","targetHints":{"allow":["GET"]}}],"collection":[{"href":"https:\/\/bdmiam.fr\/index.php\/wp-json\/wp\/v2\/pages"}],"about":[{"href":"https:\/\/bdmiam.fr\/index.php\/wp-json\/wp\/v2\/types\/page"}],"author":[{"embeddable":true,"href":"https:\/\/bdmiam.fr\/index.php\/wp-json\/wp\/v2\/users\/7"}],"replies":[{"embeddable":true,"href":"https:\/\/bdmiam.fr\/index.php\/wp-json\/wp\/v2\/comments?post=6057"}],"version-history":[{"count":1,"href":"https:\/\/bdmiam.fr\/index.php\/wp-json\/wp\/v2\/pages\/6057\/revisions"}],"predecessor-version":[{"id":6375,"href":"https:\/\/bdmiam.fr\/index.php\/wp-json\/wp\/v2\/pages\/6057\/revisions\/6375"}],"up":[{"embeddable":true,"href":"https:\/\/bdmiam.fr\/index.php\/wp-json\/wp\/v2\/pages\/4479"}],"wp:attachment":[{"href":"https:\/\/bdmiam.fr\/index.php\/wp-json\/wp\/v2\/media?parent=6057"}],"curies":[{"name":"wp","href":"https:\/\/api.w.org\/{rel}","templated":true}]}}