{"id":6070,"date":"2023-05-08T17:05:46","date_gmt":"2023-05-08T16:05:46","guid":{"rendered":"http:\/\/bdmiam.fr\/?page_id=6070"},"modified":"2023-11-12T22:10:00","modified_gmt":"2023-11-12T21:10:00","slug":"b-gnet","status":"publish","type":"page","link":"https:\/\/bdmiam.fr\/index.php\/festival-2023\/b-gnet\/","title":{"rendered":"B-Gnet"},"content":{"rendered":"\n<figure class=\"wp-block-image aligncenter size-full\"><img data-recalc-dims=\"1\" loading=\"lazy\" decoding=\"async\" width=\"299\" height=\"439\" src=\"https:\/\/i0.wp.com\/bdmiam.fr\/wp-content\/uploads\/2023\/11\/Photo_12351.jpg?resize=299%2C439&#038;ssl=1\" alt=\"\" class=\"wp-image-6197\" srcset=\"https:\/\/i0.wp.com\/bdmiam.fr\/wp-content\/uploads\/2023\/11\/Photo_12351.jpg?w=299&amp;ssl=1 299w, https:\/\/i0.wp.com\/bdmiam.fr\/wp-content\/uploads\/2023\/11\/Photo_12351.jpg?resize=204%2C300&amp;ssl=1 204w\" sizes=\"auto, (max-width: 299px) 100vw, 299px\" \/><\/figure>\n\n\n\n<p class=\"has-text-align-center\">\n\nB-gnet : [b\u00e9ni\u00e9] n.m. inv. du Lyonnais Bovagnet (Florian) qui signifie \u00ab\u00a0bugne\u00a0\u00bb. Auteur d&rsquo;histoires courtes en bande-dessin\u00e9es du d\u00e9but du mill\u00e9naire. Histoire : On rencontrait jadis le B-gnet \u00e0 l&rsquo;\u00e9cole d&rsquo;illustration \/ BD \/ infographie \/ dessin anim\u00e9 \u00c9mile Cohl ; apr\u00e8s quoi il parut furtivement dans Fluide Glacial, puis dans Bodo\u00ef avec le personnage \u201cSaint Bernard l&rsquo;ermite\u201d. G\u00e9ographie : On trouve aujourd&rsquo;hui le B-gnet dans le magazine Spirou. On peut \u00e9galement le d\u00e9couvrir r\u00e9guli\u00e8rement depuis sept ans dans le Psikopat o\u00f9 il a r\u00e9alis\u00e9 une s\u00e9rie d&rsquo;histoires courtes inspir\u00e9es du Scarface de Brian de Palma (The world is yaourt) et les aventures de Jean-Fran\u00e7ois et Honor\u00e9 (Rayures). B-gnet est Lyonnais et fait partie de l\u2019ateliers KCS (avec les fr\u00e8res Jouvray et Salsedo, notamment).<\/p>\n\n\n\n<p>Texte et photo \u00a9 6 Pieds sous Terre <\/p>\n\n\n\n<figure class=\"wp-block-image aligncenter is-resized\"><img data-recalc-dims=\"1\" loading=\"lazy\" decoding=\"async\" width=\"792\" height=\"1024\" src=\"https:\/\/i0.wp.com\/bdmiam.fr\/wp-content\/uploads\/2023\/05\/Couv_453335-1.jpg?resize=792%2C1024&#038;ssl=1\" alt=\"\" class=\"wp-image-6072\" style=\"width:490px;height:633px\" srcset=\"https:\/\/i0.wp.com\/bdmiam.fr\/wp-content\/uploads\/2023\/05\/Couv_453335-1.jpg?resize=792%2C1024&amp;ssl=1 792w, https:\/\/i0.wp.com\/bdmiam.fr\/wp-content\/uploads\/2023\/05\/Couv_453335-1.jpg?resize=232%2C300&amp;ssl=1 232w, https:\/\/i0.wp.com\/bdmiam.fr\/wp-content\/uploads\/2023\/05\/Couv_453335-1.jpg?resize=768%2C993&amp;ssl=1 768w, https:\/\/i0.wp.com\/bdmiam.fr\/wp-content\/uploads\/2023\/05\/Couv_453335-1.jpg?w=850&amp;ssl=1 850w\" sizes=\"auto, (max-width: 792px) 100vw, 792px\" \/><\/figure>\n\n\n\n<p class=\"has-text-align-center\">Source : <a href=\"https:\/\/www.bedetheque.com\/auteur-12351-BD-B-gnet.html\" target=\"_blank\" rel=\"noreferrer noopener\" aria-label=\" (s\u2019ouvre dans un nouvel onglet)\">Bedetheque.com<\/a><\/p>\n","protected":false},"excerpt":{"rendered":"<p>B-gnet : [b\u00e9ni\u00e9] n.m. inv. du Lyonnais Bovagnet (Florian) qui signifie \u00ab\u00a0bugne\u00a0\u00bb. Auteur d&rsquo;histoires courtes en bande-dessin\u00e9es du d\u00e9but du mill\u00e9naire. Histoire : On rencontrait jadis le B-gnet \u00e0 l&rsquo;\u00e9cole d&rsquo;illustration \/ BD \/ infographie \/ dessin anim\u00e9 \u00c9mile Cohl ; apr\u00e8s quoi il parut furtivement dans Fluide Glacial, puis dans Bodo\u00ef avec le personnage [&hellip;]<\/p>\n","protected":false},"author":8,"featured_media":6073,"parent":4479,"menu_order":0,"comment_status":"closed","ping_status":"closed","template":"","meta":{"footnotes":""},"class_list":["post-6070","page","type-page","status-publish","has-post-thumbnail","hentry"],"jetpack_sharing_enabled":true,"_links":{"self":[{"href":"https:\/\/bdmiam.fr\/index.php\/wp-json\/wp\/v2\/pages\/6070","targetHints":{"allow":["GET"]}}],"collection":[{"href":"https:\/\/bdmiam.fr\/index.php\/wp-json\/wp\/v2\/pages"}],"about":[{"href":"https:\/\/bdmiam.fr\/index.php\/wp-json\/wp\/v2\/types\/page"}],"author":[{"embeddable":true,"href":"https:\/\/bdmiam.fr\/index.php\/wp-json\/wp\/v2\/users\/8"}],"replies":[{"embeddable":true,"href":"https:\/\/bdmiam.fr\/index.php\/wp-json\/wp\/v2\/comments?post=6070"}],"version-history":[{"count":2,"href":"https:\/\/bdmiam.fr\/index.php\/wp-json\/wp\/v2\/pages\/6070\/revisions"}],"predecessor-version":[{"id":7026,"href":"https:\/\/bdmiam.fr\/index.php\/wp-json\/wp\/v2\/pages\/6070\/revisions\/7026"}],"up":[{"embeddable":true,"href":"https:\/\/bdmiam.fr\/index.php\/wp-json\/wp\/v2\/pages\/4479"}],"wp:featuredmedia":[{"embeddable":true,"href":"https:\/\/bdmiam.fr\/index.php\/wp-json\/wp\/v2\/media\/6073"}],"wp:attachment":[{"href":"https:\/\/bdmiam.fr\/index.php\/wp-json\/wp\/v2\/media?parent=6070"}],"curies":[{"name":"wp","href":"https:\/\/api.w.org\/{rel}","templated":true}]}}