{"id":6137,"date":"2023-05-10T21:14:16","date_gmt":"2023-05-10T20:14:16","guid":{"rendered":"http:\/\/bdmiam.fr\/?page_id=6137"},"modified":"2023-05-10T21:14:16","modified_gmt":"2023-05-10T20:14:16","slug":"matthieu-ferrand","status":"publish","type":"page","link":"https:\/\/bdmiam.fr\/index.php\/festival-2023\/matthieu-ferrand\/","title":{"rendered":"Matthieu Ferrand"},"content":{"rendered":"\n<p style=\"text-align:center\">\n\nMathieu Ferrand est illustrateur et auteur de bandes dessin\u00e9es.<\/p>\n\n\n\n<p style=\"text-align:center\">Il a \u00e9t\u00e9 form\u00e9 \u00e0 l\u2019\u00e9cole Emile-Cohl de Lyon o\u00f9 il enseigne le dessin et la peinture.<\/p>\n\n\n\n<p style=\"text-align:center\">Sp\u00e9cialis\u00e9 dans l\u2019illustration documentaire et p\u00e9dagogique, il est auteur de deux bandes dessin\u00e9es historiques parues en 2015 en 2016.<\/p>\n\n\n\n<p style=\"text-align:center\">Matthieu Ferrand collabore r\u00e9guli\u00e8rement avec l\u2019agence Sydo, pour la Fondation Nicolas Hulot, le site du Monde, Ariane Espace, le Grand Lyon\u2026<\/p>\n\n\n\n<p style=\"text-align:center\">2018 verra la parution d\u2019une troisi\u00e8me bande dessin\u00e9e documentaire ainsi que la diffusion web d\u2019une s\u00e9rie de vulgarisation \u00e9conomique. <\/p>\n\n\n\n<div class=\"wp-block-image\"><figure class=\"aligncenter is-resized\"><img data-recalc-dims=\"1\" loading=\"lazy\" decoding=\"async\" src=\"https:\/\/i0.wp.com\/bdmiam.fr\/wp-content\/uploads\/2023\/05\/fhdp-couv-tome-2-1.jpg?resize=428%2C577&#038;ssl=1\" alt=\"\" class=\"wp-image-6138\" width=\"428\" height=\"577\" srcset=\"https:\/\/i0.wp.com\/bdmiam.fr\/wp-content\/uploads\/2023\/05\/fhdp-couv-tome-2-1.jpg?resize=760%2C1024&amp;ssl=1 760w, https:\/\/i0.wp.com\/bdmiam.fr\/wp-content\/uploads\/2023\/05\/fhdp-couv-tome-2-1.jpg?resize=223%2C300&amp;ssl=1 223w, https:\/\/i0.wp.com\/bdmiam.fr\/wp-content\/uploads\/2023\/05\/fhdp-couv-tome-2-1.jpg?resize=768%2C1034&amp;ssl=1 768w, https:\/\/i0.wp.com\/bdmiam.fr\/wp-content\/uploads\/2023\/05\/fhdp-couv-tome-2-1.jpg?resize=1140%2C1536&amp;ssl=1 1140w, https:\/\/i0.wp.com\/bdmiam.fr\/wp-content\/uploads\/2023\/05\/fhdp-couv-tome-2-1.jpg?resize=1520%2C2048&amp;ssl=1 1520w, https:\/\/i0.wp.com\/bdmiam.fr\/wp-content\/uploads\/2023\/05\/fhdp-couv-tome-2-1.jpg?w=1709&amp;ssl=1 1709w\" sizes=\"auto, (max-width: 428px) 100vw, 428px\" \/><\/figure><\/div>\n\n\n\n<p style=\"text-align:center\">Source : <a href=\"https:\/\/www.babelio.com\/auteur\/Mathieu-Ferrand\/461832\" target=\"_blank\" rel=\"noreferrer noopener\" aria-label=\"Babelio (s\u2019ouvre dans un nouvel onglet)\">Babelio<\/a><\/p>\n","protected":false},"excerpt":{"rendered":"<p>Mathieu Ferrand est illustrateur et auteur de bandes dessin\u00e9es. Il a \u00e9t\u00e9 form\u00e9 \u00e0 l\u2019\u00e9cole Emile-Cohl de Lyon o\u00f9 il enseigne le dessin et la peinture. Sp\u00e9cialis\u00e9 dans l\u2019illustration documentaire et p\u00e9dagogique, il est auteur de deux bandes dessin\u00e9es historiques parues en 2015 en 2016. Matthieu Ferrand collabore r\u00e9guli\u00e8rement avec l\u2019agence Sydo, pour la Fondation [&hellip;]<\/p>\n","protected":false},"author":8,"featured_media":6139,"parent":4479,"menu_order":0,"comment_status":"closed","ping_status":"closed","template":"","meta":{"footnotes":""},"class_list":["post-6137","page","type-page","status-publish","has-post-thumbnail","hentry"],"jetpack_sharing_enabled":true,"_links":{"self":[{"href":"https:\/\/bdmiam.fr\/index.php\/wp-json\/wp\/v2\/pages\/6137","targetHints":{"allow":["GET"]}}],"collection":[{"href":"https:\/\/bdmiam.fr\/index.php\/wp-json\/wp\/v2\/pages"}],"about":[{"href":"https:\/\/bdmiam.fr\/index.php\/wp-json\/wp\/v2\/types\/page"}],"author":[{"embeddable":true,"href":"https:\/\/bdmiam.fr\/index.php\/wp-json\/wp\/v2\/users\/8"}],"replies":[{"embeddable":true,"href":"https:\/\/bdmiam.fr\/index.php\/wp-json\/wp\/v2\/comments?post=6137"}],"version-history":[{"count":0,"href":"https:\/\/bdmiam.fr\/index.php\/wp-json\/wp\/v2\/pages\/6137\/revisions"}],"up":[{"embeddable":true,"href":"https:\/\/bdmiam.fr\/index.php\/wp-json\/wp\/v2\/pages\/4479"}],"wp:featuredmedia":[{"embeddable":true,"href":"https:\/\/bdmiam.fr\/index.php\/wp-json\/wp\/v2\/media\/6139"}],"wp:attachment":[{"href":"https:\/\/bdmiam.fr\/index.php\/wp-json\/wp\/v2\/media?parent=6137"}],"curies":[{"name":"wp","href":"https:\/\/api.w.org\/{rel}","templated":true}]}}