{"id":6142,"date":"2023-05-10T21:31:08","date_gmt":"2023-05-10T20:31:08","guid":{"rendered":"http:\/\/bdmiam.fr\/?page_id=6142"},"modified":"2023-11-12T22:05:51","modified_gmt":"2023-11-12T21:05:51","slug":"alex-sierra","status":"publish","type":"page","link":"https:\/\/bdmiam.fr\/index.php\/festival-2023\/alex-sierra\/","title":{"rendered":"Alex Sierra"},"content":{"rendered":"\n<figure class=\"wp-block-image aligncenter size-full is-resized\"><img data-recalc-dims=\"1\" loading=\"lazy\" decoding=\"async\" width=\"320\" height=\"320\" src=\"https:\/\/i0.wp.com\/bdmiam.fr\/wp-content\/uploads\/2023\/11\/Photo_32909.jpg?resize=320%2C320&#038;ssl=1\" alt=\"\" class=\"wp-image-6235\" style=\"width:236px;height:236px\" srcset=\"https:\/\/i0.wp.com\/bdmiam.fr\/wp-content\/uploads\/2023\/11\/Photo_32909.jpg?w=320&amp;ssl=1 320w, https:\/\/i0.wp.com\/bdmiam.fr\/wp-content\/uploads\/2023\/11\/Photo_32909.jpg?resize=300%2C300&amp;ssl=1 300w, https:\/\/i0.wp.com\/bdmiam.fr\/wp-content\/uploads\/2023\/11\/Photo_32909.jpg?resize=150%2C150&amp;ssl=1 150w\" sizes=\"auto, (max-width: 320px) 100vw, 320px\" \/><\/figure>\n\n\n\n<p class=\"has-text-align-center\">\n\nAlex Sierra est n\u00e9 \u00e0 Barcelone en 1978. Passionn\u00e9 par le dessin, il entreprend des \u00e9tudes d&rsquo;Histoire de l&rsquo;Art pour d\u00e9vier ensuite vers la bande dessin\u00e9e, qu&rsquo;il \u00e9tudie \u00e0 l&rsquo;\u00e9cole du Comics Joso. Il illustre par la suite diff\u00e9rents articles pour des webzines de science-fiction et se fait remarquer par diff\u00e9rents \u00e9diteurs. Gl\u00e9nat Espagne lui confiera m\u00eame l&rsquo;adaptation en BD d&rsquo;une s\u00e9rie TV tr\u00e8s populaire, Aguila Roja (L&rsquo;aiguille rouge), qui a pour toile de fond la Chine du XVIIe. Avec Y\u00f4kai, Alex confirme l&rsquo;\u00e9tendue de son talent.<\/p>\n\n\n\n<p class=\"has-text-align-center\">Texte \u00a9 12bis <\/p>\n\n\n\n<figure class=\"wp-block-gallery aligncenter has-nested-images columns-default is-cropped wp-block-gallery-1 is-layout-flex wp-block-gallery-is-layout-flex\">\n<figure class=\"wp-block-image\"><img data-recalc-dims=\"1\" loading=\"lazy\" decoding=\"async\" width=\"650\" height=\"871\" data-id=\"6144\" src=\"https:\/\/i0.wp.com\/bdmiam.fr\/wp-content\/uploads\/2023\/05\/Couv_297824-1.jpg?resize=650%2C871&#038;ssl=1\" alt=\"\" class=\"wp-image-6144\" srcset=\"https:\/\/i0.wp.com\/bdmiam.fr\/wp-content\/uploads\/2023\/05\/Couv_297824-1.jpg?w=650&amp;ssl=1 650w, https:\/\/i0.wp.com\/bdmiam.fr\/wp-content\/uploads\/2023\/05\/Couv_297824-1.jpg?resize=224%2C300&amp;ssl=1 224w\" sizes=\"auto, (max-width: 650px) 100vw, 650px\" \/><\/figure>\n\n\n\n<figure class=\"wp-block-image\"><img data-recalc-dims=\"1\" loading=\"lazy\" decoding=\"async\" width=\"738\" height=\"1024\" data-id=\"6145\" src=\"https:\/\/i0.wp.com\/bdmiam.fr\/wp-content\/uploads\/2023\/05\/Couv_466809-1.jpg?resize=738%2C1024&#038;ssl=1\" alt=\"\" class=\"wp-image-6145\" srcset=\"https:\/\/i0.wp.com\/bdmiam.fr\/wp-content\/uploads\/2023\/05\/Couv_466809-1.jpg?resize=738%2C1024&amp;ssl=1 738w, https:\/\/i0.wp.com\/bdmiam.fr\/wp-content\/uploads\/2023\/05\/Couv_466809-1.jpg?resize=216%2C300&amp;ssl=1 216w, https:\/\/i0.wp.com\/bdmiam.fr\/wp-content\/uploads\/2023\/05\/Couv_466809-1.jpg?resize=768%2C1066&amp;ssl=1 768w, https:\/\/i0.wp.com\/bdmiam.fr\/wp-content\/uploads\/2023\/05\/Couv_466809-1.jpg?w=850&amp;ssl=1 850w\" sizes=\"auto, (max-width: 738px) 100vw, 738px\" \/><\/figure>\n<\/figure>\n\n\n\n<p class=\"has-text-align-center\">Source : Bedetheque.com<\/p>\n","protected":false},"excerpt":{"rendered":"<p>Alex Sierra est n\u00e9 \u00e0 Barcelone en 1978. Passionn\u00e9 par le dessin, il entreprend des \u00e9tudes d&rsquo;Histoire de l&rsquo;Art pour d\u00e9vier ensuite vers la bande dessin\u00e9e, qu&rsquo;il \u00e9tudie \u00e0 l&rsquo;\u00e9cole du Comics Joso. Il illustre par la suite diff\u00e9rents articles pour des webzines de science-fiction et se fait remarquer par diff\u00e9rents \u00e9diteurs. Gl\u00e9nat Espagne lui [&hellip;]<\/p>\n","protected":false},"author":8,"featured_media":6146,"parent":4479,"menu_order":0,"comment_status":"closed","ping_status":"closed","template":"","meta":{"footnotes":""},"class_list":["post-6142","page","type-page","status-publish","has-post-thumbnail","hentry"],"jetpack_sharing_enabled":true,"_links":{"self":[{"href":"https:\/\/bdmiam.fr\/index.php\/wp-json\/wp\/v2\/pages\/6142","targetHints":{"allow":["GET"]}}],"collection":[{"href":"https:\/\/bdmiam.fr\/index.php\/wp-json\/wp\/v2\/pages"}],"about":[{"href":"https:\/\/bdmiam.fr\/index.php\/wp-json\/wp\/v2\/types\/page"}],"author":[{"embeddable":true,"href":"https:\/\/bdmiam.fr\/index.php\/wp-json\/wp\/v2\/users\/8"}],"replies":[{"embeddable":true,"href":"https:\/\/bdmiam.fr\/index.php\/wp-json\/wp\/v2\/comments?post=6142"}],"version-history":[{"count":1,"href":"https:\/\/bdmiam.fr\/index.php\/wp-json\/wp\/v2\/pages\/6142\/revisions"}],"predecessor-version":[{"id":6376,"href":"https:\/\/bdmiam.fr\/index.php\/wp-json\/wp\/v2\/pages\/6142\/revisions\/6376"}],"up":[{"embeddable":true,"href":"https:\/\/bdmiam.fr\/index.php\/wp-json\/wp\/v2\/pages\/4479"}],"wp:featuredmedia":[{"embeddable":true,"href":"https:\/\/bdmiam.fr\/index.php\/wp-json\/wp\/v2\/media\/6146"}],"wp:attachment":[{"href":"https:\/\/bdmiam.fr\/index.php\/wp-json\/wp\/v2\/media?parent=6142"}],"curies":[{"name":"wp","href":"https:\/\/api.w.org\/{rel}","templated":true}]}}