{"id":6153,"date":"2023-05-12T07:15:47","date_gmt":"2023-05-12T06:15:47","guid":{"rendered":"http:\/\/bdmiam.fr\/?page_id=6153"},"modified":"2023-11-12T22:10:29","modified_gmt":"2023-11-12T21:10:29","slug":"benjamin-laurent","status":"publish","type":"page","link":"https:\/\/bdmiam.fr\/index.php\/festival-2023\/benjamin-laurent\/","title":{"rendered":"Benjamin Laurent"},"content":{"rendered":"\n<p class=\"has-text-align-center\">Benjamin Laurent est l&rsquo;auteur de <em>L&rsquo;Herbe du Diable<\/em>. <a href=\"https:\/\/bdmiam.fr\/festival-2023\/claire-martin\/\" target=\"_blank\" rel=\"noreferrer noopener\" aria-label=\"Claire Martin (s\u2019ouvre dans un nouvel onglet)\">Claire Martin<\/a>, dessinatrice de l&rsquo;album, sera \u00e9galement pr\u00e9sente au festival.<\/p>\n\n\n\n<figure class=\"wp-block-image aligncenter size-full is-resized\"><img data-recalc-dims=\"1\" loading=\"lazy\" decoding=\"async\" width=\"400\" height=\"513\" src=\"https:\/\/i0.wp.com\/bdmiam.fr\/wp-content\/uploads\/2023\/11\/43_9782822235778_1_75.jpg?resize=400%2C513&#038;ssl=1\" alt=\"\" class=\"wp-image-6193\" style=\"width:260px;height:334px\" srcset=\"https:\/\/i0.wp.com\/bdmiam.fr\/wp-content\/uploads\/2023\/11\/43_9782822235778_1_75.jpg?w=400&amp;ssl=1 400w, https:\/\/i0.wp.com\/bdmiam.fr\/wp-content\/uploads\/2023\/11\/43_9782822235778_1_75.jpg?resize=234%2C300&amp;ssl=1 234w\" sizes=\"auto, (max-width: 400px) 100vw, 400px\" \/><\/figure>\n\n\n\n<p class=\"has-text-align-center\">Source : <a href=\"https:\/\/www.bedetheque.com\/auteur-67213-BD-Laurent-Benjamin.html\" target=\"_blank\" rel=\"noreferrer noopener\" aria-label=\"B\u00e9d\u00e9th\u00e8que (s\u2019ouvre dans un nouvel onglet)\">B\u00e9d\u00e9th\u00e8que<\/a><\/p>\n","protected":false},"excerpt":{"rendered":"<p>Benjamin Laurent est l&rsquo;auteur de L&rsquo;Herbe du Diable. Claire Martin, dessinatrice de l&rsquo;album, sera \u00e9galement pr\u00e9sente au festival. Source : B\u00e9d\u00e9th\u00e8que<\/p>\n","protected":false},"author":7,"featured_media":6080,"parent":4479,"menu_order":0,"comment_status":"closed","ping_status":"closed","template":"","meta":{"footnotes":""},"class_list":["post-6153","page","type-page","status-publish","has-post-thumbnail","hentry"],"jetpack_sharing_enabled":true,"_links":{"self":[{"href":"https:\/\/bdmiam.fr\/index.php\/wp-json\/wp\/v2\/pages\/6153","targetHints":{"allow":["GET"]}}],"collection":[{"href":"https:\/\/bdmiam.fr\/index.php\/wp-json\/wp\/v2\/pages"}],"about":[{"href":"https:\/\/bdmiam.fr\/index.php\/wp-json\/wp\/v2\/types\/page"}],"author":[{"embeddable":true,"href":"https:\/\/bdmiam.fr\/index.php\/wp-json\/wp\/v2\/users\/7"}],"replies":[{"embeddable":true,"href":"https:\/\/bdmiam.fr\/index.php\/wp-json\/wp\/v2\/comments?post=6153"}],"version-history":[{"count":1,"href":"https:\/\/bdmiam.fr\/index.php\/wp-json\/wp\/v2\/pages\/6153\/revisions"}],"predecessor-version":[{"id":6382,"href":"https:\/\/bdmiam.fr\/index.php\/wp-json\/wp\/v2\/pages\/6153\/revisions\/6382"}],"up":[{"embeddable":true,"href":"https:\/\/bdmiam.fr\/index.php\/wp-json\/wp\/v2\/pages\/4479"}],"wp:featuredmedia":[{"embeddable":true,"href":"https:\/\/bdmiam.fr\/index.php\/wp-json\/wp\/v2\/media\/6080"}],"wp:attachment":[{"href":"https:\/\/bdmiam.fr\/index.php\/wp-json\/wp\/v2\/media?parent=6153"}],"curies":[{"name":"wp","href":"https:\/\/api.w.org\/{rel}","templated":true}]}}