{"id":6159,"date":"2023-05-23T20:02:21","date_gmt":"2023-05-23T19:02:21","guid":{"rendered":"http:\/\/bdmiam.fr\/?page_id=6159"},"modified":"2023-11-12T22:13:46","modified_gmt":"2023-11-12T21:13:46","slug":"eric-martin","status":"publish","type":"page","link":"https:\/\/bdmiam.fr\/index.php\/festival-2023\/eric-martin\/","title":{"rendered":"Eric Martin"},"content":{"rendered":"\n<p class=\"has-text-align-center\"><\/p>\n\n\n\n<figure class=\"wp-block-image aligncenter is-resized\"><img data-recalc-dims=\"1\" decoding=\"async\" src=\"https:\/\/i0.wp.com\/bdmiam.fr\/wp-content\/uploads\/2023\/05\/eric-Martin-1.jpg?ssl=1\" alt=\"\" class=\"wp-image-6160\" style=\"width:274px;height:264px\"\/><\/figure>\n\n\n\n<p class=\"has-text-align-center\"> Le local de l&rsquo;\u00e9tape !!! <\/p>\n\n\n\n<p class=\"has-text-align-center\">\u00c9ric Martin, dit Riri, a fait une partie de sa scolarit\u00e9 \u00e0 Villefranche avant de rejoindre les bancs de la prestigieuse \u00e9cole \u00c9mile Cohl \u00e0 Lyon dont il est sorti dipl\u00f4m\u00e9 en Illustration et Bande dessin\u00e9e en 1996<\/p>\n\n\n\n<p class=\"has-text-align-center\"> Partenaire depuis des ann\u00e9es de l&rsquo;association et illustrateurs des affiches pour le festival BDmiam.<\/p>\n\n\n\n<p class=\"has-text-align-center\">Il croque notre beau beaujolais dans ses \u0153uvres. Il est une figure incontournable dans la paysage caladois et le travail qu&rsquo;il propose pour la f\u00eate des conscrits.<\/p>\n\n\n\n<p class=\"has-text-align-center\">Nous aurons le plaisir de l&rsquo;accueillir lors de notre \u00e9dition pour de superbe s\u00e9ance de d\u00e9dicaces autour de sa nouveaut\u00e9 : \u00ab\u00a0Les routes du Beaujolais\u00a0\u00bb<\/p>\n\n\n\n<figure class=\"wp-block-image aligncenter size-full is-resized\"><img data-recalc-dims=\"1\" loading=\"lazy\" decoding=\"async\" width=\"725\" height=\"1024\" src=\"https:\/\/i0.wp.com\/bdmiam.fr\/wp-content\/uploads\/2023\/11\/BD-victor-vermorel-eric-martin-725x1024-1.jpeg?resize=725%2C1024&#038;ssl=1\" alt=\"\" class=\"wp-image-6178\" style=\"width:299px;height:423px\" srcset=\"https:\/\/i0.wp.com\/bdmiam.fr\/wp-content\/uploads\/2023\/11\/BD-victor-vermorel-eric-martin-725x1024-1.jpeg?w=725&amp;ssl=1 725w, https:\/\/i0.wp.com\/bdmiam.fr\/wp-content\/uploads\/2023\/11\/BD-victor-vermorel-eric-martin-725x1024-1.jpeg?resize=212%2C300&amp;ssl=1 212w\" sizes=\"auto, (max-width: 725px) 100vw, 725px\" \/><\/figure>\n\n\n\n<p class=\"has-text-align-center\">Sources : <a href=\"http:\/\/myblocnotes.fr\/2022\/03\/31\/lhomme-du-mois-2\/\" target=\"_blank\" rel=\"noreferrer noopener\" aria-label=\"Myblocnotes.fr (s\u2019ouvre dans un nouvel onglet)\">Myblocnotes.fr<\/a><\/p>\n","protected":false},"excerpt":{"rendered":"<p>Le local de l&rsquo;\u00e9tape !!! \u00c9ric Martin, dit Riri, a fait une partie de sa scolarit\u00e9 \u00e0 Villefranche avant de rejoindre les bancs de la prestigieuse \u00e9cole \u00c9mile Cohl \u00e0 Lyon dont il est sorti dipl\u00f4m\u00e9 en Illustration et Bande dessin\u00e9e en 1996 Partenaire depuis des ann\u00e9es de l&rsquo;association et illustrateurs des affiches pour le [&hellip;]<\/p>\n","protected":false},"author":8,"featured_media":6346,"parent":4479,"menu_order":0,"comment_status":"closed","ping_status":"closed","template":"","meta":{"footnotes":""},"class_list":["post-6159","page","type-page","status-publish","has-post-thumbnail","hentry"],"jetpack_sharing_enabled":true,"_links":{"self":[{"href":"https:\/\/bdmiam.fr\/index.php\/wp-json\/wp\/v2\/pages\/6159","targetHints":{"allow":["GET"]}}],"collection":[{"href":"https:\/\/bdmiam.fr\/index.php\/wp-json\/wp\/v2\/pages"}],"about":[{"href":"https:\/\/bdmiam.fr\/index.php\/wp-json\/wp\/v2\/types\/page"}],"author":[{"embeddable":true,"href":"https:\/\/bdmiam.fr\/index.php\/wp-json\/wp\/v2\/users\/8"}],"replies":[{"embeddable":true,"href":"https:\/\/bdmiam.fr\/index.php\/wp-json\/wp\/v2\/comments?post=6159"}],"version-history":[{"count":2,"href":"https:\/\/bdmiam.fr\/index.php\/wp-json\/wp\/v2\/pages\/6159\/revisions"}],"predecessor-version":[{"id":6385,"href":"https:\/\/bdmiam.fr\/index.php\/wp-json\/wp\/v2\/pages\/6159\/revisions\/6385"}],"up":[{"embeddable":true,"href":"https:\/\/bdmiam.fr\/index.php\/wp-json\/wp\/v2\/pages\/4479"}],"wp:featuredmedia":[{"embeddable":true,"href":"https:\/\/bdmiam.fr\/index.php\/wp-json\/wp\/v2\/media\/6346"}],"wp:attachment":[{"href":"https:\/\/bdmiam.fr\/index.php\/wp-json\/wp\/v2\/media?parent=6159"}],"curies":[{"name":"wp","href":"https:\/\/api.w.org\/{rel}","templated":true}]}}