{"id":6448,"date":"2023-12-10T21:25:00","date_gmt":"2023-12-10T20:25:00","guid":{"rendered":"http:\/\/bdmiam.fr\/?page_id=6448"},"modified":"2024-06-19T19:09:10","modified_gmt":"2024-06-19T17:09:10","slug":"festival-2024","status":"publish","type":"page","link":"https:\/\/bdmiam.fr\/index.php\/festival-2024\/","title":{"rendered":"Festival 2024"},"content":{"rendered":"\n<figure class=\"wp-block-image aligncenter size-large\"><img data-recalc-dims=\"1\" loading=\"lazy\" decoding=\"async\" width=\"1024\" height=\"768\" src=\"https:\/\/i0.wp.com\/bdmiam.fr\/wp-content\/uploads\/2023\/12\/1280px-Chateau_Bouchet_de_Fareins.jpg?resize=1024%2C768&#038;ssl=1\" alt=\"\" class=\"wp-image-6451\" srcset=\"https:\/\/i0.wp.com\/bdmiam.fr\/wp-content\/uploads\/2023\/12\/1280px-Chateau_Bouchet_de_Fareins.jpg?resize=1024%2C768&amp;ssl=1 1024w, https:\/\/i0.wp.com\/bdmiam.fr\/wp-content\/uploads\/2023\/12\/1280px-Chateau_Bouchet_de_Fareins.jpg?resize=300%2C225&amp;ssl=1 300w, https:\/\/i0.wp.com\/bdmiam.fr\/wp-content\/uploads\/2023\/12\/1280px-Chateau_Bouchet_de_Fareins.jpg?resize=768%2C576&amp;ssl=1 768w, https:\/\/i0.wp.com\/bdmiam.fr\/wp-content\/uploads\/2023\/12\/1280px-Chateau_Bouchet_de_Fareins.jpg?w=1280&amp;ssl=1 1280w\" sizes=\"auto, (max-width: 1000px) 100vw, 1000px\" \/><\/figure>\n\n\n\n<h3 class=\"wp-block-heading has-text-align-center\">QUAND ?<\/h3>\n\n\n\n<h6 class=\"wp-block-heading has-text-align-center\">SAMEDI 22 JUIN 2024<\/h6>\n\n\n\n<p class=\"has-text-align-center\">10h \u2013 18h<\/p>\n\n\n\n<h6 class=\"wp-block-heading has-text-align-center\">DIMANCHE 23 JUIN 2024<\/h6>\n\n\n\n<p class=\"has-text-align-center\">10h30 \u2013 18h<\/p>\n\n\n\n<p class=\"has-text-align-center\"><strong>ENTR\u00c9E GRATUITE<\/strong><\/p>\n\n\n\n<hr class=\"wp-block-separator has-alpha-channel-opacity\"\/>\n\n\n\n<h3 class=\"wp-block-heading has-text-align-center\">O\u00d9 ?<\/h3>\n\n\n\n<p class=\"has-text-align-center\"><strong>Ch\u00e2teau du Bouchet &#8211; Fareins<\/strong><\/p>\n\n\n\n<p class=\"has-text-align-center\">Place de la Bascule &#8211; 01480<\/p>\n\n\n\n<p><\/p>\n\n\n<p style=\"text-align: center;\"><iframe loading=\"lazy\" style=\"border: 0;\" src=\"https:\/\/www.google.com\/maps\/embed?pb=!1m18!1m12!1m3!1d3329.715592746712!2d4.761597472710068!3d46.02008860915385!2m3!1f0!2f0!3f0!3m2!1i1024!2i768!4f13.1!3m3!1m2!1s0x47f49b86c943dde7%3A0xc6f407efd48e23d9!2sCh%C3%A2teau%20du%20Bouchet!5e1!3m2!1sfr!2sfr!4v1702239360528!5m2!1sfr!2sfr\" width=\"600\" height=\"450\" allowfullscreen=\"allowfullscreen\"><\/iframe><\/p>\n\n\n<hr class=\"wp-block-separator has-alpha-channel-opacity\"\/>\n\n\n\n<h3 class=\"wp-block-heading has-text-align-center\">QUI ?<\/h3>\n\n\n\n<p class=\"has-text-align-center\"><strong><a href=\"https:\/\/bdmiam.fr\/index.php\/festival-2024\/marion-besancon\/\" data-type=\"page\" data-id=\"6660\" target=\"_blank\" rel=\"noreferrer noopener\">Marion Besan\u00e7on<\/a><\/strong><\/p>\n\n\n\n<p class=\"has-text-align-center\"><a href=\"https:\/\/bdmiam.fr\/index.php\/festival-2024\/mailis-colombie\/\" data-type=\"link\" data-id=\"https:\/\/bdmiam.fr\/index.php\/festival-2024\/mailis-colombie\/\" target=\"_blank\" rel=\"noreferrer noopener\"><strong>Ma\u00eflis Colombi\u00e9<\/strong><\/a><\/p>\n\n\n\n<p class=\"has-text-align-center\"><strong><a href=\"https:\/\/bdmiam.fr\/index.php\/festival-2024\/cristiano-crescenzi\/\" data-type=\"page\" data-id=\"6868\" target=\"_blank\" rel=\"noreferrer noopener\">Cristiano Crescenzi<\/a><\/strong><\/p>\n\n\n\n<p class=\"has-text-align-center\"><a href=\"https:\/\/bdmiam.fr\/index.php\/festival-2024\/paul-drouin\/\" target=\"_blank\" rel=\"noreferrer noopener\"><strong>Paul Drouin<\/strong><\/a><\/p>\n\n\n\n<p class=\"has-text-align-center\"><a href=\"https:\/\/bdmiam.fr\/index.php\/festival-2024\/stephanie-dunand-pallaz\/\" data-type=\"page\" data-id=\"4620\" target=\"_blank\" rel=\"noreferrer noopener\"><strong>St\u00e9phanie Dunand-Pallaz<\/strong><\/a><\/p>\n\n\n\n<p class=\"has-text-align-center\"><a href=\"https:\/\/bdmiam.fr\/index.php\/festival-2024\/pierre-denis-goux\/\" data-type=\"page\" data-id=\"6624\" target=\"_blank\" rel=\"noreferrer noopener\"><strong>Pierre-Denis Goux<\/strong><\/a><\/p>\n\n\n\n<p class=\"has-text-align-center\"><a href=\"https:\/\/bdmiam.fr\/index.php\/festival-2024\/__trashed\/\" data-type=\"page\" data-id=\"6588\" target=\"_blank\" rel=\"noreferrer noopener\"><strong>Timoth\u00e9e Leman<\/strong><\/a><\/p>\n\n\n\n<p class=\"has-text-align-center\"><strong><a href=\"https:\/\/bdmiam.fr\/index.php\/festival-2024\/loui\/\" data-type=\"page\" data-id=\"6811\" target=\"_blank\" rel=\"noreferrer noopener\">Loui<\/a><\/strong><\/p>\n\n\n\n<p class=\"has-text-align-center\"><a href=\"https:\/\/bdmiam.fr\/index.php\/isabelle-maroger\/\" target=\"_blank\" rel=\"noreferrer noopener\"><strong>Isabelle Maroger<\/strong><\/a><\/p>\n\n\n\n<p class=\"has-text-align-center\"><strong><a href=\"https:\/\/bdmiam.fr\/index.php\/festival-2024\/benjamin-blasco-martinez\/\" data-type=\"link\" data-id=\"https:\/\/bdmiam.fr\/index.php\/festival-2024\/benjamin-blasco-martinez\/\" target=\"_blank\" rel=\"noreferrer noopener\">Benjamin Blasco Martinez<\/a> (parrain)<\/strong><\/p>\n\n\n\n<p class=\"has-text-align-center\"><strong><a href=\"https:\/\/bdmiam.fr\/index.php\/festival-2024\/sudeep-menon\/\" data-type=\"page\" data-id=\"6765\" target=\"_blank\" rel=\"noreferrer noopener\">Sudeep Menon<\/a><\/strong><\/p>\n\n\n\n<p class=\"has-text-align-center\"><a href=\"https:\/\/bdmiam.fr\/index.php\/festival-2024\/jerome-pelissier\/\" data-type=\"link\" data-id=\"https:\/\/bdmiam.fr\/index.php\/festival-2024\/jerome-pelissier\/\" target=\"_blank\" rel=\"noreferrer noopener\"><strong>J\u00e9r\u00f4me Pelissier<\/strong><\/a><\/p>\n\n\n\n<p class=\"has-text-align-center\"><strong><a href=\"https:\/\/bdmiam.fr\/index.php\/festival-2024\/cyrille-pomes\/\" data-type=\"page\" data-id=\"5093\" target=\"_blank\" rel=\"noreferrer noopener\">Cyrille Pom\u00e8s<\/a><\/strong><\/p>\n\n\n\n<p class=\"has-text-align-center\"><a href=\"https:\/\/bdmiam.fr\/index.php\/festival-2024\/jean-charles-poupard\/\" data-type=\"link\" data-id=\"https:\/\/bdmiam.fr\/index.php\/festival-2024\/jean-charles-poupard\/\" target=\"_blank\" rel=\"noreferrer noopener\"><strong>Jean-Charles Poupard<\/strong><\/a><\/p>\n\n\n\n<p class=\"has-text-align-center\"><a href=\"https:\/\/bdmiam.fr\/index.php\/festival-2024\/redec\/\" target=\"_blank\" rel=\"noreferrer noopener\"><strong>Redec<\/strong><\/a><\/p>\n\n\n\n<p class=\"has-text-align-center\"><strong><a href=\"https:\/\/bdmiam.fr\/index.php\/festival-2024\/gradimir-smudja\/\" data-type=\"page\" data-id=\"6841\" target=\"_blank\" rel=\"noreferrer noopener\">Gradimir Smudja<\/a><\/strong><\/p>\n\n\n\n<p class=\"has-text-align-center\"><strong><a href=\"https:\/\/bdmiam.fr\/index.php\/festival-2024\/eric-stalner\/\" data-type=\"page\" data-id=\"5508\" target=\"_blank\" rel=\"noreferrer noopener\">Eric Stalner<\/a><\/strong><\/p>\n\n\n\n<p class=\"has-text-align-center\"><a href=\"https:\/\/bdmiam.fr\/index.php\/festival-2024\/christophe-swal\/\" target=\"_blank\" rel=\"noreferrer noopener\"><strong>Christophe Swal<\/strong><\/a><\/p>\n\n\n\n<p class=\"has-text-align-center\"><a href=\"https:\/\/bdmiam.fr\/index.php\/festival-2024\/sophie-turrel\/\" data-type=\"page\" data-id=\"4612\" target=\"_blank\" rel=\"noreferrer noopener\"><strong>Sophie Turrel<\/strong><\/a><\/p>\n\n\n\n<p class=\"has-text-align-center\"><a href=\"https:\/\/bdmiam.fr\/index.php\/marlene-verglas\/\" data-type=\"page\" data-id=\"6776\" target=\"_blank\" rel=\"noreferrer noopener\"><strong>Marl\u00e8ne Verglas<\/strong><\/a><\/p>\n\n\n\n<p class=\"has-text-align-center\"><a href=\"https:\/\/bdmiam.fr\/index.php\/festival-2024\/laura-zuccheri\/\" data-type=\"page\" data-id=\"6648\" target=\"_blank\" rel=\"noreferrer noopener\"><strong>Laura Zuccheri<\/strong><\/a><\/p>\n\n\n\n<p><\/p>\n\n\n\n<figure data-wp-context=\"{&quot;imageId&quot;:&quot;69d25ce3aee40&quot;}\" data-wp-interactive=\"core\/image\" data-wp-key=\"69d25ce3aee40\" class=\"wp-block-image aligncenter size-large wp-lightbox-container\"><img data-recalc-dims=\"1\" loading=\"lazy\" decoding=\"async\" width=\"1024\" height=\"724\" data-wp-class--hide=\"state.isContentHidden\" data-wp-class--show=\"state.isContentVisible\" data-wp-init=\"callbacks.setButtonStyles\" data-wp-on--click=\"actions.showLightbox\" data-wp-on--load=\"callbacks.setButtonStyles\" data-wp-on-window--resize=\"callbacks.setButtonStyles\" src=\"https:\/\/i0.wp.com\/bdmiam.fr\/wp-content\/uploads\/2024\/06\/a3b9d209-a483-4e21-b4d5-295433199a24.jpg?resize=1024%2C724&#038;ssl=1\" alt=\"\" class=\"wp-image-6945\" srcset=\"https:\/\/i0.wp.com\/bdmiam.fr\/wp-content\/uploads\/2024\/06\/a3b9d209-a483-4e21-b4d5-295433199a24.jpg?resize=1024%2C724&amp;ssl=1 1024w, https:\/\/i0.wp.com\/bdmiam.fr\/wp-content\/uploads\/2024\/06\/a3b9d209-a483-4e21-b4d5-295433199a24.jpg?resize=300%2C212&amp;ssl=1 300w, https:\/\/i0.wp.com\/bdmiam.fr\/wp-content\/uploads\/2024\/06\/a3b9d209-a483-4e21-b4d5-295433199a24.jpg?resize=768%2C543&amp;ssl=1 768w, https:\/\/i0.wp.com\/bdmiam.fr\/wp-content\/uploads\/2024\/06\/a3b9d209-a483-4e21-b4d5-295433199a24.jpg?resize=1536%2C1086&amp;ssl=1 1536w, https:\/\/i0.wp.com\/bdmiam.fr\/wp-content\/uploads\/2024\/06\/a3b9d209-a483-4e21-b4d5-295433199a24.jpg?w=2000&amp;ssl=1 2000w\" sizes=\"auto, (max-width: 1000px) 100vw, 1000px\" \/><button\n\t\t\tclass=\"lightbox-trigger\"\n\t\t\ttype=\"button\"\n\t\t\taria-haspopup=\"dialog\"\n\t\t\taria-label=\"Agrandir\"\n\t\t\tdata-wp-init=\"callbacks.initTriggerButton\"\n\t\t\tdata-wp-on--click=\"actions.showLightbox\"\n\t\t\tdata-wp-style--right=\"state.imageButtonRight\"\n\t\t\tdata-wp-style--top=\"state.imageButtonTop\"\n\t\t>\n\t\t\t<svg xmlns=\"http:\/\/www.w3.org\/2000\/svg\" width=\"12\" height=\"12\" fill=\"none\" viewBox=\"0 0 12 12\">\n\t\t\t\t<path fill=\"#fff\" d=\"M2 0a2 2 0 0 0-2 2v2h1.5V2a.5.5 0 0 1 .5-.5h2V0H2Zm2 10.5H2a.5.5 0 0 1-.5-.5V8H0v2a2 2 0 0 0 2 2h2v-1.5ZM8 12v-1.5h2a.5.5 0 0 0 .5-.5V8H12v2a2 2 0 0 1-2 2H8Zm2-12a2 2 0 0 1 2 2v2h-1.5V2a.5.5 0 0 0-.5-.5H8V0h2Z\" \/>\n\t\t\t<\/svg>\n\t\t<\/button><\/figure>\n\n\n\n<hr class=\"wp-block-separator has-alpha-channel-opacity\"\/>\n\n\n\n<pre class=\"wp-block-preformatted\"><\/pre>\n\n\n\n<h3 class=\"wp-block-heading has-text-align-center\">ANIMATIONS<\/h3>\n\n\n\n<p><\/p>\n\n\n\n<p class=\"has-text-align-center\"><strong><a href=\"https:\/\/bdmiam.fr\/index.php\/latelier-marie-rose-marie\/\" data-type=\"page\" data-id=\"6928\" target=\"_blank\" rel=\"noreferrer noopener\">Atelier Marie-Rose-Marie<\/a><\/strong><\/p>\n\n\n\n<p class=\"has-text-align-center\"><a href=\"https:\/\/bdmiam.fr\/index.php\/festival-2024\/association-octaedre-ludique\/\" data-type=\"page\" data-id=\"6887\" target=\"_blank\" rel=\"noreferrer noopener\"><strong>Association Octa\u00e8dre Ludique<\/strong><\/a><\/p>\n","protected":false},"excerpt":{"rendered":"<p>QUAND ? SAMEDI 22 JUIN 2024 10h \u2013 18h DIMANCHE 23 JUIN 2024 10h30 \u2013 18h ENTR\u00c9E GRATUITE O\u00d9 ? Ch\u00e2teau du Bouchet &#8211; Fareins Place de la Bascule &#8211; 01480 QUI ? Marion Besan\u00e7on Ma\u00eflis Colombi\u00e9 Cristiano Crescenzi Paul Drouin St\u00e9phanie Dunand-Pallaz Pierre-Denis Goux Timoth\u00e9e Leman Loui Isabelle Maroger Benjamin Blasco Martinez (parrain) Sudeep [&hellip;]<\/p>\n","protected":false},"author":1,"featured_media":0,"parent":0,"menu_order":0,"comment_status":"closed","ping_status":"closed","template":"page-with-sidebar","meta":{"footnotes":""},"class_list":["post-6448","page","type-page","status-publish","hentry"],"jetpack_sharing_enabled":true,"_links":{"self":[{"href":"https:\/\/bdmiam.fr\/index.php\/wp-json\/wp\/v2\/pages\/6448","targetHints":{"allow":["GET"]}}],"collection":[{"href":"https:\/\/bdmiam.fr\/index.php\/wp-json\/wp\/v2\/pages"}],"about":[{"href":"https:\/\/bdmiam.fr\/index.php\/wp-json\/wp\/v2\/types\/page"}],"author":[{"embeddable":true,"href":"https:\/\/bdmiam.fr\/index.php\/wp-json\/wp\/v2\/users\/1"}],"replies":[{"embeddable":true,"href":"https:\/\/bdmiam.fr\/index.php\/wp-json\/wp\/v2\/comments?post=6448"}],"version-history":[{"count":37,"href":"https:\/\/bdmiam.fr\/index.php\/wp-json\/wp\/v2\/pages\/6448\/revisions"}],"predecessor-version":[{"id":7006,"href":"https:\/\/bdmiam.fr\/index.php\/wp-json\/wp\/v2\/pages\/6448\/revisions\/7006"}],"wp:attachment":[{"href":"https:\/\/bdmiam.fr\/index.php\/wp-json\/wp\/v2\/media?parent=6448"}],"curies":[{"name":"wp","href":"https:\/\/api.w.org\/{rel}","templated":true}]}}