{"id":6493,"date":"2024-02-19T20:58:34","date_gmt":"2024-02-19T19:58:34","guid":{"rendered":"http:\/\/bdmiam.fr\/?page_id=6493"},"modified":"2024-05-19T22:51:22","modified_gmt":"2024-05-19T20:51:22","slug":"mailis-colombie","status":"publish","type":"page","link":"https:\/\/bdmiam.fr\/index.php\/festival-2024\/mailis-colombie\/","title":{"rendered":"Ma\u00eflis Colombi\u00e9"},"content":{"rendered":"\n<figure class=\"wp-block-image aligncenter size-full is-resized\"><img data-recalc-dims=\"1\" loading=\"lazy\" decoding=\"async\" width=\"500\" height=\"500\" src=\"https:\/\/i0.wp.com\/bdmiam.fr\/wp-content\/uploads\/2024\/02\/Mailis-Colombie.jpg?resize=500%2C500&#038;ssl=1\" alt=\"\" class=\"wp-image-6494\" style=\"width:308px;height:auto\" srcset=\"https:\/\/i0.wp.com\/bdmiam.fr\/wp-content\/uploads\/2024\/02\/Mailis-Colombie.jpg?w=500&amp;ssl=1 500w, https:\/\/i0.wp.com\/bdmiam.fr\/wp-content\/uploads\/2024\/02\/Mailis-Colombie.jpg?resize=300%2C300&amp;ssl=1 300w, https:\/\/i0.wp.com\/bdmiam.fr\/wp-content\/uploads\/2024\/02\/Mailis-Colombie.jpg?resize=150%2C150&amp;ssl=1 150w\" sizes=\"auto, (max-width: 500px) 100vw, 500px\" \/><figcaption class=\"wp-element-caption\">rpt<\/figcaption><\/figure>\n\n\n\n<p class=\"has-text-align-center\">Originaire de Auch, Ma\u00eflis Colombi\u00e9 a commenc\u00e9 par Math Sup au lyc\u00e9e Fermat, \u00e0 Toulouse, pour r\u00e9aliser que ce n\u2019\u00e9tait pas du tout ce qui lui plaisait ! Admissible \u00e0 l\u2019\u00c9cole Centrale de Paris, Ma\u00eflis Colombi\u00e9 tourne le dos aux sciences. \u00ab\u00a0J\u2019ai eu la chance que mes parents me soutiennent dans mes choix !\u00a0\u00bb Des choix qui la conduisent de Toulouse \u00e0 Angoul\u00e8me vers la prestigieuse \u00e9cole des Gobelins, qui forme la cr\u00e8me du dessin d\u2019animation. Elle retrouve pendant ses \u00e9tudes d\u2019art l\u2019influence de Mignola. Pour autant son graphisme prend son autonomie, sa personnalit\u00e9. \u00ab\u00a0Peut-\u00eatre gr\u00e2ce \u00e0 mon travail en animation, o\u00f9 on apprend \u00e0 simplifier, \u00e0 \u00e9purer ?\u00a0\u00bb Le r\u00e9sultat est bluffant.<\/p>\n\n\n\n<p class=\"has-text-align-center\">                                                       <\/p>\n\n\n\n<figure class=\"wp-block-image aligncenter size-large is-resized\"><img data-recalc-dims=\"1\" loading=\"lazy\" decoding=\"async\" width=\"733\" height=\"1024\" src=\"https:\/\/i0.wp.com\/bdmiam.fr\/wp-content\/uploads\/2024\/02\/Couv_488772.jpg?resize=733%2C1024&#038;ssl=1\" alt=\"\" class=\"wp-image-6498\" style=\"width:505px;height:auto\" srcset=\"https:\/\/i0.wp.com\/bdmiam.fr\/wp-content\/uploads\/2024\/02\/Couv_488772.jpg?resize=733%2C1024&amp;ssl=1 733w, https:\/\/i0.wp.com\/bdmiam.fr\/wp-content\/uploads\/2024\/02\/Couv_488772.jpg?resize=215%2C300&amp;ssl=1 215w, https:\/\/i0.wp.com\/bdmiam.fr\/wp-content\/uploads\/2024\/02\/Couv_488772.jpg?resize=768%2C1073&amp;ssl=1 768w, https:\/\/i0.wp.com\/bdmiam.fr\/wp-content\/uploads\/2024\/02\/Couv_488772.jpg?w=850&amp;ssl=1 850w\" sizes=\"auto, (max-width: 733px) 100vw, 733px\" \/><\/figure>\n\n\n\n<p class=\"has-text-align-center\">Sources : <a href=\"https:\/\/www.bedetheque.com\/auteur-62712-BD-Colombie-Mailis.html\" data-type=\"link\" data-id=\"https:\/\/www.bedetheque.com\/auteur-62712-BD-Colombie-Mailis.html\" target=\"_blank\" rel=\"noreferrer noopener\">bedetheque.com<\/a><\/p>\n","protected":false},"excerpt":{"rendered":"<p>Originaire de Auch, Ma\u00eflis Colombi\u00e9 a commenc\u00e9 par Math Sup au lyc\u00e9e Fermat, \u00e0 Toulouse, pour r\u00e9aliser que ce n\u2019\u00e9tait pas du tout ce qui lui plaisait ! Admissible \u00e0 l\u2019\u00c9cole Centrale de Paris, Ma\u00eflis Colombi\u00e9 tourne le dos aux sciences. \u00ab\u00a0J\u2019ai eu la chance que mes parents me soutiennent dans mes choix !\u00a0\u00bb Des [&hellip;]<\/p>\n","protected":false},"author":1,"featured_media":6496,"parent":6448,"menu_order":0,"comment_status":"closed","ping_status":"closed","template":"page-with-sidebar","meta":{"footnotes":""},"class_list":["post-6493","page","type-page","status-publish","has-post-thumbnail","hentry"],"jetpack_sharing_enabled":true,"_links":{"self":[{"href":"https:\/\/bdmiam.fr\/index.php\/wp-json\/wp\/v2\/pages\/6493","targetHints":{"allow":["GET"]}}],"collection":[{"href":"https:\/\/bdmiam.fr\/index.php\/wp-json\/wp\/v2\/pages"}],"about":[{"href":"https:\/\/bdmiam.fr\/index.php\/wp-json\/wp\/v2\/types\/page"}],"author":[{"embeddable":true,"href":"https:\/\/bdmiam.fr\/index.php\/wp-json\/wp\/v2\/users\/1"}],"replies":[{"embeddable":true,"href":"https:\/\/bdmiam.fr\/index.php\/wp-json\/wp\/v2\/comments?post=6493"}],"version-history":[{"count":4,"href":"https:\/\/bdmiam.fr\/index.php\/wp-json\/wp\/v2\/pages\/6493\/revisions"}],"predecessor-version":[{"id":6500,"href":"https:\/\/bdmiam.fr\/index.php\/wp-json\/wp\/v2\/pages\/6493\/revisions\/6500"}],"up":[{"embeddable":true,"href":"https:\/\/bdmiam.fr\/index.php\/wp-json\/wp\/v2\/pages\/6448"}],"wp:featuredmedia":[{"embeddable":true,"href":"https:\/\/bdmiam.fr\/index.php\/wp-json\/wp\/v2\/media\/6496"}],"wp:attachment":[{"href":"https:\/\/bdmiam.fr\/index.php\/wp-json\/wp\/v2\/media?parent=6493"}],"curies":[{"name":"wp","href":"https:\/\/api.w.org\/{rel}","templated":true}]}}