{"id":6514,"date":"2024-02-19T21:23:14","date_gmt":"2024-02-19T20:23:14","guid":{"rendered":"http:\/\/bdmiam.fr\/?page_id=6514"},"modified":"2025-06-19T21:53:22","modified_gmt":"2025-06-19T19:53:22","slug":"benjamin-blasco-martinez","status":"publish","type":"page","link":"https:\/\/bdmiam.fr\/index.php\/festival-2025-10eme-edition\/benjamin-blasco-martinez\/","title":{"rendered":"Benjamin Blasco Martinez"},"content":{"rendered":"\n<figure class=\"wp-block-image aligncenter size-full is-resized\"><img data-recalc-dims=\"1\" loading=\"lazy\" decoding=\"async\" width=\"543\" height=\"717\" src=\"https:\/\/i0.wp.com\/bdmiam.fr\/wp-content\/uploads\/2024\/01\/Benjamin-Blasco-Martinez-543X717-1.jpg?resize=543%2C717&#038;ssl=1\" alt=\"\" class=\"wp-image-6477\" style=\"width:290px;height:auto\" srcset=\"https:\/\/i0.wp.com\/bdmiam.fr\/wp-content\/uploads\/2024\/01\/Benjamin-Blasco-Martinez-543X717-1.jpg?w=543&amp;ssl=1 543w, https:\/\/i0.wp.com\/bdmiam.fr\/wp-content\/uploads\/2024\/01\/Benjamin-Blasco-Martinez-543X717-1.jpg?resize=227%2C300&amp;ssl=1 227w\" sizes=\"auto, (max-width: 543px) 100vw, 543px\" \/><\/figure>\n\n\n\n<p class=\"has-text-align-center\"><\/p>\n\n\n\n<p class=\"has-text-align-center\">N\u00e9 en 1990 \u00e0 Montlu\u00e7on, Benjamin Blasco-Martinez est originaire de Moulins (03). Bac L en poche, il int\u00e8gre l\u2019\u00e9cole \u00c9mile Cohl \u00e0 Lyon dont il sort dipl\u00f4m\u00e9 en juin 2014. Passionn\u00e9 de western il rencontre la fille d\u2019Albert Bonneau pour adapter la jeunesse de Catamount. C\u2019est cette adaptation qu\u2019il pr\u00e9sente au jury de son \u00e9cole\u2026 et que rep\u00e8re Olivier Petit, directeur \u00e9ditorial de Physalis. L\u2019aventure en BD commence.<\/p>\n\n\n\n<p class=\"has-text-align-center\"><\/p>\n\n\n\n<figure data-wp-context=\"{&quot;imageId&quot;:&quot;69d34d1bafa99&quot;}\" data-wp-interactive=\"core\/image\" data-wp-key=\"69d34d1bafa99\" class=\"wp-block-image aligncenter size-large wp-lightbox-container\"><img data-recalc-dims=\"1\" loading=\"lazy\" decoding=\"async\" width=\"768\" height=\"1024\" data-wp-class--hide=\"state.isContentHidden\" data-wp-class--show=\"state.isContentVisible\" data-wp-init=\"callbacks.setButtonStyles\" data-wp-on--click=\"actions.showLightbox\" data-wp-on--load=\"callbacks.setButtonStyles\" data-wp-on-window--resize=\"callbacks.setButtonStyles\" src=\"https:\/\/i0.wp.com\/bdmiam.fr\/wp-content\/uploads\/2024\/01\/Couv_479854.jpg?resize=768%2C1024&#038;ssl=1\" alt=\"\" class=\"wp-image-6473\" srcset=\"https:\/\/i0.wp.com\/bdmiam.fr\/wp-content\/uploads\/2024\/01\/Couv_479854.jpg?resize=768%2C1024&amp;ssl=1 768w, https:\/\/i0.wp.com\/bdmiam.fr\/wp-content\/uploads\/2024\/01\/Couv_479854.jpg?resize=225%2C300&amp;ssl=1 225w, https:\/\/i0.wp.com\/bdmiam.fr\/wp-content\/uploads\/2024\/01\/Couv_479854.jpg?w=800&amp;ssl=1 800w\" sizes=\"auto, (max-width: 768px) 100vw, 768px\" \/><button\n\t\t\tclass=\"lightbox-trigger\"\n\t\t\ttype=\"button\"\n\t\t\taria-haspopup=\"dialog\"\n\t\t\taria-label=\"Agrandir\"\n\t\t\tdata-wp-init=\"callbacks.initTriggerButton\"\n\t\t\tdata-wp-on--click=\"actions.showLightbox\"\n\t\t\tdata-wp-style--right=\"state.imageButtonRight\"\n\t\t\tdata-wp-style--top=\"state.imageButtonTop\"\n\t\t>\n\t\t\t<svg xmlns=\"http:\/\/www.w3.org\/2000\/svg\" width=\"12\" height=\"12\" fill=\"none\" viewBox=\"0 0 12 12\">\n\t\t\t\t<path fill=\"#fff\" d=\"M2 0a2 2 0 0 0-2 2v2h1.5V2a.5.5 0 0 1 .5-.5h2V0H2Zm2 10.5H2a.5.5 0 0 1-.5-.5V8H0v2a2 2 0 0 0 2 2h2v-1.5ZM8 12v-1.5h2a.5.5 0 0 0 .5-.5V8H12v2a2 2 0 0 1-2 2H8Zm2-12a2 2 0 0 1 2 2v2h-1.5V2a.5.5 0 0 0-.5-.5H8V0h2Z\" \/>\n\t\t\t<\/svg>\n\t\t<\/button><\/figure>\n\n\n\n<p class=\"has-text-align-center\"><\/p>\n\n\n\n<p class=\"has-text-align-center\">Source : <a href=\"https:\/\/www.bedetheque.com\/auteur-39569-BD-Blasco-Martinez-Benjamin.html\" data-type=\"link\" data-id=\"https:\/\/www.bedetheque.com\/auteur-39569-BD-Blasco-Martinez-Benjamin.html\" target=\"_blank\" rel=\"noreferrer noopener\">bedetheque.com<\/a><\/p>\n","protected":false},"excerpt":{"rendered":"<p>N\u00e9 en 1990 \u00e0 Montlu\u00e7on, Benjamin Blasco-Martinez est originaire de Moulins (03). Bac L en poche, il int\u00e8gre l\u2019\u00e9cole \u00c9mile Cohl \u00e0 Lyon dont il sort dipl\u00f4m\u00e9 en juin 2014. Passionn\u00e9 de western il rencontre la fille d\u2019Albert Bonneau pour adapter la jeunesse de Catamount. C\u2019est cette adaptation qu\u2019il pr\u00e9sente au jury de son \u00e9cole\u2026 [&hellip;]<\/p>\n","protected":false},"author":1,"featured_media":6516,"parent":7007,"menu_order":0,"comment_status":"closed","ping_status":"closed","template":"page-with-sidebar","meta":{"footnotes":""},"class_list":["post-6514","page","type-page","status-publish","has-post-thumbnail","hentry"],"jetpack_sharing_enabled":true,"_links":{"self":[{"href":"https:\/\/bdmiam.fr\/index.php\/wp-json\/wp\/v2\/pages\/6514","targetHints":{"allow":["GET"]}}],"collection":[{"href":"https:\/\/bdmiam.fr\/index.php\/wp-json\/wp\/v2\/pages"}],"about":[{"href":"https:\/\/bdmiam.fr\/index.php\/wp-json\/wp\/v2\/types\/page"}],"author":[{"embeddable":true,"href":"https:\/\/bdmiam.fr\/index.php\/wp-json\/wp\/v2\/users\/1"}],"replies":[{"embeddable":true,"href":"https:\/\/bdmiam.fr\/index.php\/wp-json\/wp\/v2\/comments?post=6514"}],"version-history":[{"count":2,"href":"https:\/\/bdmiam.fr\/index.php\/wp-json\/wp\/v2\/pages\/6514\/revisions"}],"predecessor-version":[{"id":7338,"href":"https:\/\/bdmiam.fr\/index.php\/wp-json\/wp\/v2\/pages\/6514\/revisions\/7338"}],"up":[{"embeddable":true,"href":"https:\/\/bdmiam.fr\/index.php\/wp-json\/wp\/v2\/pages\/7007"}],"wp:featuredmedia":[{"embeddable":true,"href":"https:\/\/bdmiam.fr\/index.php\/wp-json\/wp\/v2\/media\/6516"}],"wp:attachment":[{"href":"https:\/\/bdmiam.fr\/index.php\/wp-json\/wp\/v2\/media?parent=6514"}],"curies":[{"name":"wp","href":"https:\/\/api.w.org\/{rel}","templated":true}]}}