{"id":6527,"date":"2024-02-19T21:47:29","date_gmt":"2024-02-19T20:47:29","guid":{"rendered":"http:\/\/bdmiam.fr\/?page_id=6527"},"modified":"2024-05-19T22:51:22","modified_gmt":"2024-05-19T20:51:22","slug":"jerome-pelissier","status":"publish","type":"page","link":"https:\/\/bdmiam.fr\/index.php\/festival-2024\/jerome-pelissier\/","title":{"rendered":"J\u00e9r\u00f4me Pelissier"},"content":{"rendered":"\n<figure class=\"wp-block-image aligncenter size-full is-resized\"><img data-recalc-dims=\"1\" loading=\"lazy\" decoding=\"async\" width=\"500\" height=\"500\" src=\"https:\/\/i0.wp.com\/bdmiam.fr\/wp-content\/uploads\/2024\/02\/Jerome-Pelissier.jpg?resize=500%2C500&#038;ssl=1\" alt=\"\" class=\"wp-image-6522\" style=\"width:316px;height:auto\" srcset=\"https:\/\/i0.wp.com\/bdmiam.fr\/wp-content\/uploads\/2024\/02\/Jerome-Pelissier.jpg?w=500&amp;ssl=1 500w, https:\/\/i0.wp.com\/bdmiam.fr\/wp-content\/uploads\/2024\/02\/Jerome-Pelissier.jpg?resize=300%2C300&amp;ssl=1 300w, https:\/\/i0.wp.com\/bdmiam.fr\/wp-content\/uploads\/2024\/02\/Jerome-Pelissier.jpg?resize=150%2C150&amp;ssl=1 150w\" sizes=\"auto, (max-width: 500px) 100vw, 500px\" \/><\/figure>\n\n\n\n<p class=\"has-text-align-center\">           <\/p>\n\n\n\n<p class=\"has-text-align-center\"><strong>J\u00e9r\u00f4me P\u00e9lissier<\/strong>\u00a0est dipl\u00f4m\u00e9 de l&rsquo;\u00e9cole Estienne en illustration \u00e9ditoriale et illustration didactique. Il a commenc\u00e9 sa carri\u00e8re professionnelle dans le jeu vid\u00e9o en tant qu&rsquo;artiste 2D-3D et sc\u00e9nariste. Il aura l\u2019occasion de cr\u00e9er ses propres jeux (Metropolis crimes, Red Johnson Chronicles, Taxi Journey) et sera l\u2019auteur d\u2019une application en partenariat avec France TV sur l\u2019univers de Corto Maltese, Corto maltese, secrets de Venise (Auteur, co-sc\u00e9nariste et directeur artistique).\u00a0 Il restera dans cette industrie pendant 15 ans o\u00f9 il occupera notamment un poste de directeur artistique \u00e0 Ubisoft. Il quitte finalement le monde du jeu vid\u00e9o en 2018 pour se consacrer pleinement \u00e0 l&rsquo;illustration d\u2019albums jeunesse en freelance. En 2023, il s\u2019associe \u00e0 Marl\u00e8ne Jobert pour\u00a0<em>En route pour les \u00e9toiles<\/em>, une nouvelle \u00e9dition de ce conte magnifique. La m\u00eame ann\u00e9e, sa s\u00e9rie jeunesse\u00a0<em>Brume\u00a0<\/em>remporte Le Prix BD Jeunesse Ville de Saint-Malo. Pour consulter son travail\u00a0:\u00a0<a href=\"https:\/\/www.instagram.com\/jerome_pelissier_arts\/?hl=fr\" target=\"_blank\" rel=\"noreferrer noopener\">https:\/\/www.instagram.com\/jerome_pelissier_arts\/?hl=fr<\/a><\/p>\n\n\n\n<p class=\"has-text-align-center\">                      <\/p>\n\n\n\n<figure class=\"wp-block-image aligncenter size-full\"><img data-recalc-dims=\"1\" decoding=\"async\" src=\"https:\/\/i0.wp.com\/bdmiam.fr\/wp-content\/uploads\/2024\/02\/427021967_782178657272640_2783892496258552181_n.jpg?ssl=1\" alt=\"\" class=\"wp-image-6523\"\/><\/figure>\n\n\n\n<p class=\"has-text-align-center\">                             <\/p>\n\n\n\n<p class=\"has-text-align-center\">Sources : <a href=\"https:\/\/www.glenat.com\/auteurs\/jerome-pelissier-0\" data-type=\"link\" data-id=\"https:\/\/www.glenat.com\/auteurs\/jerome-pelissier-0\" target=\"_blank\" rel=\"noreferrer noopener\">Editions Gl\u00e9nat<\/a><\/p>\n","protected":false},"excerpt":{"rendered":"<p>J\u00e9r\u00f4me P\u00e9lissier\u00a0est dipl\u00f4m\u00e9 de l&rsquo;\u00e9cole Estienne en illustration \u00e9ditoriale et illustration didactique. Il a commenc\u00e9 sa carri\u00e8re professionnelle dans le jeu vid\u00e9o en tant qu&rsquo;artiste 2D-3D et sc\u00e9nariste. Il aura l\u2019occasion de cr\u00e9er ses propres jeux (Metropolis crimes, Red Johnson Chronicles, Taxi Journey) et sera l\u2019auteur d\u2019une application en partenariat avec France TV sur l\u2019univers [&hellip;]<\/p>\n","protected":false},"author":1,"featured_media":6528,"parent":6448,"menu_order":0,"comment_status":"closed","ping_status":"closed","template":"page-with-sidebar","meta":{"footnotes":""},"class_list":["post-6527","page","type-page","status-publish","has-post-thumbnail","hentry"],"jetpack_sharing_enabled":true,"_links":{"self":[{"href":"https:\/\/bdmiam.fr\/index.php\/wp-json\/wp\/v2\/pages\/6527","targetHints":{"allow":["GET"]}}],"collection":[{"href":"https:\/\/bdmiam.fr\/index.php\/wp-json\/wp\/v2\/pages"}],"about":[{"href":"https:\/\/bdmiam.fr\/index.php\/wp-json\/wp\/v2\/types\/page"}],"author":[{"embeddable":true,"href":"https:\/\/bdmiam.fr\/index.php\/wp-json\/wp\/v2\/users\/1"}],"replies":[{"embeddable":true,"href":"https:\/\/bdmiam.fr\/index.php\/wp-json\/wp\/v2\/comments?post=6527"}],"version-history":[{"count":1,"href":"https:\/\/bdmiam.fr\/index.php\/wp-json\/wp\/v2\/pages\/6527\/revisions"}],"predecessor-version":[{"id":6529,"href":"https:\/\/bdmiam.fr\/index.php\/wp-json\/wp\/v2\/pages\/6527\/revisions\/6529"}],"up":[{"embeddable":true,"href":"https:\/\/bdmiam.fr\/index.php\/wp-json\/wp\/v2\/pages\/6448"}],"wp:featuredmedia":[{"embeddable":true,"href":"https:\/\/bdmiam.fr\/index.php\/wp-json\/wp\/v2\/media\/6528"}],"wp:attachment":[{"href":"https:\/\/bdmiam.fr\/index.php\/wp-json\/wp\/v2\/media?parent=6527"}],"curies":[{"name":"wp","href":"https:\/\/api.w.org\/{rel}","templated":true}]}}