{"id":6548,"date":"2024-03-26T21:34:58","date_gmt":"2024-03-26T20:34:58","guid":{"rendered":"http:\/\/bdmiam.fr\/?page_id=6548"},"modified":"2024-05-19T22:51:22","modified_gmt":"2024-05-19T20:51:22","slug":"christophe-swal","status":"publish","type":"page","link":"https:\/\/bdmiam.fr\/index.php\/festival-2024\/christophe-swal\/","title":{"rendered":"Christophe Swal"},"content":{"rendered":"\n<figure class=\"wp-block-image aligncenter size-full\"><img data-recalc-dims=\"1\" loading=\"lazy\" decoding=\"async\" width=\"509\" height=\"509\" src=\"https:\/\/i0.wp.com\/bdmiam.fr\/wp-content\/uploads\/2024\/03\/Christophe-Swal.jpg?resize=509%2C509&#038;ssl=1\" alt=\"\" class=\"wp-image-6550\" srcset=\"https:\/\/i0.wp.com\/bdmiam.fr\/wp-content\/uploads\/2024\/03\/Christophe-Swal.jpg?w=509&amp;ssl=1 509w, https:\/\/i0.wp.com\/bdmiam.fr\/wp-content\/uploads\/2024\/03\/Christophe-Swal.jpg?resize=300%2C300&amp;ssl=1 300w, https:\/\/i0.wp.com\/bdmiam.fr\/wp-content\/uploads\/2024\/03\/Christophe-Swal.jpg?resize=150%2C150&amp;ssl=1 150w\" sizes=\"auto, (max-width: 509px) 100vw, 509px\" \/><\/figure>\n\n\n\n<p><br>                                  <\/p>\n\n\n\n<p class=\"has-text-align-center\"><strong>Christophe Swal<\/strong>, n\u00e9 en 1974 \u00e0 St-Jean de Luz, mais a grandi au bord du lac d&rsquo;Annecy. Lecteur de BD depuis toujours (comics et BD franco-belge), et surtout r\u00f4liste depuis 1985, il d\u00e9couvre forc\u00e9ment tout ce qui touche aux univers fantastiques \u00e0 travers ce loisir. Influenc\u00e9 par certaines images des\u00a0<em>Livres dont vous \u00eates le h\u00e9ros\u00a0<\/em>(John Blanche, Iain Mc Caig, Gary Chalk&#8230;), puis par celles des jeux de r\u00f4les, en passant par les comics\u00a0<em>Conan<\/em>\u00a0parus chez Mon Journal (John Buscema, Alfredo Alcala, Rudy Nebres, Nestor Redondo&#8230;), il d\u00e9cide de suivre d&rsquo;abord une formation en communication graphique \u00e0 Grenoble puis \u00e0 Lyon, avant d&rsquo;int\u00e9grer l&rsquo;\u00e9cole de dessin \u00c9mile Cohl en 1994&#8230; pour en partir une ann\u00e9e plus tard. Apr\u00e8s son objection de conscience au CCSTI de Grenoble, durant laquelle il r\u00e9alisa notamment des d\u00e9cors peints pour des pi\u00e8ces de th\u00e9\u00e2tre, il d\u00e9cide de se lancer dans l&rsquo;illustration \u00e0 temps plein au d\u00e9but des ann\u00e9es 2000, apr\u00e8s une br\u00e8ve carri\u00e8re d&rsquo;infographiste \u00e0 Villeurbanne. Depuis, il oscille entre illustrations pour jeux de r\u00f4les, jeux de soci\u00e9t\u00e9, avec quelques incartades vers le secteur jeunesse (<em>L&rsquo;ours et le trappeur\u00a0<\/em>aux Fourmis Rouges)&#8230; et la BD.\u00a0<strong>R\u00e9side \u00e0 Lyon.\u00a0<\/strong><\/p>\n\n\n\n<p class=\"has-text-align-center\">Achat sur place obligatoire<\/p>\n\n\n\n<p>                                  <\/p>\n\n\n\n<figure class=\"wp-block-image aligncenter size-large\"><img data-recalc-dims=\"1\" loading=\"lazy\" decoding=\"async\" width=\"764\" height=\"1024\" src=\"https:\/\/i0.wp.com\/bdmiam.fr\/wp-content\/uploads\/2024\/03\/Couv_491186.jpg?resize=764%2C1024&#038;ssl=1\" alt=\"\" class=\"wp-image-6551\" srcset=\"https:\/\/i0.wp.com\/bdmiam.fr\/wp-content\/uploads\/2024\/03\/Couv_491186.jpg?resize=764%2C1024&amp;ssl=1 764w, https:\/\/i0.wp.com\/bdmiam.fr\/wp-content\/uploads\/2024\/03\/Couv_491186.jpg?resize=224%2C300&amp;ssl=1 224w, https:\/\/i0.wp.com\/bdmiam.fr\/wp-content\/uploads\/2024\/03\/Couv_491186.jpg?resize=768%2C1030&amp;ssl=1 768w, https:\/\/i0.wp.com\/bdmiam.fr\/wp-content\/uploads\/2024\/03\/Couv_491186.jpg?w=850&amp;ssl=1 850w\" sizes=\"auto, (max-width: 764px) 100vw, 764px\" \/><\/figure>\n\n\n\n<p>                             <\/p>\n\n\n\n<p class=\"has-text-align-center\">Sources : <\/p>\n\n\n\n<p class=\"has-text-align-center\"><a href=\"https:\/\/www.glenat.com\/auteurs\/christophe-swal\" target=\"_blank\" rel=\"noreferrer noopener\">Editions Gl\u00e9nat<\/a><\/p>\n\n\n\n<p class=\"has-text-align-center\"><a href=\"https:\/\/www.bedetheque.com\/auteur-2557-BD-Swal-Christophe.html\" target=\"_blank\" rel=\"noreferrer noopener\">Bedetheque.com<\/a><\/p>\n","protected":false},"excerpt":{"rendered":"<p>Christophe Swal, n\u00e9 en 1974 \u00e0 St-Jean de Luz, mais a grandi au bord du lac d&rsquo;Annecy. Lecteur de BD depuis toujours (comics et BD franco-belge), et surtout r\u00f4liste depuis 1985, il d\u00e9couvre forc\u00e9ment tout ce qui touche aux univers fantastiques \u00e0 travers ce loisir. Influenc\u00e9 par certaines images des\u00a0Livres dont vous \u00eates le h\u00e9ros\u00a0(John [&hellip;]<\/p>\n","protected":false},"author":1,"featured_media":6549,"parent":6448,"menu_order":0,"comment_status":"closed","ping_status":"closed","template":"page-with-sidebar","meta":{"footnotes":""},"class_list":["post-6548","page","type-page","status-publish","has-post-thumbnail","hentry"],"jetpack_sharing_enabled":true,"_links":{"self":[{"href":"https:\/\/bdmiam.fr\/index.php\/wp-json\/wp\/v2\/pages\/6548","targetHints":{"allow":["GET"]}}],"collection":[{"href":"https:\/\/bdmiam.fr\/index.php\/wp-json\/wp\/v2\/pages"}],"about":[{"href":"https:\/\/bdmiam.fr\/index.php\/wp-json\/wp\/v2\/types\/page"}],"author":[{"embeddable":true,"href":"https:\/\/bdmiam.fr\/index.php\/wp-json\/wp\/v2\/users\/1"}],"replies":[{"embeddable":true,"href":"https:\/\/bdmiam.fr\/index.php\/wp-json\/wp\/v2\/comments?post=6548"}],"version-history":[{"count":2,"href":"https:\/\/bdmiam.fr\/index.php\/wp-json\/wp\/v2\/pages\/6548\/revisions"}],"predecessor-version":[{"id":6555,"href":"https:\/\/bdmiam.fr\/index.php\/wp-json\/wp\/v2\/pages\/6548\/revisions\/6555"}],"up":[{"embeddable":true,"href":"https:\/\/bdmiam.fr\/index.php\/wp-json\/wp\/v2\/pages\/6448"}],"wp:featuredmedia":[{"embeddable":true,"href":"https:\/\/bdmiam.fr\/index.php\/wp-json\/wp\/v2\/media\/6549"}],"wp:attachment":[{"href":"https:\/\/bdmiam.fr\/index.php\/wp-json\/wp\/v2\/media?parent=6548"}],"curies":[{"name":"wp","href":"https:\/\/api.w.org\/{rel}","templated":true}]}}