{"id":6556,"date":"2024-03-26T21:53:51","date_gmt":"2024-03-26T20:53:51","guid":{"rendered":"http:\/\/bdmiam.fr\/?page_id=6556"},"modified":"2024-05-19T22:51:22","modified_gmt":"2024-05-19T20:51:22","slug":"redec","status":"publish","type":"page","link":"https:\/\/bdmiam.fr\/index.php\/festival-2024\/redec\/","title":{"rendered":"Redec"},"content":{"rendered":"\n<figure class=\"wp-block-image aligncenter size-full\"><img data-recalc-dims=\"1\" loading=\"lazy\" decoding=\"async\" width=\"500\" height=\"500\" src=\"https:\/\/i0.wp.com\/bdmiam.fr\/wp-content\/uploads\/2024\/03\/Redec.jpg?resize=500%2C500&#038;ssl=1\" alt=\"\" class=\"wp-image-6558\" srcset=\"https:\/\/i0.wp.com\/bdmiam.fr\/wp-content\/uploads\/2024\/03\/Redec.jpg?w=500&amp;ssl=1 500w, https:\/\/i0.wp.com\/bdmiam.fr\/wp-content\/uploads\/2024\/03\/Redec.jpg?resize=300%2C300&amp;ssl=1 300w, https:\/\/i0.wp.com\/bdmiam.fr\/wp-content\/uploads\/2024\/03\/Redec.jpg?resize=150%2C150&amp;ssl=1 150w\" sizes=\"auto, (max-width: 500px) 100vw, 500px\" \/><\/figure>\n\n\n\n<p>                              <\/p>\n\n\n\n<p class=\"has-text-align-center\"><strong>Redec\u00a0<\/strong>est n\u00e9 en 1981. C\u2019est en d\u00e9couvrant le film d\u2019animation Akira \u00e0 l\u2019\u00e2ge de 10 ans qu\u2019il d\u00e9cide de faire du dessin son m\u00e9tier, en BD ou en animation. Pourtant, il suit des \u00e9tudes d\u2019\u00e9conomie et de commerce. Il apprend le dessin en autodidacte et en intervenant sur des forums sp\u00e9cialis\u00e9s comme Caf\u00e9 Sal\u00e9. Sa rencontre avec Herik Hanna sera un tournant dans son parcours. \u00c0 ses c\u00f4t\u00e9s, il s\u2019att\u00e8le \u00e0\u00a0<em>Bling Dog Rhapsody<\/em>, sa premi\u00e8re publication (\u00e9ditions Delcourt, 2014). Lecteur de comics et de mangas franco-belge, ses inspirations sont vari\u00e9es. En 2018 il s\u2019associe encore une fois avec Herik Hanna pour\u00a0<em>Bad Ass<\/em>.\u00a0<strong>R\u00e9side dans le Val d&rsquo;Oise.<\/strong><\/p>\n\n\n\n<p>               <\/p>\n\n\n\n<p class=\"has-text-align-center\">Achat de l&rsquo;album obligatoire.<\/p>\n\n\n\n<p>                          <\/p>\n\n\n\n<figure class=\"wp-block-image aligncenter size-full\"><img data-recalc-dims=\"1\" loading=\"lazy\" decoding=\"async\" width=\"600\" height=\"800\" src=\"https:\/\/i0.wp.com\/bdmiam.fr\/wp-content\/uploads\/2024\/03\/433865780_805762071580965_3452598701799655738_n.jpg?resize=600%2C800&#038;ssl=1\" alt=\"\" class=\"wp-image-6561\" srcset=\"https:\/\/i0.wp.com\/bdmiam.fr\/wp-content\/uploads\/2024\/03\/433865780_805762071580965_3452598701799655738_n.jpg?w=600&amp;ssl=1 600w, https:\/\/i0.wp.com\/bdmiam.fr\/wp-content\/uploads\/2024\/03\/433865780_805762071580965_3452598701799655738_n.jpg?resize=225%2C300&amp;ssl=1 225w\" sizes=\"auto, (max-width: 600px) 100vw, 600px\" \/><\/figure>\n\n\n\n<figure class=\"wp-block-image aligncenter size-full\"><img data-recalc-dims=\"1\" loading=\"lazy\" decoding=\"async\" width=\"600\" height=\"800\" src=\"https:\/\/i0.wp.com\/bdmiam.fr\/wp-content\/uploads\/2024\/03\/431481753_805761991580973_6205761654745406489_n-1.jpg?resize=600%2C800&#038;ssl=1\" alt=\"\" class=\"wp-image-6560\" srcset=\"https:\/\/i0.wp.com\/bdmiam.fr\/wp-content\/uploads\/2024\/03\/431481753_805761991580973_6205761654745406489_n-1.jpg?w=600&amp;ssl=1 600w, https:\/\/i0.wp.com\/bdmiam.fr\/wp-content\/uploads\/2024\/03\/431481753_805761991580973_6205761654745406489_n-1.jpg?resize=225%2C300&amp;ssl=1 225w\" sizes=\"auto, (max-width: 600px) 100vw, 600px\" \/><\/figure>\n\n\n\n<p>                           <\/p>\n\n\n\n<p class=\"has-text-align-center\">Sources : <a href=\"https:\/\/www.glenat.com\/auteurs\/redec\" target=\"_blank\" rel=\"noreferrer noopener\">Editions Gl\u00e9nat<\/a><\/p>\n","protected":false},"excerpt":{"rendered":"<p>Redec\u00a0est n\u00e9 en 1981. C\u2019est en d\u00e9couvrant le film d\u2019animation Akira \u00e0 l\u2019\u00e2ge de 10 ans qu\u2019il d\u00e9cide de faire du dessin son m\u00e9tier, en BD ou en animation. Pourtant, il suit des \u00e9tudes d\u2019\u00e9conomie et de commerce. Il apprend le dessin en autodidacte et en intervenant sur des forums sp\u00e9cialis\u00e9s comme Caf\u00e9 Sal\u00e9. Sa [&hellip;]<\/p>\n","protected":false},"author":1,"featured_media":6557,"parent":6448,"menu_order":0,"comment_status":"closed","ping_status":"closed","template":"page-with-sidebar","meta":{"footnotes":""},"class_list":["post-6556","page","type-page","status-publish","has-post-thumbnail","hentry"],"jetpack_sharing_enabled":true,"_links":{"self":[{"href":"https:\/\/bdmiam.fr\/index.php\/wp-json\/wp\/v2\/pages\/6556","targetHints":{"allow":["GET"]}}],"collection":[{"href":"https:\/\/bdmiam.fr\/index.php\/wp-json\/wp\/v2\/pages"}],"about":[{"href":"https:\/\/bdmiam.fr\/index.php\/wp-json\/wp\/v2\/types\/page"}],"author":[{"embeddable":true,"href":"https:\/\/bdmiam.fr\/index.php\/wp-json\/wp\/v2\/users\/1"}],"replies":[{"embeddable":true,"href":"https:\/\/bdmiam.fr\/index.php\/wp-json\/wp\/v2\/comments?post=6556"}],"version-history":[{"count":1,"href":"https:\/\/bdmiam.fr\/index.php\/wp-json\/wp\/v2\/pages\/6556\/revisions"}],"predecessor-version":[{"id":6562,"href":"https:\/\/bdmiam.fr\/index.php\/wp-json\/wp\/v2\/pages\/6556\/revisions\/6562"}],"up":[{"embeddable":true,"href":"https:\/\/bdmiam.fr\/index.php\/wp-json\/wp\/v2\/pages\/6448"}],"wp:featuredmedia":[{"embeddable":true,"href":"https:\/\/bdmiam.fr\/index.php\/wp-json\/wp\/v2\/media\/6557"}],"wp:attachment":[{"href":"https:\/\/bdmiam.fr\/index.php\/wp-json\/wp\/v2\/media?parent=6556"}],"curies":[{"name":"wp","href":"https:\/\/api.w.org\/{rel}","templated":true}]}}