{"id":6588,"date":"2024-04-02T21:39:56","date_gmt":"2024-04-02T19:39:56","guid":{"rendered":"http:\/\/bdmiam.fr\/?page_id=6588"},"modified":"2024-05-19T22:51:22","modified_gmt":"2024-05-19T20:51:22","slug":"__trashed","status":"publish","type":"page","link":"https:\/\/bdmiam.fr\/index.php\/festival-2024\/__trashed\/","title":{"rendered":"Timoth\u00e9e Leman"},"content":{"rendered":"\n<figure class=\"wp-block-image aligncenter size-full\"><img data-recalc-dims=\"1\" loading=\"lazy\" decoding=\"async\" width=\"360\" height=\"360\" src=\"https:\/\/i0.wp.com\/bdmiam.fr\/wp-content\/uploads\/2024\/04\/Photo_57374.jpg?resize=360%2C360&#038;ssl=1\" alt=\"\" class=\"wp-image-6591\" srcset=\"https:\/\/i0.wp.com\/bdmiam.fr\/wp-content\/uploads\/2024\/04\/Photo_57374.jpg?w=360&amp;ssl=1 360w, https:\/\/i0.wp.com\/bdmiam.fr\/wp-content\/uploads\/2024\/04\/Photo_57374.jpg?resize=300%2C300&amp;ssl=1 300w, https:\/\/i0.wp.com\/bdmiam.fr\/wp-content\/uploads\/2024\/04\/Photo_57374.jpg?resize=150%2C150&amp;ssl=1 150w\" sizes=\"auto, (max-width: 360px) 100vw, 360px\" \/><\/figure>\n\n\n\n<p>                              <\/p>\n\n\n\n<p class=\"has-text-align-center\">\u00c0 l\u2019\u00e2ge de 18 ans, Bac en poche, <strong>Timoth\u00e9 Leman<\/strong> rentre \u00e0 l\u2019\u00e9cole Pivaut \u00e0 Nantes (\u00e9cole d\u2019arts appliqu\u00e9s) o\u00f9 il se sp\u00e9cialise en bande dessin\u00e9e ; il en sortira dipl\u00f4m\u00e9 (avec mention !) en 2014. La m\u00eame ann\u00e9e, il est rep\u00e9r\u00e9 par l\u2019association Octopus, sp\u00e9cialis\u00e9e en bande dessin\u00e9e (anciennement L\u2019\u0152il de Jack) et qui aide les jeunes auteurs \u00e0 d\u00e9marrer : vente d\u2019originaux, mise en contact avec d\u2019autres auteurs, avec des \u00e9diteurs\u2026 Et c\u2019est ainsi qu\u2019en 2017 il signe chez Sarbacane, Les A\u00e9riens, un roman illustr\u00e9 de la collection P\u00e9pix Noir qui a \u00e9t\u00e9 son premier travail \u00e9dit\u00e9. Apr\u00e8s le Monde est sa premi\u00e8re Bande Dessin\u00e9e.<\/p>\n\n\n\n<p><\/p>\n\n\n\n<p class=\"has-text-align-center\"><em><strong>Bordeterre <\/strong>&#8211; Livre 1<\/em>\u00a0est son deuxi\u00e8me roman graphique publi\u00e9 aux \u00c9ditions Sarbacane<\/p>\n\n\n\n<p>                        <\/p>\n\n\n\n<p>             <\/p>\n\n\n\n<p class=\"has-text-align-center\">Achat obligatoire<\/p>\n\n\n\n<p>                             <\/p>\n\n\n\n<figure class=\"wp-block-image aligncenter size-large\"><img data-recalc-dims=\"1\" loading=\"lazy\" decoding=\"async\" width=\"756\" height=\"1024\" src=\"https:\/\/i0.wp.com\/bdmiam.fr\/wp-content\/uploads\/2024\/04\/edition194485-couverture.jpg?resize=756%2C1024&#038;ssl=1\" alt=\"\" class=\"wp-image-6592\" srcset=\"https:\/\/i0.wp.com\/bdmiam.fr\/wp-content\/uploads\/2024\/04\/edition194485-couverture.jpg?resize=756%2C1024&amp;ssl=1 756w, https:\/\/i0.wp.com\/bdmiam.fr\/wp-content\/uploads\/2024\/04\/edition194485-couverture.jpg?resize=222%2C300&amp;ssl=1 222w, https:\/\/i0.wp.com\/bdmiam.fr\/wp-content\/uploads\/2024\/04\/edition194485-couverture.jpg?resize=768%2C1040&amp;ssl=1 768w, https:\/\/i0.wp.com\/bdmiam.fr\/wp-content\/uploads\/2024\/04\/edition194485-couverture.jpg?w=1108&amp;ssl=1 1108w\" sizes=\"auto, (max-width: 756px) 100vw, 756px\" \/><\/figure>\n\n\n\n<p>                        <\/p>\n\n\n\n<p class=\"has-text-align-center\">Sources :<\/p>\n\n\n\n<p class=\"has-text-align-center\"><a href=\"https:\/\/www.bedetheque.com\/auteur-57374-BD-Leman-Timothee.html\" target=\"_blank\" rel=\"noreferrer noopener\">Bedetheque.com<\/a><\/p>\n\n\n\n<p class=\"has-text-align-center\"><a href=\"https:\/\/editions-sarbacane.com\/auteurs\/timothee-leman\" target=\"_blank\" rel=\"noreferrer noopener\">Editions Sarbacane<\/a><\/p>\n","protected":false},"excerpt":{"rendered":"<p>\u00c0 l\u2019\u00e2ge de 18 ans, Bac en poche, Timoth\u00e9 Leman rentre \u00e0 l\u2019\u00e9cole Pivaut \u00e0 Nantes (\u00e9cole d\u2019arts appliqu\u00e9s) o\u00f9 il se sp\u00e9cialise en bande dessin\u00e9e ; il en sortira dipl\u00f4m\u00e9 (avec mention !) en 2014. La m\u00eame ann\u00e9e, il est rep\u00e9r\u00e9 par l\u2019association Octopus, sp\u00e9cialis\u00e9e en bande dessin\u00e9e (anciennement L\u2019\u0152il de Jack) et qui [&hellip;]<\/p>\n","protected":false},"author":1,"featured_media":6590,"parent":6448,"menu_order":0,"comment_status":"closed","ping_status":"closed","template":"page-with-sidebar","meta":{"footnotes":""},"class_list":["post-6588","page","type-page","status-publish","has-post-thumbnail","hentry"],"jetpack_sharing_enabled":true,"_links":{"self":[{"href":"https:\/\/bdmiam.fr\/index.php\/wp-json\/wp\/v2\/pages\/6588","targetHints":{"allow":["GET"]}}],"collection":[{"href":"https:\/\/bdmiam.fr\/index.php\/wp-json\/wp\/v2\/pages"}],"about":[{"href":"https:\/\/bdmiam.fr\/index.php\/wp-json\/wp\/v2\/types\/page"}],"author":[{"embeddable":true,"href":"https:\/\/bdmiam.fr\/index.php\/wp-json\/wp\/v2\/users\/1"}],"replies":[{"embeddable":true,"href":"https:\/\/bdmiam.fr\/index.php\/wp-json\/wp\/v2\/comments?post=6588"}],"version-history":[{"count":3,"href":"https:\/\/bdmiam.fr\/index.php\/wp-json\/wp\/v2\/pages\/6588\/revisions"}],"predecessor-version":[{"id":6594,"href":"https:\/\/bdmiam.fr\/index.php\/wp-json\/wp\/v2\/pages\/6588\/revisions\/6594"}],"up":[{"embeddable":true,"href":"https:\/\/bdmiam.fr\/index.php\/wp-json\/wp\/v2\/pages\/6448"}],"wp:featuredmedia":[{"embeddable":true,"href":"https:\/\/bdmiam.fr\/index.php\/wp-json\/wp\/v2\/media\/6590"}],"wp:attachment":[{"href":"https:\/\/bdmiam.fr\/index.php\/wp-json\/wp\/v2\/media?parent=6588"}],"curies":[{"name":"wp","href":"https:\/\/api.w.org\/{rel}","templated":true}]}}