{"id":6600,"date":"2024-04-02T22:13:53","date_gmt":"2024-04-02T20:13:53","guid":{"rendered":"http:\/\/bdmiam.fr\/?page_id=6600"},"modified":"2024-05-19T22:51:22","modified_gmt":"2024-05-19T20:51:22","slug":"paul-drouin","status":"publish","type":"page","link":"https:\/\/bdmiam.fr\/index.php\/festival-2024\/paul-drouin\/","title":{"rendered":"Paul Drouin"},"content":{"rendered":"\n<p>        <\/p>\n\n\n\n<figure class=\"wp-block-image aligncenter size-full\"><img data-recalc-dims=\"1\" loading=\"lazy\" decoding=\"async\" width=\"500\" height=\"500\" src=\"https:\/\/i0.wp.com\/bdmiam.fr\/wp-content\/uploads\/2024\/04\/000000057477-INT.jpg?resize=500%2C500&#038;ssl=1\" alt=\"\" class=\"wp-image-6602\" srcset=\"https:\/\/i0.wp.com\/bdmiam.fr\/wp-content\/uploads\/2024\/04\/000000057477-INT.jpg?w=500&amp;ssl=1 500w, https:\/\/i0.wp.com\/bdmiam.fr\/wp-content\/uploads\/2024\/04\/000000057477-INT.jpg?resize=300%2C300&amp;ssl=1 300w, https:\/\/i0.wp.com\/bdmiam.fr\/wp-content\/uploads\/2024\/04\/000000057477-INT.jpg?resize=150%2C150&amp;ssl=1 150w\" sizes=\"auto, (max-width: 500px) 100vw, 500px\" \/><\/figure>\n\n\n\n<p>                              <\/p>\n\n\n\n<p class=\"has-text-align-center\"><strong>Paul Drouin<\/strong> est n\u00e9 en 1980. Il \u00e9tudie le dessin pendant 4 ans \u00e0 l\u2019ECV Bordeaux (\u00e9cole de communication visuelle). Son dipl\u00f4me en poche il commence par faire de la communication visuelle pour des groupes de musique. Apr\u00e8s avoir remport\u00e9 le concours \u00ab Arte, Glenat \u00bb, il publie \u00ab Le moustiquaire de Berlin \u00bb en (Janvier 2006) aux \u00e9ditions Arte\/Glenat. En 2007, il fait la connaissance de Guillaume Clavery. De cette rencontre va na\u00eetre un premier album aux \u00e9ditions KSTR (Casterman), qui s\u2019intitule \u00ab On the road \u00bb. Paul participe aussi \u00e0 des collectifs, son dernier \u00ab Summer of the 80\u2019s \u00bb a pour th\u00e8me les ann\u00e9es 80 et est \u00e9dit\u00e9 chez Arte\/Dargaud. Un autre collectif sur la Grande Guerre intitul\u00e9 \u00ab Cicatrice de Guerre \u00bb est \u00e0 para\u00eetre pour bient\u00f4t ainsi qu\u2019un nouvel album aux \u00e9ditions KSTR intitul\u00e9 \u00ab Damian Dale \u00bb. Il travaille en ce moment sur un album pour enfants aux \u00e9ditions \u00ab Petit \u00e0 Petit \u00bb. A c\u00f4t\u00e9 de son travail dans la BD, Paul fait de l\u2019illustration, r\u00e9cemment il a fait une affiche pour la chanteuse \u00ab Macy Gray \u00bb \u00e0 l\u2019occasion du festival \u00ab Rock en Seine \u00bb.<\/p>\n\n\n\n<p>                              <\/p>\n\n\n\n<p class=\"has-text-align-center\">Achat sur place obligatoire<\/p>\n\n\n\n<p>                       <\/p>\n\n\n\n<figure class=\"wp-block-image aligncenter size-large\"><img data-recalc-dims=\"1\" loading=\"lazy\" decoding=\"async\" width=\"751\" height=\"1024\" src=\"https:\/\/i0.wp.com\/bdmiam.fr\/wp-content\/uploads\/2024\/04\/NBllzQtV_frxOGYU-1aX3VSD4c-Fk4MKs7_DPOjESj48HDOG7Gw8Fg-cover-full.jpg?resize=751%2C1024&#038;ssl=1\" alt=\"\" class=\"wp-image-6606\" srcset=\"https:\/\/i0.wp.com\/bdmiam.fr\/wp-content\/uploads\/2024\/04\/NBllzQtV_frxOGYU-1aX3VSD4c-Fk4MKs7_DPOjESj48HDOG7Gw8Fg-cover-full.jpg?resize=751%2C1024&amp;ssl=1 751w, https:\/\/i0.wp.com\/bdmiam.fr\/wp-content\/uploads\/2024\/04\/NBllzQtV_frxOGYU-1aX3VSD4c-Fk4MKs7_DPOjESj48HDOG7Gw8Fg-cover-full.jpg?resize=220%2C300&amp;ssl=1 220w, https:\/\/i0.wp.com\/bdmiam.fr\/wp-content\/uploads\/2024\/04\/NBllzQtV_frxOGYU-1aX3VSD4c-Fk4MKs7_DPOjESj48HDOG7Gw8Fg-cover-full.jpg?resize=768%2C1047&amp;ssl=1 768w, https:\/\/i0.wp.com\/bdmiam.fr\/wp-content\/uploads\/2024\/04\/NBllzQtV_frxOGYU-1aX3VSD4c-Fk4MKs7_DPOjESj48HDOG7Gw8Fg-cover-full.jpg?resize=1127%2C1536&amp;ssl=1 1127w, https:\/\/i0.wp.com\/bdmiam.fr\/wp-content\/uploads\/2024\/04\/NBllzQtV_frxOGYU-1aX3VSD4c-Fk4MKs7_DPOjESj48HDOG7Gw8Fg-cover-full.jpg?w=1400&amp;ssl=1 1400w\" sizes=\"auto, (max-width: 751px) 100vw, 751px\" \/><\/figure>\n\n\n\n<p>                             <\/p>\n\n\n\n<p class=\"has-text-align-center\">Source : <a href=\"https:\/\/www.bedetheque.com\/auteur-13133-BD-Drouin-Paul.html\" target=\"_blank\" rel=\"noreferrer noopener\">Bedetheque.com<\/a><\/p>\n","protected":false},"excerpt":{"rendered":"<p>Paul Drouin est n\u00e9 en 1980. Il \u00e9tudie le dessin pendant 4 ans \u00e0 l\u2019ECV Bordeaux (\u00e9cole de communication visuelle). Son dipl\u00f4me en poche il commence par faire de la communication visuelle pour des groupes de musique. Apr\u00e8s avoir remport\u00e9 le concours \u00ab Arte, Glenat \u00bb, il publie \u00ab Le moustiquaire de Berlin \u00bb en [&hellip;]<\/p>\n","protected":false},"author":1,"featured_media":6601,"parent":6448,"menu_order":0,"comment_status":"closed","ping_status":"closed","template":"page-with-sidebar","meta":{"footnotes":""},"class_list":["post-6600","page","type-page","status-publish","has-post-thumbnail","hentry"],"jetpack_sharing_enabled":true,"_links":{"self":[{"href":"https:\/\/bdmiam.fr\/index.php\/wp-json\/wp\/v2\/pages\/6600","targetHints":{"allow":["GET"]}}],"collection":[{"href":"https:\/\/bdmiam.fr\/index.php\/wp-json\/wp\/v2\/pages"}],"about":[{"href":"https:\/\/bdmiam.fr\/index.php\/wp-json\/wp\/v2\/types\/page"}],"author":[{"embeddable":true,"href":"https:\/\/bdmiam.fr\/index.php\/wp-json\/wp\/v2\/users\/1"}],"replies":[{"embeddable":true,"href":"https:\/\/bdmiam.fr\/index.php\/wp-json\/wp\/v2\/comments?post=6600"}],"version-history":[{"count":2,"href":"https:\/\/bdmiam.fr\/index.php\/wp-json\/wp\/v2\/pages\/6600\/revisions"}],"predecessor-version":[{"id":6607,"href":"https:\/\/bdmiam.fr\/index.php\/wp-json\/wp\/v2\/pages\/6600\/revisions\/6607"}],"up":[{"embeddable":true,"href":"https:\/\/bdmiam.fr\/index.php\/wp-json\/wp\/v2\/pages\/6448"}],"wp:featuredmedia":[{"embeddable":true,"href":"https:\/\/bdmiam.fr\/index.php\/wp-json\/wp\/v2\/media\/6601"}],"wp:attachment":[{"href":"https:\/\/bdmiam.fr\/index.php\/wp-json\/wp\/v2\/media?parent=6600"}],"curies":[{"name":"wp","href":"https:\/\/api.w.org\/{rel}","templated":true}]}}