{"id":6624,"date":"2024-04-21T22:27:59","date_gmt":"2024-04-21T20:27:59","guid":{"rendered":"http:\/\/bdmiam.fr\/?page_id=6624"},"modified":"2024-05-19T22:51:22","modified_gmt":"2024-05-19T20:51:22","slug":"pierre-denis-goux","status":"publish","type":"page","link":"https:\/\/bdmiam.fr\/index.php\/festival-2024\/pierre-denis-goux\/","title":{"rendered":"Pierre-Denis Goux"},"content":{"rendered":"\n<p class=\"has-text-align-center\"><strong>Pierre-Denis Goux<\/strong> est un dessinateur de bande dessin\u00e9e et illustrateur n\u00e9 \u00e0 Besan\u00e7on le 24 janvier 1985<\/p>\n\n\n\n<p class=\"has-text-align-center\">Form\u00e9 \u00e0 l\u2019\u00e9cole Pivaut \u00e0 Nantes en section bande dessin\u00e9e et illustration, il signe son premier album chez Soleil, avec \u00ab\u00a0Merlin le Proph\u00e8te\u00a0\u00bb (2010) avec la complicit\u00e9 de Jean-Luc Istin, sc\u00e9nariste tr\u00e8s prolifique aux nombreuses s\u00e9ries \u00e0 succ\u00e8s (\u00ab\u00a0Le Sang du Dragon\u00a0\u00bb, \u00ab\u00a0Les Brumes d&rsquo;Asceltis\u00a0\u00bb, \u00ab\u00a0Les Druides\u00a0\u00bb&#8230;).<\/p>\n\n\n\n<p class=\"has-text-align-center\">Apr\u00e8s 2 albums, il se consacre \u00e0 une nouvelle saga \u00e9pique \u00ab\u00a0Mj\u00f6llnir\u00a0\u00bb en collaboration avec Olivier Peru dont le premier tome \u00ab\u00a0Le marteau est l&rsquo;enclume\u00a0\u00bb est sorti en janvier 2013.<\/p>\n\n\n\n<p class=\"has-text-align-center\">Il travaille \u00e9galement sur des s\u00e9ries d\u2019heroic\u00ad\u2010fantasy telles que \u00ab\u00a0Nains\u00a0\u00bb et \u00ab\u00a0Ma\u00eetres inquisiteurs\u00a0\u00bb o\u00f9, pour la premi\u00e8re fois dans la bande dessin\u00e9e francophone, plusieurs \u00e9quipes de sc\u00e9naristes\u2010dessinateurs travaillent en m\u00eame temps sur une id\u00e9e et un univers, avec comme avantage des albums qui sortent \u00e0 quelques mois d\u2019intervalle.<\/p>\n\n\n\n<p class=\"has-text-align-center\">Il a particip\u00e9 avec Olivier Peru, au premier tome des \u00ab\u00a0Ma\u00eetres inquisiteurs\u00a0\u00bb intitul\u00e9 Obeyron, sorti en mars 2015.<\/p>\n\n\n\n<p class=\"has-text-align-center\"><strong>Il r\u00e9side \u00e0 Besan\u00e7on<\/strong>.<\/p>\n\n\n\n<p>                           <\/p>\n\n\n\n<p class=\"has-text-align-center\">Pierre-Denis Goux d\u00e9dicacera uniquement son album \u00ab\u00a0Fidji\u00a0\u00bb<\/p>\n\n\n\n<p class=\"has-text-align-center\"><\/p>\n\n\n\n<p class=\"has-text-align-center\">Achat sur place obligatoire<\/p>\n\n\n\n<p>                           <\/p>\n\n\n\n<figure class=\"wp-block-image size-large\"><img data-recalc-dims=\"1\" loading=\"lazy\" decoding=\"async\" width=\"777\" height=\"1024\" src=\"https:\/\/i0.wp.com\/bdmiam.fr\/wp-content\/uploads\/2024\/04\/Fidji.jpeg?resize=777%2C1024&#038;ssl=1\" alt=\"\" class=\"wp-image-6620\" srcset=\"https:\/\/i0.wp.com\/bdmiam.fr\/wp-content\/uploads\/2024\/04\/Fidji.jpeg?resize=777%2C1024&amp;ssl=1 777w, https:\/\/i0.wp.com\/bdmiam.fr\/wp-content\/uploads\/2024\/04\/Fidji.jpeg?resize=228%2C300&amp;ssl=1 228w, https:\/\/i0.wp.com\/bdmiam.fr\/wp-content\/uploads\/2024\/04\/Fidji.jpeg?resize=768%2C1012&amp;ssl=1 768w, https:\/\/i0.wp.com\/bdmiam.fr\/wp-content\/uploads\/2024\/04\/Fidji.jpeg?w=1138&amp;ssl=1 1138w\" sizes=\"auto, (max-width: 777px) 100vw, 777px\" \/><\/figure>\n\n\n\n<p>                    <\/p>\n\n\n\n<p class=\"has-text-align-center\">Sources :<\/p>\n\n\n\n<p class=\"has-text-align-center\"><a href=\"https:\/\/www.bedetheque.com\/auteur-19756-BD-Goux-Pierre-Denis.html\" data-type=\"link\" data-id=\"https:\/\/www.bedetheque.com\/auteur-19756-BD-Goux-Pierre-Denis.html\" target=\"_blank\" rel=\"noreferrer noopener\">Bedetheque.com<\/a><\/p>\n\n\n\n<p class=\"has-text-align-center\"><a href=\"https:\/\/www.babelio.com\/auteur\/Pierre-Denis-Goux\/136660\">Babelio.<\/a><a href=\"https:\/\/www.babelio.com\/auteur\/Pierre-Denis-Goux\/136660\" target=\"_blank\" rel=\"noreferrer noopener\">com<\/a><\/p>\n","protected":false},"excerpt":{"rendered":"<p>Pierre-Denis Goux est un dessinateur de bande dessin\u00e9e et illustrateur n\u00e9 \u00e0 Besan\u00e7on le 24 janvier 1985 Form\u00e9 \u00e0 l\u2019\u00e9cole Pivaut \u00e0 Nantes en section bande dessin\u00e9e et illustration, il signe son premier album chez Soleil, avec \u00ab\u00a0Merlin le Proph\u00e8te\u00a0\u00bb (2010) avec la complicit\u00e9 de Jean-Luc Istin, sc\u00e9nariste tr\u00e8s prolifique aux nombreuses s\u00e9ries \u00e0 succ\u00e8s [&hellip;]<\/p>\n","protected":false},"author":1,"featured_media":6618,"parent":6448,"menu_order":0,"comment_status":"closed","ping_status":"closed","template":"page-with-sidebar","meta":{"footnotes":""},"class_list":["post-6624","page","type-page","status-publish","has-post-thumbnail","hentry"],"jetpack_sharing_enabled":true,"_links":{"self":[{"href":"https:\/\/bdmiam.fr\/index.php\/wp-json\/wp\/v2\/pages\/6624","targetHints":{"allow":["GET"]}}],"collection":[{"href":"https:\/\/bdmiam.fr\/index.php\/wp-json\/wp\/v2\/pages"}],"about":[{"href":"https:\/\/bdmiam.fr\/index.php\/wp-json\/wp\/v2\/types\/page"}],"author":[{"embeddable":true,"href":"https:\/\/bdmiam.fr\/index.php\/wp-json\/wp\/v2\/users\/1"}],"replies":[{"embeddable":true,"href":"https:\/\/bdmiam.fr\/index.php\/wp-json\/wp\/v2\/comments?post=6624"}],"version-history":[{"count":2,"href":"https:\/\/bdmiam.fr\/index.php\/wp-json\/wp\/v2\/pages\/6624\/revisions"}],"predecessor-version":[{"id":6626,"href":"https:\/\/bdmiam.fr\/index.php\/wp-json\/wp\/v2\/pages\/6624\/revisions\/6626"}],"up":[{"embeddable":true,"href":"https:\/\/bdmiam.fr\/index.php\/wp-json\/wp\/v2\/pages\/6448"}],"wp:featuredmedia":[{"embeddable":true,"href":"https:\/\/bdmiam.fr\/index.php\/wp-json\/wp\/v2\/media\/6618"}],"wp:attachment":[{"href":"https:\/\/bdmiam.fr\/index.php\/wp-json\/wp\/v2\/media?parent=6624"}],"curies":[{"name":"wp","href":"https:\/\/api.w.org\/{rel}","templated":true}]}}