{"id":6648,"date":"2024-05-11T09:22:36","date_gmt":"2024-05-11T07:22:36","guid":{"rendered":"http:\/\/bdmiam.fr\/?page_id=6648"},"modified":"2024-05-20T22:00:50","modified_gmt":"2024-05-20T20:00:50","slug":"laura-zuccheri","status":"publish","type":"page","link":"https:\/\/bdmiam.fr\/index.php\/festival-2024\/laura-zuccheri\/","title":{"rendered":"Laura Zuccheri"},"content":{"rendered":"\n<figure class=\"wp-block-image aligncenter size-full\"><img data-recalc-dims=\"1\" loading=\"lazy\" decoding=\"async\" width=\"500\" height=\"510\" src=\"https:\/\/i0.wp.com\/bdmiam.fr\/wp-content\/uploads\/2024\/05\/Photo_18516.jpg?resize=500%2C510&#038;ssl=1\" alt=\"\" class=\"wp-image-6650\" srcset=\"https:\/\/i0.wp.com\/bdmiam.fr\/wp-content\/uploads\/2024\/05\/Photo_18516.jpg?w=500&amp;ssl=1 500w, https:\/\/i0.wp.com\/bdmiam.fr\/wp-content\/uploads\/2024\/05\/Photo_18516.jpg?resize=294%2C300&amp;ssl=1 294w\" sizes=\"auto, (max-width: 500px) 100vw, 500px\" \/><\/figure>\n\n\n\n<p><\/p>\n\n\n\n<p class=\"has-text-align-center\">N\u00e9e en 1971 \u00e0 <strong>Budrio (Italie)<\/strong>, <strong>Laura Zuccheri<\/strong> fait ses premiers pas dans le monde de la bande dessin\u00e9e en 1992, en r\u00e9alisant les crayonn\u00e9s d\u2019histoires publi\u00e9es dans le magazine Ken Parker, r\u00e9alis\u00e9 par Giancarlo Berardi et Ivo Milazzo. En 1995, elle publie Les Condamn\u00e9s, signant ainsi son premier album en tant qu\u2019auteur avec Pasquale Frisenda. En 1996, les \u00e9ditions Sergio Bonelli publient dans la collection \u00ab Zone X \u00bb son album Hardware. Elle entame en 1997 sa collaboration avec la revue Julia (elle r\u00e9alise \u00e9galement les premi\u00e8res de couverture des Almanachs de Julia). Ayant rencontr\u00e9 en 2006 Sylviane Corgiat, elle publie avec elle, en 2009, le premier tome de la s\u00e9rie \u00ab Les Ep\u00e9es de verre \u00bb chez Les Humano\u00efdes Associ\u00e9s. Laura Zuccheri m\u00e8ne de fronts plusieurs activit\u00e9s artistiques, en r\u00e9alisant notamment de nombreuses illustrations ainsi que des peintures \u00e0 l\u2019huile.<\/p>\n\n\n\n<p><\/p>\n\n\n\n<p class=\"has-text-align-center\">Achat sur place obligatoire<\/p>\n\n\n\n<div class=\"wp-block-group alignwide is-nowrap is-layout-flex wp-container-core-group-is-layout-6c531013 wp-block-group-is-layout-flex\">\n<figure class=\"wp-block-image size-large is-resized\"><img data-recalc-dims=\"1\" loading=\"lazy\" decoding=\"async\" width=\"769\" height=\"1024\" src=\"https:\/\/i0.wp.com\/bdmiam.fr\/wp-content\/uploads\/2024\/05\/Couv_497214.jpg?resize=769%2C1024&#038;ssl=1\" alt=\"\" class=\"wp-image-6651\" style=\"width:769px;height:auto\" srcset=\"https:\/\/i0.wp.com\/bdmiam.fr\/wp-content\/uploads\/2024\/05\/Couv_497214.jpg?resize=769%2C1024&amp;ssl=1 769w, https:\/\/i0.wp.com\/bdmiam.fr\/wp-content\/uploads\/2024\/05\/Couv_497214.jpg?resize=225%2C300&amp;ssl=1 225w, https:\/\/i0.wp.com\/bdmiam.fr\/wp-content\/uploads\/2024\/05\/Couv_497214.jpg?resize=768%2C1023&amp;ssl=1 768w, https:\/\/i0.wp.com\/bdmiam.fr\/wp-content\/uploads\/2024\/05\/Couv_497214.jpg?w=850&amp;ssl=1 850w\" sizes=\"auto, (max-width: 769px) 100vw, 769px\" \/><\/figure>\n\n\n\n<figure class=\"wp-block-image size-large\"><img data-recalc-dims=\"1\" loading=\"lazy\" decoding=\"async\" width=\"768\" height=\"1024\" src=\"https:\/\/i0.wp.com\/bdmiam.fr\/wp-content\/uploads\/2024\/05\/4111_couv.jpg?resize=768%2C1024&#038;ssl=1\" alt=\"\" class=\"wp-image-6766\" srcset=\"https:\/\/i0.wp.com\/bdmiam.fr\/wp-content\/uploads\/2024\/05\/4111_couv.jpg?resize=768%2C1024&amp;ssl=1 768w, https:\/\/i0.wp.com\/bdmiam.fr\/wp-content\/uploads\/2024\/05\/4111_couv.jpg?resize=225%2C300&amp;ssl=1 225w, https:\/\/i0.wp.com\/bdmiam.fr\/wp-content\/uploads\/2024\/05\/4111_couv.jpg?w=894&amp;ssl=1 894w\" sizes=\"auto, (max-width: 768px) 100vw, 768px\" \/><\/figure>\n<\/div>\n\n\n\n<p><\/p>\n\n\n\n<p class=\"has-text-align-center\">Sources : <a href=\"https:\/\/www.bedetheque.com\/auteur-18516-BD-Zuccheri-Laura.html\" data-type=\"link\" data-id=\"https:\/\/www.bedetheque.com\/auteur-18516-BD-Zuccheri-Laura.html\" target=\"_blank\" rel=\"noreferrer noopener\">Bedetheque.com<\/a><\/p>\n","protected":false},"excerpt":{"rendered":"<p>N\u00e9e en 1971 \u00e0 Budrio (Italie), Laura Zuccheri fait ses premiers pas dans le monde de la bande dessin\u00e9e en 1992, en r\u00e9alisant les crayonn\u00e9s d\u2019histoires publi\u00e9es dans le magazine Ken Parker, r\u00e9alis\u00e9 par Giancarlo Berardi et Ivo Milazzo. En 1995, elle publie Les Condamn\u00e9s, signant ainsi son premier album en tant qu\u2019auteur avec Pasquale [&hellip;]<\/p>\n","protected":false},"author":1,"featured_media":6649,"parent":6448,"menu_order":0,"comment_status":"closed","ping_status":"closed","template":"page-with-sidebar","meta":{"footnotes":""},"class_list":["post-6648","page","type-page","status-publish","has-post-thumbnail","hentry"],"jetpack_sharing_enabled":true,"_links":{"self":[{"href":"https:\/\/bdmiam.fr\/index.php\/wp-json\/wp\/v2\/pages\/6648","targetHints":{"allow":["GET"]}}],"collection":[{"href":"https:\/\/bdmiam.fr\/index.php\/wp-json\/wp\/v2\/pages"}],"about":[{"href":"https:\/\/bdmiam.fr\/index.php\/wp-json\/wp\/v2\/types\/page"}],"author":[{"embeddable":true,"href":"https:\/\/bdmiam.fr\/index.php\/wp-json\/wp\/v2\/users\/1"}],"replies":[{"embeddable":true,"href":"https:\/\/bdmiam.fr\/index.php\/wp-json\/wp\/v2\/comments?post=6648"}],"version-history":[{"count":3,"href":"https:\/\/bdmiam.fr\/index.php\/wp-json\/wp\/v2\/pages\/6648\/revisions"}],"predecessor-version":[{"id":6768,"href":"https:\/\/bdmiam.fr\/index.php\/wp-json\/wp\/v2\/pages\/6648\/revisions\/6768"}],"up":[{"embeddable":true,"href":"https:\/\/bdmiam.fr\/index.php\/wp-json\/wp\/v2\/pages\/6448"}],"wp:featuredmedia":[{"embeddable":true,"href":"https:\/\/bdmiam.fr\/index.php\/wp-json\/wp\/v2\/media\/6649"}],"wp:attachment":[{"href":"https:\/\/bdmiam.fr\/index.php\/wp-json\/wp\/v2\/media?parent=6648"}],"curies":[{"name":"wp","href":"https:\/\/api.w.org\/{rel}","templated":true}]}}