{"id":6660,"date":"2024-05-11T09:57:42","date_gmt":"2024-05-11T07:57:42","guid":{"rendered":"http:\/\/bdmiam.fr\/?page_id=6660"},"modified":"2024-05-19T22:51:21","modified_gmt":"2024-05-19T20:51:21","slug":"marion-besancon","status":"publish","type":"page","link":"https:\/\/bdmiam.fr\/index.php\/festival-2024\/marion-besancon\/","title":{"rendered":"Marion Besan\u00e7on"},"content":{"rendered":"\n<p>           <\/p>\n\n\n\n<figure class=\"wp-block-image aligncenter size-full is-resized\"><img data-recalc-dims=\"1\" loading=\"lazy\" decoding=\"async\" width=\"326\" height=\"326\" src=\"https:\/\/i0.wp.com\/bdmiam.fr\/wp-content\/uploads\/2024\/05\/AVT_Marion-Besancon_7997.webp?resize=326%2C326&#038;ssl=1\" alt=\"\" class=\"wp-image-6662\" style=\"width:454px;height:auto\" srcset=\"https:\/\/i0.wp.com\/bdmiam.fr\/wp-content\/uploads\/2024\/05\/AVT_Marion-Besancon_7997.webp?w=326&amp;ssl=1 326w, https:\/\/i0.wp.com\/bdmiam.fr\/wp-content\/uploads\/2024\/05\/AVT_Marion-Besancon_7997.webp?resize=300%2C300&amp;ssl=1 300w, https:\/\/i0.wp.com\/bdmiam.fr\/wp-content\/uploads\/2024\/05\/AVT_Marion-Besancon_7997.webp?resize=150%2C150&amp;ssl=1 150w\" sizes=\"auto, (max-width: 326px) 100vw, 326px\" \/><\/figure>\n\n\n\n<p>                       <\/p>\n\n\n\n<p class=\"has-text-align-center\"><strong>Marion Besan\u00e7on<\/strong> est n\u00e9e en 1998 \u00e0 la <strong>Fert\u00e9 Mac\u00e9<\/strong> en Normandie, puis elle a grandi \u00e0 <strong>Montauban<\/strong>, en Occitanie.<\/p>\n\n\n\n<p class=\"has-text-align-center\">\u200bEn 2015 elle participe et est laur\u00e9ate du Prix Claude Nougaro dans la cat\u00e9gorie bande dessin\u00e9e.<\/p>\n\n\n\n<p class=\"has-text-align-center\">\u200bApr\u00e8s l&rsquo;obtention de son baccalaur\u00e9at en 2015, ell \u00e9tudie pendant 3 ans \u00e0 l&rsquo;\u00e9cole Pivaut de Nantes, se sp\u00e9cialisant les deux derni\u00e8res ann\u00e9es en bande dessin\u00e9e.<\/p>\n\n\n\n<p class=\"has-text-align-center\">\u200bDepuis, je travaille au d\u00e9veloppement de son univers personnel que ce soit par les images (dessin, peinture, illustration), par les mots (nouvelles, po\u00e9sies, sc\u00e9naris), ou avec les deux (bande dessin\u00e9e, roman graphique, storyboard), \u00e9tant particuli\u00e8rement passionn\u00e9e par la narration et ses formes.<\/p>\n\n\n\n<p class=\"has-text-align-center\">Elle participe r\u00e9guli\u00e8rement au fanzine L&rsquo;Oreille Qui Voit et travaille depuis 2021 sur un premier roman graphique en collaboration avec Patrick Lacan.<\/p>\n\n\n\n<p>      <\/p>\n\n\n\n<p class=\"has-text-align-center\">Achat sur place obligatoire<\/p>\n\n\n\n<p>                              <\/p>\n\n\n\n<figure class=\"wp-block-image aligncenter size-full\"><img data-recalc-dims=\"1\" loading=\"lazy\" decoding=\"async\" width=\"689\" height=\"864\" src=\"https:\/\/i0.wp.com\/bdmiam.fr\/wp-content\/uploads\/2024\/05\/2024-05-11-09_48_11-NVIDIA-GeForce-Overlay-DT.jpg?resize=689%2C864&#038;ssl=1\" alt=\"\" class=\"wp-image-6663\" srcset=\"https:\/\/i0.wp.com\/bdmiam.fr\/wp-content\/uploads\/2024\/05\/2024-05-11-09_48_11-NVIDIA-GeForce-Overlay-DT.jpg?w=689&amp;ssl=1 689w, https:\/\/i0.wp.com\/bdmiam.fr\/wp-content\/uploads\/2024\/05\/2024-05-11-09_48_11-NVIDIA-GeForce-Overlay-DT.jpg?resize=239%2C300&amp;ssl=1 239w\" sizes=\"auto, (max-width: 689px) 100vw, 689px\" \/><\/figure>\n\n\n\n<p>                 <\/p>\n\n\n\n<p class=\"has-text-align-center\">Sources : <a href=\"https:\/\/mabesancon.wixsite.com\/marionbesancon\/about-1\" target=\"_blank\" rel=\"noreferrer noopener\">mabesancon.wixsite.com<\/a><\/p>\n","protected":false},"excerpt":{"rendered":"<p>Marion Besan\u00e7on est n\u00e9e en 1998 \u00e0 la Fert\u00e9 Mac\u00e9 en Normandie, puis elle a grandi \u00e0 Montauban, en Occitanie. \u200bEn 2015 elle participe et est laur\u00e9ate du Prix Claude Nougaro dans la cat\u00e9gorie bande dessin\u00e9e. \u200bApr\u00e8s l&rsquo;obtention de son baccalaur\u00e9at en 2015, ell \u00e9tudie pendant 3 ans \u00e0 l&rsquo;\u00e9cole Pivaut de Nantes, se sp\u00e9cialisant [&hellip;]<\/p>\n","protected":false},"author":1,"featured_media":6661,"parent":6448,"menu_order":0,"comment_status":"closed","ping_status":"closed","template":"page-with-sidebar","meta":{"footnotes":""},"class_list":["post-6660","page","type-page","status-publish","has-post-thumbnail","hentry"],"jetpack_sharing_enabled":true,"_links":{"self":[{"href":"https:\/\/bdmiam.fr\/index.php\/wp-json\/wp\/v2\/pages\/6660","targetHints":{"allow":["GET"]}}],"collection":[{"href":"https:\/\/bdmiam.fr\/index.php\/wp-json\/wp\/v2\/pages"}],"about":[{"href":"https:\/\/bdmiam.fr\/index.php\/wp-json\/wp\/v2\/types\/page"}],"author":[{"embeddable":true,"href":"https:\/\/bdmiam.fr\/index.php\/wp-json\/wp\/v2\/users\/1"}],"replies":[{"embeddable":true,"href":"https:\/\/bdmiam.fr\/index.php\/wp-json\/wp\/v2\/comments?post=6660"}],"version-history":[{"count":1,"href":"https:\/\/bdmiam.fr\/index.php\/wp-json\/wp\/v2\/pages\/6660\/revisions"}],"predecessor-version":[{"id":6664,"href":"https:\/\/bdmiam.fr\/index.php\/wp-json\/wp\/v2\/pages\/6660\/revisions\/6664"}],"up":[{"embeddable":true,"href":"https:\/\/bdmiam.fr\/index.php\/wp-json\/wp\/v2\/pages\/6448"}],"wp:featuredmedia":[{"embeddable":true,"href":"https:\/\/bdmiam.fr\/index.php\/wp-json\/wp\/v2\/media\/6661"}],"wp:attachment":[{"href":"https:\/\/bdmiam.fr\/index.php\/wp-json\/wp\/v2\/media?parent=6660"}],"curies":[{"name":"wp","href":"https:\/\/api.w.org\/{rel}","templated":true}]}}