{"id":6765,"date":"2024-05-20T22:07:49","date_gmt":"2024-05-20T20:07:49","guid":{"rendered":"https:\/\/bdmiam.fr\/?page_id=6765"},"modified":"2024-05-20T22:07:49","modified_gmt":"2024-05-20T20:07:49","slug":"sudeep-menon","status":"publish","type":"page","link":"https:\/\/bdmiam.fr\/index.php\/festival-2024\/sudeep-menon\/","title":{"rendered":"Sudeep Menon"},"content":{"rendered":"\n<figure class=\"wp-block-image aligncenter size-full\"><img data-recalc-dims=\"1\" loading=\"lazy\" decoding=\"async\" width=\"375\" height=\"490\" src=\"https:\/\/i0.wp.com\/bdmiam.fr\/wp-content\/uploads\/2024\/05\/sudeep.jpg?resize=375%2C490&#038;ssl=1\" alt=\"\" class=\"wp-image-6770\" srcset=\"https:\/\/i0.wp.com\/bdmiam.fr\/wp-content\/uploads\/2024\/05\/sudeep.jpg?w=375&amp;ssl=1 375w, https:\/\/i0.wp.com\/bdmiam.fr\/wp-content\/uploads\/2024\/05\/sudeep.jpg?resize=230%2C300&amp;ssl=1 230w\" sizes=\"auto, (max-width: 375px) 100vw, 375px\" \/><\/figure>\n\n\n\n<p class=\"has-text-align-center\"><br>Sudeep Menon est un sc\u00e9nariste indien originaire de Mumbai. Il a travaill\u00e9 pour plusieurs structures \u00e9ditoriales en Inde et a sc\u00e9naris\u00e9 une dizaine de titres dont :\u00a0<em>Dracula. A reimagined tale<\/em>,\u00a0<em>Incognito<\/em>,\u00a0<em>Soormas<\/em>,\u00a0<em>Takshak<\/em>, etc. Il s\u2019associe \u00e0 Laura Zuccheri pour sa premi\u00e8re bande dessin\u00e9e sur le march\u00e9 europ\u00e9en :\u00a0<em>Kamasutra. De chair et de sang<\/em>\u00a0aux \u00e9ditions Daniel Maghen.<\/p>\n\n\n\n<p><\/p>\n\n\n\n<p class=\"has-text-align-center\">Achat sur place obligatoire<\/p>\n\n\n\n<p><\/p>\n\n\n\n<figure class=\"wp-block-image aligncenter size-large\"><img data-recalc-dims=\"1\" loading=\"lazy\" decoding=\"async\" width=\"768\" height=\"1024\" src=\"https:\/\/i0.wp.com\/bdmiam.fr\/wp-content\/uploads\/2024\/05\/4111_couv.jpg?resize=768%2C1024&#038;ssl=1\" alt=\"\" class=\"wp-image-6766\" srcset=\"https:\/\/i0.wp.com\/bdmiam.fr\/wp-content\/uploads\/2024\/05\/4111_couv.jpg?resize=768%2C1024&amp;ssl=1 768w, https:\/\/i0.wp.com\/bdmiam.fr\/wp-content\/uploads\/2024\/05\/4111_couv.jpg?resize=225%2C300&amp;ssl=1 225w, https:\/\/i0.wp.com\/bdmiam.fr\/wp-content\/uploads\/2024\/05\/4111_couv.jpg?w=894&amp;ssl=1 894w\" sizes=\"auto, (max-width: 768px) 100vw, 768px\" \/><\/figure>\n\n\n\n<p><\/p>\n\n\n\n<p class=\"has-text-align-center\">Sources : <a href=\"https:\/\/www.danielmaghen-editions.com\/auteurs\/sudeep-menon\/\" target=\"_blank\" rel=\"noreferrer noopener\">danielmaghen-editions.com<\/a><\/p>\n","protected":false},"excerpt":{"rendered":"<p>Sudeep Menon est un sc\u00e9nariste indien originaire de Mumbai. Il a travaill\u00e9 pour plusieurs structures \u00e9ditoriales en Inde et a sc\u00e9naris\u00e9 une dizaine de titres dont :\u00a0Dracula. A reimagined tale,\u00a0Incognito,\u00a0Soormas,\u00a0Takshak, etc. Il s\u2019associe \u00e0 Laura Zuccheri pour sa premi\u00e8re bande dessin\u00e9e sur le march\u00e9 europ\u00e9en :\u00a0Kamasutra. De chair et de sang\u00a0aux \u00e9ditions Daniel Maghen. Achat [&hellip;]<\/p>\n","protected":false},"author":1,"featured_media":6769,"parent":6448,"menu_order":0,"comment_status":"closed","ping_status":"closed","template":"page-with-sidebar","meta":{"footnotes":""},"class_list":["post-6765","page","type-page","status-publish","has-post-thumbnail","hentry"],"jetpack_sharing_enabled":true,"_links":{"self":[{"href":"https:\/\/bdmiam.fr\/index.php\/wp-json\/wp\/v2\/pages\/6765","targetHints":{"allow":["GET"]}}],"collection":[{"href":"https:\/\/bdmiam.fr\/index.php\/wp-json\/wp\/v2\/pages"}],"about":[{"href":"https:\/\/bdmiam.fr\/index.php\/wp-json\/wp\/v2\/types\/page"}],"author":[{"embeddable":true,"href":"https:\/\/bdmiam.fr\/index.php\/wp-json\/wp\/v2\/users\/1"}],"replies":[{"embeddable":true,"href":"https:\/\/bdmiam.fr\/index.php\/wp-json\/wp\/v2\/comments?post=6765"}],"version-history":[{"count":2,"href":"https:\/\/bdmiam.fr\/index.php\/wp-json\/wp\/v2\/pages\/6765\/revisions"}],"predecessor-version":[{"id":6772,"href":"https:\/\/bdmiam.fr\/index.php\/wp-json\/wp\/v2\/pages\/6765\/revisions\/6772"}],"up":[{"embeddable":true,"href":"https:\/\/bdmiam.fr\/index.php\/wp-json\/wp\/v2\/pages\/6448"}],"wp:featuredmedia":[{"embeddable":true,"href":"https:\/\/bdmiam.fr\/index.php\/wp-json\/wp\/v2\/media\/6769"}],"wp:attachment":[{"href":"https:\/\/bdmiam.fr\/index.php\/wp-json\/wp\/v2\/media?parent=6765"}],"curies":[{"name":"wp","href":"https:\/\/api.w.org\/{rel}","templated":true}]}}