{"id":6776,"date":"2024-05-20T22:33:21","date_gmt":"2024-05-20T20:33:21","guid":{"rendered":"https:\/\/bdmiam.fr\/?page_id=6776"},"modified":"2024-05-20T22:33:21","modified_gmt":"2024-05-20T20:33:21","slug":"marlene-verglas","status":"publish","type":"page","link":"https:\/\/bdmiam.fr\/index.php\/marlene-verglas\/","title":{"rendered":"Marl\u00e8ne Verglas"},"content":{"rendered":"\n<p class=\"has-text-align-center\">Elle vit \u00e0 <strong><span style=\"text-decoration: underline;\">Villefranche-sur-Sa\u00f4ne<\/span><\/strong>, et est graphiste en communication.<\/p>\n\n\n\n<p><\/p>\n\n\n\n<p class=\"has-text-align-center\">Elle animera un atelier pour fabriquer de belles roses merVEILLEUSES.<\/p>\n\n\n\n<p class=\"has-text-align-center\">Elle d\u00e9dicacera aussi durant le weekeend ses albums jeunesse \u00ab\u00a0Le Roi Radin\u00a0\u00bb et \u00ab\u00a0La fabrique de Marie-Rose-Marie\u00a0\u00bb chez Balivernes \u00c9ditions.<\/p>\n\n\n\n<p class=\"has-text-align-center\">3 ateliers par jour sur r\u00e9servation<\/p>\n\n\n\n<p class=\"has-text-align-center\"><\/p>\n\n\n\n<figure class=\"wp-block-image aligncenter size-large\"><img data-recalc-dims=\"1\" loading=\"lazy\" decoding=\"async\" width=\"724\" height=\"1024\" src=\"https:\/\/i0.wp.com\/bdmiam.fr\/wp-content\/uploads\/2024\/05\/442489358_844133994410439_8117868498261571439_n.jpg?resize=724%2C1024&#038;ssl=1\" alt=\"\" class=\"wp-image-6778\" srcset=\"https:\/\/i0.wp.com\/bdmiam.fr\/wp-content\/uploads\/2024\/05\/442489358_844133994410439_8117868498261571439_n.jpg?resize=724%2C1024&amp;ssl=1 724w, https:\/\/i0.wp.com\/bdmiam.fr\/wp-content\/uploads\/2024\/05\/442489358_844133994410439_8117868498261571439_n.jpg?resize=212%2C300&amp;ssl=1 212w, https:\/\/i0.wp.com\/bdmiam.fr\/wp-content\/uploads\/2024\/05\/442489358_844133994410439_8117868498261571439_n.jpg?resize=768%2C1086&amp;ssl=1 768w, https:\/\/i0.wp.com\/bdmiam.fr\/wp-content\/uploads\/2024\/05\/442489358_844133994410439_8117868498261571439_n.jpg?w=899&amp;ssl=1 899w\" sizes=\"auto, (max-width: 724px) 100vw, 724px\" \/><\/figure>\n\n\n\n<p><\/p>\n\n\n\n<figure class=\"wp-block-image aligncenter size-full\"><img data-recalc-dims=\"1\" loading=\"lazy\" decoding=\"async\" width=\"833\" height=\"578\" src=\"https:\/\/i0.wp.com\/bdmiam.fr\/wp-content\/uploads\/2024\/05\/CouvRVB_RoiRadin.jpg?resize=833%2C578&#038;ssl=1\" alt=\"\" class=\"wp-image-6781\" srcset=\"https:\/\/i0.wp.com\/bdmiam.fr\/wp-content\/uploads\/2024\/05\/CouvRVB_RoiRadin.jpg?w=833&amp;ssl=1 833w, https:\/\/i0.wp.com\/bdmiam.fr\/wp-content\/uploads\/2024\/05\/CouvRVB_RoiRadin.jpg?resize=300%2C208&amp;ssl=1 300w, https:\/\/i0.wp.com\/bdmiam.fr\/wp-content\/uploads\/2024\/05\/CouvRVB_RoiRadin.jpg?resize=768%2C533&amp;ssl=1 768w\" sizes=\"auto, (max-width: 833px) 100vw, 833px\" \/><\/figure>\n\n\n\n<p><\/p>\n\n\n\n<p class=\"has-text-align-center\">Sources : <a href=\"https:\/\/www.ricochet-jeunes.org\/auteurs\/marlene-verglas\" data-type=\"link\" data-id=\"https:\/\/www.ricochet-jeunes.org\/auteurs\/marlene-verglas\" target=\"_blank\" rel=\"noreferrer noopener\">ricochet-jeunes.org<\/a><\/p>\n","protected":false},"excerpt":{"rendered":"<p>Elle vit \u00e0 Villefranche-sur-Sa\u00f4ne, et est graphiste en communication. Elle animera un atelier pour fabriquer de belles roses merVEILLEUSES. Elle d\u00e9dicacera aussi durant le weekeend ses albums jeunesse \u00ab\u00a0Le Roi Radin\u00a0\u00bb et \u00ab\u00a0La fabrique de Marie-Rose-Marie\u00a0\u00bb chez Balivernes \u00c9ditions. 3 ateliers par jour sur r\u00e9servation Sources : ricochet-jeunes.org<\/p>\n","protected":false},"author":1,"featured_media":6777,"parent":0,"menu_order":0,"comment_status":"closed","ping_status":"closed","template":"page-with-sidebar","meta":{"footnotes":""},"class_list":["post-6776","page","type-page","status-publish","has-post-thumbnail","hentry"],"jetpack_sharing_enabled":true,"_links":{"self":[{"href":"https:\/\/bdmiam.fr\/index.php\/wp-json\/wp\/v2\/pages\/6776","targetHints":{"allow":["GET"]}}],"collection":[{"href":"https:\/\/bdmiam.fr\/index.php\/wp-json\/wp\/v2\/pages"}],"about":[{"href":"https:\/\/bdmiam.fr\/index.php\/wp-json\/wp\/v2\/types\/page"}],"author":[{"embeddable":true,"href":"https:\/\/bdmiam.fr\/index.php\/wp-json\/wp\/v2\/users\/1"}],"replies":[{"embeddable":true,"href":"https:\/\/bdmiam.fr\/index.php\/wp-json\/wp\/v2\/comments?post=6776"}],"version-history":[{"count":4,"href":"https:\/\/bdmiam.fr\/index.php\/wp-json\/wp\/v2\/pages\/6776\/revisions"}],"predecessor-version":[{"id":6783,"href":"https:\/\/bdmiam.fr\/index.php\/wp-json\/wp\/v2\/pages\/6776\/revisions\/6783"}],"wp:featuredmedia":[{"embeddable":true,"href":"https:\/\/bdmiam.fr\/index.php\/wp-json\/wp\/v2\/media\/6777"}],"wp:attachment":[{"href":"https:\/\/bdmiam.fr\/index.php\/wp-json\/wp\/v2\/media?parent=6776"}],"curies":[{"name":"wp","href":"https:\/\/api.w.org\/{rel}","templated":true}]}}