{"id":6841,"date":"2024-06-02T21:15:36","date_gmt":"2024-06-02T19:15:36","guid":{"rendered":"https:\/\/bdmiam.fr\/?page_id=6841"},"modified":"2024-06-02T21:15:36","modified_gmt":"2024-06-02T19:15:36","slug":"gradimir-smudja","status":"publish","type":"page","link":"https:\/\/bdmiam.fr\/index.php\/festival-2024\/gradimir-smudja\/","title":{"rendered":"Gradimir Smudja"},"content":{"rendered":"\n<p><\/p>\n\n\n\n<figure class=\"wp-block-image aligncenter size-full\"><img data-recalc-dims=\"1\" loading=\"lazy\" decoding=\"async\" width=\"650\" height=\"650\" src=\"https:\/\/i0.wp.com\/bdmiam.fr\/wp-content\/uploads\/2024\/06\/Photo_6588.jpg?resize=650%2C650&#038;ssl=1\" alt=\"\" class=\"wp-image-6842\" srcset=\"https:\/\/i0.wp.com\/bdmiam.fr\/wp-content\/uploads\/2024\/06\/Photo_6588.jpg?w=650&amp;ssl=1 650w, https:\/\/i0.wp.com\/bdmiam.fr\/wp-content\/uploads\/2024\/06\/Photo_6588.jpg?resize=300%2C300&amp;ssl=1 300w, https:\/\/i0.wp.com\/bdmiam.fr\/wp-content\/uploads\/2024\/06\/Photo_6588.jpg?resize=150%2C150&amp;ssl=1 150w\" sizes=\"auto, (max-width: 650px) 100vw, 650px\" \/><\/figure>\n\n\n\n<p><\/p>\n\n\n\n<p class=\"has-text-align-center\"><strong>Gradimir Smudja<\/strong> est n\u00e9 \u00e0 <strong>Novi Sad en juillet 1956 en Yougoslavie<\/strong>. Il quitte son pays natal en 1982, pour des raisons d\u2019incompatibilit\u00e9 avec le r\u00e9gime, et <strong>\u00e9migre vers la Suisse<\/strong>. L\u00e0, il exerce son coup de pinceau pour un galeriste. V\u00e9ritable touche-\u00e0-tout, il r\u00e9alise des copies, travaille sur toile, bois, fait des caricatures et <strong>part s\u2019installer \u00e0 Lucca, en Italie<\/strong>. Son <strong><a href=\"https:\/\/www.bedetheque.com\/serie-5621-BD-Vincent-et-Van-Gogh.html\" data-type=\"link\" data-id=\"https:\/\/www.bedetheque.com\/serie-5621-BD-Vincent-et-Van-Gogh.html\" target=\"_blank\" rel=\"noreferrer noopener\">Vincent et Van Gogh<\/a><\/strong> qui ponctu\u00e8rent sa vie comme autant de preuves de son passage. Cette copie du travail du g\u00e9nie hollandais n\u2019est pas une simple repr\u00e9sentation technique ou un simple exercice de style, c\u2019est avant tout l\u2019hommage d\u2019un peintre \u00e0 un coll\u00e8gue. \u00ab\u00a0Van Gogh m\u2019a toujours int\u00e9ress\u00e9 et aujourd\u2019hui j\u2019ai voulu raconter sa v\u00e9ritable histoire car tout le monde sait qui \u00e9tait Van Gogh, mais personne ne conna\u00eet Vincent, sa seconde \u00e2me. L\u2019album Vincent et Van Gogh restera toujours un tome unique, justement parce que c\u2019est de l\u00e0 que devra partir l\u2019imagination de mes lecteurs pour qu\u2019ils formulent \u00e0 leur guise la suite de l\u2019histoire. Ce r\u00e9cit n\u2019a pas de limite et peut s\u00fbrement toucher tout le monde : \u00ab\u00a0Vous avez un chat ? Si oui.. faites attention car il pourrait bien \u00eatre un g\u00e9nie ! C\u2019est peut-\u00eatre l\u2019incarnation de Mozart ou d\u2019Einstein !\u00a0\u00bb. J\u2019ai une grande passion pour l\u2019histoire de l\u2019art, surtout pour la Belle \u00c9poque, le contexte parisien avec Sarah Bernhardt, Toulouse-Lautrec, le petit grand h\u00e9ros de ma prochaine bande dessin\u00e9e, Le Bordel des muses. Mon inspiration na\u00eet du myst\u00e8re du pass\u00e9 car je soutiens moi-m\u00eame que tout n\u2019a pas \u00e9t\u00e9 compl\u00e8tement r\u00e9v\u00e9l\u00e9 : il y a encore cette partie obscure de l\u2019histoire que j\u2019ai essay\u00e9 d\u2019explorer avec mes voyages imaginaires\u00a0\u00bb.<\/p>\n\n\n\n<p><\/p>\n\n\n\n<p class=\"has-text-align-center\"><strong><span style=\"text-decoration: underline;\">Achat sur place obligatoire<\/span><\/strong><\/p>\n\n\n\n<p><\/p>\n\n\n\n<figure class=\"wp-block-image aligncenter size-full\"><img data-recalc-dims=\"1\" loading=\"lazy\" decoding=\"async\" width=\"600\" height=\"847\" src=\"https:\/\/i0.wp.com\/bdmiam.fr\/wp-content\/uploads\/2024\/06\/Couv_499057.jpg?resize=600%2C847&#038;ssl=1\" alt=\"\" class=\"wp-image-6843\" srcset=\"https:\/\/i0.wp.com\/bdmiam.fr\/wp-content\/uploads\/2024\/06\/Couv_499057.jpg?w=600&amp;ssl=1 600w, https:\/\/i0.wp.com\/bdmiam.fr\/wp-content\/uploads\/2024\/06\/Couv_499057.jpg?resize=213%2C300&amp;ssl=1 213w\" sizes=\"auto, (max-width: 600px) 100vw, 600px\" \/><\/figure>\n\n\n\n<p><\/p>\n\n\n\n<p class=\"has-text-align-center\">Sources : <a href=\"https:\/\/www.bedetheque.com\/auteur-6588-BD-Smudja-Gradimir.html\" data-type=\"link\" data-id=\"https:\/\/www.bedetheque.com\/auteur-6588-BD-Smudja-Gradimir.html\" target=\"_blank\" rel=\"noreferrer noopener\">Bedetheque.com<\/a><\/p>\n","protected":false},"excerpt":{"rendered":"<p>Gradimir Smudja est n\u00e9 \u00e0 Novi Sad en juillet 1956 en Yougoslavie. Il quitte son pays natal en 1982, pour des raisons d\u2019incompatibilit\u00e9 avec le r\u00e9gime, et \u00e9migre vers la Suisse. L\u00e0, il exerce son coup de pinceau pour un galeriste. V\u00e9ritable touche-\u00e0-tout, il r\u00e9alise des copies, travaille sur toile, bois, fait des caricatures et [&hellip;]<\/p>\n","protected":false},"author":1,"featured_media":6840,"parent":6448,"menu_order":0,"comment_status":"closed","ping_status":"closed","template":"page-with-sidebar","meta":{"footnotes":""},"class_list":["post-6841","page","type-page","status-publish","has-post-thumbnail","hentry"],"jetpack_sharing_enabled":true,"_links":{"self":[{"href":"https:\/\/bdmiam.fr\/index.php\/wp-json\/wp\/v2\/pages\/6841","targetHints":{"allow":["GET"]}}],"collection":[{"href":"https:\/\/bdmiam.fr\/index.php\/wp-json\/wp\/v2\/pages"}],"about":[{"href":"https:\/\/bdmiam.fr\/index.php\/wp-json\/wp\/v2\/types\/page"}],"author":[{"embeddable":true,"href":"https:\/\/bdmiam.fr\/index.php\/wp-json\/wp\/v2\/users\/1"}],"replies":[{"embeddable":true,"href":"https:\/\/bdmiam.fr\/index.php\/wp-json\/wp\/v2\/comments?post=6841"}],"version-history":[{"count":1,"href":"https:\/\/bdmiam.fr\/index.php\/wp-json\/wp\/v2\/pages\/6841\/revisions"}],"predecessor-version":[{"id":6844,"href":"https:\/\/bdmiam.fr\/index.php\/wp-json\/wp\/v2\/pages\/6841\/revisions\/6844"}],"up":[{"embeddable":true,"href":"https:\/\/bdmiam.fr\/index.php\/wp-json\/wp\/v2\/pages\/6448"}],"wp:featuredmedia":[{"embeddable":true,"href":"https:\/\/bdmiam.fr\/index.php\/wp-json\/wp\/v2\/media\/6840"}],"wp:attachment":[{"href":"https:\/\/bdmiam.fr\/index.php\/wp-json\/wp\/v2\/media?parent=6841"}],"curies":[{"name":"wp","href":"https:\/\/api.w.org\/{rel}","templated":true}]}}