{"id":6868,"date":"2024-06-06T21:55:41","date_gmt":"2024-06-06T19:55:41","guid":{"rendered":"https:\/\/bdmiam.fr\/?page_id=6868"},"modified":"2024-06-06T22:07:08","modified_gmt":"2024-06-06T20:07:08","slug":"cristiano-crescenzi","status":"publish","type":"page","link":"https:\/\/bdmiam.fr\/index.php\/festival-2024\/cristiano-crescenzi\/","title":{"rendered":"Cristiano Crescenzi"},"content":{"rendered":"\n<figure class=\"wp-block-image aligncenter size-full is-resized\"><img data-recalc-dims=\"1\" loading=\"lazy\" decoding=\"async\" width=\"625\" height=\"624\" src=\"https:\/\/i0.wp.com\/bdmiam.fr\/wp-content\/uploads\/2024\/06\/Photo_48697.jpg?resize=625%2C624&#038;ssl=1\" alt=\"\" class=\"wp-image-6869\" style=\"width:338px;height:auto\" srcset=\"https:\/\/i0.wp.com\/bdmiam.fr\/wp-content\/uploads\/2024\/06\/Photo_48697.jpg?w=625&amp;ssl=1 625w, https:\/\/i0.wp.com\/bdmiam.fr\/wp-content\/uploads\/2024\/06\/Photo_48697.jpg?resize=300%2C300&amp;ssl=1 300w, https:\/\/i0.wp.com\/bdmiam.fr\/wp-content\/uploads\/2024\/06\/Photo_48697.jpg?resize=150%2C150&amp;ssl=1 150w\" sizes=\"auto, (max-width: 625px) 100vw, 625px\" \/><\/figure>\n\n\n\n<p><\/p>\n\n\n\n<p class=\"has-text-align-center\"><strong>Cristiano Crescenzi<\/strong> est un artiste italien ayant \u00e9tudi\u00e9 les Beaux Arts et \u00e9tant form\u00e9 par l<strong>a Scuola internazionale di Comics<\/strong>. Il a d\u00e9but\u00e9 dans l&rsquo;illustration et la BD pour jeunes enfants avant de se lancer dans la BD tous publics. Crescenzi est \u00e9galement <strong>peintre et sculpteur.<\/strong><\/p>\n\n\n\n<p><\/p>\n\n\n\n<p class=\"has-text-align-center\"><strong><span style=\"text-decoration: underline;\">Info festival 2024 : Achat sur place obligatoire<\/span><\/strong><\/p>\n\n\n\n<p><\/p>\n\n\n\n<figure class=\"wp-block-image aligncenter size-large\"><img data-recalc-dims=\"1\" loading=\"lazy\" decoding=\"async\" width=\"776\" height=\"1024\" src=\"https:\/\/i0.wp.com\/bdmiam.fr\/wp-content\/uploads\/2024\/06\/9782505112662-couv.jpg?resize=776%2C1024&#038;ssl=1\" alt=\"\" class=\"wp-image-6879\" srcset=\"https:\/\/i0.wp.com\/bdmiam.fr\/wp-content\/uploads\/2024\/06\/9782505112662-couv-scaled.jpg?resize=776%2C1024&amp;ssl=1 776w, https:\/\/i0.wp.com\/bdmiam.fr\/wp-content\/uploads\/2024\/06\/9782505112662-couv-scaled.jpg?resize=227%2C300&amp;ssl=1 227w, https:\/\/i0.wp.com\/bdmiam.fr\/wp-content\/uploads\/2024\/06\/9782505112662-couv-scaled.jpg?resize=768%2C1013&amp;ssl=1 768w, https:\/\/i0.wp.com\/bdmiam.fr\/wp-content\/uploads\/2024\/06\/9782505112662-couv-scaled.jpg?resize=1164%2C1536&amp;ssl=1 1164w, https:\/\/i0.wp.com\/bdmiam.fr\/wp-content\/uploads\/2024\/06\/9782505112662-couv-scaled.jpg?resize=1552%2C2048&amp;ssl=1 1552w, https:\/\/i0.wp.com\/bdmiam.fr\/wp-content\/uploads\/2024\/06\/9782505112662-couv-scaled.jpg?w=1940&amp;ssl=1 1940w\" sizes=\"auto, (max-width: 776px) 100vw, 776px\" \/><\/figure>\n\n\n\n<p><\/p>\n\n\n\n<p class=\"has-text-align-center\">Sources : <a href=\"https:\/\/www.bedetheque.com\/auteur-48697-BD-Crescenzi-Cristiano.html\" data-type=\"link\" data-id=\"https:\/\/www.bedetheque.com\/auteur-48697-BD-Crescenzi-Cristiano.html\" target=\"_blank\" rel=\"noreferrer noopener\">Bedetheque.com<\/a><\/p>\n","protected":false},"excerpt":{"rendered":"<p>Cristiano Crescenzi est un artiste italien ayant \u00e9tudi\u00e9 les Beaux Arts et \u00e9tant form\u00e9 par la Scuola internazionale di Comics. Il a d\u00e9but\u00e9 dans l&rsquo;illustration et la BD pour jeunes enfants avant de se lancer dans la BD tous publics. Crescenzi est \u00e9galement peintre et sculpteur. Info festival 2024 : Achat sur place obligatoire Sources [&hellip;]<\/p>\n","protected":false},"author":1,"featured_media":6871,"parent":6448,"menu_order":0,"comment_status":"closed","ping_status":"closed","template":"page-with-sidebar","meta":{"footnotes":""},"class_list":["post-6868","page","type-page","status-publish","has-post-thumbnail","hentry"],"jetpack_sharing_enabled":true,"_links":{"self":[{"href":"https:\/\/bdmiam.fr\/index.php\/wp-json\/wp\/v2\/pages\/6868","targetHints":{"allow":["GET"]}}],"collection":[{"href":"https:\/\/bdmiam.fr\/index.php\/wp-json\/wp\/v2\/pages"}],"about":[{"href":"https:\/\/bdmiam.fr\/index.php\/wp-json\/wp\/v2\/types\/page"}],"author":[{"embeddable":true,"href":"https:\/\/bdmiam.fr\/index.php\/wp-json\/wp\/v2\/users\/1"}],"replies":[{"embeddable":true,"href":"https:\/\/bdmiam.fr\/index.php\/wp-json\/wp\/v2\/comments?post=6868"}],"version-history":[{"count":2,"href":"https:\/\/bdmiam.fr\/index.php\/wp-json\/wp\/v2\/pages\/6868\/revisions"}],"predecessor-version":[{"id":6882,"href":"https:\/\/bdmiam.fr\/index.php\/wp-json\/wp\/v2\/pages\/6868\/revisions\/6882"}],"up":[{"embeddable":true,"href":"https:\/\/bdmiam.fr\/index.php\/wp-json\/wp\/v2\/pages\/6448"}],"wp:featuredmedia":[{"embeddable":true,"href":"https:\/\/bdmiam.fr\/index.php\/wp-json\/wp\/v2\/media\/6871"}],"wp:attachment":[{"href":"https:\/\/bdmiam.fr\/index.php\/wp-json\/wp\/v2\/media?parent=6868"}],"curies":[{"name":"wp","href":"https:\/\/api.w.org\/{rel}","templated":true}]}}