{"id":6887,"date":"2024-06-11T21:54:40","date_gmt":"2024-06-11T19:54:40","guid":{"rendered":"https:\/\/bdmiam.fr\/?page_id=6887"},"modified":"2024-06-11T22:01:51","modified_gmt":"2024-06-11T20:01:51","slug":"association-octaedre-ludique","status":"publish","type":"page","link":"https:\/\/bdmiam.fr\/index.php\/festival-2024\/association-octaedre-ludique\/","title":{"rendered":"Association Octa\u00e8dre Ludique"},"content":{"rendered":"\n<p class=\"has-text-align-center\">Octa\u00e8dre Ludique est une association d\u00e9di\u00e9e au\u00a0<strong>jeu de r\u00f4le sur table (JDR)<\/strong>\u00a0n\u00e9e en novembre 2020. Ils sont localis\u00e9s \u00e0\u00a0<strong>Villefranche-sur-Sa\u00f4ne<\/strong>, dans le Rh\u00f4ne, \u00e0 30 km au nord de Lyon.<\/p>\n\n\n\n<p class=\"has-text-align-center\">Toutes les infos sur leur site :<strong> <a href=\"https:\/\/www.octaedreludique.fr\/presentation\/\" data-type=\"link\" data-id=\"https:\/\/www.octaedreludique.fr\/presentation\/\" target=\"_blank\" rel=\"noreferrer noopener\">octaedreludique.fr<\/a><\/strong><\/p>\n\n\n\n<div class=\"wp-block-group is-nowrap is-layout-flex wp-container-core-group-is-layout-6c531013 wp-block-group-is-layout-flex\">\n<figure class=\"wp-block-image size-large is-resized\"><img data-recalc-dims=\"1\" loading=\"lazy\" decoding=\"async\" width=\"1024\" height=\"686\" src=\"https:\/\/i0.wp.com\/bdmiam.fr\/wp-content\/uploads\/2024\/06\/448099387_860194439471061_1427079853365108979_n.jpg?resize=1024%2C686&#038;ssl=1\" alt=\"\" class=\"wp-image-6889\" style=\"width:461px;height:auto\" srcset=\"https:\/\/i0.wp.com\/bdmiam.fr\/wp-content\/uploads\/2024\/06\/448099387_860194439471061_1427079853365108979_n.jpg?resize=1024%2C686&amp;ssl=1 1024w, https:\/\/i0.wp.com\/bdmiam.fr\/wp-content\/uploads\/2024\/06\/448099387_860194439471061_1427079853365108979_n.jpg?resize=300%2C201&amp;ssl=1 300w, https:\/\/i0.wp.com\/bdmiam.fr\/wp-content\/uploads\/2024\/06\/448099387_860194439471061_1427079853365108979_n.jpg?resize=768%2C514&amp;ssl=1 768w, https:\/\/i0.wp.com\/bdmiam.fr\/wp-content\/uploads\/2024\/06\/448099387_860194439471061_1427079853365108979_n.jpg?w=1238&amp;ssl=1 1238w\" sizes=\"auto, (max-width: 1000px) 100vw, 1000px\" \/><\/figure>\n\n\n\n<figure class=\"wp-block-image size-large is-resized\"><img data-recalc-dims=\"1\" loading=\"lazy\" decoding=\"async\" width=\"1024\" height=\"769\" src=\"https:\/\/i0.wp.com\/bdmiam.fr\/wp-content\/uploads\/2024\/06\/447899389_860194259471079_2956222326195515642_n.jpg?resize=1024%2C769&#038;ssl=1\" alt=\"\" class=\"wp-image-6890\" style=\"width:408px;height:auto\" srcset=\"https:\/\/i0.wp.com\/bdmiam.fr\/wp-content\/uploads\/2024\/06\/447899389_860194259471079_2956222326195515642_n.jpg?resize=1024%2C769&amp;ssl=1 1024w, https:\/\/i0.wp.com\/bdmiam.fr\/wp-content\/uploads\/2024\/06\/447899389_860194259471079_2956222326195515642_n.jpg?resize=300%2C225&amp;ssl=1 300w, https:\/\/i0.wp.com\/bdmiam.fr\/wp-content\/uploads\/2024\/06\/447899389_860194259471079_2956222326195515642_n.jpg?resize=768%2C577&amp;ssl=1 768w, https:\/\/i0.wp.com\/bdmiam.fr\/wp-content\/uploads\/2024\/06\/447899389_860194259471079_2956222326195515642_n.jpg?w=1104&amp;ssl=1 1104w\" sizes=\"auto, (max-width: 1000px) 100vw, 1000px\" \/><\/figure>\n<\/div>\n","protected":false},"excerpt":{"rendered":"<p>Octa\u00e8dre Ludique est une association d\u00e9di\u00e9e au\u00a0jeu de r\u00f4le sur table (JDR)\u00a0n\u00e9e en novembre 2020. Ils sont localis\u00e9s \u00e0\u00a0Villefranche-sur-Sa\u00f4ne, dans le Rh\u00f4ne, \u00e0 30 km au nord de Lyon. Toutes les infos sur leur site : octaedreludique.fr<\/p>\n","protected":false},"author":1,"featured_media":6888,"parent":6448,"menu_order":0,"comment_status":"closed","ping_status":"closed","template":"page-with-sidebar","meta":{"footnotes":""},"class_list":["post-6887","page","type-page","status-publish","has-post-thumbnail","hentry"],"jetpack_sharing_enabled":true,"_links":{"self":[{"href":"https:\/\/bdmiam.fr\/index.php\/wp-json\/wp\/v2\/pages\/6887","targetHints":{"allow":["GET"]}}],"collection":[{"href":"https:\/\/bdmiam.fr\/index.php\/wp-json\/wp\/v2\/pages"}],"about":[{"href":"https:\/\/bdmiam.fr\/index.php\/wp-json\/wp\/v2\/types\/page"}],"author":[{"embeddable":true,"href":"https:\/\/bdmiam.fr\/index.php\/wp-json\/wp\/v2\/users\/1"}],"replies":[{"embeddable":true,"href":"https:\/\/bdmiam.fr\/index.php\/wp-json\/wp\/v2\/comments?post=6887"}],"version-history":[{"count":1,"href":"https:\/\/bdmiam.fr\/index.php\/wp-json\/wp\/v2\/pages\/6887\/revisions"}],"predecessor-version":[{"id":6891,"href":"https:\/\/bdmiam.fr\/index.php\/wp-json\/wp\/v2\/pages\/6887\/revisions\/6891"}],"up":[{"embeddable":true,"href":"https:\/\/bdmiam.fr\/index.php\/wp-json\/wp\/v2\/pages\/6448"}],"wp:featuredmedia":[{"embeddable":true,"href":"https:\/\/bdmiam.fr\/index.php\/wp-json\/wp\/v2\/media\/6888"}],"wp:attachment":[{"href":"https:\/\/bdmiam.fr\/index.php\/wp-json\/wp\/v2\/media?parent=6887"}],"curies":[{"name":"wp","href":"https:\/\/api.w.org\/{rel}","templated":true}]}}