{"id":7038,"date":"2025-03-30T20:16:49","date_gmt":"2025-03-30T18:16:49","guid":{"rendered":"https:\/\/bdmiam.fr\/?page_id=7038"},"modified":"2025-04-27T22:51:04","modified_gmt":"2025-04-27T20:51:04","slug":"manolo-carot","status":"publish","type":"page","link":"https:\/\/bdmiam.fr\/index.php\/festival-2025-10eme-edition\/manolo-carot\/","title":{"rendered":"Manolo Carot"},"content":{"rendered":"\n<figure data-wp-context=\"{&quot;imageId&quot;:&quot;69e7306706f85&quot;}\" data-wp-interactive=\"core\/image\" data-wp-key=\"69e7306706f85\" class=\"wp-block-image aligncenter size-medium wp-lightbox-container\"><img data-recalc-dims=\"1\" loading=\"lazy\" decoding=\"async\" width=\"300\" height=\"291\" data-wp-class--hide=\"state.isContentHidden\" data-wp-class--show=\"state.isContentVisible\" data-wp-init=\"callbacks.setButtonStyles\" data-wp-on--click=\"actions.showLightbox\" data-wp-on--load=\"callbacks.setButtonStyles\" data-wp-on-window--resize=\"callbacks.setButtonStyles\" src=\"https:\/\/i0.wp.com\/bdmiam.fr\/wp-content\/uploads\/2025\/01\/Photo_49740.jpg?resize=300%2C291&#038;ssl=1\" alt=\"\" class=\"wp-image-7041\" srcset=\"https:\/\/i0.wp.com\/bdmiam.fr\/wp-content\/uploads\/2025\/01\/Photo_49740.jpg?resize=300%2C291&amp;ssl=1 300w, https:\/\/i0.wp.com\/bdmiam.fr\/wp-content\/uploads\/2025\/01\/Photo_49740.jpg?w=417&amp;ssl=1 417w\" sizes=\"auto, (max-width: 300px) 100vw, 300px\" \/><button\n\t\t\tclass=\"lightbox-trigger\"\n\t\t\ttype=\"button\"\n\t\t\taria-haspopup=\"dialog\"\n\t\t\taria-label=\"Agrandir\"\n\t\t\tdata-wp-init=\"callbacks.initTriggerButton\"\n\t\t\tdata-wp-on--click=\"actions.showLightbox\"\n\t\t\tdata-wp-style--right=\"state.imageButtonRight\"\n\t\t\tdata-wp-style--top=\"state.imageButtonTop\"\n\t\t>\n\t\t\t<svg xmlns=\"http:\/\/www.w3.org\/2000\/svg\" width=\"12\" height=\"12\" fill=\"none\" viewBox=\"0 0 12 12\">\n\t\t\t\t<path fill=\"#fff\" d=\"M2 0a2 2 0 0 0-2 2v2h1.5V2a.5.5 0 0 1 .5-.5h2V0H2Zm2 10.5H2a.5.5 0 0 1-.5-.5V8H0v2a2 2 0 0 0 2 2h2v-1.5ZM8 12v-1.5h2a.5.5 0 0 0 .5-.5V8H12v2a2 2 0 0 1-2 2H8Zm2-12a2 2 0 0 1 2 2v2h-1.5V2a.5.5 0 0 0-.5-.5H8V0h2Z\" \/>\n\t\t\t<\/svg>\n\t\t<\/button><\/figure>\n\n\n\n<p><\/p>\n\n\n\n<p class=\"has-text-align-center\"><strong>Man (Manolo Carot)<\/strong> a vu le jour \u00e0 <strong>Mollet del Vall\u00e8s<\/strong>, pr\u00e8s de Barcelone, en <strong>1976<\/strong>. Il commen\u00e7a par r\u00e9aliser des illustrations pour des jeux de r\u00f4les tels qu\u2019Aquelarre et pour les couvertures de la revue sp\u00e9cialis\u00e9e Lider, dont il fut \u00e9galement le directeur artistique. Man publia ses premi\u00e8res pages BD chez La C\u00fapula, dans la revue \u00e9rotique Kiss Comix (traduite un temps en fran\u00e7ais sous le titre La Poudre aux r\u00eaves). Durant plus de 6 ans, il publia des histoires \u00e9rotiques comme Universitarias (universit\u00e9), Huesos y tornillos (des os et des vis), Historias incredibles (histoires incroyables), compil\u00e9es par la suite en tomes et \u00e9dit\u00e9es aux \u00c9tats-Unis, en Allemagne et aux Pays-Bas. Alicia en el pais de nunca jamas (Alice au Pays du Chaos) est son plus r\u00e9cent album \u00e9rotique. Chez La C\u00fapula, et avec son ami sc\u00e9nariste Hernan Migoya, il produit deux s\u00e9ries, El hombre con miedo et Kung fu Kiyo. Il r\u00e9alise aussi des BD non-\u00e9rotiques pour Gl\u00e9nat : Ari, la salvatrice de l\u2019univers (2006) et Mia (2008). Man a collabor\u00e9 \u00e0 l&rsquo;\u00e9dition espagnole de la revue Playboy et a illustr\u00e9 des textes et des ouvrages p\u00e9dagogiques, des story-boards, des bandes dessin\u00e9es pour la presse et des couvertures pour diff\u00e9rentes revues d&rsquo;actualit\u00e9. Il est \u00e9galement professeur de bande dessin\u00e9e durant ses loisirs.<\/p>\n\n\n\n<p><\/p>\n\n\n\n<p class=\"has-text-align-center\"><strong><strong><strong><strong><strong><span style=\"text-decoration: underline;\">Achat sur place obligatoire<\/span><\/strong><\/strong><\/strong><\/strong><\/strong><\/p>\n\n\n\n<figure class=\"wp-block-image size-large\"><img data-recalc-dims=\"1\" loading=\"lazy\" decoding=\"async\" width=\"794\" height=\"1024\" src=\"https:\/\/i0.wp.com\/bdmiam.fr\/wp-content\/uploads\/2025\/03\/Couv_513654.jpg?resize=794%2C1024&#038;ssl=1\" alt=\"\" class=\"wp-image-7077\" srcset=\"https:\/\/i0.wp.com\/bdmiam.fr\/wp-content\/uploads\/2025\/03\/Couv_513654.jpg?resize=794%2C1024&amp;ssl=1 794w, https:\/\/i0.wp.com\/bdmiam.fr\/wp-content\/uploads\/2025\/03\/Couv_513654.jpg?resize=233%2C300&amp;ssl=1 233w, https:\/\/i0.wp.com\/bdmiam.fr\/wp-content\/uploads\/2025\/03\/Couv_513654.jpg?resize=768%2C991&amp;ssl=1 768w, https:\/\/i0.wp.com\/bdmiam.fr\/wp-content\/uploads\/2025\/03\/Couv_513654.jpg?w=800&amp;ssl=1 800w\" sizes=\"auto, (max-width: 794px) 100vw, 794px\" \/><figcaption class=\"wp-element-caption\">CREATOR: gd-jpeg v1.0 (using IJG JPEG v80), quality = 90<\/figcaption><\/figure>\n\n\n\n<p><\/p>\n\n\n\n<p class=\"has-text-align-center\">Sources : <a href=\"https:\/\/www.bedetheque.com\/auteur-49740-BD-Carot-Manolo.html\" target=\"_blank\" rel=\"noreferrer noopener\">Bedetheque.com<\/a><\/p>\n\n\n\n<p><\/p>\n","protected":false},"excerpt":{"rendered":"<p>Man (Manolo Carot) a vu le jour \u00e0 Mollet del Vall\u00e8s, pr\u00e8s de Barcelone, en 1976. Il commen\u00e7a par r\u00e9aliser des illustrations pour des jeux de r\u00f4les tels qu\u2019Aquelarre et pour les couvertures de la revue sp\u00e9cialis\u00e9e Lider, dont il fut \u00e9galement le directeur artistique. Man publia ses premi\u00e8res pages BD chez La C\u00fapula, dans [&hellip;]<\/p>\n","protected":false},"author":1,"featured_media":7040,"parent":7007,"menu_order":0,"comment_status":"closed","ping_status":"closed","template":"page-with-sidebar","meta":{"footnotes":""},"class_list":["post-7038","page","type-page","status-publish","has-post-thumbnail","hentry"],"jetpack_sharing_enabled":true,"_links":{"self":[{"href":"https:\/\/bdmiam.fr\/index.php\/wp-json\/wp\/v2\/pages\/7038","targetHints":{"allow":["GET"]}}],"collection":[{"href":"https:\/\/bdmiam.fr\/index.php\/wp-json\/wp\/v2\/pages"}],"about":[{"href":"https:\/\/bdmiam.fr\/index.php\/wp-json\/wp\/v2\/types\/page"}],"author":[{"embeddable":true,"href":"https:\/\/bdmiam.fr\/index.php\/wp-json\/wp\/v2\/users\/1"}],"replies":[{"embeddable":true,"href":"https:\/\/bdmiam.fr\/index.php\/wp-json\/wp\/v2\/comments?post=7038"}],"version-history":[{"count":4,"href":"https:\/\/bdmiam.fr\/index.php\/wp-json\/wp\/v2\/pages\/7038\/revisions"}],"predecessor-version":[{"id":7218,"href":"https:\/\/bdmiam.fr\/index.php\/wp-json\/wp\/v2\/pages\/7038\/revisions\/7218"}],"up":[{"embeddable":true,"href":"https:\/\/bdmiam.fr\/index.php\/wp-json\/wp\/v2\/pages\/7007"}],"wp:featuredmedia":[{"embeddable":true,"href":"https:\/\/bdmiam.fr\/index.php\/wp-json\/wp\/v2\/media\/7040"}],"wp:attachment":[{"href":"https:\/\/bdmiam.fr\/index.php\/wp-json\/wp\/v2\/media?parent=7038"}],"curies":[{"name":"wp","href":"https:\/\/api.w.org\/{rel}","templated":true}]}}