{"id":7044,"date":"2025-01-27T21:47:58","date_gmt":"2025-01-27T20:47:58","guid":{"rendered":"https:\/\/bdmiam.fr\/?page_id=7044"},"modified":"2025-01-27T21:48:48","modified_gmt":"2025-01-27T20:48:48","slug":"eric-hubsch","status":"publish","type":"page","link":"https:\/\/bdmiam.fr\/index.php\/festival-2025-10eme-edition\/eric-hubsch\/","title":{"rendered":"Eric H\u00fcbsch"},"content":{"rendered":"\n<figure class=\"wp-block-image aligncenter size-full\"><img data-recalc-dims=\"1\" loading=\"lazy\" decoding=\"async\" width=\"414\" height=\"414\" src=\"https:\/\/i0.wp.com\/bdmiam.fr\/wp-content\/uploads\/2025\/01\/Photo_369.jpg?resize=414%2C414&#038;ssl=1\" alt=\"\" class=\"wp-image-7047\" srcset=\"https:\/\/i0.wp.com\/bdmiam.fr\/wp-content\/uploads\/2025\/01\/Photo_369.jpg?w=414&amp;ssl=1 414w, https:\/\/i0.wp.com\/bdmiam.fr\/wp-content\/uploads\/2025\/01\/Photo_369.jpg?resize=300%2C300&amp;ssl=1 300w, https:\/\/i0.wp.com\/bdmiam.fr\/wp-content\/uploads\/2025\/01\/Photo_369.jpg?resize=150%2C150&amp;ssl=1 150w\" sizes=\"auto, (max-width: 414px) 100vw, 414px\" \/><\/figure>\n\n\n\n<p><\/p>\n\n\n\n<p class=\"has-text-align-center\"><em>Natif de <strong>Toulon<\/strong>, o\u00f9 il a vu le jour en <strong>1971<\/strong>,\u00a0<\/em><strong>\u00c9ric H\u00fcbsch<\/strong> se passionne pour le dessin, en remplissant les marges de ses cahiers. Il entre \u00e0 l\u2019<strong>\u00c9cole europ\u00e9enne sup\u00e9rieure de l&rsquo;image d&rsquo;Angoul\u00eame<\/strong>, section \u00ab\u00a0Bande dessin\u00e9e\u00a0\u00bb. Il en sort dipl\u00f4m\u00e9 en 1992. Entre-temps, il participe \u00e0 plusieurs ouvrages collectifs, dont\u00a0<em>La B\u00eate du G\u00e9vaudan<\/em>\u00a0ou encore\u00a0<em>Au Fil du Nil<\/em>. Dans la foul\u00e9e, \u00c9ric H\u00fcbsch quitte la Charente, direction l&rsquo;H\u00e9rault et P\u00e9zenas, puis Montagnac. Il se consacre \u00e0 ses activit\u00e9s de graphiste, r\u00e9alisant illustrations, affiches, et logos pour des mairies, des associations, ou encore des commer\u00e7ants. En 1995, il revient \u00e0 la bande dessin\u00e9e, en se lan\u00e7ant dans un projet de s\u00e9rie d&rsquo;heroic fantasy qui verra finalement le jour trois ans plus tard, avec la parution du premier tome :\u00a0<em>Le R\u00e9veil de Merlin<\/em>. Sc\u00e9naris\u00e9e par Arleston, la saga\u00a0<em>Le Chant d&rsquo;Excalibur<\/em>\u00a0s\u2019ach\u00e8ve en 2010, apr\u00e8s six volumes. Dans la foul\u00e9e, toujours dans le monde de Troy, \u00c9ric H\u00fcbsch met en images\u00a0<em>Plone\u00efs l&rsquo;incertain<\/em>, un one-shot sign\u00e9 Arleston et Jean-Luc Sala. Par la suite, le dessinateur et son style semi-r\u00e9aliste int\u00e8grent l&rsquo;\u00e9quipe de la collection \u00ab\u00a0Marcel Pagnol\u00a0\u00bb, chez Grand Angle. Accompagn\u00e9 des co-sc\u00e9naristes Serge Scotto et \u00c9ric Stoffel, il publie le diptyque\u00a0<em>Topaze<\/em>\u00a0en 2016, puis\u00a0<em>Cigalon<\/em>\u00a0(2018), et\u00a0<em>La Partie de boules<\/em>\u00a0(2019).\u00a0<em>Le Royal fondement\u00a0constitue sa premi\u00e8re collaboration avec Philippe Charlot.<\/em><\/p>\n\n\n\n<p class=\"has-text-align-center\"><strong><strong><span style=\"text-decoration: underline;\">Achat sur place obligatoire<\/span><\/strong><\/strong><\/p>\n\n\n\n<figure class=\"wp-block-image aligncenter size-full\"><img data-recalc-dims=\"1\" loading=\"lazy\" decoding=\"async\" width=\"712\" height=\"969\" src=\"https:\/\/i0.wp.com\/bdmiam.fr\/wp-content\/uploads\/2025\/01\/473814188_1021586279998542_2901854680857611388_n.jpg?resize=712%2C969&#038;ssl=1\" alt=\"\" class=\"wp-image-7048\" srcset=\"https:\/\/i0.wp.com\/bdmiam.fr\/wp-content\/uploads\/2025\/01\/473814188_1021586279998542_2901854680857611388_n.jpg?w=712&amp;ssl=1 712w, https:\/\/i0.wp.com\/bdmiam.fr\/wp-content\/uploads\/2025\/01\/473814188_1021586279998542_2901854680857611388_n.jpg?resize=220%2C300&amp;ssl=1 220w\" sizes=\"auto, (max-width: 712px) 100vw, 712px\" \/><\/figure>\n\n\n\n<p><\/p>\n\n\n\n<p class=\"has-text-align-center\"><strong>Sources : <\/strong><a href=\"https:\/\/www.angle.fr\/auteur\/dessinateur\/eric-hubsch\/591\" target=\"_blank\" rel=\"noreferrer noopener\">grand Angle<\/a><\/p>\n\n\n\n<p><\/p>\n","protected":false},"excerpt":{"rendered":"<p>Natif de Toulon, o\u00f9 il a vu le jour en 1971,\u00a0\u00c9ric H\u00fcbsch se passionne pour le dessin, en remplissant les marges de ses cahiers. Il entre \u00e0 l\u2019\u00c9cole europ\u00e9enne sup\u00e9rieure de l&rsquo;image d&rsquo;Angoul\u00eame, section \u00ab\u00a0Bande dessin\u00e9e\u00a0\u00bb. Il en sort dipl\u00f4m\u00e9 en 1992. Entre-temps, il participe \u00e0 plusieurs ouvrages collectifs, dont\u00a0La B\u00eate du G\u00e9vaudan\u00a0ou encore\u00a0Au Fil [&hellip;]<\/p>\n","protected":false},"author":1,"featured_media":7046,"parent":7007,"menu_order":0,"comment_status":"closed","ping_status":"closed","template":"page-with-sidebar","meta":{"footnotes":""},"class_list":["post-7044","page","type-page","status-publish","has-post-thumbnail","hentry"],"jetpack_sharing_enabled":true,"_links":{"self":[{"href":"https:\/\/bdmiam.fr\/index.php\/wp-json\/wp\/v2\/pages\/7044","targetHints":{"allow":["GET"]}}],"collection":[{"href":"https:\/\/bdmiam.fr\/index.php\/wp-json\/wp\/v2\/pages"}],"about":[{"href":"https:\/\/bdmiam.fr\/index.php\/wp-json\/wp\/v2\/types\/page"}],"author":[{"embeddable":true,"href":"https:\/\/bdmiam.fr\/index.php\/wp-json\/wp\/v2\/users\/1"}],"replies":[{"embeddable":true,"href":"https:\/\/bdmiam.fr\/index.php\/wp-json\/wp\/v2\/comments?post=7044"}],"version-history":[{"count":3,"href":"https:\/\/bdmiam.fr\/index.php\/wp-json\/wp\/v2\/pages\/7044\/revisions"}],"predecessor-version":[{"id":7051,"href":"https:\/\/bdmiam.fr\/index.php\/wp-json\/wp\/v2\/pages\/7044\/revisions\/7051"}],"up":[{"embeddable":true,"href":"https:\/\/bdmiam.fr\/index.php\/wp-json\/wp\/v2\/pages\/7007"}],"wp:featuredmedia":[{"embeddable":true,"href":"https:\/\/bdmiam.fr\/index.php\/wp-json\/wp\/v2\/media\/7046"}],"wp:attachment":[{"href":"https:\/\/bdmiam.fr\/index.php\/wp-json\/wp\/v2\/media?parent=7044"}],"curies":[{"name":"wp","href":"https:\/\/api.w.org\/{rel}","templated":true}]}}