{"id":7055,"date":"2025-01-27T22:15:48","date_gmt":"2025-01-27T21:15:48","guid":{"rendered":"https:\/\/bdmiam.fr\/?page_id=7055"},"modified":"2025-06-06T17:10:36","modified_gmt":"2025-06-06T15:10:36","slug":"ronan-toulhoat","status":"publish","type":"page","link":"https:\/\/bdmiam.fr\/index.php\/festival-2025-10eme-edition\/ronan-toulhoat\/","title":{"rendered":"Ronan Toulhoat"},"content":{"rendered":"\n<p><\/p>\n\n\n\n<figure class=\"wp-block-image aligncenter size-medium\"><img data-recalc-dims=\"1\" loading=\"lazy\" decoding=\"async\" width=\"221\" height=\"300\" src=\"https:\/\/i0.wp.com\/bdmiam.fr\/wp-content\/uploads\/2025\/01\/AVT_Ronan-Toulhoat_4747.webp?resize=221%2C300&#038;ssl=1\" alt=\"\" class=\"wp-image-7058\" srcset=\"https:\/\/i0.wp.com\/bdmiam.fr\/wp-content\/uploads\/2025\/01\/AVT_Ronan-Toulhoat_4747.webp?resize=221%2C300&amp;ssl=1 221w, https:\/\/i0.wp.com\/bdmiam.fr\/wp-content\/uploads\/2025\/01\/AVT_Ronan-Toulhoat_4747.webp?w=520&amp;ssl=1 520w\" sizes=\"auto, (max-width: 221px) 100vw, 221px\" \/><\/figure>\n\n\n\n<p><\/p>\n\n\n\n<p class=\"has-text-align-center\"><strong>Ronan Toulhoat<\/strong> est n\u00e9 en 1984 dans les Yvelines. Il est graphiste, illustrateur, storyboarder et ing\u00e9nieur-designer freelance.<\/p>\n\n\n\n<p class=\"has-text-align-center\">Avec Vincent Brugeas, sc\u00e9nariste, il publie en 2010 \u00ab\u00a0Block 109\u00a0\u00bb aux \u00e9ditions Akileos. Une uchronie sur la Seconde Guerre Mondiale dans laquelle l&rsquo;Allemagne nazie domine le monde et se trouve engag\u00e9e dans une guerre sans fin avec l&rsquo;URSS depuis plus de dix ann\u00e9es.<\/p>\n\n\n\n<p class=\"has-text-align-center\">Puis, la m\u00eame ann\u00e9e est publi\u00e9e la bande dessin\u00e9e \u00ab\u00a0\u00c9toile Rouge\u00a0\u00bb qui, dans l&rsquo;univers uchronique de \u00ab\u00a0Block 109\u00a0\u00bb, retrace l&rsquo;\u00e9pop\u00e9e de trois pilotes fran\u00e7ais qui combattent aux c\u00f4t\u00e9s des troupes sovi\u00e9tiques contre l&rsquo;arm\u00e9e du Troisi\u00e8me Reich, ici situ\u00e9e en 1944.<\/p>\n\n\n\n<p class=\"has-text-align-center\">Avec son acolyte, ils d\u00e9veloppent le Label Vinwatt dont le premier ouvrage sort fin 2012 sur internet pour lancer la s\u00e9rie \u00ab\u00a0Chaos Team\u00a0\u00bb. Ils publient en 2015, \u00ab\u00a0Le Roy des Ribauds\u00a0\u00bb, un polar m\u00e9di\u00e9val de haute vol\u00e9e. Le deuxi\u00e8me tome sort en 2018.<br>Il est le quatri\u00e8me dessinateur \u00e0 s\u2019attaquer aux aventures de Sherlock Holmes Society.<\/p>\n\n\n\n<p class=\"has-text-align-center\"><strong><strong><strong><strong><strong><span style=\"text-decoration: underline;\">Achat sur place obligatoire<\/span><\/strong><\/strong><\/strong><\/strong><\/strong><\/p>\n\n\n\n<div class=\"wp-block-group has-global-padding is-layout-constrained wp-block-group-is-layout-constrained\">\n<figure data-wp-context=\"{&quot;imageId&quot;:&quot;69d2b9769c765&quot;}\" data-wp-interactive=\"core\/image\" data-wp-key=\"69d2b9769c765\" class=\"wp-block-image size-large wp-lightbox-container\"><img data-recalc-dims=\"1\" loading=\"lazy\" decoding=\"async\" width=\"771\" height=\"1024\" data-wp-class--hide=\"state.isContentHidden\" data-wp-class--show=\"state.isContentVisible\" data-wp-init=\"callbacks.setButtonStyles\" data-wp-on--click=\"actions.showLightbox\" data-wp-on--load=\"callbacks.setButtonStyles\" data-wp-on-window--resize=\"callbacks.setButtonStyles\" src=\"https:\/\/i0.wp.com\/bdmiam.fr\/wp-content\/uploads\/2025\/06\/9782505127499-couv.jpg?resize=771%2C1024&#038;ssl=1\" alt=\"\" class=\"wp-image-7281\" srcset=\"https:\/\/i0.wp.com\/bdmiam.fr\/wp-content\/uploads\/2025\/06\/9782505127499-couv-scaled.jpg?resize=771%2C1024&amp;ssl=1 771w, https:\/\/i0.wp.com\/bdmiam.fr\/wp-content\/uploads\/2025\/06\/9782505127499-couv-scaled.jpg?resize=226%2C300&amp;ssl=1 226w, https:\/\/i0.wp.com\/bdmiam.fr\/wp-content\/uploads\/2025\/06\/9782505127499-couv-scaled.jpg?resize=768%2C1019&amp;ssl=1 768w, https:\/\/i0.wp.com\/bdmiam.fr\/wp-content\/uploads\/2025\/06\/9782505127499-couv-scaled.jpg?resize=1157%2C1536&amp;ssl=1 1157w, https:\/\/i0.wp.com\/bdmiam.fr\/wp-content\/uploads\/2025\/06\/9782505127499-couv-scaled.jpg?resize=1543%2C2048&amp;ssl=1 1543w, https:\/\/i0.wp.com\/bdmiam.fr\/wp-content\/uploads\/2025\/06\/9782505127499-couv-scaled.jpg?w=1929&amp;ssl=1 1929w\" sizes=\"auto, (max-width: 771px) 100vw, 771px\" \/><button\n\t\t\tclass=\"lightbox-trigger\"\n\t\t\ttype=\"button\"\n\t\t\taria-haspopup=\"dialog\"\n\t\t\taria-label=\"Agrandir\"\n\t\t\tdata-wp-init=\"callbacks.initTriggerButton\"\n\t\t\tdata-wp-on--click=\"actions.showLightbox\"\n\t\t\tdata-wp-style--right=\"state.imageButtonRight\"\n\t\t\tdata-wp-style--top=\"state.imageButtonTop\"\n\t\t>\n\t\t\t<svg xmlns=\"http:\/\/www.w3.org\/2000\/svg\" width=\"12\" height=\"12\" fill=\"none\" viewBox=\"0 0 12 12\">\n\t\t\t\t<path fill=\"#fff\" d=\"M2 0a2 2 0 0 0-2 2v2h1.5V2a.5.5 0 0 1 .5-.5h2V0H2Zm2 10.5H2a.5.5 0 0 1-.5-.5V8H0v2a2 2 0 0 0 2 2h2v-1.5ZM8 12v-1.5h2a.5.5 0 0 0 .5-.5V8H12v2a2 2 0 0 1-2 2H8Zm2-12a2 2 0 0 1 2 2v2h-1.5V2a.5.5 0 0 0-.5-.5H8V0h2Z\" \/>\n\t\t\t<\/svg>\n\t\t<\/button><\/figure>\n\n\n\n<figure data-wp-context=\"{&quot;imageId&quot;:&quot;69d2b9769cad1&quot;}\" data-wp-interactive=\"core\/image\" data-wp-key=\"69d2b9769cad1\" class=\"wp-block-image size-full wp-lightbox-container\"><img data-recalc-dims=\"1\" loading=\"lazy\" decoding=\"async\" width=\"655\" height=\"864\" data-wp-class--hide=\"state.isContentHidden\" data-wp-class--show=\"state.isContentVisible\" data-wp-init=\"callbacks.setButtonStyles\" data-wp-on--click=\"actions.showLightbox\" data-wp-on--load=\"callbacks.setButtonStyles\" data-wp-on-window--resize=\"callbacks.setButtonStyles\" src=\"https:\/\/i0.wp.com\/bdmiam.fr\/wp-content\/uploads\/2025\/01\/474608569_1022114693279034_4197315568082918582_n.jpg?resize=655%2C864&#038;ssl=1\" alt=\"\" class=\"wp-image-7060\" srcset=\"https:\/\/i0.wp.com\/bdmiam.fr\/wp-content\/uploads\/2025\/01\/474608569_1022114693279034_4197315568082918582_n.jpg?w=655&amp;ssl=1 655w, https:\/\/i0.wp.com\/bdmiam.fr\/wp-content\/uploads\/2025\/01\/474608569_1022114693279034_4197315568082918582_n.jpg?resize=227%2C300&amp;ssl=1 227w\" sizes=\"auto, (max-width: 655px) 100vw, 655px\" \/><button\n\t\t\tclass=\"lightbox-trigger\"\n\t\t\ttype=\"button\"\n\t\t\taria-haspopup=\"dialog\"\n\t\t\taria-label=\"Agrandir\"\n\t\t\tdata-wp-init=\"callbacks.initTriggerButton\"\n\t\t\tdata-wp-on--click=\"actions.showLightbox\"\n\t\t\tdata-wp-style--right=\"state.imageButtonRight\"\n\t\t\tdata-wp-style--top=\"state.imageButtonTop\"\n\t\t>\n\t\t\t<svg xmlns=\"http:\/\/www.w3.org\/2000\/svg\" width=\"12\" height=\"12\" fill=\"none\" viewBox=\"0 0 12 12\">\n\t\t\t\t<path fill=\"#fff\" d=\"M2 0a2 2 0 0 0-2 2v2h1.5V2a.5.5 0 0 1 .5-.5h2V0H2Zm2 10.5H2a.5.5 0 0 1-.5-.5V8H0v2a2 2 0 0 0 2 2h2v-1.5ZM8 12v-1.5h2a.5.5 0 0 0 .5-.5V8H12v2a2 2 0 0 1-2 2H8Zm2-12a2 2 0 0 1 2 2v2h-1.5V2a.5.5 0 0 0-.5-.5H8V0h2Z\" \/>\n\t\t\t<\/svg>\n\t\t<\/button><\/figure>\n<\/div>\n\n\n\n<p><\/p>\n\n\n\n<p class=\"has-text-align-center\">Sources : <a href=\"https:\/\/www.babelio.com\/auteur\/Ronan-Toulhoat\/121634\" target=\"_blank\" rel=\"noreferrer noopener\">Babelio.com<\/a><\/p>\n\n\n\n<p><\/p>\n","protected":false},"excerpt":{"rendered":"<p>Ronan Toulhoat est n\u00e9 en 1984 dans les Yvelines. Il est graphiste, illustrateur, storyboarder et ing\u00e9nieur-designer freelance. Avec Vincent Brugeas, sc\u00e9nariste, il publie en 2010 \u00ab\u00a0Block 109\u00a0\u00bb aux \u00e9ditions Akileos. Une uchronie sur la Seconde Guerre Mondiale dans laquelle l&rsquo;Allemagne nazie domine le monde et se trouve engag\u00e9e dans une guerre sans fin avec l&rsquo;URSS [&hellip;]<\/p>\n","protected":false},"author":1,"featured_media":7280,"parent":7007,"menu_order":0,"comment_status":"closed","ping_status":"closed","template":"page-with-sidebar","meta":{"footnotes":""},"class_list":["post-7055","page","type-page","status-publish","has-post-thumbnail","hentry"],"jetpack_sharing_enabled":true,"_links":{"self":[{"href":"https:\/\/bdmiam.fr\/index.php\/wp-json\/wp\/v2\/pages\/7055","targetHints":{"allow":["GET"]}}],"collection":[{"href":"https:\/\/bdmiam.fr\/index.php\/wp-json\/wp\/v2\/pages"}],"about":[{"href":"https:\/\/bdmiam.fr\/index.php\/wp-json\/wp\/v2\/types\/page"}],"author":[{"embeddable":true,"href":"https:\/\/bdmiam.fr\/index.php\/wp-json\/wp\/v2\/users\/1"}],"replies":[{"embeddable":true,"href":"https:\/\/bdmiam.fr\/index.php\/wp-json\/wp\/v2\/comments?post=7055"}],"version-history":[{"count":6,"href":"https:\/\/bdmiam.fr\/index.php\/wp-json\/wp\/v2\/pages\/7055\/revisions"}],"predecessor-version":[{"id":7283,"href":"https:\/\/bdmiam.fr\/index.php\/wp-json\/wp\/v2\/pages\/7055\/revisions\/7283"}],"up":[{"embeddable":true,"href":"https:\/\/bdmiam.fr\/index.php\/wp-json\/wp\/v2\/pages\/7007"}],"wp:featuredmedia":[{"embeddable":true,"href":"https:\/\/bdmiam.fr\/index.php\/wp-json\/wp\/v2\/media\/7280"}],"wp:attachment":[{"href":"https:\/\/bdmiam.fr\/index.php\/wp-json\/wp\/v2\/media?parent=7055"}],"curies":[{"name":"wp","href":"https:\/\/api.w.org\/{rel}","templated":true}]}}