{"id":7098,"date":"2025-03-30T21:06:02","date_gmt":"2025-03-30T19:06:02","guid":{"rendered":"https:\/\/bdmiam.fr\/?page_id=7098"},"modified":"2025-03-30T21:08:30","modified_gmt":"2025-03-30T19:08:30","slug":"emilie-beaud","status":"publish","type":"page","link":"https:\/\/bdmiam.fr\/index.php\/festival-2025-10eme-edition\/emilie-beaud\/","title":{"rendered":"\u00c9milie Beaud"},"content":{"rendered":"\n<p class=\"has-text-align-center\">\u00c9milie Beaud est une dessinatrice et coloriste de bande dessin\u00e9e <strong>n\u00e9e le 10 d\u00e9cembre 1979.<\/strong><\/p>\n\n\n\n<p><\/p>\n\n\n\n<figure class=\"wp-block-image aligncenter size-large\"><img data-recalc-dims=\"1\" loading=\"lazy\" decoding=\"async\" width=\"756\" height=\"1024\" src=\"https:\/\/i0.wp.com\/bdmiam.fr\/wp-content\/uploads\/2025\/03\/album-cover-large-57272.jpg?resize=756%2C1024&#038;ssl=1\" alt=\"\" class=\"wp-image-7092\" srcset=\"https:\/\/i0.wp.com\/bdmiam.fr\/wp-content\/uploads\/2025\/03\/album-cover-large-57272.jpg?resize=756%2C1024&amp;ssl=1 756w, https:\/\/i0.wp.com\/bdmiam.fr\/wp-content\/uploads\/2025\/03\/album-cover-large-57272.jpg?resize=222%2C300&amp;ssl=1 222w, https:\/\/i0.wp.com\/bdmiam.fr\/wp-content\/uploads\/2025\/03\/album-cover-large-57272.jpg?resize=768%2C1040&amp;ssl=1 768w, https:\/\/i0.wp.com\/bdmiam.fr\/wp-content\/uploads\/2025\/03\/album-cover-large-57272.jpg?resize=1134%2C1536&amp;ssl=1 1134w, https:\/\/i0.wp.com\/bdmiam.fr\/wp-content\/uploads\/2025\/03\/album-cover-large-57272.jpg?w=1400&amp;ssl=1 1400w\" sizes=\"auto, (max-width: 756px) 100vw, 756px\" \/><\/figure>\n\n\n\n<p><\/p>\n\n\n\n<p class=\"has-text-align-center\">Sources : <a href=\"https:\/\/www.babelio.com\/auteur\/milie-Beaud\/685966\" target=\"_blank\" rel=\"noreferrer noopener\">Babelio.com<\/a><\/p>\n\n\n\n<p><\/p>\n","protected":false},"excerpt":{"rendered":"<p>\u00c9milie Beaud est une dessinatrice et coloriste de bande dessin\u00e9e n\u00e9e le 10 d\u00e9cembre 1979. Sources : Babelio.com<\/p>\n","protected":false},"author":1,"featured_media":7091,"parent":7007,"menu_order":0,"comment_status":"closed","ping_status":"closed","template":"page-with-sidebar","meta":{"footnotes":""},"class_list":["post-7098","page","type-page","status-publish","has-post-thumbnail","hentry"],"jetpack_sharing_enabled":true,"_links":{"self":[{"href":"https:\/\/bdmiam.fr\/index.php\/wp-json\/wp\/v2\/pages\/7098","targetHints":{"allow":["GET"]}}],"collection":[{"href":"https:\/\/bdmiam.fr\/index.php\/wp-json\/wp\/v2\/pages"}],"about":[{"href":"https:\/\/bdmiam.fr\/index.php\/wp-json\/wp\/v2\/types\/page"}],"author":[{"embeddable":true,"href":"https:\/\/bdmiam.fr\/index.php\/wp-json\/wp\/v2\/users\/1"}],"replies":[{"embeddable":true,"href":"https:\/\/bdmiam.fr\/index.php\/wp-json\/wp\/v2\/comments?post=7098"}],"version-history":[{"count":1,"href":"https:\/\/bdmiam.fr\/index.php\/wp-json\/wp\/v2\/pages\/7098\/revisions"}],"predecessor-version":[{"id":7100,"href":"https:\/\/bdmiam.fr\/index.php\/wp-json\/wp\/v2\/pages\/7098\/revisions\/7100"}],"up":[{"embeddable":true,"href":"https:\/\/bdmiam.fr\/index.php\/wp-json\/wp\/v2\/pages\/7007"}],"wp:featuredmedia":[{"embeddable":true,"href":"https:\/\/bdmiam.fr\/index.php\/wp-json\/wp\/v2\/media\/7091"}],"wp:attachment":[{"href":"https:\/\/bdmiam.fr\/index.php\/wp-json\/wp\/v2\/media?parent=7098"}],"curies":[{"name":"wp","href":"https:\/\/api.w.org\/{rel}","templated":true}]}}