{"id":7102,"date":"2025-03-30T21:19:56","date_gmt":"2025-03-30T19:19:56","guid":{"rendered":"https:\/\/bdmiam.fr\/?page_id=7102"},"modified":"2025-03-30T21:19:56","modified_gmt":"2025-03-30T19:19:56","slug":"giulia-pellegrini","status":"publish","type":"page","link":"https:\/\/bdmiam.fr\/index.php\/festival-2025-10eme-edition\/giulia-pellegrini\/","title":{"rendered":"Giulia Pellegrini"},"content":{"rendered":"\n<figure class=\"wp-block-image aligncenter size-full\"><img data-recalc-dims=\"1\" loading=\"lazy\" decoding=\"async\" width=\"207\" height=\"206\" src=\"https:\/\/i0.wp.com\/bdmiam.fr\/wp-content\/uploads\/2025\/03\/Giulia-Pellegrini.jpg?resize=207%2C206&#038;ssl=1\" alt=\"\" class=\"wp-image-7106\" srcset=\"https:\/\/i0.wp.com\/bdmiam.fr\/wp-content\/uploads\/2025\/03\/Giulia-Pellegrini.jpg?w=207&amp;ssl=1 207w, https:\/\/i0.wp.com\/bdmiam.fr\/wp-content\/uploads\/2025\/03\/Giulia-Pellegrini.jpg?resize=150%2C150&amp;ssl=1 150w\" sizes=\"auto, (max-width: 207px) 100vw, 207px\" \/><\/figure>\n\n\n\n<p><\/p>\n\n\n\n<p class=\"has-text-align-center\"><strong>N\u00e9e en 1982 \u00e0 San Remo en Italie<\/strong>, Giulia \u00ab\u00a0Hicka\u00a0\u00bb Pellegrini a \u00e9tudi\u00e9 \u00e0 l&rsquo;<strong>\u00e9cole des Beaux-Arts de Carrare<\/strong>. Elle a travaill\u00e9 \u00e0 Cronaca di Topolinia, Associazione Alex Raymond, Amici del fumetto \u00e0 Turin.<\/p>\n\n\n\n<p><\/p>\n\n\n\n<p class=\"has-text-align-center\"><strong><strong><strong><strong>Achat sur place obligatoire<\/strong><\/strong><\/strong><\/strong><\/p>\n\n\n\n<figure class=\"wp-block-image aligncenter size-large\"><img data-recalc-dims=\"1\" loading=\"lazy\" decoding=\"async\" width=\"738\" height=\"1024\" src=\"https:\/\/i0.wp.com\/bdmiam.fr\/wp-content\/uploads\/2025\/03\/Couv_511170.jpg?resize=738%2C1024&#038;ssl=1\" alt=\"\" class=\"wp-image-7108\" srcset=\"https:\/\/i0.wp.com\/bdmiam.fr\/wp-content\/uploads\/2025\/03\/Couv_511170.jpg?resize=738%2C1024&amp;ssl=1 738w, https:\/\/i0.wp.com\/bdmiam.fr\/wp-content\/uploads\/2025\/03\/Couv_511170.jpg?resize=216%2C300&amp;ssl=1 216w, https:\/\/i0.wp.com\/bdmiam.fr\/wp-content\/uploads\/2025\/03\/Couv_511170.jpg?resize=768%2C1066&amp;ssl=1 768w, https:\/\/i0.wp.com\/bdmiam.fr\/wp-content\/uploads\/2025\/03\/Couv_511170.jpg?w=850&amp;ssl=1 850w\" sizes=\"auto, (max-width: 738px) 100vw, 738px\" \/><\/figure>\n\n\n\n<p><\/p>\n\n\n\n<p class=\"has-text-align-center\">Sources : <a href=\"https:\/\/www.bedetheque.com\/auteur-39674-BD-Pellegrini-Giulia.html\" data-type=\"link\" data-id=\"https:\/\/www.bedetheque.com\/auteur-39674-BD-Pellegrini-Giulia.html\" target=\"_blank\" rel=\"noreferrer noopener\">Bedetheque.com<\/a><\/p>\n\n\n\n<p><\/p>\n","protected":false},"excerpt":{"rendered":"<p>N\u00e9e en 1982 \u00e0 San Remo en Italie, Giulia \u00ab\u00a0Hicka\u00a0\u00bb Pellegrini a \u00e9tudi\u00e9 \u00e0 l&rsquo;\u00e9cole des Beaux-Arts de Carrare. Elle a travaill\u00e9 \u00e0 Cronaca di Topolinia, Associazione Alex Raymond, Amici del fumetto \u00e0 Turin. Achat sur place obligatoire Sources : Bedetheque.com<\/p>\n","protected":false},"author":1,"featured_media":7105,"parent":7007,"menu_order":0,"comment_status":"closed","ping_status":"closed","template":"page-with-sidebar","meta":{"footnotes":""},"class_list":["post-7102","page","type-page","status-publish","has-post-thumbnail","hentry"],"jetpack_sharing_enabled":true,"_links":{"self":[{"href":"https:\/\/bdmiam.fr\/index.php\/wp-json\/wp\/v2\/pages\/7102","targetHints":{"allow":["GET"]}}],"collection":[{"href":"https:\/\/bdmiam.fr\/index.php\/wp-json\/wp\/v2\/pages"}],"about":[{"href":"https:\/\/bdmiam.fr\/index.php\/wp-json\/wp\/v2\/types\/page"}],"author":[{"embeddable":true,"href":"https:\/\/bdmiam.fr\/index.php\/wp-json\/wp\/v2\/users\/1"}],"replies":[{"embeddable":true,"href":"https:\/\/bdmiam.fr\/index.php\/wp-json\/wp\/v2\/comments?post=7102"}],"version-history":[{"count":3,"href":"https:\/\/bdmiam.fr\/index.php\/wp-json\/wp\/v2\/pages\/7102\/revisions"}],"predecessor-version":[{"id":7109,"href":"https:\/\/bdmiam.fr\/index.php\/wp-json\/wp\/v2\/pages\/7102\/revisions\/7109"}],"up":[{"embeddable":true,"href":"https:\/\/bdmiam.fr\/index.php\/wp-json\/wp\/v2\/pages\/7007"}],"wp:featuredmedia":[{"embeddable":true,"href":"https:\/\/bdmiam.fr\/index.php\/wp-json\/wp\/v2\/media\/7105"}],"wp:attachment":[{"href":"https:\/\/bdmiam.fr\/index.php\/wp-json\/wp\/v2\/media?parent=7102"}],"curies":[{"name":"wp","href":"https:\/\/api.w.org\/{rel}","templated":true}]}}