{"id":7112,"date":"2025-03-30T21:35:48","date_gmt":"2025-03-30T19:35:48","guid":{"rendered":"https:\/\/bdmiam.fr\/?page_id=7112"},"modified":"2025-03-30T21:35:48","modified_gmt":"2025-03-30T19:35:48","slug":"emilie-decrock","status":"publish","type":"page","link":"https:\/\/bdmiam.fr\/index.php\/festival-2025-10eme-edition\/emilie-decrock\/","title":{"rendered":"Emilie Decrock"},"content":{"rendered":"\n<figure class=\"wp-block-image aligncenter size-full\"><img data-recalc-dims=\"1\" loading=\"lazy\" decoding=\"async\" width=\"266\" height=\"280\" src=\"https:\/\/i0.wp.com\/bdmiam.fr\/wp-content\/uploads\/2025\/03\/AVT_Emilie-Decrock_3447.webp?resize=266%2C280&#038;ssl=1\" alt=\"\" class=\"wp-image-7114\"\/><\/figure>\n\n\n\n<p><\/p>\n\n\n\n<p class=\"has-text-align-center\">Emilie Decrock est dessinatrice-coloriste.<\/p>\n\n\n\n<p class=\"has-text-align-center\"><strong>N\u00e9e en 1980 \u00e0 la Martinique<\/strong>, elle part pour la R\u00e9union \u00e0 l\u2019\u00e2ge de 5 ans et d\u00e9barque en m\u00e9tropole 6 ans plus tard environ.<\/p>\n\n\n\n<p class=\"has-text-align-center\"><strong>Dipl\u00f4m\u00e9e en architecture d\u2019int\u00e9rieur \u00e0 l\u2019\u00c9cole Jean-Cottin Lyon en 2001,<\/strong> elle se met \u00e0 son compte avec le statut d\u2019artiste ind\u00e9pendant, travaillant d\u2019abord exclusivement \u00e0 la main avec des architectes&#8230;.<\/p>\n\n\n\n<p class=\"has-text-align-center\">Vite lass\u00e9e des contraintes techniques et d\u2019une place limit\u00e9e pour l\u2019imaginaire, elle se r\u00e9oriente vers le milieu de l\u2019\u00e9dition et de l\u2019illustration jeunesse de fa\u00e7on autodidacte et opte pour le stylet.<\/p>\n\n\n\n<p class=\"has-text-align-center\">Elle est d\u00e9finitivement confort\u00e9e dans son choix lorsqu\u2019elle d\u00e9couvre et tombe amoureuse du dessin d\u2019Alessandro Barbucci (SKY DOLL).<\/p>\n\n\n\n<p class=\"has-text-align-center\">Elle participe alors \u00e0 des collectifs en attendant LE bon sc\u00e9nario. Et quand on lui propose <strong>STREET GIRLS<\/strong>, elle signe non seulement son premier album dans la collection Strawberry mais en plus chez le m\u00eame \u00e9diteur que son idole.<\/p>\n\n\n\n<p><\/p>\n\n\n\n<figure class=\"wp-block-image aligncenter size-large\"><img data-recalc-dims=\"1\" loading=\"lazy\" decoding=\"async\" width=\"767\" height=\"1024\" src=\"https:\/\/i0.wp.com\/bdmiam.fr\/wp-content\/uploads\/2025\/03\/Juliette-en-Australie.jpeg?resize=767%2C1024&#038;ssl=1\" alt=\"\" class=\"wp-image-7116\" srcset=\"https:\/\/i0.wp.com\/bdmiam.fr\/wp-content\/uploads\/2025\/03\/Juliette-en-Australie.jpeg?resize=767%2C1024&amp;ssl=1 767w, https:\/\/i0.wp.com\/bdmiam.fr\/wp-content\/uploads\/2025\/03\/Juliette-en-Australie.jpeg?resize=225%2C300&amp;ssl=1 225w, https:\/\/i0.wp.com\/bdmiam.fr\/wp-content\/uploads\/2025\/03\/Juliette-en-Australie.jpeg?resize=768%2C1026&amp;ssl=1 768w, https:\/\/i0.wp.com\/bdmiam.fr\/wp-content\/uploads\/2025\/03\/Juliette-en-Australie.jpeg?resize=1150%2C1536&amp;ssl=1 1150w, https:\/\/i0.wp.com\/bdmiam.fr\/wp-content\/uploads\/2025\/03\/Juliette-en-Australie.jpeg?w=1280&amp;ssl=1 1280w\" sizes=\"auto, (max-width: 767px) 100vw, 767px\" \/><\/figure>\n\n\n\n<p><\/p>\n\n\n\n<p class=\"has-text-align-center\">Sources : <a href=\"https:\/\/www.babelio.com\/auteur\/Emilie-Decrock\/86203\" data-type=\"link\" data-id=\"https:\/\/www.babelio.com\/auteur\/Emilie-Decrock\/86203\">babelio.com<\/a><\/p>\n\n\n\n<p><\/p>\n","protected":false},"excerpt":{"rendered":"<p>Emilie Decrock est dessinatrice-coloriste. N\u00e9e en 1980 \u00e0 la Martinique, elle part pour la R\u00e9union \u00e0 l\u2019\u00e2ge de 5 ans et d\u00e9barque en m\u00e9tropole 6 ans plus tard environ. Dipl\u00f4m\u00e9e en architecture d\u2019int\u00e9rieur \u00e0 l\u2019\u00c9cole Jean-Cottin Lyon en 2001, elle se met \u00e0 son compte avec le statut d\u2019artiste ind\u00e9pendant, travaillant d\u2019abord exclusivement \u00e0 la [&hellip;]<\/p>\n","protected":false},"author":1,"featured_media":7115,"parent":7007,"menu_order":0,"comment_status":"closed","ping_status":"closed","template":"page-with-sidebar","meta":{"footnotes":""},"class_list":["post-7112","page","type-page","status-publish","has-post-thumbnail","hentry"],"jetpack_sharing_enabled":true,"_links":{"self":[{"href":"https:\/\/bdmiam.fr\/index.php\/wp-json\/wp\/v2\/pages\/7112","targetHints":{"allow":["GET"]}}],"collection":[{"href":"https:\/\/bdmiam.fr\/index.php\/wp-json\/wp\/v2\/pages"}],"about":[{"href":"https:\/\/bdmiam.fr\/index.php\/wp-json\/wp\/v2\/types\/page"}],"author":[{"embeddable":true,"href":"https:\/\/bdmiam.fr\/index.php\/wp-json\/wp\/v2\/users\/1"}],"replies":[{"embeddable":true,"href":"https:\/\/bdmiam.fr\/index.php\/wp-json\/wp\/v2\/comments?post=7112"}],"version-history":[{"count":1,"href":"https:\/\/bdmiam.fr\/index.php\/wp-json\/wp\/v2\/pages\/7112\/revisions"}],"predecessor-version":[{"id":7117,"href":"https:\/\/bdmiam.fr\/index.php\/wp-json\/wp\/v2\/pages\/7112\/revisions\/7117"}],"up":[{"embeddable":true,"href":"https:\/\/bdmiam.fr\/index.php\/wp-json\/wp\/v2\/pages\/7007"}],"wp:featuredmedia":[{"embeddable":true,"href":"https:\/\/bdmiam.fr\/index.php\/wp-json\/wp\/v2\/media\/7115"}],"wp:attachment":[{"href":"https:\/\/bdmiam.fr\/index.php\/wp-json\/wp\/v2\/media?parent=7112"}],"curies":[{"name":"wp","href":"https:\/\/api.w.org\/{rel}","templated":true}]}}