{"id":7121,"date":"2025-03-30T21:58:29","date_gmt":"2025-03-30T19:58:29","guid":{"rendered":"https:\/\/bdmiam.fr\/?page_id=7121"},"modified":"2025-05-20T22:23:17","modified_gmt":"2025-05-20T20:23:17","slug":"umberto-giampa","status":"publish","type":"page","link":"https:\/\/bdmiam.fr\/index.php\/festival-2025-10eme-edition\/umberto-giampa\/","title":{"rendered":"Umberto Giamp\u00e0"},"content":{"rendered":"\n<figure class=\"wp-block-image aligncenter size-large\"><img data-recalc-dims=\"1\" loading=\"lazy\" decoding=\"async\" width=\"1024\" height=\"576\" src=\"https:\/\/i0.wp.com\/bdmiam.fr\/wp-content\/uploads\/2025\/03\/giampa-bio.jpeg?resize=1024%2C576&#038;ssl=1\" alt=\"\" class=\"wp-image-7124\" srcset=\"https:\/\/i0.wp.com\/bdmiam.fr\/wp-content\/uploads\/2025\/03\/giampa-bio.jpeg?resize=1024%2C576&amp;ssl=1 1024w, https:\/\/i0.wp.com\/bdmiam.fr\/wp-content\/uploads\/2025\/03\/giampa-bio.jpeg?resize=300%2C169&amp;ssl=1 300w, https:\/\/i0.wp.com\/bdmiam.fr\/wp-content\/uploads\/2025\/03\/giampa-bio.jpeg?resize=768%2C432&amp;ssl=1 768w, https:\/\/i0.wp.com\/bdmiam.fr\/wp-content\/uploads\/2025\/03\/giampa-bio.jpeg?w=1280&amp;ssl=1 1280w\" sizes=\"auto, (max-width: 1000px) 100vw, 1000px\" \/><\/figure>\n\n\n\n<p><\/p>\n\n\n\n<p class=\"has-text-align-center\"><strong>Umberto Giamp\u00e0<\/strong>, dessinateur et caricaturiste <strong>n\u00e9 \u00e0 Reggio de Calabre<\/strong>.<br>L&rsquo;art dans son ensemble et le style comique en particulier l&rsquo;ont toujours accompagn\u00e9.<\/p>\n\n\n\n<p class=\"has-text-align-center\"><br>Il participe avec diverses illustrations et nouvelles dans divers magazines, jusqu&rsquo;\u00e0 la premi\u00e8re publication nationale en 2012 avec la bande dessin\u00e9e \u00abROMA \u2013 la stirpe di Marte\u00bb (Axaleon \/ Lionscage Edizioni).<\/p>\n\n\n\n<p class=\"has-text-align-center\"><br>En 2013, il s&rsquo;occupe de la conception graphique du livre \u00ab\u00a0DOMENICO E CHIARA &#8211; Amour et douleur d&rsquo;un p\u00e8re\u00a0\u00bb (Citt\u00e0 del Sole Edizioni) et est illustrateur dans les volumes \u00ab\u00a0BATMAN SILENT BOOK\u00a0\u00bb et \u00ab\u00a0COMPENDIUM AGENZIA X et OMEGA by PINO RINALDI\u00a0\u00bb, tous deux pr\u00e9sent\u00e9s \u00e0 LUCCA COMICS &amp; GAMES 2013.<\/p>\n\n\n\n<p class=\"has-text-align-center\"><br>Il a travaill\u00e9 comme artiste de couverture pour l&rsquo;\u00e9diteur anglais DieGo Comics Publishing, il participe activement aux conventions nationales de la bande dessin\u00e9e en cr\u00e9ant des affiches officielles pour 7 d&rsquo;entre elles.<br>Il a ensuite commenc\u00e9 \u00e0 travailler pour les \u00e9diteurs am\u00e9ricains dont Zenescope.<\/p>\n\n\n\n<p class=\"has-text-align-center\"><\/p>\n\n\n\n<p class=\"has-text-align-center\"><strong><strong>Achat sur place obligatoire<\/strong><\/strong><\/p>\n\n\n\n<p><\/p>\n\n\n\n<div class=\"wp-block-group is-content-justification-center is-nowrap is-layout-flex wp-container-core-group-is-layout-23441af8 wp-block-group-is-layout-flex\">\n<figure data-wp-context=\"{&quot;imageId&quot;:&quot;69dc1e020c645&quot;}\" data-wp-interactive=\"core\/image\" data-wp-key=\"69dc1e020c645\" class=\"wp-block-image size-large wp-lightbox-container\"><img data-recalc-dims=\"1\" loading=\"lazy\" decoding=\"async\" width=\"744\" height=\"1024\" data-wp-class--hide=\"state.isContentHidden\" data-wp-class--show=\"state.isContentVisible\" data-wp-init=\"callbacks.setButtonStyles\" data-wp-on--click=\"actions.showLightbox\" data-wp-on--load=\"callbacks.setButtonStyles\" data-wp-on-window--resize=\"callbacks.setButtonStyles\" src=\"https:\/\/i0.wp.com\/bdmiam.fr\/wp-content\/uploads\/2025\/03\/Couv_514425.jpg?resize=744%2C1024&#038;ssl=1\" alt=\"\" class=\"wp-image-7125\" srcset=\"https:\/\/i0.wp.com\/bdmiam.fr\/wp-content\/uploads\/2025\/03\/Couv_514425.jpg?resize=744%2C1024&amp;ssl=1 744w, https:\/\/i0.wp.com\/bdmiam.fr\/wp-content\/uploads\/2025\/03\/Couv_514425.jpg?resize=218%2C300&amp;ssl=1 218w, https:\/\/i0.wp.com\/bdmiam.fr\/wp-content\/uploads\/2025\/03\/Couv_514425.jpg?resize=768%2C1057&amp;ssl=1 768w, https:\/\/i0.wp.com\/bdmiam.fr\/wp-content\/uploads\/2025\/03\/Couv_514425.jpg?w=812&amp;ssl=1 812w\" sizes=\"auto, (max-width: 744px) 100vw, 744px\" \/><button\n\t\t\tclass=\"lightbox-trigger\"\n\t\t\ttype=\"button\"\n\t\t\taria-haspopup=\"dialog\"\n\t\t\taria-label=\"Agrandir\"\n\t\t\tdata-wp-init=\"callbacks.initTriggerButton\"\n\t\t\tdata-wp-on--click=\"actions.showLightbox\"\n\t\t\tdata-wp-style--right=\"state.imageButtonRight\"\n\t\t\tdata-wp-style--top=\"state.imageButtonTop\"\n\t\t>\n\t\t\t<svg xmlns=\"http:\/\/www.w3.org\/2000\/svg\" width=\"12\" height=\"12\" fill=\"none\" viewBox=\"0 0 12 12\">\n\t\t\t\t<path fill=\"#fff\" d=\"M2 0a2 2 0 0 0-2 2v2h1.5V2a.5.5 0 0 1 .5-.5h2V0H2Zm2 10.5H2a.5.5 0 0 1-.5-.5V8H0v2a2 2 0 0 0 2 2h2v-1.5ZM8 12v-1.5h2a.5.5 0 0 0 .5-.5V8H12v2a2 2 0 0 1-2 2H8Zm2-12a2 2 0 0 1 2 2v2h-1.5V2a.5.5 0 0 0-.5-.5H8V0h2Z\" \/>\n\t\t\t<\/svg>\n\t\t<\/button><\/figure>\n\n\n\n<figure data-wp-context=\"{&quot;imageId&quot;:&quot;69dc1e020cc14&quot;}\" data-wp-interactive=\"core\/image\" data-wp-key=\"69dc1e020cc14\" class=\"wp-block-image size-large wp-lightbox-container\"><img data-recalc-dims=\"1\" loading=\"lazy\" decoding=\"async\" width=\"754\" height=\"1024\" data-wp-class--hide=\"state.isContentHidden\" data-wp-class--show=\"state.isContentVisible\" data-wp-init=\"callbacks.setButtonStyles\" data-wp-on--click=\"actions.showLightbox\" data-wp-on--load=\"callbacks.setButtonStyles\" data-wp-on-window--resize=\"callbacks.setButtonStyles\" src=\"https:\/\/i0.wp.com\/bdmiam.fr\/wp-content\/uploads\/2025\/03\/Orc-et-gobelin.jpg?resize=754%2C1024&#038;ssl=1\" alt=\"\" class=\"wp-image-7126\" srcset=\"https:\/\/i0.wp.com\/bdmiam.fr\/wp-content\/uploads\/2025\/03\/Orc-et-gobelin.jpg?resize=754%2C1024&amp;ssl=1 754w, https:\/\/i0.wp.com\/bdmiam.fr\/wp-content\/uploads\/2025\/03\/Orc-et-gobelin.jpg?resize=221%2C300&amp;ssl=1 221w, https:\/\/i0.wp.com\/bdmiam.fr\/wp-content\/uploads\/2025\/03\/Orc-et-gobelin.jpg?resize=768%2C1043&amp;ssl=1 768w, https:\/\/i0.wp.com\/bdmiam.fr\/wp-content\/uploads\/2025\/03\/Orc-et-gobelin.jpg?w=1104&amp;ssl=1 1104w\" sizes=\"auto, (max-width: 754px) 100vw, 754px\" \/><button\n\t\t\tclass=\"lightbox-trigger\"\n\t\t\ttype=\"button\"\n\t\t\taria-haspopup=\"dialog\"\n\t\t\taria-label=\"Agrandir\"\n\t\t\tdata-wp-init=\"callbacks.initTriggerButton\"\n\t\t\tdata-wp-on--click=\"actions.showLightbox\"\n\t\t\tdata-wp-style--right=\"state.imageButtonRight\"\n\t\t\tdata-wp-style--top=\"state.imageButtonTop\"\n\t\t>\n\t\t\t<svg xmlns=\"http:\/\/www.w3.org\/2000\/svg\" width=\"12\" height=\"12\" fill=\"none\" viewBox=\"0 0 12 12\">\n\t\t\t\t<path fill=\"#fff\" d=\"M2 0a2 2 0 0 0-2 2v2h1.5V2a.5.5 0 0 1 .5-.5h2V0H2Zm2 10.5H2a.5.5 0 0 1-.5-.5V8H0v2a2 2 0 0 0 2 2h2v-1.5ZM8 12v-1.5h2a.5.5 0 0 0 .5-.5V8H12v2a2 2 0 0 1-2 2H8Zm2-12a2 2 0 0 1 2 2v2h-1.5V2a.5.5 0 0 0-.5-.5H8V0h2Z\" \/>\n\t\t\t<\/svg>\n\t\t<\/button><\/figure>\n<\/div>\n\n\n\n<p><\/p>\n\n\n\n<p class=\"has-text-align-center\">Sources : <a href=\"https:\/\/www.bedetheque.com\/auteur-58480-BD-Giampa-Umberto.html\" data-type=\"link\" data-id=\"https:\/\/www.bedetheque.com\/auteur-58480-BD-Giampa-Umberto.html\" target=\"_blank\" rel=\"noreferrer noopener\">Bedetheque.com<\/a> ; <a href=\"https:\/\/www.etnacomics.com\/blog-detail?post=231794\" target=\"_blank\" rel=\"noreferrer noopener\">etnacomics.com<\/a><\/p>\n\n\n\n<p><\/p>\n","protected":false},"excerpt":{"rendered":"<p>Umberto Giamp\u00e0, dessinateur et caricaturiste n\u00e9 \u00e0 Reggio de Calabre.L&rsquo;art dans son ensemble et le style comique en particulier l&rsquo;ont toujours accompagn\u00e9. Il participe avec diverses illustrations et nouvelles dans divers magazines, jusqu&rsquo;\u00e0 la premi\u00e8re publication nationale en 2012 avec la bande dessin\u00e9e \u00abROMA \u2013 la stirpe di Marte\u00bb (Axaleon \/ Lionscage Edizioni). En 2013, [&hellip;]<\/p>\n","protected":false},"author":1,"featured_media":7123,"parent":7007,"menu_order":0,"comment_status":"closed","ping_status":"closed","template":"page-with-sidebar","meta":{"footnotes":""},"class_list":["post-7121","page","type-page","status-publish","has-post-thumbnail","hentry"],"jetpack_sharing_enabled":true,"_links":{"self":[{"href":"https:\/\/bdmiam.fr\/index.php\/wp-json\/wp\/v2\/pages\/7121","targetHints":{"allow":["GET"]}}],"collection":[{"href":"https:\/\/bdmiam.fr\/index.php\/wp-json\/wp\/v2\/pages"}],"about":[{"href":"https:\/\/bdmiam.fr\/index.php\/wp-json\/wp\/v2\/types\/page"}],"author":[{"embeddable":true,"href":"https:\/\/bdmiam.fr\/index.php\/wp-json\/wp\/v2\/users\/1"}],"replies":[{"embeddable":true,"href":"https:\/\/bdmiam.fr\/index.php\/wp-json\/wp\/v2\/comments?post=7121"}],"version-history":[{"count":5,"href":"https:\/\/bdmiam.fr\/index.php\/wp-json\/wp\/v2\/pages\/7121\/revisions"}],"predecessor-version":[{"id":7246,"href":"https:\/\/bdmiam.fr\/index.php\/wp-json\/wp\/v2\/pages\/7121\/revisions\/7246"}],"up":[{"embeddable":true,"href":"https:\/\/bdmiam.fr\/index.php\/wp-json\/wp\/v2\/pages\/7007"}],"wp:featuredmedia":[{"embeddable":true,"href":"https:\/\/bdmiam.fr\/index.php\/wp-json\/wp\/v2\/media\/7123"}],"wp:attachment":[{"href":"https:\/\/bdmiam.fr\/index.php\/wp-json\/wp\/v2\/media?parent=7121"}],"curies":[{"name":"wp","href":"https:\/\/api.w.org\/{rel}","templated":true}]}}