{"id":7135,"date":"2025-03-30T22:24:45","date_gmt":"2025-03-30T20:24:45","guid":{"rendered":"https:\/\/bdmiam.fr\/?page_id=7135"},"modified":"2025-03-30T22:24:45","modified_gmt":"2025-03-30T20:24:45","slug":"kieran","status":"publish","type":"page","link":"https:\/\/bdmiam.fr\/index.php\/festival-2025-10eme-edition\/kieran\/","title":{"rendered":"Kieran"},"content":{"rendered":"\n<p><\/p>\n\n\n\n<figure class=\"wp-block-image aligncenter size-medium\"><img data-recalc-dims=\"1\" loading=\"lazy\" decoding=\"async\" width=\"300\" height=\"300\" src=\"https:\/\/i0.wp.com\/bdmiam.fr\/wp-content\/uploads\/2025\/03\/000000295484-INT.jpg?resize=300%2C300&#038;ssl=1\" alt=\"\" class=\"wp-image-7138\" srcset=\"https:\/\/i0.wp.com\/bdmiam.fr\/wp-content\/uploads\/2025\/03\/000000295484-INT.jpg?resize=300%2C300&amp;ssl=1 300w, https:\/\/i0.wp.com\/bdmiam.fr\/wp-content\/uploads\/2025\/03\/000000295484-INT.jpg?resize=150%2C150&amp;ssl=1 150w, https:\/\/i0.wp.com\/bdmiam.fr\/wp-content\/uploads\/2025\/03\/000000295484-INT.jpg?w=500&amp;ssl=1 500w\" sizes=\"auto, (max-width: 300px) 100vw, 300px\" \/><\/figure>\n\n\n\n<p><\/p>\n\n\n\n<p class=\"has-text-align-center\"><strong>Kieran\u00a0est auteur de Bd,<\/strong> storyboardeur, concept artist et enseignant. Il a fait ses armes \u00e0 l&rsquo;\u00e9cole \u00c9mile Colh. <\/p>\n\n\n\n<p class=\"has-text-align-center\"><strong>Avec son comparse Antoine Ozanam,<\/strong> avec qui il va travaille plusieurs ann\u00e9es, ils publient We are the Night tome 1 &amp; 2 ainsi qu&rsquo;Elwood and the 40 freak bitches\u00a0dans DoggyBags 2 chez Ankama. Il participe aussi \u00e0 l&rsquo;\u00e9pisode 10 de Blue Estate de Viktor Kalvachev par EZD production et Image Comics.<\/p>\n\n\n\n<p class=\"has-text-align-center\"> En 2013 il co-fonde aux c\u00f4t\u00e9s notamment <strong>d&rsquo;Olivier Jouvray<\/strong> la maison d&rsquo;\u00e9dition associative : L&rsquo;\u00e9picerie s\u00e9quentielle qui publie depuis 2015 le mensuel de BD les Rues de Lyon. Il y sera le co-auteur des num\u00e9ros 15 : Edmond Locard, 25 : le Repos du Soldat, 41 : Tapage Sonore.<\/p>\n\n\n\n<p class=\"has-text-align-center\">Puis, il int\u00e8gre, toujours avec Antoine Ozanam, la folle bande de AAARG ! et rencontre l&rsquo;homme qui ne parle qu&rsquo;en capslock : <strong>Pierrick Starsky<\/strong>. De 2013 \u00e0 la fin du Mook AAARG ! il encha\u00eene les collaborations d&rsquo;abord une affiche pour le N\u00b01, une histoire courte pour le N\u00b02, puis The Golden Boy qui sera fascicul\u00e9 en 6 \u00e9pisodes du n\u00b03 au n\u00b08 de la revue avant de sortir en int\u00e9grale. <\/p>\n\n\n\n<p class=\"has-text-align-center\">En 2017 il s&rsquo;acoquine de <strong>S\u00e9bastien Viozat<\/strong> avec qui il commettra plus tard Sweet Home chez Gl\u00e9nat. \u00a0Il storyboarde aussi de la BD pour Elyum Studio avec Didier Poli et avec Big Compagny pour de la publicit\u00e9 pour de groupes comme Gamloft, Amazon, HotWheels ou Banda\u00ef.<\/p>\n\n\n\n<p class=\"has-text-align-center\">En parall\u00e8le, <strong>Kieran enseigne le dessin<\/strong>. D&rsquo;abord \u00e0 E-artsup, puis Bellecour \u00e9coles, Ynov, Cohl et enfin New3dge. Concept artist freelance, il travaille actuellement pour l&rsquo;industrie du jeux vid\u00e9o. Auteur survolt\u00e9, mercenaire du dessin, au trait aussi acerbe qu&rsquo;il est grande gueule et r\u00e2leur. <strong>R\u00e9side en Auvergne-Rh\u00f4ne-Alpes.\u00a0<\/strong><\/p>\n\n\n\n<p><\/p>\n\n\n\n<p class=\"has-text-align-center\"><strong>Pr\u00e9sent uniquement le dimanche<\/strong><\/p>\n\n\n\n<p class=\"has-text-align-center\"><strong><strong>Achat sur place obligatoire<\/strong><\/strong><\/p>\n\n\n\n<p><\/p>\n\n\n\n<figure class=\"wp-block-image aligncenter size-full\"><img data-recalc-dims=\"1\" loading=\"lazy\" decoding=\"async\" width=\"600\" height=\"785\" src=\"https:\/\/i0.wp.com\/bdmiam.fr\/wp-content\/uploads\/2025\/03\/41_9791034767236_1_75.jpg?resize=600%2C785&#038;ssl=1\" alt=\"\" class=\"wp-image-7140\" srcset=\"https:\/\/i0.wp.com\/bdmiam.fr\/wp-content\/uploads\/2025\/03\/41_9791034767236_1_75.jpg?w=600&amp;ssl=1 600w, https:\/\/i0.wp.com\/bdmiam.fr\/wp-content\/uploads\/2025\/03\/41_9791034767236_1_75.jpg?resize=229%2C300&amp;ssl=1 229w\" sizes=\"auto, (max-width: 600px) 100vw, 600px\" \/><\/figure>\n\n\n\n<p><\/p>\n\n\n\n<p class=\"has-text-align-center\">Sources : <a href=\"https:\/\/www.glenat.com\/auteurs\/kieran\" data-type=\"link\" data-id=\"https:\/\/www.glenat.com\/auteurs\/kieran\">Gl\u00e9nat.com<\/a><\/p>\n\n\n\n<p><\/p>\n","protected":false},"excerpt":{"rendered":"<p>Kieran\u00a0est auteur de Bd, storyboardeur, concept artist et enseignant. Il a fait ses armes \u00e0 l&rsquo;\u00e9cole \u00c9mile Colh. Avec son comparse Antoine Ozanam, avec qui il va travaille plusieurs ann\u00e9es, ils publient We are the Night tome 1 &amp; 2 ainsi qu&rsquo;Elwood and the 40 freak bitches\u00a0dans DoggyBags 2 chez Ankama. Il participe aussi \u00e0 [&hellip;]<\/p>\n","protected":false},"author":1,"featured_media":7137,"parent":7007,"menu_order":0,"comment_status":"closed","ping_status":"closed","template":"page-with-sidebar","meta":{"footnotes":""},"class_list":["post-7135","page","type-page","status-publish","has-post-thumbnail","hentry"],"jetpack_sharing_enabled":true,"_links":{"self":[{"href":"https:\/\/bdmiam.fr\/index.php\/wp-json\/wp\/v2\/pages\/7135","targetHints":{"allow":["GET"]}}],"collection":[{"href":"https:\/\/bdmiam.fr\/index.php\/wp-json\/wp\/v2\/pages"}],"about":[{"href":"https:\/\/bdmiam.fr\/index.php\/wp-json\/wp\/v2\/types\/page"}],"author":[{"embeddable":true,"href":"https:\/\/bdmiam.fr\/index.php\/wp-json\/wp\/v2\/users\/1"}],"replies":[{"embeddable":true,"href":"https:\/\/bdmiam.fr\/index.php\/wp-json\/wp\/v2\/comments?post=7135"}],"version-history":[{"count":2,"href":"https:\/\/bdmiam.fr\/index.php\/wp-json\/wp\/v2\/pages\/7135\/revisions"}],"predecessor-version":[{"id":7141,"href":"https:\/\/bdmiam.fr\/index.php\/wp-json\/wp\/v2\/pages\/7135\/revisions\/7141"}],"up":[{"embeddable":true,"href":"https:\/\/bdmiam.fr\/index.php\/wp-json\/wp\/v2\/pages\/7007"}],"wp:featuredmedia":[{"embeddable":true,"href":"https:\/\/bdmiam.fr\/index.php\/wp-json\/wp\/v2\/media\/7137"}],"wp:attachment":[{"href":"https:\/\/bdmiam.fr\/index.php\/wp-json\/wp\/v2\/media?parent=7135"}],"curies":[{"name":"wp","href":"https:\/\/api.w.org\/{rel}","templated":true}]}}