{"id":7153,"date":"2025-03-31T21:38:41","date_gmt":"2025-03-31T19:38:41","guid":{"rendered":"https:\/\/bdmiam.fr\/?page_id=7153"},"modified":"2025-03-31T21:38:41","modified_gmt":"2025-03-31T19:38:41","slug":"christian-heinrich","status":"publish","type":"page","link":"https:\/\/bdmiam.fr\/index.php\/festival-2025-10eme-edition\/christian-heinrich\/","title":{"rendered":"Christian Heinrich"},"content":{"rendered":"\n<figure class=\"wp-block-image aligncenter size-full\"><img data-recalc-dims=\"1\" loading=\"lazy\" decoding=\"async\" width=\"400\" height=\"267\" src=\"https:\/\/i0.wp.com\/bdmiam.fr\/wp-content\/uploads\/2025\/03\/29840.jpg?resize=400%2C267&#038;ssl=1\" alt=\"\" class=\"wp-image-7156\" srcset=\"https:\/\/i0.wp.com\/bdmiam.fr\/wp-content\/uploads\/2025\/03\/29840.jpg?w=400&amp;ssl=1 400w, https:\/\/i0.wp.com\/bdmiam.fr\/wp-content\/uploads\/2025\/03\/29840.jpg?resize=300%2C200&amp;ssl=1 300w\" sizes=\"auto, (max-width: 400px) 100vw, 400px\" \/><\/figure>\n\n\n\n<p><\/p>\n\n\n\n<p class=\"has-text-align-center\">Apr\u00e8s des \u00e9tudes \u00e0 la HEAR (Haute\u00a0\u00c9cole des Arts du Rhin), o\u00f9 il a \u00e9galement enseign\u00e9 durant 18 ans,\u00a0<strong>Christian Heinrich<\/strong>\u00a0illustre de nombreux ouvrages documentaires et de fiction. Il a \u00e9labor\u00e9 avec <strong>Christian Jolibois<\/strong>, deux d\u00e9cennies durant, <strong>la s\u00e9rie des\u00a0P\u2019tites Poules<\/strong>\u00a0aux \u00e9ditions PKJ. Parall\u00e8lement, il poursuit l\u2019exercice du carnet de croquis dont l\u2019ouvrage\u00a0<strong>Du vent dans les pinceaux<\/strong>\u00a0paru aux\u00a0\u00c9ditions Astrid Franchet retrace trente ans de r\u00e9flexions sur le rapport du dessin au voyage. Il compte aujourd\u2019hui se consacrer \u00e0 des projets BD encore plus personnels.<\/p>\n\n\n\n<p><\/p>\n\n\n\n<p class=\"has-text-align-center\"><strong><strong>Achat sur place obligatoire<\/strong><\/strong><\/p>\n\n\n\n<p><\/p>\n\n\n\n<div class=\"wp-block-group is-content-justification-center is-nowrap is-layout-flex wp-container-core-group-is-layout-23441af8 wp-block-group-is-layout-flex\">\n<figure data-wp-context=\"{&quot;imageId&quot;:&quot;69e27968669e1&quot;}\" data-wp-interactive=\"core\/image\" data-wp-key=\"69e27968669e1\" class=\"wp-block-image size-full wp-lightbox-container\"><img data-recalc-dims=\"1\" loading=\"lazy\" decoding=\"async\" width=\"600\" height=\"759\" data-wp-class--hide=\"state.isContentHidden\" data-wp-class--show=\"state.isContentVisible\" data-wp-init=\"callbacks.setButtonStyles\" data-wp-on--click=\"actions.showLightbox\" data-wp-on--load=\"callbacks.setButtonStyles\" data-wp-on-window--resize=\"callbacks.setButtonStyles\" src=\"https:\/\/i0.wp.com\/bdmiam.fr\/wp-content\/uploads\/2025\/03\/15_9782266341912_1_75.jpg?resize=600%2C759&#038;ssl=1\" alt=\"\" class=\"wp-image-7157\" srcset=\"https:\/\/i0.wp.com\/bdmiam.fr\/wp-content\/uploads\/2025\/03\/15_9782266341912_1_75.jpg?w=600&amp;ssl=1 600w, https:\/\/i0.wp.com\/bdmiam.fr\/wp-content\/uploads\/2025\/03\/15_9782266341912_1_75.jpg?resize=237%2C300&amp;ssl=1 237w\" sizes=\"auto, (max-width: 600px) 100vw, 600px\" \/><button\n\t\t\tclass=\"lightbox-trigger\"\n\t\t\ttype=\"button\"\n\t\t\taria-haspopup=\"dialog\"\n\t\t\taria-label=\"Agrandir\"\n\t\t\tdata-wp-init=\"callbacks.initTriggerButton\"\n\t\t\tdata-wp-on--click=\"actions.showLightbox\"\n\t\t\tdata-wp-style--right=\"state.imageButtonRight\"\n\t\t\tdata-wp-style--top=\"state.imageButtonTop\"\n\t\t>\n\t\t\t<svg xmlns=\"http:\/\/www.w3.org\/2000\/svg\" width=\"12\" height=\"12\" fill=\"none\" viewBox=\"0 0 12 12\">\n\t\t\t\t<path fill=\"#fff\" d=\"M2 0a2 2 0 0 0-2 2v2h1.5V2a.5.5 0 0 1 .5-.5h2V0H2Zm2 10.5H2a.5.5 0 0 1-.5-.5V8H0v2a2 2 0 0 0 2 2h2v-1.5ZM8 12v-1.5h2a.5.5 0 0 0 .5-.5V8H12v2a2 2 0 0 1-2 2H8Zm2-12a2 2 0 0 1 2 2v2h-1.5V2a.5.5 0 0 0-.5-.5H8V0h2Z\" \/>\n\t\t\t<\/svg>\n\t\t<\/button><\/figure>\n\n\n\n<figure data-wp-context=\"{&quot;imageId&quot;:&quot;69e2796866da3&quot;}\" data-wp-interactive=\"core\/image\" data-wp-key=\"69e2796866da3\" class=\"wp-block-image size-full wp-lightbox-container\"><img data-recalc-dims=\"1\" loading=\"lazy\" decoding=\"async\" width=\"546\" height=\"741\" data-wp-class--hide=\"state.isContentHidden\" data-wp-class--show=\"state.isContentVisible\" data-wp-init=\"callbacks.setButtonStyles\" data-wp-on--click=\"actions.showLightbox\" data-wp-on--load=\"callbacks.setButtonStyles\" data-wp-on-window--resize=\"callbacks.setButtonStyles\" src=\"https:\/\/i0.wp.com\/bdmiam.fr\/wp-content\/uploads\/2025\/03\/41T4MERNcIL.jpg?resize=546%2C741&#038;ssl=1\" alt=\"\" class=\"wp-image-7158\" srcset=\"https:\/\/i0.wp.com\/bdmiam.fr\/wp-content\/uploads\/2025\/03\/41T4MERNcIL.jpg?w=546&amp;ssl=1 546w, https:\/\/i0.wp.com\/bdmiam.fr\/wp-content\/uploads\/2025\/03\/41T4MERNcIL.jpg?resize=221%2C300&amp;ssl=1 221w\" sizes=\"auto, (max-width: 546px) 100vw, 546px\" \/><button\n\t\t\tclass=\"lightbox-trigger\"\n\t\t\ttype=\"button\"\n\t\t\taria-haspopup=\"dialog\"\n\t\t\taria-label=\"Agrandir\"\n\t\t\tdata-wp-init=\"callbacks.initTriggerButton\"\n\t\t\tdata-wp-on--click=\"actions.showLightbox\"\n\t\t\tdata-wp-style--right=\"state.imageButtonRight\"\n\t\t\tdata-wp-style--top=\"state.imageButtonTop\"\n\t\t>\n\t\t\t<svg xmlns=\"http:\/\/www.w3.org\/2000\/svg\" width=\"12\" height=\"12\" fill=\"none\" viewBox=\"0 0 12 12\">\n\t\t\t\t<path fill=\"#fff\" d=\"M2 0a2 2 0 0 0-2 2v2h1.5V2a.5.5 0 0 1 .5-.5h2V0H2Zm2 10.5H2a.5.5 0 0 1-.5-.5V8H0v2a2 2 0 0 0 2 2h2v-1.5ZM8 12v-1.5h2a.5.5 0 0 0 .5-.5V8H12v2a2 2 0 0 1-2 2H8Zm2-12a2 2 0 0 1 2 2v2h-1.5V2a.5.5 0 0 0-.5-.5H8V0h2Z\" \/>\n\t\t\t<\/svg>\n\t\t<\/button><\/figure>\n<\/div>\n\n\n\n<p><\/p>\n\n\n\n<p class=\"has-text-align-center\">Sources : <a href=\"https:\/\/site.nathan.fr\/auteurs\/christian-heinrich.html?srsltid=AfmBOop_HanER0n_233XbFUnvLXDdYGwnB_5oPB80gX2hWj6j0t0yCSJ\" data-type=\"link\" data-id=\"https:\/\/site.nathan.fr\/auteurs\/christian-heinrich.html?srsltid=AfmBOop_HanER0n_233XbFUnvLXDdYGwnB_5oPB80gX2hWj6j0t0yCSJ\" target=\"_blank\" rel=\"noreferrer noopener\">Editions Nathan<\/a><\/p>\n\n\n\n<p><\/p>\n","protected":false},"excerpt":{"rendered":"<p>Apr\u00e8s des \u00e9tudes \u00e0 la HEAR (Haute\u00a0\u00c9cole des Arts du Rhin), o\u00f9 il a \u00e9galement enseign\u00e9 durant 18 ans,\u00a0Christian Heinrich\u00a0illustre de nombreux ouvrages documentaires et de fiction. Il a \u00e9labor\u00e9 avec Christian Jolibois, deux d\u00e9cennies durant, la s\u00e9rie des\u00a0P\u2019tites Poules\u00a0aux \u00e9ditions PKJ. Parall\u00e8lement, il poursuit l\u2019exercice du carnet de croquis dont l\u2019ouvrage\u00a0Du vent dans les [&hellip;]<\/p>\n","protected":false},"author":1,"featured_media":7155,"parent":7007,"menu_order":0,"comment_status":"closed","ping_status":"closed","template":"page-with-sidebar","meta":{"footnotes":""},"class_list":["post-7153","page","type-page","status-publish","has-post-thumbnail","hentry"],"jetpack_sharing_enabled":true,"_links":{"self":[{"href":"https:\/\/bdmiam.fr\/index.php\/wp-json\/wp\/v2\/pages\/7153","targetHints":{"allow":["GET"]}}],"collection":[{"href":"https:\/\/bdmiam.fr\/index.php\/wp-json\/wp\/v2\/pages"}],"about":[{"href":"https:\/\/bdmiam.fr\/index.php\/wp-json\/wp\/v2\/types\/page"}],"author":[{"embeddable":true,"href":"https:\/\/bdmiam.fr\/index.php\/wp-json\/wp\/v2\/users\/1"}],"replies":[{"embeddable":true,"href":"https:\/\/bdmiam.fr\/index.php\/wp-json\/wp\/v2\/comments?post=7153"}],"version-history":[{"count":2,"href":"https:\/\/bdmiam.fr\/index.php\/wp-json\/wp\/v2\/pages\/7153\/revisions"}],"predecessor-version":[{"id":7160,"href":"https:\/\/bdmiam.fr\/index.php\/wp-json\/wp\/v2\/pages\/7153\/revisions\/7160"}],"up":[{"embeddable":true,"href":"https:\/\/bdmiam.fr\/index.php\/wp-json\/wp\/v2\/pages\/7007"}],"wp:featuredmedia":[{"embeddable":true,"href":"https:\/\/bdmiam.fr\/index.php\/wp-json\/wp\/v2\/media\/7155"}],"wp:attachment":[{"href":"https:\/\/bdmiam.fr\/index.php\/wp-json\/wp\/v2\/media?parent=7153"}],"curies":[{"name":"wp","href":"https:\/\/api.w.org\/{rel}","templated":true}]}}