{"id":7162,"date":"2025-03-31T21:59:56","date_gmt":"2025-03-31T19:59:56","guid":{"rendered":"https:\/\/bdmiam.fr\/?page_id=7162"},"modified":"2025-03-31T21:59:56","modified_gmt":"2025-03-31T19:59:56","slug":"julien-flamand","status":"publish","type":"page","link":"https:\/\/bdmiam.fr\/index.php\/festival-2025-10eme-edition\/julien-flamand\/","title":{"rendered":"Julien Flamand"},"content":{"rendered":"\n<figure class=\"wp-block-image aligncenter size-medium\"><img data-recalc-dims=\"1\" loading=\"lazy\" decoding=\"async\" width=\"300\" height=\"300\" src=\"https:\/\/i0.wp.com\/bdmiam.fr\/wp-content\/uploads\/2025\/03\/Photo_15191.jpg?resize=300%2C300&#038;ssl=1\" alt=\"\" class=\"wp-image-7164\" srcset=\"https:\/\/i0.wp.com\/bdmiam.fr\/wp-content\/uploads\/2025\/03\/Photo_15191.jpg?resize=300%2C300&amp;ssl=1 300w, https:\/\/i0.wp.com\/bdmiam.fr\/wp-content\/uploads\/2025\/03\/Photo_15191.jpg?resize=150%2C150&amp;ssl=1 150w, https:\/\/i0.wp.com\/bdmiam.fr\/wp-content\/uploads\/2025\/03\/Photo_15191.jpg?w=500&amp;ssl=1 500w\" sizes=\"auto, (max-width: 300px) 100vw, 300px\" \/><\/figure>\n\n\n\n<p><\/p>\n\n\n\n<p><strong>Julien Flamand est n\u00e9 le 26 mai 1982<\/strong>, \u00c0 24 ans, il est un jeune dipl\u00f4m\u00e9 de l&rsquo;\u00e9cole \u00c9mile Cohl. <\/p>\n\n\n\n<p>Il d\u00e9cide de suivre les traces de son p\u00e8re, <strong>Christian Flamand<\/strong>, dessinateur pour Pif Poche dans les ann\u00e9es 70. C&rsquo;est d&rsquo;ailleurs \u00e0 force de l&rsquo;entendre raconter son enfance dans le Morvan, qui Julien lui demande de sc\u00e9nariser \u00ab\u00a0Vacances \u00e0 Saint-Prix\u00a0\u00bb.<\/p>\n\n\n\n<p><\/p>\n\n\n\n<div class=\"wp-block-group is-layout-grid wp-container-core-group-is-layout-478b6e6b wp-block-group-is-layout-grid\">\n<figure data-wp-context=\"{&quot;imageId&quot;:&quot;69d34cfdc7293&quot;}\" data-wp-interactive=\"core\/image\" data-wp-key=\"69d34cfdc7293\" class=\"wp-block-image size-full wp-lightbox-container\"><img data-recalc-dims=\"1\" loading=\"lazy\" decoding=\"async\" width=\"600\" height=\"606\" data-wp-class--hide=\"state.isContentHidden\" data-wp-class--show=\"state.isContentVisible\" data-wp-init=\"callbacks.setButtonStyles\" data-wp-on--click=\"actions.showLightbox\" data-wp-on--load=\"callbacks.setButtonStyles\" data-wp-on-window--resize=\"callbacks.setButtonStyles\" src=\"https:\/\/i0.wp.com\/bdmiam.fr\/wp-content\/uploads\/2025\/03\/3_9782368292655_1_75.jpg?resize=600%2C606&#038;ssl=1\" alt=\"\" class=\"wp-image-7167\" srcset=\"https:\/\/i0.wp.com\/bdmiam.fr\/wp-content\/uploads\/2025\/03\/3_9782368292655_1_75.jpg?w=600&amp;ssl=1 600w, https:\/\/i0.wp.com\/bdmiam.fr\/wp-content\/uploads\/2025\/03\/3_9782368292655_1_75.jpg?resize=297%2C300&amp;ssl=1 297w\" sizes=\"auto, (max-width: 600px) 100vw, 600px\" \/><button\n\t\t\tclass=\"lightbox-trigger\"\n\t\t\ttype=\"button\"\n\t\t\taria-haspopup=\"dialog\"\n\t\t\taria-label=\"Agrandir\"\n\t\t\tdata-wp-init=\"callbacks.initTriggerButton\"\n\t\t\tdata-wp-on--click=\"actions.showLightbox\"\n\t\t\tdata-wp-style--right=\"state.imageButtonRight\"\n\t\t\tdata-wp-style--top=\"state.imageButtonTop\"\n\t\t>\n\t\t\t<svg xmlns=\"http:\/\/www.w3.org\/2000\/svg\" width=\"12\" height=\"12\" fill=\"none\" viewBox=\"0 0 12 12\">\n\t\t\t\t<path fill=\"#fff\" d=\"M2 0a2 2 0 0 0-2 2v2h1.5V2a.5.5 0 0 1 .5-.5h2V0H2Zm2 10.5H2a.5.5 0 0 1-.5-.5V8H0v2a2 2 0 0 0 2 2h2v-1.5ZM8 12v-1.5h2a.5.5 0 0 0 .5-.5V8H12v2a2 2 0 0 1-2 2H8Zm2-12a2 2 0 0 1 2 2v2h-1.5V2a.5.5 0 0 0-.5-.5H8V0h2Z\" \/>\n\t\t\t<\/svg>\n\t\t<\/button><\/figure>\n\n\n\n<figure data-wp-context=\"{&quot;imageId&quot;:&quot;69d34cfdc76fe&quot;}\" data-wp-interactive=\"core\/image\" data-wp-key=\"69d34cfdc76fe\" class=\"wp-block-image size-full wp-lightbox-container\"><img data-recalc-dims=\"1\" loading=\"lazy\" decoding=\"async\" width=\"802\" height=\"800\" data-wp-class--hide=\"state.isContentHidden\" data-wp-class--show=\"state.isContentVisible\" data-wp-init=\"callbacks.setButtonStyles\" data-wp-on--click=\"actions.showLightbox\" data-wp-on--load=\"callbacks.setButtonStyles\" data-wp-on-window--resize=\"callbacks.setButtonStyles\" src=\"https:\/\/i0.wp.com\/bdmiam.fr\/wp-content\/uploads\/2025\/03\/61ruY2TL3RL.jpg?resize=802%2C800&#038;ssl=1\" alt=\"\" class=\"wp-image-7168\" srcset=\"https:\/\/i0.wp.com\/bdmiam.fr\/wp-content\/uploads\/2025\/03\/61ruY2TL3RL.jpg?w=802&amp;ssl=1 802w, https:\/\/i0.wp.com\/bdmiam.fr\/wp-content\/uploads\/2025\/03\/61ruY2TL3RL.jpg?resize=300%2C300&amp;ssl=1 300w, https:\/\/i0.wp.com\/bdmiam.fr\/wp-content\/uploads\/2025\/03\/61ruY2TL3RL.jpg?resize=150%2C150&amp;ssl=1 150w, https:\/\/i0.wp.com\/bdmiam.fr\/wp-content\/uploads\/2025\/03\/61ruY2TL3RL.jpg?resize=768%2C766&amp;ssl=1 768w\" sizes=\"auto, (max-width: 802px) 100vw, 802px\" \/><button\n\t\t\tclass=\"lightbox-trigger\"\n\t\t\ttype=\"button\"\n\t\t\taria-haspopup=\"dialog\"\n\t\t\taria-label=\"Agrandir\"\n\t\t\tdata-wp-init=\"callbacks.initTriggerButton\"\n\t\t\tdata-wp-on--click=\"actions.showLightbox\"\n\t\t\tdata-wp-style--right=\"state.imageButtonRight\"\n\t\t\tdata-wp-style--top=\"state.imageButtonTop\"\n\t\t>\n\t\t\t<svg xmlns=\"http:\/\/www.w3.org\/2000\/svg\" width=\"12\" height=\"12\" fill=\"none\" viewBox=\"0 0 12 12\">\n\t\t\t\t<path fill=\"#fff\" d=\"M2 0a2 2 0 0 0-2 2v2h1.5V2a.5.5 0 0 1 .5-.5h2V0H2Zm2 10.5H2a.5.5 0 0 1-.5-.5V8H0v2a2 2 0 0 0 2 2h2v-1.5ZM8 12v-1.5h2a.5.5 0 0 0 .5-.5V8H12v2a2 2 0 0 1-2 2H8Zm2-12a2 2 0 0 1 2 2v2h-1.5V2a.5.5 0 0 0-.5-.5H8V0h2Z\" \/>\n\t\t\t<\/svg>\n\t\t<\/button><\/figure>\n\n\n\n<figure data-wp-context=\"{&quot;imageId&quot;:&quot;69d34cfdc7b1d&quot;}\" data-wp-interactive=\"core\/image\" data-wp-key=\"69d34cfdc7b1d\" class=\"wp-block-image size-full wp-lightbox-container\"><img data-recalc-dims=\"1\" loading=\"lazy\" decoding=\"async\" width=\"400\" height=\"432\" data-wp-class--hide=\"state.isContentHidden\" data-wp-class--show=\"state.isContentVisible\" data-wp-init=\"callbacks.setButtonStyles\" data-wp-on--click=\"actions.showLightbox\" data-wp-on--load=\"callbacks.setButtonStyles\" data-wp-on-window--resize=\"callbacks.setButtonStyles\" src=\"https:\/\/i0.wp.com\/bdmiam.fr\/wp-content\/uploads\/2025\/03\/Les-Ferociraptors-Paniquosaure.jpg?resize=400%2C432&#038;ssl=1\" alt=\"\" class=\"wp-image-7169\" srcset=\"https:\/\/i0.wp.com\/bdmiam.fr\/wp-content\/uploads\/2025\/03\/Les-Ferociraptors-Paniquosaure.jpg?w=400&amp;ssl=1 400w, https:\/\/i0.wp.com\/bdmiam.fr\/wp-content\/uploads\/2025\/03\/Les-Ferociraptors-Paniquosaure.jpg?resize=278%2C300&amp;ssl=1 278w\" sizes=\"auto, (max-width: 400px) 100vw, 400px\" \/><button\n\t\t\tclass=\"lightbox-trigger\"\n\t\t\ttype=\"button\"\n\t\t\taria-haspopup=\"dialog\"\n\t\t\taria-label=\"Agrandir\"\n\t\t\tdata-wp-init=\"callbacks.initTriggerButton\"\n\t\t\tdata-wp-on--click=\"actions.showLightbox\"\n\t\t\tdata-wp-style--right=\"state.imageButtonRight\"\n\t\t\tdata-wp-style--top=\"state.imageButtonTop\"\n\t\t>\n\t\t\t<svg xmlns=\"http:\/\/www.w3.org\/2000\/svg\" width=\"12\" height=\"12\" fill=\"none\" viewBox=\"0 0 12 12\">\n\t\t\t\t<path fill=\"#fff\" d=\"M2 0a2 2 0 0 0-2 2v2h1.5V2a.5.5 0 0 1 .5-.5h2V0H2Zm2 10.5H2a.5.5 0 0 1-.5-.5V8H0v2a2 2 0 0 0 2 2h2v-1.5ZM8 12v-1.5h2a.5.5 0 0 0 .5-.5V8H12v2a2 2 0 0 1-2 2H8Zm2-12a2 2 0 0 1 2 2v2h-1.5V2a.5.5 0 0 0-.5-.5H8V0h2Z\" \/>\n\t\t\t<\/svg>\n\t\t<\/button><\/figure>\n\n\n\n<figure data-wp-context=\"{&quot;imageId&quot;:&quot;69d34cfdc7efb&quot;}\" data-wp-interactive=\"core\/image\" data-wp-key=\"69d34cfdc7efb\" class=\"wp-block-image size-full wp-lightbox-container\"><img data-recalc-dims=\"1\" loading=\"lazy\" decoding=\"async\" width=\"400\" height=\"400\" data-wp-class--hide=\"state.isContentHidden\" data-wp-class--show=\"state.isContentVisible\" data-wp-init=\"callbacks.setButtonStyles\" data-wp-on--click=\"actions.showLightbox\" data-wp-on--load=\"callbacks.setButtonStyles\" data-wp-on-window--resize=\"callbacks.setButtonStyles\" src=\"https:\/\/i0.wp.com\/bdmiam.fr\/wp-content\/uploads\/2025\/03\/Les-aventures-extrapailletantes-de-Viviane-Le-tresor-des-griffons.jpg?resize=400%2C400&#038;ssl=1\" alt=\"\" class=\"wp-image-7171\" srcset=\"https:\/\/i0.wp.com\/bdmiam.fr\/wp-content\/uploads\/2025\/03\/Les-aventures-extrapailletantes-de-Viviane-Le-tresor-des-griffons.jpg?w=400&amp;ssl=1 400w, https:\/\/i0.wp.com\/bdmiam.fr\/wp-content\/uploads\/2025\/03\/Les-aventures-extrapailletantes-de-Viviane-Le-tresor-des-griffons.jpg?resize=300%2C300&amp;ssl=1 300w, https:\/\/i0.wp.com\/bdmiam.fr\/wp-content\/uploads\/2025\/03\/Les-aventures-extrapailletantes-de-Viviane-Le-tresor-des-griffons.jpg?resize=150%2C150&amp;ssl=1 150w\" sizes=\"auto, (max-width: 400px) 100vw, 400px\" \/><button\n\t\t\tclass=\"lightbox-trigger\"\n\t\t\ttype=\"button\"\n\t\t\taria-haspopup=\"dialog\"\n\t\t\taria-label=\"Agrandir\"\n\t\t\tdata-wp-init=\"callbacks.initTriggerButton\"\n\t\t\tdata-wp-on--click=\"actions.showLightbox\"\n\t\t\tdata-wp-style--right=\"state.imageButtonRight\"\n\t\t\tdata-wp-style--top=\"state.imageButtonTop\"\n\t\t>\n\t\t\t<svg xmlns=\"http:\/\/www.w3.org\/2000\/svg\" width=\"12\" height=\"12\" fill=\"none\" viewBox=\"0 0 12 12\">\n\t\t\t\t<path fill=\"#fff\" d=\"M2 0a2 2 0 0 0-2 2v2h1.5V2a.5.5 0 0 1 .5-.5h2V0H2Zm2 10.5H2a.5.5 0 0 1-.5-.5V8H0v2a2 2 0 0 0 2 2h2v-1.5ZM8 12v-1.5h2a.5.5 0 0 0 .5-.5V8H12v2a2 2 0 0 1-2 2H8Zm2-12a2 2 0 0 1 2 2v2h-1.5V2a.5.5 0 0 0-.5-.5H8V0h2Z\" \/>\n\t\t\t<\/svg>\n\t\t<\/button><\/figure>\n<\/div>\n\n\n\n<p><\/p>\n\n\n\n<p class=\"has-text-align-center\">Sources : <a href=\"https:\/\/www.bedetheque.com\/auteur-15191-BD-Flamand-Julien.html\" data-type=\"link\" data-id=\"https:\/\/www.bedetheque.com\/auteur-15191-BD-Flamand-Julien.html\" target=\"_blank\" rel=\"noreferrer noopener\">Bedetheque.com<\/a><\/p>\n\n\n\n<p><\/p>\n","protected":false},"excerpt":{"rendered":"<p>Julien Flamand est n\u00e9 le 26 mai 1982, \u00c0 24 ans, il est un jeune dipl\u00f4m\u00e9 de l&rsquo;\u00e9cole \u00c9mile Cohl. Il d\u00e9cide de suivre les traces de son p\u00e8re, Christian Flamand, dessinateur pour Pif Poche dans les ann\u00e9es 70. C&rsquo;est d&rsquo;ailleurs \u00e0 force de l&rsquo;entendre raconter son enfance dans le Morvan, qui Julien lui demande [&hellip;]<\/p>\n","protected":false},"author":1,"featured_media":7165,"parent":7007,"menu_order":0,"comment_status":"closed","ping_status":"closed","template":"page-with-sidebar","meta":{"footnotes":""},"class_list":["post-7162","page","type-page","status-publish","has-post-thumbnail","hentry"],"jetpack_sharing_enabled":true,"_links":{"self":[{"href":"https:\/\/bdmiam.fr\/index.php\/wp-json\/wp\/v2\/pages\/7162","targetHints":{"allow":["GET"]}}],"collection":[{"href":"https:\/\/bdmiam.fr\/index.php\/wp-json\/wp\/v2\/pages"}],"about":[{"href":"https:\/\/bdmiam.fr\/index.php\/wp-json\/wp\/v2\/types\/page"}],"author":[{"embeddable":true,"href":"https:\/\/bdmiam.fr\/index.php\/wp-json\/wp\/v2\/users\/1"}],"replies":[{"embeddable":true,"href":"https:\/\/bdmiam.fr\/index.php\/wp-json\/wp\/v2\/comments?post=7162"}],"version-history":[{"count":5,"href":"https:\/\/bdmiam.fr\/index.php\/wp-json\/wp\/v2\/pages\/7162\/revisions"}],"predecessor-version":[{"id":7174,"href":"https:\/\/bdmiam.fr\/index.php\/wp-json\/wp\/v2\/pages\/7162\/revisions\/7174"}],"up":[{"embeddable":true,"href":"https:\/\/bdmiam.fr\/index.php\/wp-json\/wp\/v2\/pages\/7007"}],"wp:featuredmedia":[{"embeddable":true,"href":"https:\/\/bdmiam.fr\/index.php\/wp-json\/wp\/v2\/media\/7165"}],"wp:attachment":[{"href":"https:\/\/bdmiam.fr\/index.php\/wp-json\/wp\/v2\/media?parent=7162"}],"curies":[{"name":"wp","href":"https:\/\/api.w.org\/{rel}","templated":true}]}}