{"id":7178,"date":"2025-03-31T22:18:38","date_gmt":"2025-03-31T20:18:38","guid":{"rendered":"https:\/\/bdmiam.fr\/?page_id=7178"},"modified":"2025-03-31T22:21:44","modified_gmt":"2025-03-31T20:21:44","slug":"pauline-de-la-provote","status":"publish","type":"page","link":"https:\/\/bdmiam.fr\/index.php\/festival-2025-10eme-edition\/pauline-de-la-provote\/","title":{"rendered":"Pauline De La Prov\u00f4t\u00e9"},"content":{"rendered":"\n<figure class=\"wp-block-image aligncenter size-medium\"><img data-recalc-dims=\"1\" loading=\"lazy\" decoding=\"async\" width=\"300\" height=\"300\" src=\"https:\/\/i0.wp.com\/bdmiam.fr\/wp-content\/uploads\/2025\/03\/AVT_Pauline-de-La-Provote_2064.webp?resize=300%2C300&#038;ssl=1\" alt=\"\" class=\"wp-image-7180\" srcset=\"https:\/\/i0.wp.com\/bdmiam.fr\/wp-content\/uploads\/2025\/03\/AVT_Pauline-de-La-Provote_2064.webp?resize=300%2C300&amp;ssl=1 300w, https:\/\/i0.wp.com\/bdmiam.fr\/wp-content\/uploads\/2025\/03\/AVT_Pauline-de-La-Provote_2064.webp?resize=150%2C150&amp;ssl=1 150w, https:\/\/i0.wp.com\/bdmiam.fr\/wp-content\/uploads\/2025\/03\/AVT_Pauline-de-La-Provote_2064.webp?w=520&amp;ssl=1 520w\" sizes=\"auto, (max-width: 300px) 100vw, 300px\" \/><\/figure>\n\n\n\n<p><\/p>\n\n\n\n<p class=\"has-text-align-center\"><strong>Pauline de La Prov\u00f4t\u00e9<\/strong>, dite <strong>Poyelp<\/strong>, est illustratrice de bande dessin\u00e9e.<\/p>\n\n\n\n<p class=\"has-text-align-center\">Elle se sp\u00e9cialise dans <strong>le cin\u00e9ma d&rsquo;animation<\/strong>, passant par l&rsquo;Atelier Conta de Caen, l&rsquo;\u00c9cole des Gobelins (2017-2018) puis l&rsquo;\u00c9cole Georges M\u00e9li\u00e8s, \u00e0 Paris (2018-2022).<\/p>\n\n\n\n<p class=\"has-text-align-center\">En 2023, elle sort sa BD<strong> \u00ab\u00a0Tr\u00e9sor\u00a0\u00bb<\/strong> sur un sc\u00e9nario de <strong>Jean-Baptiste Saurel<\/strong>.<\/p>\n\n\n\n<p><\/p>\n\n\n\n<figure data-wp-context=\"{&quot;imageId&quot;:&quot;69d4d1295c956&quot;}\" data-wp-interactive=\"core\/image\" data-wp-key=\"69d4d1295c956\" class=\"wp-block-image size-full wp-lightbox-container\"><img data-recalc-dims=\"1\" loading=\"lazy\" decoding=\"async\" width=\"700\" height=\"925\" data-wp-class--hide=\"state.isContentHidden\" data-wp-class--show=\"state.isContentVisible\" data-wp-init=\"callbacks.setButtonStyles\" data-wp-on--click=\"actions.showLightbox\" data-wp-on--load=\"callbacks.setButtonStyles\" data-wp-on-window--resize=\"callbacks.setButtonStyles\" src=\"https:\/\/i0.wp.com\/bdmiam.fr\/wp-content\/uploads\/2025\/03\/9782808505109-couv-M700x1200.jpg?resize=700%2C925&#038;ssl=1\" alt=\"\" class=\"wp-image-7181\" srcset=\"https:\/\/i0.wp.com\/bdmiam.fr\/wp-content\/uploads\/2025\/03\/9782808505109-couv-M700x1200.jpg?w=700&amp;ssl=1 700w, https:\/\/i0.wp.com\/bdmiam.fr\/wp-content\/uploads\/2025\/03\/9782808505109-couv-M700x1200.jpg?resize=227%2C300&amp;ssl=1 227w\" sizes=\"auto, (max-width: 700px) 100vw, 700px\" \/><button\n\t\t\tclass=\"lightbox-trigger\"\n\t\t\ttype=\"button\"\n\t\t\taria-haspopup=\"dialog\"\n\t\t\taria-label=\"Agrandir\"\n\t\t\tdata-wp-init=\"callbacks.initTriggerButton\"\n\t\t\tdata-wp-on--click=\"actions.showLightbox\"\n\t\t\tdata-wp-style--right=\"state.imageButtonRight\"\n\t\t\tdata-wp-style--top=\"state.imageButtonTop\"\n\t\t>\n\t\t\t<svg xmlns=\"http:\/\/www.w3.org\/2000\/svg\" width=\"12\" height=\"12\" fill=\"none\" viewBox=\"0 0 12 12\">\n\t\t\t\t<path fill=\"#fff\" d=\"M2 0a2 2 0 0 0-2 2v2h1.5V2a.5.5 0 0 1 .5-.5h2V0H2Zm2 10.5H2a.5.5 0 0 1-.5-.5V8H0v2a2 2 0 0 0 2 2h2v-1.5ZM8 12v-1.5h2a.5.5 0 0 0 .5-.5V8H12v2a2 2 0 0 1-2 2H8Zm2-12a2 2 0 0 1 2 2v2h-1.5V2a.5.5 0 0 0-.5-.5H8V0h2Z\" \/>\n\t\t\t<\/svg>\n\t\t<\/button><\/figure>\n\n\n\n<p><\/p>\n\n\n\n<p class=\"has-text-align-center\">Sources : <a href=\"https:\/\/www.babelio.com\/auteur\/Pauline-de-La-Provote\/642173\" data-type=\"link\" data-id=\"https:\/\/www.babelio.com\/auteur\/Pauline-de-La-Provote\/642173\">Babelio.com<\/a><\/p>\n\n\n\n<p><\/p>\n","protected":false},"excerpt":{"rendered":"<p>Pauline de La Prov\u00f4t\u00e9, dite Poyelp, est illustratrice de bande dessin\u00e9e. Elle se sp\u00e9cialise dans le cin\u00e9ma d&rsquo;animation, passant par l&rsquo;Atelier Conta de Caen, l&rsquo;\u00c9cole des Gobelins (2017-2018) puis l&rsquo;\u00c9cole Georges M\u00e9li\u00e8s, \u00e0 Paris (2018-2022). En 2023, elle sort sa BD \u00ab\u00a0Tr\u00e9sor\u00a0\u00bb sur un sc\u00e9nario de Jean-Baptiste Saurel. Sources : Babelio.com<\/p>\n","protected":false},"author":1,"featured_media":7187,"parent":7007,"menu_order":0,"comment_status":"closed","ping_status":"closed","template":"page-with-sidebar","meta":{"footnotes":""},"class_list":["post-7178","page","type-page","status-publish","has-post-thumbnail","hentry"],"jetpack_sharing_enabled":true,"_links":{"self":[{"href":"https:\/\/bdmiam.fr\/index.php\/wp-json\/wp\/v2\/pages\/7178","targetHints":{"allow":["GET"]}}],"collection":[{"href":"https:\/\/bdmiam.fr\/index.php\/wp-json\/wp\/v2\/pages"}],"about":[{"href":"https:\/\/bdmiam.fr\/index.php\/wp-json\/wp\/v2\/types\/page"}],"author":[{"embeddable":true,"href":"https:\/\/bdmiam.fr\/index.php\/wp-json\/wp\/v2\/users\/1"}],"replies":[{"embeddable":true,"href":"https:\/\/bdmiam.fr\/index.php\/wp-json\/wp\/v2\/comments?post=7178"}],"version-history":[{"count":3,"href":"https:\/\/bdmiam.fr\/index.php\/wp-json\/wp\/v2\/pages\/7178\/revisions"}],"predecessor-version":[{"id":7186,"href":"https:\/\/bdmiam.fr\/index.php\/wp-json\/wp\/v2\/pages\/7178\/revisions\/7186"}],"up":[{"embeddable":true,"href":"https:\/\/bdmiam.fr\/index.php\/wp-json\/wp\/v2\/pages\/7007"}],"wp:featuredmedia":[{"embeddable":true,"href":"https:\/\/bdmiam.fr\/index.php\/wp-json\/wp\/v2\/media\/7187"}],"wp:attachment":[{"href":"https:\/\/bdmiam.fr\/index.php\/wp-json\/wp\/v2\/media?parent=7178"}],"curies":[{"name":"wp","href":"https:\/\/api.w.org\/{rel}","templated":true}]}}