{"id":7231,"date":"2025-05-06T21:56:50","date_gmt":"2025-05-06T19:56:50","guid":{"rendered":"https:\/\/bdmiam.fr\/?page_id=7231"},"modified":"2025-05-06T21:56:50","modified_gmt":"2025-05-06T19:56:50","slug":"olivier-roman","status":"publish","type":"page","link":"https:\/\/bdmiam.fr\/index.php\/festival-2025-10eme-edition\/olivier-roman\/","title":{"rendered":"Olivier Roman"},"content":{"rendered":"\n<figure data-wp-context=\"{&quot;imageId&quot;:&quot;69d363a7d2f96&quot;}\" data-wp-interactive=\"core\/image\" data-wp-key=\"69d363a7d2f96\" class=\"wp-block-image aligncenter size-medium wp-lightbox-container\"><img data-recalc-dims=\"1\" loading=\"lazy\" decoding=\"async\" width=\"300\" height=\"300\" data-wp-class--hide=\"state.isContentHidden\" data-wp-class--show=\"state.isContentVisible\" data-wp-init=\"callbacks.setButtonStyles\" data-wp-on--click=\"actions.showLightbox\" data-wp-on--load=\"callbacks.setButtonStyles\" data-wp-on-window--resize=\"callbacks.setButtonStyles\" src=\"https:\/\/i0.wp.com\/bdmiam.fr\/wp-content\/uploads\/2025\/05\/Photo_1371.jpg?resize=300%2C300&#038;ssl=1\" alt=\"\" class=\"wp-image-7233\" srcset=\"https:\/\/i0.wp.com\/bdmiam.fr\/wp-content\/uploads\/2025\/05\/Photo_1371.jpg?resize=300%2C300&amp;ssl=1 300w, https:\/\/i0.wp.com\/bdmiam.fr\/wp-content\/uploads\/2025\/05\/Photo_1371.jpg?resize=150%2C150&amp;ssl=1 150w, https:\/\/i0.wp.com\/bdmiam.fr\/wp-content\/uploads\/2025\/05\/Photo_1371.jpg?w=650&amp;ssl=1 650w\" sizes=\"auto, (max-width: 300px) 100vw, 300px\" \/><button\n\t\t\tclass=\"lightbox-trigger\"\n\t\t\ttype=\"button\"\n\t\t\taria-haspopup=\"dialog\"\n\t\t\taria-label=\"Agrandir\"\n\t\t\tdata-wp-init=\"callbacks.initTriggerButton\"\n\t\t\tdata-wp-on--click=\"actions.showLightbox\"\n\t\t\tdata-wp-style--right=\"state.imageButtonRight\"\n\t\t\tdata-wp-style--top=\"state.imageButtonTop\"\n\t\t>\n\t\t\t<svg xmlns=\"http:\/\/www.w3.org\/2000\/svg\" width=\"12\" height=\"12\" fill=\"none\" viewBox=\"0 0 12 12\">\n\t\t\t\t<path fill=\"#fff\" d=\"M2 0a2 2 0 0 0-2 2v2h1.5V2a.5.5 0 0 1 .5-.5h2V0H2Zm2 10.5H2a.5.5 0 0 1-.5-.5V8H0v2a2 2 0 0 0 2 2h2v-1.5ZM8 12v-1.5h2a.5.5 0 0 0 .5-.5V8H12v2a2 2 0 0 1-2 2H8Zm2-12a2 2 0 0 1 2 2v2h-1.5V2a.5.5 0 0 0-.5-.5H8V0h2Z\" \/>\n\t\t\t<\/svg>\n\t\t<\/button><\/figure>\n\n\n\n<p><\/p>\n\n\n\n<p class=\"has-text-align-center\">Apr\u00e8s des \u00e9tudes aux Beaux-Arts, <strong>Olivier Roman<\/strong> d\u00e9bute sa carri\u00e8re en cr\u00e9ant des illustrations pour des agences de publicit\u00e9. Fascin\u00e9 par toutes sortes d\u2019arts graphiques, il s\u2019adonne \u00e0 la cr\u00e9ation de trompe-l\u2019\u0153il, pour des commerces et des restaurants dans un premier temps, puis pour des projets plus importants comme une b\u00e2che de 100 m2 \u00e0 Montpellier pour cacher un chantier ou une fresque murale au ch\u00e2teau de Gaujac (Gard). <\/p>\n\n\n\n<p><\/p>\n\n\n\n<p class=\"has-text-align-center\">C\u00f4t\u00e9 BD, il publie le premier tome de la s\u00e9rie <strong>Harry Dickson en 1992 avec Nolane<\/strong> au sc\u00e9nario. Cette s\u00e9rie adapte en bande dessin\u00e9e les aventures du \u00ab\u00a0Sherlock Holmes am\u00e9ricain\u00a0\u00bb cr\u00e9\u00e9 par Jean Ray et compte aujourd\u2019hui 16 albums. En 2013, il met en images <strong>Les fables de l\u2019Humpur<\/strong>, l\u2019adaptation par <strong>Pierre Bordage<\/strong> de son roman \u00e9ponyme<\/p>\n\n\n\n<p><\/p>\n\n\n\n<p class=\"has-text-align-center\"><strong>Achat sur place obligatoire<\/strong><\/p>\n\n\n\n<p><\/p>\n\n\n\n<figure data-wp-context=\"{&quot;imageId&quot;:&quot;69d363a7d34fe&quot;}\" data-wp-interactive=\"core\/image\" data-wp-key=\"69d363a7d34fe\" class=\"wp-block-image aligncenter size-large wp-lightbox-container\"><img data-recalc-dims=\"1\" loading=\"lazy\" decoding=\"async\" width=\"768\" height=\"1024\" data-wp-class--hide=\"state.isContentHidden\" data-wp-class--show=\"state.isContentVisible\" data-wp-init=\"callbacks.setButtonStyles\" data-wp-on--click=\"actions.showLightbox\" data-wp-on--load=\"callbacks.setButtonStyles\" data-wp-on-window--resize=\"callbacks.setButtonStyles\" src=\"https:\/\/i0.wp.com\/bdmiam.fr\/wp-content\/uploads\/2025\/05\/Couv_518770.jpg?resize=768%2C1024&#038;ssl=1\" alt=\"\" class=\"wp-image-7234\" srcset=\"https:\/\/i0.wp.com\/bdmiam.fr\/wp-content\/uploads\/2025\/05\/Couv_518770.jpg?resize=768%2C1025&amp;ssl=1 768w, https:\/\/i0.wp.com\/bdmiam.fr\/wp-content\/uploads\/2025\/05\/Couv_518770.jpg?resize=225%2C300&amp;ssl=1 225w, https:\/\/i0.wp.com\/bdmiam.fr\/wp-content\/uploads\/2025\/05\/Couv_518770.jpg?w=850&amp;ssl=1 850w\" sizes=\"auto, (max-width: 768px) 100vw, 768px\" \/><button\n\t\t\tclass=\"lightbox-trigger\"\n\t\t\ttype=\"button\"\n\t\t\taria-haspopup=\"dialog\"\n\t\t\taria-label=\"Agrandir\"\n\t\t\tdata-wp-init=\"callbacks.initTriggerButton\"\n\t\t\tdata-wp-on--click=\"actions.showLightbox\"\n\t\t\tdata-wp-style--right=\"state.imageButtonRight\"\n\t\t\tdata-wp-style--top=\"state.imageButtonTop\"\n\t\t>\n\t\t\t<svg xmlns=\"http:\/\/www.w3.org\/2000\/svg\" width=\"12\" height=\"12\" fill=\"none\" viewBox=\"0 0 12 12\">\n\t\t\t\t<path fill=\"#fff\" d=\"M2 0a2 2 0 0 0-2 2v2h1.5V2a.5.5 0 0 1 .5-.5h2V0H2Zm2 10.5H2a.5.5 0 0 1-.5-.5V8H0v2a2 2 0 0 0 2 2h2v-1.5ZM8 12v-1.5h2a.5.5 0 0 0 .5-.5V8H12v2a2 2 0 0 1-2 2H8Zm2-12a2 2 0 0 1 2 2v2h-1.5V2a.5.5 0 0 0-.5-.5H8V0h2Z\" \/>\n\t\t\t<\/svg>\n\t\t<\/button><\/figure>\n\n\n\n<p><\/p>\n\n\n\n<p class=\"has-text-align-center\">Source : <a href=\"https:\/\/www.bedetheque.com\/auteur-1371-BD-Roman-Olivier.html\" data-type=\"link\" data-id=\"https:\/\/www.bedetheque.com\/auteur-1371-BD-Roman-Olivier.html\" target=\"_blank\" rel=\"noreferrer noopener\">bedetheque.com<\/a><\/p>\n\n\n\n<p><\/p>\n","protected":false},"excerpt":{"rendered":"<p>Apr\u00e8s des \u00e9tudes aux Beaux-Arts, Olivier Roman d\u00e9bute sa carri\u00e8re en cr\u00e9ant des illustrations pour des agences de publicit\u00e9. Fascin\u00e9 par toutes sortes d\u2019arts graphiques, il s\u2019adonne \u00e0 la cr\u00e9ation de trompe-l\u2019\u0153il, pour des commerces et des restaurants dans un premier temps, puis pour des projets plus importants comme une b\u00e2che de 100 m2 \u00e0 [&hellip;]<\/p>\n","protected":false},"author":1,"featured_media":7232,"parent":7007,"menu_order":0,"comment_status":"closed","ping_status":"closed","template":"page-with-sidebar","meta":{"footnotes":""},"class_list":["post-7231","page","type-page","status-publish","has-post-thumbnail","hentry"],"jetpack_sharing_enabled":true,"_links":{"self":[{"href":"https:\/\/bdmiam.fr\/index.php\/wp-json\/wp\/v2\/pages\/7231","targetHints":{"allow":["GET"]}}],"collection":[{"href":"https:\/\/bdmiam.fr\/index.php\/wp-json\/wp\/v2\/pages"}],"about":[{"href":"https:\/\/bdmiam.fr\/index.php\/wp-json\/wp\/v2\/types\/page"}],"author":[{"embeddable":true,"href":"https:\/\/bdmiam.fr\/index.php\/wp-json\/wp\/v2\/users\/1"}],"replies":[{"embeddable":true,"href":"https:\/\/bdmiam.fr\/index.php\/wp-json\/wp\/v2\/comments?post=7231"}],"version-history":[{"count":1,"href":"https:\/\/bdmiam.fr\/index.php\/wp-json\/wp\/v2\/pages\/7231\/revisions"}],"predecessor-version":[{"id":7235,"href":"https:\/\/bdmiam.fr\/index.php\/wp-json\/wp\/v2\/pages\/7231\/revisions\/7235"}],"up":[{"embeddable":true,"href":"https:\/\/bdmiam.fr\/index.php\/wp-json\/wp\/v2\/pages\/7007"}],"wp:featuredmedia":[{"embeddable":true,"href":"https:\/\/bdmiam.fr\/index.php\/wp-json\/wp\/v2\/media\/7232"}],"wp:attachment":[{"href":"https:\/\/bdmiam.fr\/index.php\/wp-json\/wp\/v2\/media?parent=7231"}],"curies":[{"name":"wp","href":"https:\/\/api.w.org\/{rel}","templated":true}]}}