{"id":7247,"date":"2025-05-27T21:33:25","date_gmt":"2025-05-27T19:33:25","guid":{"rendered":"https:\/\/bdmiam.fr\/?page_id=7247"},"modified":"2025-05-27T21:36:15","modified_gmt":"2025-05-27T19:36:15","slug":"rebecca-morse","status":"publish","type":"page","link":"https:\/\/bdmiam.fr\/index.php\/festival-2025-10eme-edition\/rebecca-morse\/","title":{"rendered":"Rebecca Morse"},"content":{"rendered":"\n<figure class=\"wp-block-image aligncenter size-full\"><img data-recalc-dims=\"1\" loading=\"lazy\" decoding=\"async\" width=\"200\" height=\"200\" src=\"https:\/\/i0.wp.com\/bdmiam.fr\/wp-content\/uploads\/2025\/05\/20227_photo.webp?resize=200%2C200&#038;ssl=1\" alt=\"\" class=\"wp-image-7249\" srcset=\"https:\/\/i0.wp.com\/bdmiam.fr\/wp-content\/uploads\/2025\/05\/20227_photo.webp?w=200&amp;ssl=1 200w, https:\/\/i0.wp.com\/bdmiam.fr\/wp-content\/uploads\/2025\/05\/20227_photo.webp?resize=150%2C150&amp;ssl=1 150w\" sizes=\"auto, (max-width: 200px) 100vw, 200px\" \/><\/figure>\n\n\n\n<p><\/p>\n\n\n\n<p class=\"has-text-align-center\"><strong>Rebecca Morse<\/strong> est n\u00e9e <strong>en 1983<\/strong> d\u2019un papa anglais scientifique et d\u2019une maman irlandaise litt\u00e9raire. <\/p>\n\n\n\n<p class=\"has-text-align-center\">Arriv\u00e9e en France <strong>\u00e0 l\u2019\u00e2ge de 7 ans<\/strong>, elle int\u00e8gre ensuite la prestigieuse \u00e9cole <strong>\u00c9mile Cohl de Lyon<\/strong>. Elle y suit notamment les enseignements de Lax et des fr\u00e8res Jouvray. <\/p>\n\n\n\n<p class=\"has-text-align-center\">Dipl\u00f4m\u00e9e avec une option Animation, Rebecca d\u00e9veloppe des Concept arts pour le jeu vid\u00e9o et rencontre alors la sc\u00e9nariste <strong>Isabelle Bauthian<\/strong>, avec qui elle signera\u00a0<em><strong>Yessika Voyance<\/strong><\/em>, en mai 2009 chez Drugstore.<\/p>\n\n\n\n<p class=\"has-text-align-center\">Rebecca participe en 2009 au collectif BD\/illustrations\u00a0<em><strong>En chemin elle rencontre&#8230;<\/strong><\/em>, une \u0153uvre engag\u00e9e militant contre les violences faites aux femmes. <\/p>\n\n\n\n<p class=\"has-text-align-center\">Elle a \u00e9galement particip\u00e9 au collectif de comics num\u00e9riques anglais\u00a0<em>Dead Roots<\/em>\u00a0et\u00a0<em>Vs Comics<\/em>. <\/p>\n\n\n\n<p class=\"has-text-align-center\">Entre 2013 et 2015, elle signe, toujours avec <strong>Isabelle Bauthian<\/strong>, les quatre tomes de la s\u00e9rie jeunesse\u00a0<em><strong>Alyssa<\/strong><\/em>. <\/p>\n\n\n\n<p class=\"has-text-align-center\">En 2015, Rebecca r\u00e9alise avec la romanci\u00e8re <strong>Virginie Ollagnier<\/strong> divers projets avec le <strong>mensuel\u00a0<em>Les Rues de Lyon<\/em>\u00a0et\u00a0<em>L\u2019\u00c9picerie s\u00e9quentielle<\/em>\u00a0:\u00a0<em>La Reine des Tilleuls<\/em>,\u00a0<em>Les Lumi\u00e8res du 8 d\u00e9cembre en 2016<\/em>\u00a0et\u00a0<em>Pique-nique sur l\u2019\u00eele Barbe\u00a0<\/em>en 2017.<\/strong> <\/p>\n\n\n\n<p class=\"has-text-align-center\">Illustratrice ponctuelle pour\u00a0<strong>Lanfeust Mag<\/strong>, storyboardeuse sur des projets publicitaires, et autrice depuis 2010 d\u2019un webcomic sur <strong>DeviantArt<\/strong>, elle assume g\u00e9n\u00e9ralement ses tendances geek et f\u00e9ministes et son amour de la fantasy un peu ringarde. <\/p>\n\n\n\n<p class=\"has-text-align-center\">En 2018, elle signe l&rsquo;une des premi\u00e8res BD du label Drakoo avec\u00a0<em><strong>Dragon &amp; Poisons.<\/strong><\/em><\/p>\n\n\n\n<p class=\"has-text-align-center\"><\/p>\n\n\n\n<p class=\"has-text-align-center\"><strong>Achat sur place obligatoire<\/strong><\/p>\n\n\n\n<p><\/p>\n\n\n\n<figure data-wp-context=\"{&quot;imageId&quot;:&quot;69dc1e019b7f5&quot;}\" data-wp-interactive=\"core\/image\" data-wp-key=\"69dc1e019b7f5\" class=\"wp-block-image size-large wp-lightbox-container\"><img data-recalc-dims=\"1\" loading=\"lazy\" decoding=\"async\" width=\"776\" height=\"1024\" data-wp-class--hide=\"state.isContentHidden\" data-wp-class--show=\"state.isContentVisible\" data-wp-init=\"callbacks.setButtonStyles\" data-wp-on--click=\"actions.showLightbox\" data-wp-on--load=\"callbacks.setButtonStyles\" data-wp-on-window--resize=\"callbacks.setButtonStyles\" src=\"https:\/\/i0.wp.com\/bdmiam.fr\/wp-content\/uploads\/2025\/05\/81tOaqBUMCL._SL1500_.jpg?resize=776%2C1024&#038;ssl=1\" alt=\"\" class=\"wp-image-7250\" srcset=\"https:\/\/i0.wp.com\/bdmiam.fr\/wp-content\/uploads\/2025\/05\/81tOaqBUMCL._SL1500_.jpg?resize=776%2C1024&amp;ssl=1 776w, https:\/\/i0.wp.com\/bdmiam.fr\/wp-content\/uploads\/2025\/05\/81tOaqBUMCL._SL1500_.jpg?resize=227%2C300&amp;ssl=1 227w, https:\/\/i0.wp.com\/bdmiam.fr\/wp-content\/uploads\/2025\/05\/81tOaqBUMCL._SL1500_.jpg?resize=768%2C1014&amp;ssl=1 768w, https:\/\/i0.wp.com\/bdmiam.fr\/wp-content\/uploads\/2025\/05\/81tOaqBUMCL._SL1500_.jpg?w=1136&amp;ssl=1 1136w\" sizes=\"auto, (max-width: 776px) 100vw, 776px\" \/><button\n\t\t\tclass=\"lightbox-trigger\"\n\t\t\ttype=\"button\"\n\t\t\taria-haspopup=\"dialog\"\n\t\t\taria-label=\"Agrandir\"\n\t\t\tdata-wp-init=\"callbacks.initTriggerButton\"\n\t\t\tdata-wp-on--click=\"actions.showLightbox\"\n\t\t\tdata-wp-style--right=\"state.imageButtonRight\"\n\t\t\tdata-wp-style--top=\"state.imageButtonTop\"\n\t\t>\n\t\t\t<svg xmlns=\"http:\/\/www.w3.org\/2000\/svg\" width=\"12\" height=\"12\" fill=\"none\" viewBox=\"0 0 12 12\">\n\t\t\t\t<path fill=\"#fff\" d=\"M2 0a2 2 0 0 0-2 2v2h1.5V2a.5.5 0 0 1 .5-.5h2V0H2Zm2 10.5H2a.5.5 0 0 1-.5-.5V8H0v2a2 2 0 0 0 2 2h2v-1.5ZM8 12v-1.5h2a.5.5 0 0 0 .5-.5V8H12v2a2 2 0 0 1-2 2H8Zm2-12a2 2 0 0 1 2 2v2h-1.5V2a.5.5 0 0 0-.5-.5H8V0h2Z\" \/>\n\t\t\t<\/svg>\n\t\t<\/button><\/figure>\n\n\n\n<p><\/p>\n\n\n\n<p class=\"has-text-align-center\">Sources : <a href=\"https:\/\/www.drakoo.fr\/auteur\/dessinateur\/rebecca-morse\/20227\" target=\"_blank\" rel=\"noreferrer noopener\">Drakoo.fr<\/a><\/p>\n\n\n\n<p><\/p>\n","protected":false},"excerpt":{"rendered":"<p>Rebecca Morse est n\u00e9e en 1983 d\u2019un papa anglais scientifique et d\u2019une maman irlandaise litt\u00e9raire. Arriv\u00e9e en France \u00e0 l\u2019\u00e2ge de 7 ans, elle int\u00e8gre ensuite la prestigieuse \u00e9cole \u00c9mile Cohl de Lyon. Elle y suit notamment les enseignements de Lax et des fr\u00e8res Jouvray. Dipl\u00f4m\u00e9e avec une option Animation, Rebecca d\u00e9veloppe des Concept arts [&hellip;]<\/p>\n","protected":false},"author":1,"featured_media":7248,"parent":7007,"menu_order":0,"comment_status":"closed","ping_status":"closed","template":"page-with-sidebar","meta":{"footnotes":""},"class_list":["post-7247","page","type-page","status-publish","has-post-thumbnail","hentry"],"jetpack_sharing_enabled":true,"_links":{"self":[{"href":"https:\/\/bdmiam.fr\/index.php\/wp-json\/wp\/v2\/pages\/7247","targetHints":{"allow":["GET"]}}],"collection":[{"href":"https:\/\/bdmiam.fr\/index.php\/wp-json\/wp\/v2\/pages"}],"about":[{"href":"https:\/\/bdmiam.fr\/index.php\/wp-json\/wp\/v2\/types\/page"}],"author":[{"embeddable":true,"href":"https:\/\/bdmiam.fr\/index.php\/wp-json\/wp\/v2\/users\/1"}],"replies":[{"embeddable":true,"href":"https:\/\/bdmiam.fr\/index.php\/wp-json\/wp\/v2\/comments?post=7247"}],"version-history":[{"count":1,"href":"https:\/\/bdmiam.fr\/index.php\/wp-json\/wp\/v2\/pages\/7247\/revisions"}],"predecessor-version":[{"id":7251,"href":"https:\/\/bdmiam.fr\/index.php\/wp-json\/wp\/v2\/pages\/7247\/revisions\/7251"}],"up":[{"embeddable":true,"href":"https:\/\/bdmiam.fr\/index.php\/wp-json\/wp\/v2\/pages\/7007"}],"wp:featuredmedia":[{"embeddable":true,"href":"https:\/\/bdmiam.fr\/index.php\/wp-json\/wp\/v2\/media\/7248"}],"wp:attachment":[{"href":"https:\/\/bdmiam.fr\/index.php\/wp-json\/wp\/v2\/media?parent=7247"}],"curies":[{"name":"wp","href":"https:\/\/api.w.org\/{rel}","templated":true}]}}