{"id":7270,"date":"2025-05-31T21:14:27","date_gmt":"2025-05-31T19:14:27","guid":{"rendered":"https:\/\/bdmiam.fr\/?page_id=7270"},"modified":"2026-03-22T15:30:32","modified_gmt":"2026-03-22T14:30:32","slug":"luca-bulgheroni","status":"publish","type":"page","link":"https:\/\/bdmiam.fr\/index.php\/festival-2025-10eme-edition\/luca-bulgheroni\/","title":{"rendered":"Luca Bulgheroni"},"content":{"rendered":"\n<figure data-wp-context=\"{&quot;imageId&quot;:&quot;69d3653394c49&quot;}\" data-wp-interactive=\"core\/image\" data-wp-key=\"69d3653394c49\" class=\"wp-block-image aligncenter size-medium wp-lightbox-container\"><img data-recalc-dims=\"1\" loading=\"lazy\" decoding=\"async\" width=\"300\" height=\"300\" data-wp-class--hide=\"state.isContentHidden\" data-wp-class--show=\"state.isContentVisible\" data-wp-init=\"callbacks.setButtonStyles\" data-wp-on--click=\"actions.showLightbox\" data-wp-on--load=\"callbacks.setButtonStyles\" data-wp-on-window--resize=\"callbacks.setButtonStyles\" src=\"https:\/\/i0.wp.com\/bdmiam.fr\/wp-content\/uploads\/2025\/05\/Photo_62084.jpg?resize=300%2C300&#038;ssl=1\" alt=\"\" class=\"wp-image-7272\" srcset=\"https:\/\/i0.wp.com\/bdmiam.fr\/wp-content\/uploads\/2025\/05\/Photo_62084.jpg?resize=300%2C300&amp;ssl=1 300w, https:\/\/i0.wp.com\/bdmiam.fr\/wp-content\/uploads\/2025\/05\/Photo_62084.jpg?resize=150%2C150&amp;ssl=1 150w, https:\/\/i0.wp.com\/bdmiam.fr\/wp-content\/uploads\/2025\/05\/Photo_62084.jpg?w=430&amp;ssl=1 430w\" sizes=\"auto, (max-width: 300px) 100vw, 300px\" \/><button\n\t\t\tclass=\"lightbox-trigger\"\n\t\t\ttype=\"button\"\n\t\t\taria-haspopup=\"dialog\"\n\t\t\taria-label=\"Agrandir\"\n\t\t\tdata-wp-init=\"callbacks.initTriggerButton\"\n\t\t\tdata-wp-on--click=\"actions.showLightbox\"\n\t\t\tdata-wp-style--right=\"state.imageButtonRight\"\n\t\t\tdata-wp-style--top=\"state.imageButtonTop\"\n\t\t>\n\t\t\t<svg xmlns=\"http:\/\/www.w3.org\/2000\/svg\" width=\"12\" height=\"12\" fill=\"none\" viewBox=\"0 0 12 12\">\n\t\t\t\t<path fill=\"#fff\" d=\"M2 0a2 2 0 0 0-2 2v2h1.5V2a.5.5 0 0 1 .5-.5h2V0H2Zm2 10.5H2a.5.5 0 0 1-.5-.5V8H0v2a2 2 0 0 0 2 2h2v-1.5ZM8 12v-1.5h2a.5.5 0 0 0 .5-.5V8H12v2a2 2 0 0 1-2 2H8Zm2-12a2 2 0 0 1 2 2v2h-1.5V2a.5.5 0 0 0-.5-.5H8V0h2Z\" \/>\n\t\t\t<\/svg>\n\t\t<\/button><\/figure>\n\n\n\n<p><\/p>\n\n\n\n<p>Il est n\u00e9 en 1989 \u00e0 <strong>Tradate (Lombardie, Italie)<\/strong>, est dessinateur et coloriste de bandes dessin\u00e9es.<\/p>\n\n\n\n<p>Depuis l&rsquo;enfance, il s&rsquo;int\u00e9resse \u00e0 l&rsquo;art, au dessin et \u00e0 la litt\u00e9rature. Dipl\u00f4m\u00e9 de l&rsquo;<strong>Acad\u00e9mie des beaux-arts de Brera, \u00e0 Milan<\/strong>, il commence \u00e0 travailler comme photographe et graphiste dans le monde des galeries d&rsquo;art. Il \u00e9tudie ensuite la bande dessin\u00e9e \u00e0 l&rsquo;<strong>Acad\u00e9mie des beaux-arts de Bologne<\/strong>, o\u00f9 il s&rsquo;installe. Luca Bulgheroni commence sa carri\u00e8re comme assistant, encreur et coloriste pour les principaux \u00e9diteurs italiens de BD.<\/p>\n\n\n\n<p>Chez Gl\u00e9nat, il met en couleurs le tome 1 de <strong>1789<\/strong> (2019), un diptyque de No\u00ebl <strong>Simsolo et Vicenzo Bizzarri<\/strong>, et \u00ab <strong>Clovis <\/strong>\u00bb (2021), le tome 36 de la s\u00e9rie \u00ab Ils ont fait l&rsquo;histoire \u00bb, sign\u00e9 par <strong>Wyctor et Paolo Martinello<\/strong>. Depuis 2021, il est \u00e9galement l&rsquo;un des dessinateurs de la s\u00e9rie fantasy \u00ab <strong>Dragonero<\/strong> \u00bb (Sergio Bonelli Editore).<\/p>\n\n\n\n<p>En 2024, Luca Bulgheroni assure l&rsquo;encrage du tome 3 d&rsquo; \u00ab <strong>Hawkmoon<\/strong> \u00bb (Gl\u00e9nat), une adaptation des romans de Michael Moorcock. La m\u00eame ann\u00e9e, il rejoint les \u00e9ditions Dargaud et assure la mise en images de la s\u00e9rie sc\u00e9naris\u00e9e par <strong>J\u00e9r\u00f4me Le Gris et Didier Poli, \u00ab Les \u00c2ges perdus \u00bb<\/strong>.<\/p>\n\n\n\n<p class=\"has-text-align-center\"><\/p>\n\n\n\n<figure data-wp-context=\"{&quot;imageId&quot;:&quot;69d3653395131&quot;}\" data-wp-interactive=\"core\/image\" data-wp-key=\"69d3653395131\" class=\"wp-block-image aligncenter size-full wp-lightbox-container\"><img data-recalc-dims=\"1\" loading=\"lazy\" decoding=\"async\" width=\"756\" height=\"1000\" data-wp-class--hide=\"state.isContentHidden\" data-wp-class--show=\"state.isContentVisible\" data-wp-init=\"callbacks.setButtonStyles\" data-wp-on--click=\"actions.showLightbox\" data-wp-on--load=\"callbacks.setButtonStyles\" data-wp-on-window--resize=\"callbacks.setButtonStyles\" src=\"https:\/\/i0.wp.com\/bdmiam.fr\/wp-content\/uploads\/2026\/03\/653703366_10237921360685467_4594662426583977176_n.jpg?resize=756%2C1000&#038;ssl=1\" alt=\"\" class=\"wp-image-7481\" srcset=\"https:\/\/i0.wp.com\/bdmiam.fr\/wp-content\/uploads\/2026\/03\/653703366_10237921360685467_4594662426583977176_n.jpg?w=756&amp;ssl=1 756w, https:\/\/i0.wp.com\/bdmiam.fr\/wp-content\/uploads\/2026\/03\/653703366_10237921360685467_4594662426583977176_n.jpg?resize=227%2C300&amp;ssl=1 227w\" sizes=\"auto, (max-width: 756px) 100vw, 756px\" \/><button\n\t\t\tclass=\"lightbox-trigger\"\n\t\t\ttype=\"button\"\n\t\t\taria-haspopup=\"dialog\"\n\t\t\taria-label=\"Agrandir\"\n\t\t\tdata-wp-init=\"callbacks.initTriggerButton\"\n\t\t\tdata-wp-on--click=\"actions.showLightbox\"\n\t\t\tdata-wp-style--right=\"state.imageButtonRight\"\n\t\t\tdata-wp-style--top=\"state.imageButtonTop\"\n\t\t>\n\t\t\t<svg xmlns=\"http:\/\/www.w3.org\/2000\/svg\" width=\"12\" height=\"12\" fill=\"none\" viewBox=\"0 0 12 12\">\n\t\t\t\t<path fill=\"#fff\" d=\"M2 0a2 2 0 0 0-2 2v2h1.5V2a.5.5 0 0 1 .5-.5h2V0H2Zm2 10.5H2a.5.5 0 0 1-.5-.5V8H0v2a2 2 0 0 0 2 2h2v-1.5ZM8 12v-1.5h2a.5.5 0 0 0 .5-.5V8H12v2a2 2 0 0 1-2 2H8Zm2-12a2 2 0 0 1 2 2v2h-1.5V2a.5.5 0 0 0-.5-.5H8V0h2Z\" \/>\n\t\t\t<\/svg>\n\t\t<\/button><\/figure>\n\n\n\n<p><\/p>\n\n\n\n<p class=\"has-text-align-center\"><strong>Sources :<\/strong> <a href=\"https:\/\/www.bedetheque.com\/auteur-62084-BD-Bulgheroni-Luca.html\" target=\"_blank\" rel=\"noreferrer noopener\">Bedetheque.com<\/a>, <a href=\"https:\/\/www.dargaud.com\/bd\/les-ages-perdus\/les-ages-perdus-linfini-vagabond-bda5420290\" target=\"_blank\" rel=\"noreferrer noopener\">Dargaud.com<\/a><\/p>\n\n\n\n<p><\/p>\n","protected":false},"excerpt":{"rendered":"<p>Il est n\u00e9 en 1989 \u00e0 Tradate (Lombardie, Italie), est dessinateur et coloriste de bandes dessin\u00e9es. Depuis l&rsquo;enfance, il s&rsquo;int\u00e9resse \u00e0 l&rsquo;art, au dessin et \u00e0 la litt\u00e9rature. Dipl\u00f4m\u00e9 de l&rsquo;Acad\u00e9mie des beaux-arts de Brera, \u00e0 Milan, il commence \u00e0 travailler comme photographe et graphiste dans le monde des galeries d&rsquo;art. Il \u00e9tudie ensuite la [&hellip;]<\/p>\n","protected":false},"author":1,"featured_media":7271,"parent":7007,"menu_order":0,"comment_status":"closed","ping_status":"closed","template":"page-with-sidebar","meta":{"footnotes":""},"class_list":["post-7270","page","type-page","status-publish","has-post-thumbnail","hentry"],"jetpack_sharing_enabled":true,"_links":{"self":[{"href":"https:\/\/bdmiam.fr\/index.php\/wp-json\/wp\/v2\/pages\/7270","targetHints":{"allow":["GET"]}}],"collection":[{"href":"https:\/\/bdmiam.fr\/index.php\/wp-json\/wp\/v2\/pages"}],"about":[{"href":"https:\/\/bdmiam.fr\/index.php\/wp-json\/wp\/v2\/types\/page"}],"author":[{"embeddable":true,"href":"https:\/\/bdmiam.fr\/index.php\/wp-json\/wp\/v2\/users\/1"}],"replies":[{"embeddable":true,"href":"https:\/\/bdmiam.fr\/index.php\/wp-json\/wp\/v2\/comments?post=7270"}],"version-history":[{"count":2,"href":"https:\/\/bdmiam.fr\/index.php\/wp-json\/wp\/v2\/pages\/7270\/revisions"}],"predecessor-version":[{"id":7495,"href":"https:\/\/bdmiam.fr\/index.php\/wp-json\/wp\/v2\/pages\/7270\/revisions\/7495"}],"up":[{"embeddable":true,"href":"https:\/\/bdmiam.fr\/index.php\/wp-json\/wp\/v2\/pages\/7007"}],"wp:featuredmedia":[{"embeddable":true,"href":"https:\/\/bdmiam.fr\/index.php\/wp-json\/wp\/v2\/media\/7271"}],"wp:attachment":[{"href":"https:\/\/bdmiam.fr\/index.php\/wp-json\/wp\/v2\/media?parent=7270"}],"curies":[{"name":"wp","href":"https:\/\/api.w.org\/{rel}","templated":true}]}}