{"id":7296,"date":"2025-06-10T21:50:09","date_gmt":"2025-06-10T19:50:09","guid":{"rendered":"https:\/\/bdmiam.fr\/?page_id=7296"},"modified":"2025-06-10T21:50:09","modified_gmt":"2025-06-10T19:50:09","slug":"june","status":"publish","type":"page","link":"https:\/\/bdmiam.fr\/index.php\/festival-2025-10eme-edition\/june\/","title":{"rendered":"June"},"content":{"rendered":"\n<figure class=\"wp-block-image aligncenter size-full\"><img data-recalc-dims=\"1\" loading=\"lazy\" decoding=\"async\" width=\"234\" height=\"237\" src=\"https:\/\/i0.wp.com\/bdmiam.fr\/wp-content\/uploads\/2025\/06\/june_mangaka_209596.jpg?resize=234%2C237&#038;ssl=1\" alt=\"\" class=\"wp-image-7298\"\/><\/figure>\n\n\n\n<p><\/p>\n\n\n\n<p class=\"has-text-align-center\">Autodidacte, depuis toujours,\u00a0June\u00a0passe tout son temps libre \u00e0 dessiner.<\/p>\n\n\n\n<p class=\"has-text-align-center\">Plus jeune, elle admirait le style de <strong>Yoko Maki et de Kaori Yuki<\/strong> mais surtout <strong>des manhwas<\/strong> en g\u00e9n\u00e9rale.<\/p>\n\n\n\n<p class=\"has-text-align-center\">C\u2019est en participant \u00e0 des concours de mani\u00e8re r\u00e9cr\u00e9ative qu\u2019est n\u00e9e l\u2019envie de r\u00e9ellement cr\u00e9er des mangas. <\/p>\n\n\n\n<p class=\"has-text-align-center\"><strong>Originaire de Lyon<\/strong>, son plaisir : manger des okonomiyaki et des cheesecakes !<\/p>\n\n\n\n<p class=\"has-text-align-center\"><strong>June est la mangaka de\u00a0<em>L\u2019 Autre Lui\u00a0<\/em>(2025 aux Editions Nouvelle Hydre).<\/strong> Manga sur les relations au travail, elle aborde les th\u00e8mes de l\u2019acceptation de soi et de la diff\u00e9rence\u00a0<em>\u00ab En \u00e9crivant ce manga je voulais faire un pied de nez \u00e0 mes anciens coll\u00e8gues p\u00e9tris de st\u00e9r\u00e9otypes sur la moindre personne qui passe. On subit tous des agressions physiques ou verbales qui nous touchent, avec cette histoire je voulais que tout le monde puisse se reconnaitre, mais aussi montrer qu\u2019on pouvait s\u2019affranchir de ces mauvaises exp\u00e9riences \u00bb.<\/em><\/p>\n\n\n\n<p><\/p>\n\n\n\n<figure data-wp-context=\"{&quot;imageId&quot;:&quot;69d37d1b9acc8&quot;}\" data-wp-interactive=\"core\/image\" data-wp-key=\"69d37d1b9acc8\" class=\"wp-block-image aligncenter size-large wp-lightbox-container\"><img data-recalc-dims=\"1\" loading=\"lazy\" decoding=\"async\" width=\"732\" height=\"1024\" data-wp-class--hide=\"state.isContentHidden\" data-wp-class--show=\"state.isContentVisible\" data-wp-init=\"callbacks.setButtonStyles\" data-wp-on--click=\"actions.showLightbox\" data-wp-on--load=\"callbacks.setButtonStyles\" data-wp-on-window--resize=\"callbacks.setButtonStyles\" src=\"https:\/\/i0.wp.com\/bdmiam.fr\/wp-content\/uploads\/2025\/06\/L_autre_lui_-_Nouvelle_Hydre.jpg?resize=732%2C1024&#038;ssl=1\" alt=\"\" class=\"wp-image-7299\" srcset=\"https:\/\/i0.wp.com\/bdmiam.fr\/wp-content\/uploads\/2025\/06\/L_autre_lui_-_Nouvelle_Hydre.jpg?resize=732%2C1024&amp;ssl=1 732w, https:\/\/i0.wp.com\/bdmiam.fr\/wp-content\/uploads\/2025\/06\/L_autre_lui_-_Nouvelle_Hydre.jpg?resize=214%2C300&amp;ssl=1 214w, https:\/\/i0.wp.com\/bdmiam.fr\/wp-content\/uploads\/2025\/06\/L_autre_lui_-_Nouvelle_Hydre.jpg?resize=768%2C1075&amp;ssl=1 768w, https:\/\/i0.wp.com\/bdmiam.fr\/wp-content\/uploads\/2025\/06\/L_autre_lui_-_Nouvelle_Hydre.jpg?w=1072&amp;ssl=1 1072w\" sizes=\"auto, (max-width: 732px) 100vw, 732px\" \/><button\n\t\t\tclass=\"lightbox-trigger\"\n\t\t\ttype=\"button\"\n\t\t\taria-haspopup=\"dialog\"\n\t\t\taria-label=\"Agrandir\"\n\t\t\tdata-wp-init=\"callbacks.initTriggerButton\"\n\t\t\tdata-wp-on--click=\"actions.showLightbox\"\n\t\t\tdata-wp-style--right=\"state.imageButtonRight\"\n\t\t\tdata-wp-style--top=\"state.imageButtonTop\"\n\t\t>\n\t\t\t<svg xmlns=\"http:\/\/www.w3.org\/2000\/svg\" width=\"12\" height=\"12\" fill=\"none\" viewBox=\"0 0 12 12\">\n\t\t\t\t<path fill=\"#fff\" d=\"M2 0a2 2 0 0 0-2 2v2h1.5V2a.5.5 0 0 1 .5-.5h2V0H2Zm2 10.5H2a.5.5 0 0 1-.5-.5V8H0v2a2 2 0 0 0 2 2h2v-1.5ZM8 12v-1.5h2a.5.5 0 0 0 .5-.5V8H12v2a2 2 0 0 1-2 2H8Zm2-12a2 2 0 0 1 2 2v2h-1.5V2a.5.5 0 0 0-.5-.5H8V0h2Z\" \/>\n\t\t\t<\/svg>\n\t\t<\/button><\/figure>\n\n\n\n<p><\/p>\n\n\n\n<p class=\"has-text-align-center\"><strong>Sources :<\/strong> <a href=\"https:\/\/www.nouvelle-hydre.fr\/l-autre-lui\" data-type=\"link\" data-id=\"https:\/\/www.nouvelle-hydre.fr\/l-autre-lui\" target=\"_blank\" rel=\"noreferrer noopener\">nouvelle-hydre.fr<\/a><\/p>\n\n\n\n<p><\/p>\n","protected":false},"excerpt":{"rendered":"<p>Autodidacte, depuis toujours,\u00a0June\u00a0passe tout son temps libre \u00e0 dessiner. Plus jeune, elle admirait le style de Yoko Maki et de Kaori Yuki mais surtout des manhwas en g\u00e9n\u00e9rale. C\u2019est en participant \u00e0 des concours de mani\u00e8re r\u00e9cr\u00e9ative qu\u2019est n\u00e9e l\u2019envie de r\u00e9ellement cr\u00e9er des mangas. Originaire de Lyon, son plaisir : manger des okonomiyaki et [&hellip;]<\/p>\n","protected":false},"author":1,"featured_media":7297,"parent":7007,"menu_order":0,"comment_status":"closed","ping_status":"closed","template":"page-with-sidebar","meta":{"footnotes":""},"class_list":["post-7296","page","type-page","status-publish","has-post-thumbnail","hentry"],"jetpack_sharing_enabled":true,"_links":{"self":[{"href":"https:\/\/bdmiam.fr\/index.php\/wp-json\/wp\/v2\/pages\/7296","targetHints":{"allow":["GET"]}}],"collection":[{"href":"https:\/\/bdmiam.fr\/index.php\/wp-json\/wp\/v2\/pages"}],"about":[{"href":"https:\/\/bdmiam.fr\/index.php\/wp-json\/wp\/v2\/types\/page"}],"author":[{"embeddable":true,"href":"https:\/\/bdmiam.fr\/index.php\/wp-json\/wp\/v2\/users\/1"}],"replies":[{"embeddable":true,"href":"https:\/\/bdmiam.fr\/index.php\/wp-json\/wp\/v2\/comments?post=7296"}],"version-history":[{"count":2,"href":"https:\/\/bdmiam.fr\/index.php\/wp-json\/wp\/v2\/pages\/7296\/revisions"}],"predecessor-version":[{"id":7301,"href":"https:\/\/bdmiam.fr\/index.php\/wp-json\/wp\/v2\/pages\/7296\/revisions\/7301"}],"up":[{"embeddable":true,"href":"https:\/\/bdmiam.fr\/index.php\/wp-json\/wp\/v2\/pages\/7007"}],"wp:featuredmedia":[{"embeddable":true,"href":"https:\/\/bdmiam.fr\/index.php\/wp-json\/wp\/v2\/media\/7297"}],"wp:attachment":[{"href":"https:\/\/bdmiam.fr\/index.php\/wp-json\/wp\/v2\/media?parent=7296"}],"curies":[{"name":"wp","href":"https:\/\/api.w.org\/{rel}","templated":true}]}}