{"id":7308,"date":"2025-06-16T21:50:18","date_gmt":"2025-06-16T19:50:18","guid":{"rendered":"https:\/\/bdmiam.fr\/?page_id=7308"},"modified":"2025-06-16T21:50:18","modified_gmt":"2025-06-16T19:50:18","slug":"thomas-du-caju","status":"publish","type":"page","link":"https:\/\/bdmiam.fr\/index.php\/festival-2025-10eme-edition\/thomas-du-caju\/","title":{"rendered":"Thomas Du Caju"},"content":{"rendered":"\n<figure class=\"wp-block-image aligncenter size-medium\"><img data-recalc-dims=\"1\" loading=\"lazy\" decoding=\"async\" width=\"300\" height=\"300\" src=\"https:\/\/i0.wp.com\/bdmiam.fr\/wp-content\/uploads\/2025\/06\/ducaju.jpg?resize=300%2C300&#038;ssl=1\" alt=\"\" class=\"wp-image-7309\" srcset=\"https:\/\/i0.wp.com\/bdmiam.fr\/wp-content\/uploads\/2025\/06\/ducaju.jpg?resize=300%2C300&amp;ssl=1 300w, https:\/\/i0.wp.com\/bdmiam.fr\/wp-content\/uploads\/2025\/06\/ducaju.jpg?resize=150%2C150&amp;ssl=1 150w, https:\/\/i0.wp.com\/bdmiam.fr\/wp-content\/uploads\/2025\/06\/ducaju.jpg?w=632&amp;ssl=1 632w\" sizes=\"auto, (max-width: 300px) 100vw, 300px\" \/><\/figure>\n\n\n\n<p><\/p>\n\n\n\n<p class=\"has-text-align-center\"><strong>Thomas Du Caju est n\u00e9 en 1970 \u00e0 Ostende (Flandre-Occidentale).<\/strong><\/p>\n\n\n\n<p class=\"has-text-align-center\"> Apr\u00e8s avoir suivi des \u00e9tudes d&rsquo;art plastique \u00e0 l&rsquo;<strong>\u00e9cole sup\u00e9rieure des Arts Saint-Luc \u00e0 Gand<\/strong>, il se consacre \u00e0 des travaux publicitaires tout en travaillant pour des studios de films d&rsquo;animation classique ou en 3D.<\/p>\n\n\n\n<p class=\"has-text-align-center\">Thomas Du Caju fait son entr\u00e9e en bande dessin\u00e9e en collaborant d&rsquo;abord avec <strong>Merho<\/strong>, auteur de la tr\u00e8s populaire s\u00e9rie humoristique\u00a0<em><strong>Kiekeboe<\/strong><\/em>. Il int\u00e8gre ensuite <strong>les studios Vandersteen<\/strong>, travaillant sur\u00a0<strong><em>Bob et Bobette<\/em>\u00a0<\/strong>et notamment l&rsquo;album\u00a0<strong><em>L&rsquo;Intrus de la ronde de nuit<\/em>\u00a0(2006)<\/strong>. <\/p>\n\n\n\n<p class=\"has-text-align-center\">\u00c0 partir de 2005, Thomas Du Caju adopte en parall\u00e8le de son trait \u00e0 la rondeur tr\u00e8s \u00ab\u00a0ligne claire\u00a0\u00bb un dessin r\u00e9solument r\u00e9aliste. Il travaille ainsi sur la s\u00e9rie polici\u00e8re\u00a0<em><strong>Sabbatini<\/strong><\/em>, sc\u00e9naris\u00e9e par <strong>Luc Morjaeu<\/strong> et publi\u00e9e chez <strong>Mezzanine<\/strong> (\u00e9ph\u00e9m\u00e8re filiale n\u00e9erlandaise des \u00c9ditions Dupuis).<\/p>\n\n\n\n<p class=\"has-text-align-center\">Il fait ensuite \u00e9quipe avec<strong> le producteur de films Jean-Claude Van Rijckeghem<\/strong> et <strong>le traducteur Pat Van Beirs,<\/strong> duo r\u00e9compens\u00e9 par de nombreux prix pour ses sc\u00e9narios de films et romans jeunesse. Ils cr\u00e9ent ensemble, en 2008, la s\u00e9rie\u00a0<strong><em>Betty &amp; Dodge<\/em>,<\/strong> grande aventure d&rsquo;amour et d&rsquo;espionnage publi\u00e9e par la c\u00e9l\u00e8bre <strong>maison d&rsquo;\u00e9dition flamande Standaard Uitgeverij<\/strong>, avant d&rsquo;\u00eatre reprise par les \u00c9ditions BD Must.<\/p>\n\n\n\n<p class=\"has-text-align-center\">En 2017, Thomas Du Caju rejoint <strong>les \u00c9ditions Z\u00e9phyr (Dupuis)<\/strong> au dessin du diptyque\u00a0<strong><em>Little England<\/em>, <\/strong>sc\u00e9naris\u00e9 par <strong>Jean-Claude Van Rijckeghem<\/strong>. Cette aventure birmane mettant en sc\u00e8ne l&rsquo;\u00e9cart\u00e8lement psychologique d&rsquo;un enfant anglo-birman pr\u00e9sente la Seconde Guerre mondiale sous un jour inattendu.<\/p>\n\n\n\n<p class=\"has-text-align-center\">Le m\u00eame sc\u00e9nariste lui propose ensuite, pour le m\u00eame \u00e9diteur, le diptyque\u00a0<strong><em>Les Souris de Leningrad<\/em>, <\/strong>dont le premier tome para\u00eet en 2019 et le second au tout d\u00e9but de l&rsquo;ann\u00e9e 2021, attestant de la rapidit\u00e9 de travail de Du Caju, qui ne fait pourtant aucune concession sur la qualit\u00e9 de son dessin.<\/p>\n\n\n\n<p class=\"has-text-align-center\"><\/p>\n\n\n\n<p class=\"has-text-align-center\"><strong>Achat sur place obligatoire<\/strong><\/p>\n\n\n\n<p><\/p>\n\n\n\n<figure data-wp-context=\"{&quot;imageId&quot;:&quot;69d25ab24c74b&quot;}\" data-wp-interactive=\"core\/image\" data-wp-key=\"69d25ab24c74b\" class=\"wp-block-image aligncenter size-full wp-lightbox-container\"><img data-recalc-dims=\"1\" loading=\"lazy\" decoding=\"async\" width=\"600\" height=\"807\" data-wp-class--hide=\"state.isContentHidden\" data-wp-class--show=\"state.isContentVisible\" data-wp-init=\"callbacks.setButtonStyles\" data-wp-on--click=\"actions.showLightbox\" data-wp-on--load=\"callbacks.setButtonStyles\" data-wp-on-window--resize=\"callbacks.setButtonStyles\" src=\"https:\/\/i0.wp.com\/bdmiam.fr\/wp-content\/uploads\/2025\/06\/72_9782889324743_1_75.jpg?resize=600%2C807&#038;ssl=1\" alt=\"\" class=\"wp-image-7311\" srcset=\"https:\/\/i0.wp.com\/bdmiam.fr\/wp-content\/uploads\/2025\/06\/72_9782889324743_1_75.jpg?w=600&amp;ssl=1 600w, https:\/\/i0.wp.com\/bdmiam.fr\/wp-content\/uploads\/2025\/06\/72_9782889324743_1_75.jpg?resize=223%2C300&amp;ssl=1 223w\" sizes=\"auto, (max-width: 600px) 100vw, 600px\" \/><button\n\t\t\tclass=\"lightbox-trigger\"\n\t\t\ttype=\"button\"\n\t\t\taria-haspopup=\"dialog\"\n\t\t\taria-label=\"Agrandir\"\n\t\t\tdata-wp-init=\"callbacks.initTriggerButton\"\n\t\t\tdata-wp-on--click=\"actions.showLightbox\"\n\t\t\tdata-wp-style--right=\"state.imageButtonRight\"\n\t\t\tdata-wp-style--top=\"state.imageButtonTop\"\n\t\t>\n\t\t\t<svg xmlns=\"http:\/\/www.w3.org\/2000\/svg\" width=\"12\" height=\"12\" fill=\"none\" viewBox=\"0 0 12 12\">\n\t\t\t\t<path fill=\"#fff\" d=\"M2 0a2 2 0 0 0-2 2v2h1.5V2a.5.5 0 0 1 .5-.5h2V0H2Zm2 10.5H2a.5.5 0 0 1-.5-.5V8H0v2a2 2 0 0 0 2 2h2v-1.5ZM8 12v-1.5h2a.5.5 0 0 0 .5-.5V8H12v2a2 2 0 0 1-2 2H8Zm2-12a2 2 0 0 1 2 2v2h-1.5V2a.5.5 0 0 0-.5-.5H8V0h2Z\" \/>\n\t\t\t<\/svg>\n\t\t<\/button><\/figure>\n\n\n\n<p><\/p>\n\n\n\n<p class=\"has-text-align-center\">Sources : <strong><a href=\"https:\/\/www.dupuis.com\/auteurbd\/du-caju\/311\" target=\"_blank\" rel=\"noreferrer noopener\">Dupuis.com<\/a><\/strong><\/p>\n\n\n\n<p><\/p>\n","protected":false},"excerpt":{"rendered":"<p>Thomas Du Caju est n\u00e9 en 1970 \u00e0 Ostende (Flandre-Occidentale). Apr\u00e8s avoir suivi des \u00e9tudes d&rsquo;art plastique \u00e0 l&rsquo;\u00e9cole sup\u00e9rieure des Arts Saint-Luc \u00e0 Gand, il se consacre \u00e0 des travaux publicitaires tout en travaillant pour des studios de films d&rsquo;animation classique ou en 3D. Thomas Du Caju fait son entr\u00e9e en bande dessin\u00e9e en [&hellip;]<\/p>\n","protected":false},"author":1,"featured_media":7310,"parent":7007,"menu_order":0,"comment_status":"closed","ping_status":"closed","template":"page-with-sidebar","meta":{"footnotes":""},"class_list":["post-7308","page","type-page","status-publish","has-post-thumbnail","hentry"],"jetpack_sharing_enabled":true,"_links":{"self":[{"href":"https:\/\/bdmiam.fr\/index.php\/wp-json\/wp\/v2\/pages\/7308","targetHints":{"allow":["GET"]}}],"collection":[{"href":"https:\/\/bdmiam.fr\/index.php\/wp-json\/wp\/v2\/pages"}],"about":[{"href":"https:\/\/bdmiam.fr\/index.php\/wp-json\/wp\/v2\/types\/page"}],"author":[{"embeddable":true,"href":"https:\/\/bdmiam.fr\/index.php\/wp-json\/wp\/v2\/users\/1"}],"replies":[{"embeddable":true,"href":"https:\/\/bdmiam.fr\/index.php\/wp-json\/wp\/v2\/comments?post=7308"}],"version-history":[{"count":1,"href":"https:\/\/bdmiam.fr\/index.php\/wp-json\/wp\/v2\/pages\/7308\/revisions"}],"predecessor-version":[{"id":7312,"href":"https:\/\/bdmiam.fr\/index.php\/wp-json\/wp\/v2\/pages\/7308\/revisions\/7312"}],"up":[{"embeddable":true,"href":"https:\/\/bdmiam.fr\/index.php\/wp-json\/wp\/v2\/pages\/7007"}],"wp:featuredmedia":[{"embeddable":true,"href":"https:\/\/bdmiam.fr\/index.php\/wp-json\/wp\/v2\/media\/7310"}],"wp:attachment":[{"href":"https:\/\/bdmiam.fr\/index.php\/wp-json\/wp\/v2\/media?parent=7308"}],"curies":[{"name":"wp","href":"https:\/\/api.w.org\/{rel}","templated":true}]}}