{"id":7340,"date":"2025-06-19T22:12:32","date_gmt":"2025-06-19T20:12:32","guid":{"rendered":"https:\/\/bdmiam.fr\/?page_id=7340"},"modified":"2025-06-19T22:12:32","modified_gmt":"2025-06-19T20:12:32","slug":"eric-herenguel","status":"publish","type":"page","link":"https:\/\/bdmiam.fr\/index.php\/festival-2025-10eme-edition\/eric-herenguel\/","title":{"rendered":"Eric Herenguel"},"content":{"rendered":"\n<figure class=\"wp-block-image aligncenter size-medium\"><img data-recalc-dims=\"1\" loading=\"lazy\" decoding=\"async\" width=\"300\" height=\"300\" src=\"https:\/\/i0.wp.com\/bdmiam.fr\/wp-content\/uploads\/2025\/06\/Photo_380.jpg?resize=300%2C300&#038;ssl=1\" alt=\"\" class=\"wp-image-7341\" srcset=\"https:\/\/i0.wp.com\/bdmiam.fr\/wp-content\/uploads\/2025\/06\/Photo_380.jpg?resize=300%2C300&amp;ssl=1 300w, https:\/\/i0.wp.com\/bdmiam.fr\/wp-content\/uploads\/2025\/06\/Photo_380.jpg?resize=150%2C150&amp;ssl=1 150w, https:\/\/i0.wp.com\/bdmiam.fr\/wp-content\/uploads\/2025\/06\/Photo_380.jpg?w=395&amp;ssl=1 395w\" sizes=\"auto, (max-width: 300px) 100vw, 300px\" \/><\/figure>\n\n\n\n<p class=\"has-text-align-center\"><strong>\u00c9ric H\u00e9renguel est n\u00e9 en 1966.<\/strong><\/p>\n\n\n\n<p class=\"has-text-align-center\">Autodidacte, il commence sa carri\u00e8re en dessinant des histoires courtes de <strong>J-P Croquet dans le journal \u00ab\u00a0Tintin\u00a0\u00bb<\/strong>. Quand celui-ci cesse de para\u00eetre, faute de projets BD, il se consacre \u00e0 la publicit\u00e9 et \u00e0 l&rsquo;illustration.<\/p>\n\n\n\n<p class=\"has-text-align-center\">En avril 1991, ses premiers albums sortent chez Zenda avec la s\u00e9rie <strong>Carnivores,<\/strong> puis il succ\u00e8de \u00e0 Vicomte sur <strong>Balade au Bout du Monde dont il r\u00e9alise quatre tomes chez Gl\u00e9nat.<\/strong><\/p>\n\n\n\n<p class=\"has-text-align-center\">Il poursuit chez Delcourt avec une s\u00e9rie steampunk du nom d&rsquo;<strong>Edward John Trelawnay<\/strong>, avant de se lancer dans l&rsquo;heroic fantasy parodique chez Vents d&rsquo;Ouest avec la s\u00e9rie <strong>Kr\u00e4n<\/strong> dont il assure le sc\u00e9nario et le dessin, et qui devient rapidement une s\u00e9rie culte.<\/p>\n\n\n\n<p class=\"has-text-align-center\">En 2005, il publie toujours chez Vents d&rsquo;Ouest la premi\u00e8re partie d&rsquo;un magnifique western, \u00e0 mi-chemin entre historique et fantastique : <strong>Lune d&rsquo;Argent sur Providence,<\/strong> qui fera l\u2019unanimit\u00e9 aupr\u00e8s des critiques.<\/p>\n\n\n\n<p class=\"has-text-align-center\">Courant 2008, il entame une collaboration avec <strong>Arleston<\/strong> pour le dyptique <strong>Nuit Safran dans la collection des L\u00e9gendes de Troy<\/strong> .<\/p>\n\n\n\n<p class=\"has-text-align-center\"><\/p>\n\n\n\n<p class=\"has-text-align-center\"><strong>Achat sur place obligatoire<\/strong><\/p>\n\n\n\n<figure data-wp-context=\"{&quot;imageId&quot;:&quot;69d3637e54254&quot;}\" data-wp-interactive=\"core\/image\" data-wp-key=\"69d3637e54254\" class=\"wp-block-image aligncenter size-large wp-lightbox-container\"><img data-recalc-dims=\"1\" loading=\"lazy\" decoding=\"async\" width=\"767\" height=\"1024\" data-wp-class--hide=\"state.isContentHidden\" data-wp-class--show=\"state.isContentVisible\" data-wp-init=\"callbacks.setButtonStyles\" data-wp-on--click=\"actions.showLightbox\" data-wp-on--load=\"callbacks.setButtonStyles\" data-wp-on-window--resize=\"callbacks.setButtonStyles\" src=\"https:\/\/i0.wp.com\/bdmiam.fr\/wp-content\/uploads\/2025\/06\/album-cover-large-56322.jpg?resize=767%2C1024&#038;ssl=1\" alt=\"\" class=\"wp-image-7346\" srcset=\"https:\/\/i0.wp.com\/bdmiam.fr\/wp-content\/uploads\/2025\/06\/album-cover-large-56322.jpg?resize=767%2C1024&amp;ssl=1 767w, https:\/\/i0.wp.com\/bdmiam.fr\/wp-content\/uploads\/2025\/06\/album-cover-large-56322.jpg?resize=225%2C300&amp;ssl=1 225w, https:\/\/i0.wp.com\/bdmiam.fr\/wp-content\/uploads\/2025\/06\/album-cover-large-56322.jpg?resize=768%2C1025&amp;ssl=1 768w, https:\/\/i0.wp.com\/bdmiam.fr\/wp-content\/uploads\/2025\/06\/album-cover-large-56322.jpg?w=899&amp;ssl=1 899w\" sizes=\"auto, (max-width: 767px) 100vw, 767px\" \/><button\n\t\t\tclass=\"lightbox-trigger\"\n\t\t\ttype=\"button\"\n\t\t\taria-haspopup=\"dialog\"\n\t\t\taria-label=\"Agrandir\"\n\t\t\tdata-wp-init=\"callbacks.initTriggerButton\"\n\t\t\tdata-wp-on--click=\"actions.showLightbox\"\n\t\t\tdata-wp-style--right=\"state.imageButtonRight\"\n\t\t\tdata-wp-style--top=\"state.imageButtonTop\"\n\t\t>\n\t\t\t<svg xmlns=\"http:\/\/www.w3.org\/2000\/svg\" width=\"12\" height=\"12\" fill=\"none\" viewBox=\"0 0 12 12\">\n\t\t\t\t<path fill=\"#fff\" d=\"M2 0a2 2 0 0 0-2 2v2h1.5V2a.5.5 0 0 1 .5-.5h2V0H2Zm2 10.5H2a.5.5 0 0 1-.5-.5V8H0v2a2 2 0 0 0 2 2h2v-1.5ZM8 12v-1.5h2a.5.5 0 0 0 .5-.5V8H12v2a2 2 0 0 1-2 2H8Zm2-12a2 2 0 0 1 2 2v2h-1.5V2a.5.5 0 0 0-.5-.5H8V0h2Z\" \/>\n\t\t\t<\/svg>\n\t\t<\/button><\/figure>\n\n\n\n<p class=\"has-text-align-center\">Sources : <strong><a href=\"https:\/\/www.bedetheque.com\/auteur-380-BD-Herenguel-Eric.html\" data-type=\"link\" data-id=\"https:\/\/www.bedetheque.com\/auteur-380-BD-Herenguel-Eric.html\" target=\"_blank\" rel=\"noreferrer noopener\">Bedetheque.com<\/a><\/strong><\/p>\n","protected":false},"excerpt":{"rendered":"<p>\u00c9ric H\u00e9renguel est n\u00e9 en 1966. Autodidacte, il commence sa carri\u00e8re en dessinant des histoires courtes de J-P Croquet dans le journal \u00ab\u00a0Tintin\u00a0\u00bb. Quand celui-ci cesse de para\u00eetre, faute de projets BD, il se consacre \u00e0 la publicit\u00e9 et \u00e0 l&rsquo;illustration. En avril 1991, ses premiers albums sortent chez Zenda avec la s\u00e9rie Carnivores, puis [&hellip;]<\/p>\n","protected":false},"author":1,"featured_media":7345,"parent":7007,"menu_order":0,"comment_status":"closed","ping_status":"closed","template":"page-with-sidebar","meta":{"footnotes":""},"class_list":["post-7340","page","type-page","status-publish","has-post-thumbnail","hentry"],"jetpack_sharing_enabled":true,"_links":{"self":[{"href":"https:\/\/bdmiam.fr\/index.php\/wp-json\/wp\/v2\/pages\/7340","targetHints":{"allow":["GET"]}}],"collection":[{"href":"https:\/\/bdmiam.fr\/index.php\/wp-json\/wp\/v2\/pages"}],"about":[{"href":"https:\/\/bdmiam.fr\/index.php\/wp-json\/wp\/v2\/types\/page"}],"author":[{"embeddable":true,"href":"https:\/\/bdmiam.fr\/index.php\/wp-json\/wp\/v2\/users\/1"}],"replies":[{"embeddable":true,"href":"https:\/\/bdmiam.fr\/index.php\/wp-json\/wp\/v2\/comments?post=7340"}],"version-history":[{"count":4,"href":"https:\/\/bdmiam.fr\/index.php\/wp-json\/wp\/v2\/pages\/7340\/revisions"}],"predecessor-version":[{"id":7347,"href":"https:\/\/bdmiam.fr\/index.php\/wp-json\/wp\/v2\/pages\/7340\/revisions\/7347"}],"up":[{"embeddable":true,"href":"https:\/\/bdmiam.fr\/index.php\/wp-json\/wp\/v2\/pages\/7007"}],"wp:featuredmedia":[{"embeddable":true,"href":"https:\/\/bdmiam.fr\/index.php\/wp-json\/wp\/v2\/media\/7345"}],"wp:attachment":[{"href":"https:\/\/bdmiam.fr\/index.php\/wp-json\/wp\/v2\/media?parent=7340"}],"curies":[{"name":"wp","href":"https:\/\/api.w.org\/{rel}","templated":true}]}}