{"id":7459,"date":"2026-03-11T22:34:20","date_gmt":"2026-03-11T21:34:20","guid":{"rendered":"https:\/\/bdmiam.fr\/?page_id=7459"},"modified":"2026-03-22T17:32:42","modified_gmt":"2026-03-22T16:32:42","slug":"festival-2026","status":"publish","type":"page","link":"https:\/\/bdmiam.fr\/index.php\/festival-2026\/","title":{"rendered":"Festival 2026"},"content":{"rendered":"\n<figure data-wp-context=\"{&quot;imageId&quot;:&quot;69e756bbd5bf4&quot;}\" data-wp-interactive=\"core\/image\" data-wp-key=\"69e756bbd5bf4\" class=\"wp-block-image size-large wp-lightbox-container\"><img data-recalc-dims=\"1\" loading=\"lazy\" decoding=\"async\" width=\"1024\" height=\"473\" data-wp-class--hide=\"state.isContentHidden\" data-wp-class--show=\"state.isContentVisible\" data-wp-init=\"callbacks.setButtonStyles\" data-wp-on--click=\"actions.showLightbox\" data-wp-on--load=\"callbacks.setButtonStyles\" data-wp-on-window--resize=\"callbacks.setButtonStyles\" src=\"https:\/\/i0.wp.com\/bdmiam.fr\/wp-content\/uploads\/2026\/03\/20240621_161437.jpg?resize=1024%2C473&#038;ssl=1\" alt=\"\" class=\"wp-image-7461\" srcset=\"https:\/\/i0.wp.com\/bdmiam.fr\/wp-content\/uploads\/2026\/03\/20240621_161437-scaled.jpg?resize=1024%2C473&amp;ssl=1 1024w, https:\/\/i0.wp.com\/bdmiam.fr\/wp-content\/uploads\/2026\/03\/20240621_161437-scaled.jpg?resize=300%2C139&amp;ssl=1 300w, https:\/\/i0.wp.com\/bdmiam.fr\/wp-content\/uploads\/2026\/03\/20240621_161437-scaled.jpg?resize=768%2C355&amp;ssl=1 768w, https:\/\/i0.wp.com\/bdmiam.fr\/wp-content\/uploads\/2026\/03\/20240621_161437-scaled.jpg?resize=1536%2C709&amp;ssl=1 1536w, https:\/\/i0.wp.com\/bdmiam.fr\/wp-content\/uploads\/2026\/03\/20240621_161437-scaled.jpg?resize=2048%2C946&amp;ssl=1 2048w\" sizes=\"auto, (max-width: 1000px) 100vw, 1000px\" \/><button\n\t\t\tclass=\"lightbox-trigger\"\n\t\t\ttype=\"button\"\n\t\t\taria-haspopup=\"dialog\"\n\t\t\taria-label=\"Agrandir\"\n\t\t\tdata-wp-init=\"callbacks.initTriggerButton\"\n\t\t\tdata-wp-on--click=\"actions.showLightbox\"\n\t\t\tdata-wp-style--right=\"state.imageButtonRight\"\n\t\t\tdata-wp-style--top=\"state.imageButtonTop\"\n\t\t>\n\t\t\t<svg xmlns=\"http:\/\/www.w3.org\/2000\/svg\" width=\"12\" height=\"12\" fill=\"none\" viewBox=\"0 0 12 12\">\n\t\t\t\t<path fill=\"#fff\" d=\"M2 0a2 2 0 0 0-2 2v2h1.5V2a.5.5 0 0 1 .5-.5h2V0H2Zm2 10.5H2a.5.5 0 0 1-.5-.5V8H0v2a2 2 0 0 0 2 2h2v-1.5ZM8 12v-1.5h2a.5.5 0 0 0 .5-.5V8H12v2a2 2 0 0 1-2 2H8Zm2-12a2 2 0 0 1 2 2v2h-1.5V2a.5.5 0 0 0-.5-.5H8V0h2Z\" \/>\n\t\t\t<\/svg>\n\t\t<\/button><\/figure>\n\n\n\n<h3 class=\"wp-block-heading has-text-align-center\">QUAND ?<\/h3>\n\n\n\n<h6 class=\"wp-block-heading has-text-align-center\">SAMEDI 27 JUIN 2026<\/h6>\n\n\n\n<p class=\"has-text-align-center\">10h \u2013 18h<\/p>\n\n\n\n<h6 class=\"wp-block-heading has-text-align-center\">DIMANCHE 28 JUIN 2026<\/h6>\n\n\n\n<p class=\"has-text-align-center\">10h30 \u2013 18h<\/p>\n\n\n\n<p class=\"has-text-align-center\"><strong>ENTR\u00c9E GRATUITE<\/strong><\/p>\n\n\n\n<hr class=\"wp-block-separator has-alpha-channel-opacity\"\/>\n\n\n\n<h3 class=\"wp-block-heading has-text-align-center\">O\u00d9 ?<\/h3>\n\n\n\n<p class=\"has-text-align-center\"><strong>Ch\u00e2teau du Bouchet &#8211; Fareins<\/strong><\/p>\n\n\n\n<p class=\"has-text-align-center\">Place de la Bascule &#8211; 01480<\/p>\n\n\n\n<p><\/p>\n\n\n<p style=\"text-align: center;\"><iframe loading=\"lazy\" style=\"border: 0;\" src=\"https:\/\/www.google.com\/maps\/embed?pb=!1m18!1m12!1m3!1d3329.715592746712!2d4.761597472710068!3d46.02008860915385!2m3!1f0!2f0!3f0!3m2!1i1024!2i768!4f13.1!3m3!1m2!1s0x47f49b86c943dde7%3A0xc6f407efd48e23d9!2sCh%C3%A2teau%20du%20Bouchet!5e1!3m2!1sfr!2sfr!4v1702239360528!5m2!1sfr!2sfr\" width=\"600\" height=\"450\" allowfullscreen=\"allowfullscreen\"><\/iframe><\/p>\n\n\n<hr class=\"wp-block-separator has-alpha-channel-opacity\"\/>\n\n\n\n<h3 class=\"wp-block-heading has-text-align-center\">QUI ?<\/h3>\n\n\n\n<p class=\"has-text-align-center\"><strong>Notre Parrain : <a href=\"https:\/\/bdmiam.fr\/index.php\/yan-le-pon\/\" target=\"_blank\" rel=\"noreferrer noopener\">Yan Le PON<\/a><\/strong><\/p>\n\n\n\n<p class=\"has-text-align-center\"><strong><a href=\"https:\/\/bdmiam.fr\/index.php\/festival-2026\/jean-christophe-chauzy\/\" target=\"_blank\" rel=\"noreferrer noopener\">Jean-Christophe CHAUZY<\/a><\/strong><\/p>\n\n\n\n<p class=\"has-text-align-center\"><strong><a href=\"https:\/\/bdmiam.fr\/index.php\/festival-2026\/nicolas-grebil\/\" target=\"_blank\" rel=\"noreferrer noopener\">Nicolas GREBIL<\/a><\/strong><\/p>\n\n\n\n<p class=\"has-text-align-center\"><a href=\"https:\/\/bdmiam.fr\/index.php\/festival-2026\/hub\/\" target=\"_blank\" rel=\"noreferrer noopener\"><strong>HUB<\/strong><\/a><\/p>\n\n\n\n<p class=\"has-text-align-center\"><strong><a href=\"https:\/\/bdmiam.fr\/index.php\/festival-2026\/aurelie-neyret\/\" target=\"_blank\" rel=\"noreferrer noopener\">Aur\u00e9lie NEYRET<\/a><\/strong><\/p>\n\n\n\n<p class=\"has-text-align-center\"><strong><a href=\"https:\/\/bdmiam.fr\/index.php\/festival-2026\/thibault-rouges\/\" target=\"_blank\" rel=\"noreferrer noopener\">Thibault ROUGES<\/a><\/strong><\/p>\n\n\n\n<p class=\"has-text-align-center\"><strong><a href=\"https:\/\/bdmiam.fr\/index.php\/festival-2026\/michael-sanlaville\/\" target=\"_blank\" rel=\"noreferrer noopener\">Micha\u00ebl SANLAVILLE<\/a><\/strong><\/p>\n\n\n\n<p class=\"has-text-align-center\"><strong><a href=\"https:\/\/bdmiam.fr\/index.php\/festival-2026\/jolan-thomas\/\" target=\"_blank\" rel=\"noreferrer noopener\">Jolan THOMAS<\/a><\/strong><\/p>\n\n\n\n<p class=\"has-text-align-center\"><strong>Et encore d&rsquo;autres \u00e0 venir !<\/strong><\/p>\n\n\n\n<p><\/p>\n","protected":false},"excerpt":{"rendered":"<p>QUAND ? SAMEDI 27 JUIN 2026 10h \u2013 18h DIMANCHE 28 JUIN 2026 10h30 \u2013 18h ENTR\u00c9E GRATUITE O\u00d9 ? Ch\u00e2teau du Bouchet &#8211; Fareins Place de la Bascule &#8211; 01480 QUI ? Notre Parrain : Yan Le PON Jean-Christophe CHAUZY Nicolas GREBIL HUB Aur\u00e9lie NEYRET Thibault ROUGES Micha\u00ebl SANLAVILLE Jolan THOMAS Et encore d&rsquo;autres [&hellip;]<\/p>\n","protected":false},"author":1,"featured_media":0,"parent":0,"menu_order":0,"comment_status":"closed","ping_status":"closed","template":"page-with-sidebar","meta":{"footnotes":""},"class_list":["post-7459","page","type-page","status-publish","hentry"],"jetpack_sharing_enabled":true,"_links":{"self":[{"href":"https:\/\/bdmiam.fr\/index.php\/wp-json\/wp\/v2\/pages\/7459","targetHints":{"allow":["GET"]}}],"collection":[{"href":"https:\/\/bdmiam.fr\/index.php\/wp-json\/wp\/v2\/pages"}],"about":[{"href":"https:\/\/bdmiam.fr\/index.php\/wp-json\/wp\/v2\/types\/page"}],"author":[{"embeddable":true,"href":"https:\/\/bdmiam.fr\/index.php\/wp-json\/wp\/v2\/users\/1"}],"replies":[{"embeddable":true,"href":"https:\/\/bdmiam.fr\/index.php\/wp-json\/wp\/v2\/comments?post=7459"}],"version-history":[{"count":6,"href":"https:\/\/bdmiam.fr\/index.php\/wp-json\/wp\/v2\/pages\/7459\/revisions"}],"predecessor-version":[{"id":7552,"href":"https:\/\/bdmiam.fr\/index.php\/wp-json\/wp\/v2\/pages\/7459\/revisions\/7552"}],"wp:attachment":[{"href":"https:\/\/bdmiam.fr\/index.php\/wp-json\/wp\/v2\/media?parent=7459"}],"curies":[{"name":"wp","href":"https:\/\/api.w.org\/{rel}","templated":true}]}}