{"id":7501,"date":"2026-03-22T15:46:57","date_gmt":"2026-03-22T14:46:57","guid":{"rendered":"https:\/\/bdmiam.fr\/?page_id=7501"},"modified":"2026-03-22T15:46:57","modified_gmt":"2026-03-22T14:46:57","slug":"amaury-bundgen","status":"publish","type":"page","link":"https:\/\/bdmiam.fr\/index.php\/amaury-bundgen\/","title":{"rendered":"Amaury B\u00fcndgen"},"content":{"rendered":"\n<figure data-wp-context=\"{&quot;imageId&quot;:&quot;69dc35054f5b1&quot;}\" data-wp-interactive=\"core\/image\" data-wp-key=\"69dc35054f5b1\" class=\"wp-block-image aligncenter size-medium wp-lightbox-container\"><img data-recalc-dims=\"1\" loading=\"lazy\" decoding=\"async\" width=\"230\" height=\"300\" data-wp-class--hide=\"state.isContentHidden\" data-wp-class--show=\"state.isContentVisible\" data-wp-init=\"callbacks.setButtonStyles\" data-wp-on--click=\"actions.showLightbox\" data-wp-on--load=\"callbacks.setButtonStyles\" data-wp-on-window--resize=\"callbacks.setButtonStyles\" src=\"https:\/\/i0.wp.com\/bdmiam.fr\/wp-content\/uploads\/2026\/03\/arton29536-84e85.jpg?resize=230%2C300&#038;ssl=1\" alt=\"\" class=\"wp-image-7503\" srcset=\"https:\/\/i0.wp.com\/bdmiam.fr\/wp-content\/uploads\/2026\/03\/arton29536-84e85.jpg?resize=230%2C300&amp;ssl=1 230w, https:\/\/i0.wp.com\/bdmiam.fr\/wp-content\/uploads\/2026\/03\/arton29536-84e85.jpg?w=605&amp;ssl=1 605w\" sizes=\"auto, (max-width: 230px) 100vw, 230px\" \/><button\n\t\t\tclass=\"lightbox-trigger\"\n\t\t\ttype=\"button\"\n\t\t\taria-haspopup=\"dialog\"\n\t\t\taria-label=\"Agrandir\"\n\t\t\tdata-wp-init=\"callbacks.initTriggerButton\"\n\t\t\tdata-wp-on--click=\"actions.showLightbox\"\n\t\t\tdata-wp-style--right=\"state.imageButtonRight\"\n\t\t\tdata-wp-style--top=\"state.imageButtonTop\"\n\t\t>\n\t\t\t<svg xmlns=\"http:\/\/www.w3.org\/2000\/svg\" width=\"12\" height=\"12\" fill=\"none\" viewBox=\"0 0 12 12\">\n\t\t\t\t<path fill=\"#fff\" d=\"M2 0a2 2 0 0 0-2 2v2h1.5V2a.5.5 0 0 1 .5-.5h2V0H2Zm2 10.5H2a.5.5 0 0 1-.5-.5V8H0v2a2 2 0 0 0 2 2h2v-1.5ZM8 12v-1.5h2a.5.5 0 0 0 .5-.5V8H12v2a2 2 0 0 1-2 2H8Zm2-12a2 2 0 0 1 2 2v2h-1.5V2a.5.5 0 0 0-.5-.5H8V0h2Z\" \/>\n\t\t\t<\/svg>\n\t\t<\/button><\/figure>\n\n\n\n<p><\/p>\n\n\n\n<p class=\"has-text-align-center\">D\u00e9couvert aux rencontres jeunes talents de Lyon BD 2018,\u00a0<strong>Amaury B\u00fcndgen<\/strong><br>\u00a0se lance, \u00e0 40 ans, dans ce qui n\u2019\u00e9tait qu\u2019une passion. Il signe avec\u00a0<em><strong>Ion Mud<\/strong><\/em>, son premier album de BD, imm\u00e9diatement suivi par\u00a0<strong><em>Le Rite<\/em>. <\/strong>C\u2019est en r\u00e9alisant avec\u00a0<strong>Lloyd Ch\u00e9ry<\/strong> (r\u00e9dacteur en chef adjoint de M\u00e9tal Hurlant)\u00a0<strong><em>Vertig\u00e9o<\/em>,<\/strong> un r\u00e9cit de SF post-apocalyptique inspir\u00e9 de la nouvelle d\u2019<strong>Emmanuel Delporte<\/strong><br>, qu\u2019il rencontre un large public de fans.<\/p>\n\n\n\n<p class=\"has-text-align-center\"><\/p>\n\n\n\n<figure class=\"wp-block-image aligncenter size-full\"><img data-recalc-dims=\"1\" loading=\"lazy\" decoding=\"async\" width=\"748\" height=\"1000\" src=\"https:\/\/i0.wp.com\/bdmiam.fr\/wp-content\/uploads\/2026\/03\/653701257_10237921364285557_2258784679220740501_n.jpg?resize=748%2C1000&#038;ssl=1\" alt=\"\" class=\"wp-image-7484\" srcset=\"https:\/\/i0.wp.com\/bdmiam.fr\/wp-content\/uploads\/2026\/03\/653701257_10237921364285557_2258784679220740501_n.jpg?w=748&amp;ssl=1 748w, https:\/\/i0.wp.com\/bdmiam.fr\/wp-content\/uploads\/2026\/03\/653701257_10237921364285557_2258784679220740501_n.jpg?resize=224%2C300&amp;ssl=1 224w\" sizes=\"auto, (max-width: 748px) 100vw, 748px\" \/><\/figure>\n\n\n\n<p class=\"has-text-align-center\">Sources : <strong><a href=\"https:\/\/www.casterman.com\/Bande-dessinee\/Auteurs\/bundgen-amaury\" data-type=\"link\" data-id=\"https:\/\/www.casterman.com\/Bande-dessinee\/Auteurs\/bundgen-amaury\" target=\"_blank\" rel=\"noreferrer noopener\">Casterman.com<\/a><\/strong><\/p>\n\n\n\n<p><\/p>\n","protected":false},"excerpt":{"rendered":"<p>D\u00e9couvert aux rencontres jeunes talents de Lyon BD 2018,\u00a0Amaury B\u00fcndgen\u00a0se lance, \u00e0 40 ans, dans ce qui n\u2019\u00e9tait qu\u2019une passion. Il signe avec\u00a0Ion Mud, son premier album de BD, imm\u00e9diatement suivi par\u00a0Le Rite. C\u2019est en r\u00e9alisant avec\u00a0Lloyd Ch\u00e9ry (r\u00e9dacteur en chef adjoint de M\u00e9tal Hurlant)\u00a0Vertig\u00e9o, un r\u00e9cit de SF post-apocalyptique inspir\u00e9 de la nouvelle d\u2019Emmanuel [&hellip;]<\/p>\n","protected":false},"author":1,"featured_media":7502,"parent":0,"menu_order":0,"comment_status":"closed","ping_status":"closed","template":"page-with-sidebar","meta":{"footnotes":""},"class_list":["post-7501","page","type-page","status-publish","has-post-thumbnail","hentry"],"jetpack_sharing_enabled":true,"_links":{"self":[{"href":"https:\/\/bdmiam.fr\/index.php\/wp-json\/wp\/v2\/pages\/7501","targetHints":{"allow":["GET"]}}],"collection":[{"href":"https:\/\/bdmiam.fr\/index.php\/wp-json\/wp\/v2\/pages"}],"about":[{"href":"https:\/\/bdmiam.fr\/index.php\/wp-json\/wp\/v2\/types\/page"}],"author":[{"embeddable":true,"href":"https:\/\/bdmiam.fr\/index.php\/wp-json\/wp\/v2\/users\/1"}],"replies":[{"embeddable":true,"href":"https:\/\/bdmiam.fr\/index.php\/wp-json\/wp\/v2\/comments?post=7501"}],"version-history":[{"count":2,"href":"https:\/\/bdmiam.fr\/index.php\/wp-json\/wp\/v2\/pages\/7501\/revisions"}],"predecessor-version":[{"id":7505,"href":"https:\/\/bdmiam.fr\/index.php\/wp-json\/wp\/v2\/pages\/7501\/revisions\/7505"}],"wp:featuredmedia":[{"embeddable":true,"href":"https:\/\/bdmiam.fr\/index.php\/wp-json\/wp\/v2\/media\/7502"}],"wp:attachment":[{"href":"https:\/\/bdmiam.fr\/index.php\/wp-json\/wp\/v2\/media?parent=7501"}],"curies":[{"name":"wp","href":"https:\/\/api.w.org\/{rel}","templated":true}]}}