{"id":7507,"date":"2026-03-22T15:54:56","date_gmt":"2026-03-22T14:54:56","guid":{"rendered":"https:\/\/bdmiam.fr\/?page_id=7507"},"modified":"2026-03-22T15:54:56","modified_gmt":"2026-03-22T14:54:56","slug":"neb","status":"publish","type":"page","link":"https:\/\/bdmiam.fr\/index.php\/neb\/","title":{"rendered":"Neb"},"content":{"rendered":"\n<p><\/p>\n\n\n\n<p class=\"has-text-align-center\"><strong>Neb est un auteur et illustrateur fran\u00e7ais<\/strong>. Son travail se caract\u00e9rise par la synth\u00e9tisation des formes et des masses de noirs.<\/p>\n\n\n\n<p class=\"has-text-align-center\">Il aime mettre en sc\u00e8ne l&rsquo;action, que ce soit une grosse bagarre ou un personnage qui fait la cuisine. Il aimerait toutefois que ses histoires ne soient pas \u00ab\u00a0que \u00e7a\u00a0\u00bb et aime y ajouter du fond, et des th\u00e9matiques plus personnelles.<\/p>\n\n\n\n<p class=\"has-text-align-center\">Lorsqu&rsquo;il n&rsquo;\u00e9crit et ne dessine pas seul, il aime collaborer avec des amis pour explorer d&rsquo;autres univers et th\u00e9matiques comme dans \u00ab\u00a0<strong>Post Mortem<\/strong>\u00a0\u00bb (Dargaud) ou \u00ab\u00a0<strong>Pincelin et Zinzel<\/strong>\u00a0\u00bb (Ankama) qui sortiront en 2027.<\/p>\n\n\n\n<p><\/p>\n\n\n\n<figure class=\"wp-block-image aligncenter size-large\"><img data-recalc-dims=\"1\" loading=\"lazy\" decoding=\"async\" width=\"765\" height=\"1024\" src=\"https:\/\/i0.wp.com\/bdmiam.fr\/wp-content\/uploads\/2026\/03\/653714875_10237921362885522_3737904050897214140_n.jpg?resize=765%2C1024&#038;ssl=1\" alt=\"\" class=\"wp-image-7485\" srcset=\"https:\/\/i0.wp.com\/bdmiam.fr\/wp-content\/uploads\/2026\/03\/653714875_10237921362885522_3737904050897214140_n.jpg?resize=765%2C1024&amp;ssl=1 765w, https:\/\/i0.wp.com\/bdmiam.fr\/wp-content\/uploads\/2026\/03\/653714875_10237921362885522_3737904050897214140_n.jpg?resize=224%2C300&amp;ssl=1 224w, https:\/\/i0.wp.com\/bdmiam.fr\/wp-content\/uploads\/2026\/03\/653714875_10237921362885522_3737904050897214140_n.jpg?resize=768%2C1028&amp;ssl=1 768w, https:\/\/i0.wp.com\/bdmiam.fr\/wp-content\/uploads\/2026\/03\/653714875_10237921362885522_3737904050897214140_n.jpg?resize=1148%2C1536&amp;ssl=1 1148w, https:\/\/i0.wp.com\/bdmiam.fr\/wp-content\/uploads\/2026\/03\/653714875_10237921362885522_3737904050897214140_n.jpg?w=1530&amp;ssl=1 1530w\" sizes=\"auto, (max-width: 765px) 100vw, 765px\" \/><\/figure>\n\n\n\n<p><\/p>\n\n\n\n<p class=\"has-text-align-center\">Sources : <strong><a href=\"https:\/\/www.dargaud.com\/auteurs\/neb\" data-type=\"link\" data-id=\"https:\/\/www.dargaud.com\/auteurs\/neb\" target=\"_blank\" rel=\"noreferrer noopener\">Dargaud.com<\/a><\/strong><\/p>\n\n\n\n<p><\/p>\n","protected":false},"excerpt":{"rendered":"<p>Neb est un auteur et illustrateur fran\u00e7ais. Son travail se caract\u00e9rise par la synth\u00e9tisation des formes et des masses de noirs. Il aime mettre en sc\u00e8ne l&rsquo;action, que ce soit une grosse bagarre ou un personnage qui fait la cuisine. Il aimerait toutefois que ses histoires ne soient pas \u00ab\u00a0que \u00e7a\u00a0\u00bb et aime y ajouter [&hellip;]<\/p>\n","protected":false},"author":1,"featured_media":7508,"parent":0,"menu_order":0,"comment_status":"closed","ping_status":"closed","template":"page-with-sidebar","meta":{"footnotes":""},"class_list":["post-7507","page","type-page","status-publish","has-post-thumbnail","hentry"],"jetpack_sharing_enabled":true,"_links":{"self":[{"href":"https:\/\/bdmiam.fr\/index.php\/wp-json\/wp\/v2\/pages\/7507","targetHints":{"allow":["GET"]}}],"collection":[{"href":"https:\/\/bdmiam.fr\/index.php\/wp-json\/wp\/v2\/pages"}],"about":[{"href":"https:\/\/bdmiam.fr\/index.php\/wp-json\/wp\/v2\/types\/page"}],"author":[{"embeddable":true,"href":"https:\/\/bdmiam.fr\/index.php\/wp-json\/wp\/v2\/users\/1"}],"replies":[{"embeddable":true,"href":"https:\/\/bdmiam.fr\/index.php\/wp-json\/wp\/v2\/comments?post=7507"}],"version-history":[{"count":1,"href":"https:\/\/bdmiam.fr\/index.php\/wp-json\/wp\/v2\/pages\/7507\/revisions"}],"predecessor-version":[{"id":7509,"href":"https:\/\/bdmiam.fr\/index.php\/wp-json\/wp\/v2\/pages\/7507\/revisions\/7509"}],"wp:featuredmedia":[{"embeddable":true,"href":"https:\/\/bdmiam.fr\/index.php\/wp-json\/wp\/v2\/media\/7508"}],"wp:attachment":[{"href":"https:\/\/bdmiam.fr\/index.php\/wp-json\/wp\/v2\/media?parent=7507"}],"curies":[{"name":"wp","href":"https:\/\/api.w.org\/{rel}","templated":true}]}}